{"id":6792,"date":"2022-05-09T19:03:42","date_gmt":"2022-05-09T17:03:42","guid":{"rendered":"http:\/\/cvrcak-daruvar.com.hr\/?page_id=6792"},"modified":"2022-05-09T19:03:42","modified_gmt":"2022-05-09T17:03:42","slug":"u-svijetu-likovnih-umjetnika-4","status":"publish","type":"page","link":"http:\/\/cvrcak-daruvar.com.hr\/?page_id=6792","title":{"rendered":"U svijetu likovnih umjetnika 4"},"content":{"rendered":"\n<p>Kroz eTwinning projekt U svijetu likovnih umjetnika 4 , u\u010denici 4. d razreda, su drugu godinu zaredom upoznali najve\u0107a djelima likovnih majstora. &nbsp;Poticani su&nbsp; na me\u0111usobnu komunikaciju , razvijali su &nbsp;socijalne i gra\u0111anske kompetencije te poduzetnost i inicijativnost.<\/p>\n\n\n\n<p>Dje\u010dji ostvaraji prikazani su &nbsp;na malim prilago\u0111enim izlo\u017ebama, u \u0161koli , ali &nbsp;i virtualno.<\/p>\n\n\n\n<p>Ciljevi koje smo nastojali ostvariti:<\/p>\n\n\n\n<p>-razvoj&nbsp; umjetni\u010dkih i kreativnih sposobnosti u ne razdvojivom jedinstvu s odgojem duhovnih i moralnih osobina.<\/p>\n\n\n\n<p>&#8211; razvoj inicijative, samopouzdanja i sposobnosti kreativnog izra\u017eavanja<\/p>\n\n\n\n<p>&#8211; oblikovanje u skladu s dobi, znanjem i vje\u0161tinama iz podru\u010dja likovne umjetnosti<\/p>\n\n\n\n<p>Ostvareni ciljevi i zadaci potakli su &nbsp;razvoj osobe koja je sposobna razmi\u0161ljati, ma\u0161tati, mo\u017ee ostvariti kreativne ideje i analizirati svoje rezultate.<\/p>\n\n\n\n<p>Djeca su &nbsp;u\u010dila na vlastitom iskustvu, shvatila &nbsp;da sudjelovanje mo\u017ee biti zabavno i korisno. U\u010dili su &nbsp;komunicirati, sura\u0111ivati, rje\u0161avati sukobe,&nbsp; raditi kao dio skupine,&nbsp; cijene\u0107i va\u017enost zajedni\u010dke suradnje te &nbsp;&nbsp;izgra\u0111uju\u0107i &nbsp;samopouzdanje.<\/p>\n\n\n\n<p>&nbsp;&nbsp;Tijekom \u0161k.godine 2021.\/22. ostvarili smo 6 likovnih zadataka. Radili smo po uzoru na sljede\u0107e umjetnike: Charles Mcgee, Yayoi Kusama, Joan Mir\u00f3, Gustav Klimt, &nbsp;Kimmy Cantrell i doma\u0107i umjetnik Vatroslav Kuli\u0161.<\/p>\n\n\n\n<p>U\u010denici su u\u017eivali u izradi radova i ostvarili odli\u010dne radove.<\/p>\n\n\n\n<figure class=\"wp-block-embed is-type-video is-provider-youtube wp-block-embed-youtube wp-embed-aspect-16-9 wp-has-aspect-ratio\"><div class=\"wp-block-embed__wrapper\">\n<iframe loading=\"lazy\" title=\"Maske-Kimmy Cantrell\" width=\"500\" height=\"281\" src=\"https:\/\/www.youtube.com\/embed\/qf8FJRZu7DE?feature=oembed\" frameborder=\"0\" allow=\"accelerometer; autoplay; clipboard-write; encrypted-media; gyroscope; picture-in-picture\" allowfullscreen><\/iframe>\n<\/div><\/figure>\n\n\n\n<h2 class=\"wp-block-heading\"><a href=\"https:\/\/www.emaze.com\/@ALRZICWTI\/u-svijetu-likovnih-umjetnika-4\" target=\"_blank\" rel=\"noreferrer noopener\">POVEZNICA ZA VIRTUALNU IZLO\u017dBU<\/a><\/h2>\n\n\n\n<p><\/p>\n","protected":false},"excerpt":{"rendered":"<p>Kroz eTwinning projekt U svijetu likovnih umjetnika 4 , u\u010denici 4. d razreda, su drugu godinu zaredom upoznali najve\u0107a djelima likovnih majstora. &nbsp;Poticani su&nbsp; na me\u0111usobnu komunikaciju , razvijali su &nbsp;socijalne i gra\u0111anske kompetencije te poduzetnost i inicijativnost. Dje\u010dji ostvaraji prikazani su &nbsp;na malim prilago\u0111enim izlo\u017ebama, u \u0161koli , ali &nbsp;i virtualno. Ciljevi koje smo [&hellip;]<\/p>\n","protected":false},"author":2,"featured_media":0,"parent":0,"menu_order":0,"comment_status":"closed","ping_status":"closed","template":"","meta":[],"_links":{"self":[{"href":"http:\/\/cvrcak-daruvar.com.hr\/index.php?rest_route=\/wp\/v2\/pages\/6792"}],"collection":[{"href":"http:\/\/cvrcak-daruvar.com.hr\/index.php?rest_route=\/wp\/v2\/pages"}],"about":[{"href":"http:\/\/cvrcak-daruvar.com.hr\/index.php?rest_route=\/wp\/v2\/types\/page"}],"author":[{"embeddable":true,"href":"http:\/\/cvrcak-daruvar.com.hr\/index.php?rest_route=\/wp\/v2\/users\/2"}],"replies":[{"embeddable":true,"href":"http:\/\/cvrcak-daruvar.com.hr\/index.php?rest_route=%2Fwp%2Fv2%2Fcomments&post=6792"}],"version-history":[{"count":1,"href":"http:\/\/cvrcak-daruvar.com.hr\/index.php?rest_route=\/wp\/v2\/pages\/6792\/revisions"}],"predecessor-version":[{"id":6793,"href":"http:\/\/cvrcak-daruvar.com.hr\/index.php?rest_route=\/wp\/v2\/pages\/6792\/revisions\/6793"}],"wp:attachment":[{"href":"http:\/\/cvrcak-daruvar.com.hr\/index.php?rest_route=%2Fwp%2Fv2%2Fmedia&parent=6792"}],"curies":[{"name":"wp","href":"https:\/\/api.w.org\/{rel}","templated":true}]}}