{"id":6781,"date":"2022-04-18T17:10:14","date_gmt":"2022-04-18T15:10:14","guid":{"rendered":"http:\/\/cvrcak-daruvar.com.hr\/?page_id=6781"},"modified":"2022-04-18T17:10:14","modified_gmt":"2022-04-18T15:10:14","slug":"dacka-ljubav","status":"publish","type":"page","link":"http:\/\/cvrcak-daruvar.com.hr\/?page_id=6781","title":{"rendered":"\u0110A\u010cKA LJUBAV"},"content":{"rendered":"\n<pre class=\"wp-block-verse\">Ja napisah jedno ime\r\nna drvenoj maloj klupi, \r\nu srce me moje malo\r\niznenada ljubav lupi.\r\n\r\nDjevoj\u010dica kose duge\r\nnema ba\u0161 ni jednu manu,\r\nnjeno ime ja zapisah\r\nba\u0161 u prvom spomenaru.\r\n\r\nLeptiri\u0107i oko glave\r\nvi\u0161e ne znam \u0161to ni kada,\r\nsvakog sata, svakog trena\r\nona meni mira ne da!\r\n\r\n                      Nemanja Popovi\u0107, 6.a\r\n<\/pre>\n","protected":false},"excerpt":{"rendered":"<p>Ja napisah jedno ime na drvenoj maloj klupi, u srce me moje malo iznenada ljubav lupi. Djevoj\u010dica kose duge nema ba\u0161 ni jednu manu, njeno ime ja zapisah ba\u0161 u prvom spomenaru. Leptiri\u0107i oko glave vi\u0161e ne znam \u0161to ni kada, svakog sata, svakog trena ona meni mira ne da! Nemanja Popovi\u0107, 6.a<\/p>\n","protected":false},"author":2,"featured_media":0,"parent":0,"menu_order":0,"comment_status":"closed","ping_status":"closed","template":"","meta":[],"_links":{"self":[{"href":"http:\/\/cvrcak-daruvar.com.hr\/index.php?rest_route=\/wp\/v2\/pages\/6781"}],"collection":[{"href":"http:\/\/cvrcak-daruvar.com.hr\/index.php?rest_route=\/wp\/v2\/pages"}],"about":[{"href":"http:\/\/cvrcak-daruvar.com.hr\/index.php?rest_route=\/wp\/v2\/types\/page"}],"author":[{"embeddable":true,"href":"http:\/\/cvrcak-daruvar.com.hr\/index.php?rest_route=\/wp\/v2\/users\/2"}],"replies":[{"embeddable":true,"href":"http:\/\/cvrcak-daruvar.com.hr\/index.php?rest_route=%2Fwp%2Fv2%2Fcomments&post=6781"}],"version-history":[{"count":1,"href":"http:\/\/cvrcak-daruvar.com.hr\/index.php?rest_route=\/wp\/v2\/pages\/6781\/revisions"}],"predecessor-version":[{"id":6782,"href":"http:\/\/cvrcak-daruvar.com.hr\/index.php?rest_route=\/wp\/v2\/pages\/6781\/revisions\/6782"}],"wp:attachment":[{"href":"http:\/\/cvrcak-daruvar.com.hr\/index.php?rest_route=%2Fwp%2Fv2%2Fmedia&parent=6781"}],"curies":[{"name":"wp","href":"https:\/\/api.w.org\/{rel}","templated":true}]}}