{"id":6768,"date":"2022-04-18T17:02:45","date_gmt":"2022-04-18T15:02:45","guid":{"rendered":"http:\/\/cvrcak-daruvar.com.hr\/?page_id=6768"},"modified":"2022-04-18T17:02:45","modified_gmt":"2022-04-18T15:02:45","slug":"heroj","status":"publish","type":"page","link":"http:\/\/cvrcak-daruvar.com.hr\/?page_id=6768","title":{"rendered":"Heroj"},"content":{"rendered":"\n<p>Kada je u\u010diteljica rekla da trebamo napisati sastavak o herojima, prvo sam se malo zamislila. Tko su heroji? \u0160to su u\u010dinili da se smatraju herojima? Trebam li pisati o vatrogascima ili policajcima?<\/p>\n\n\n\n<p>Ja sam odlu\u010dila pisati o svom tati! Kada malo bolje razmislim, on je jedan od mnogih heroja za koje se rijetko \u010duje. On radi u bolnici, doktor je, anesteziolog. Svakoga dana radi s ljudima koji su jako bolesni, koji se boje, ljudima koji se bore za \u017eivot i koji, na\u017ealost, i umiru. Svakoga smo dana u zadnje dvije godine izlo\u017eeni vijestima i brojkama o oboljelima od koronavirusne bolesti. Malo idemo u \u0161kolu, malo ne idemo. Svima nam je te\u0161ko. Meni i bratu je bilo posebno te\u0161ko u po\u010detku, kada se ta bolest tek pojavila. Tada\u2026 kao da smo ostali bez tate. Radio je sa zara\u017eenim ljudima i \u010desto ga nije bilo kod ku\u0107e, bio je de\u017euran. U bolnici bi provodio cijeli dan i no\u0107, a kada bi do\u0161ao ku\u0107i, bojao se da nam ne prenese virus. Zatvorio bi se i bio u sobi sam. Mogli smo razgovarati s njim samo putem mobitela. Hranu smo mu donosili pred vrata i ostavljali tamo, a on bi je uzeo i jeo. Sam. Tada nam je jako nedostajao. Bio je jako blizu. Bio je jako daleko. Kao da ga nismo imali. Nije nas mogao pogladiti po kosi, poljubiti, zagrliti. Svi smo se osje\u0107ali usamljeno. Ponekad bih \u010dula razgovor izme\u0111u njega i mame dok su mislili da ih ne slu\u0161amo. Svakoga dana su mu ljudi umirali i zbog toga je bio jako tu\u017ean. Shvatila sam da radi te\u017eak i odgovoran posao i da mu nije lako. Sada se pojavilo cjepivo i ljudi si mogu pomo\u0107i, ali borba s bole\u0161\u0107u jo\u0161 uvijek traje.<\/p>\n\n\n\n<p>Moj tata savjesno radi svoj posao, jako se trudi i daje sve od sebe. Zahvaljuju\u0107i njemu puno je ljudi ozdravilo, pre\u017eivjelo. Iako mu je te\u0161ko na poslu, nikada se nije po\u017ealio. On je za mene heroj!<\/p>\n\n\n\n<p class=\"has-text-align-right\">Ana Marinovi\u0107, 7.e<\/p>\n","protected":false},"excerpt":{"rendered":"<p>Kada je u\u010diteljica rekla da trebamo napisati sastavak o herojima, prvo sam se malo zamislila. Tko su heroji? \u0160to su u\u010dinili da se smatraju herojima? Trebam li pisati o vatrogascima ili policajcima? Ja sam odlu\u010dila pisati o svom tati! Kada malo bolje razmislim, on je jedan od mnogih heroja za koje se rijetko \u010duje. On [&hellip;]<\/p>\n","protected":false},"author":2,"featured_media":0,"parent":0,"menu_order":0,"comment_status":"closed","ping_status":"closed","template":"","meta":[],"_links":{"self":[{"href":"http:\/\/cvrcak-daruvar.com.hr\/index.php?rest_route=\/wp\/v2\/pages\/6768"}],"collection":[{"href":"http:\/\/cvrcak-daruvar.com.hr\/index.php?rest_route=\/wp\/v2\/pages"}],"about":[{"href":"http:\/\/cvrcak-daruvar.com.hr\/index.php?rest_route=\/wp\/v2\/types\/page"}],"author":[{"embeddable":true,"href":"http:\/\/cvrcak-daruvar.com.hr\/index.php?rest_route=\/wp\/v2\/users\/2"}],"replies":[{"embeddable":true,"href":"http:\/\/cvrcak-daruvar.com.hr\/index.php?rest_route=%2Fwp%2Fv2%2Fcomments&post=6768"}],"version-history":[{"count":1,"href":"http:\/\/cvrcak-daruvar.com.hr\/index.php?rest_route=\/wp\/v2\/pages\/6768\/revisions"}],"predecessor-version":[{"id":6769,"href":"http:\/\/cvrcak-daruvar.com.hr\/index.php?rest_route=\/wp\/v2\/pages\/6768\/revisions\/6769"}],"wp:attachment":[{"href":"http:\/\/cvrcak-daruvar.com.hr\/index.php?rest_route=%2Fwp%2Fv2%2Fmedia&parent=6768"}],"curies":[{"name":"wp","href":"https:\/\/api.w.org\/{rel}","templated":true}]}}