{"id":6759,"date":"2022-04-18T16:52:27","date_gmt":"2022-04-18T14:52:27","guid":{"rendered":"http:\/\/cvrcak-daruvar.com.hr\/?page_id=6759"},"modified":"2022-04-18T16:52:27","modified_gmt":"2022-04-18T14:52:27","slug":"nesigurnost","status":"publish","type":"page","link":"http:\/\/cvrcak-daruvar.com.hr\/?page_id=6759","title":{"rendered":"Nesigurnost"},"content":{"rendered":"\n<p>&nbsp;&nbsp;&nbsp;&nbsp;&nbsp;&nbsp;&nbsp;&nbsp;&nbsp; Nesigurnost je vrlo \u010dest osje\u0107aj kada si u tinejd\u017eerskoj dobi. Ona je onaj glasi\u0107 koji ti \u0161apu\u0107e: \u201eNisi dovoljno dobar!\u201d ili \u201ePredebeo si!\u201d ili \u010dak \u201eNitko te ne voli\u201d. Kao tinejd\u017eerima u pubertetu nam poja\u010dano rade hormoni i osje\u0107aji, zato je i nesigurnost poja\u010dana. Ali za\u0161to smo nesigurni?<\/p>\n\n\n\n<p>&nbsp;&nbsp;&nbsp;&nbsp;&nbsp;&nbsp;&nbsp;&nbsp;&nbsp; Upravo sve te dru\u0161tvene mre\u017ee stvaraju nesigurnost. Na njima vidimo koliko su tu\u0111i \u017eivoti naizgled savr\u0161eni i to nam daje da se zapitamo je li i na\u0161 \u017eivot savr\u0161en. Naravno da nije, zato \u0161to ni\u0161ta nije savr\u0161eno. I onda osoba shvati da nema savr\u0161eno tijelo kao drugi ili nije pametna kao drugi. Tu po\u010dinje nesigurnost. Nakon toga kre\u0107e misliti da nije dovoljno dobra, da nije dovoljno lijepa ili da ni\u0161ta ne vrijedi samo zbog uspore\u0111ivanja. A istina je da smo svi dovoljno dobri i da zaslu\u017eujemo sve \u0161to nam ovaj \u017eivot mo\u017ee pru\u017eiti. Uspore\u0111ivanje je apsurdno jer smo svi mi razli\u010diti i svatko ima druga\u010diji put i svrhu \u017eivota. Lako je to re\u0107i, ali treba po\u010deti vjerovati u to, a to ne mo\u017ee\u0161 dok ne shvati\u0161 da si vrijedan svega toga. Nesigurnost je komplicirana, ali nije nepobjediva i moramo puno raditi na sebi kako bismo prestali biti nesigurni. I da, mo\u017ee se raditi na tome, krenuti vjerovati u sebe, ali i dalje biti barem malo nesiguran.<\/p>\n\n\n\n<p>&nbsp;&nbsp;&nbsp;&nbsp;&nbsp;&nbsp;&nbsp;&nbsp;&nbsp; Pouka u svemu tome je: dragi moji tinejd\u017eeri, ne dajte da vas nesigurnost preuzme. Ona vam mo\u017ee samo na\u0161koditi. I re\u0107i \u0107u vam ono \u0161to vam mo\u017eda nitko dosad nije rekao: dovoljno ste dobri takvi kakvi jeste sa svim svojim vrlinama i manama, bez obzira na to kako izgledate i svi vi zaslu\u017eujete biti sretni jer to je cijela svrha \u017eivota.<\/p>\n\n\n\n<p class=\"has-text-align-right\">Lorna Benko, 8.c<\/p>\n","protected":false},"excerpt":{"rendered":"<p>&nbsp;&nbsp;&nbsp;&nbsp;&nbsp;&nbsp;&nbsp;&nbsp;&nbsp; Nesigurnost je vrlo \u010dest osje\u0107aj kada si u tinejd\u017eerskoj dobi. Ona je onaj glasi\u0107 koji ti \u0161apu\u0107e: \u201eNisi dovoljno dobar!\u201d ili \u201ePredebeo si!\u201d ili \u010dak \u201eNitko te ne voli\u201d. Kao tinejd\u017eerima u pubertetu nam poja\u010dano rade hormoni i osje\u0107aji, zato je i nesigurnost poja\u010dana. Ali za\u0161to smo nesigurni? &nbsp;&nbsp;&nbsp;&nbsp;&nbsp;&nbsp;&nbsp;&nbsp;&nbsp; Upravo sve te dru\u0161tvene mre\u017ee [&hellip;]<\/p>\n","protected":false},"author":2,"featured_media":0,"parent":0,"menu_order":0,"comment_status":"closed","ping_status":"closed","template":"","meta":[],"_links":{"self":[{"href":"http:\/\/cvrcak-daruvar.com.hr\/index.php?rest_route=\/wp\/v2\/pages\/6759"}],"collection":[{"href":"http:\/\/cvrcak-daruvar.com.hr\/index.php?rest_route=\/wp\/v2\/pages"}],"about":[{"href":"http:\/\/cvrcak-daruvar.com.hr\/index.php?rest_route=\/wp\/v2\/types\/page"}],"author":[{"embeddable":true,"href":"http:\/\/cvrcak-daruvar.com.hr\/index.php?rest_route=\/wp\/v2\/users\/2"}],"replies":[{"embeddable":true,"href":"http:\/\/cvrcak-daruvar.com.hr\/index.php?rest_route=%2Fwp%2Fv2%2Fcomments&post=6759"}],"version-history":[{"count":1,"href":"http:\/\/cvrcak-daruvar.com.hr\/index.php?rest_route=\/wp\/v2\/pages\/6759\/revisions"}],"predecessor-version":[{"id":6760,"href":"http:\/\/cvrcak-daruvar.com.hr\/index.php?rest_route=\/wp\/v2\/pages\/6759\/revisions\/6760"}],"wp:attachment":[{"href":"http:\/\/cvrcak-daruvar.com.hr\/index.php?rest_route=%2Fwp%2Fv2%2Fmedia&parent=6759"}],"curies":[{"name":"wp","href":"https:\/\/api.w.org\/{rel}","templated":true}]}}