{"id":6753,"date":"2022-04-18T16:50:39","date_gmt":"2022-04-18T14:50:39","guid":{"rendered":"http:\/\/cvrcak-daruvar.com.hr\/?page_id=6753"},"modified":"2022-04-18T16:50:39","modified_gmt":"2022-04-18T14:50:39","slug":"zivjeti-slobodno","status":"publish","type":"page","link":"http:\/\/cvrcak-daruvar.com.hr\/?page_id=6753","title":{"rendered":"\u017divjeti slobodno"},"content":{"rendered":"\n<p>&nbsp;&nbsp;&nbsp;&nbsp;&nbsp;&nbsp;&nbsp;&nbsp;&nbsp; \u017divjeti slobodno za mene bi zna\u010dilo \u017eivjeti s osmijehom na licu, bez tuge i problema. Ljudima to naj\u010de\u0161\u0107e zna\u010di \u017eivjeti bez pravila i zakona u svijetu, ali ako nismo sretni i slobodni od problema i briga, ne bi pomoglo ni ukidanje zakona ni pravila.<\/p>\n\n\n\n<p>&nbsp;&nbsp;&nbsp;&nbsp;&nbsp;&nbsp;&nbsp;&nbsp;&nbsp; Osje\u0107am se slobodno kada od\u0161etam sama, negdje daleko od svih ljudi, od problema i negativne energije koju \u0161ire neke osobe. Odlutam u prirodu slu\u0161ati ptice kako cvrku\u0107u, stabla kako di\u0161u i njihove grane kako \u0161u\u0161te. Poku\u0161am poslo\u017eiti sve misli u glavi, poku\u0161am rije\u0161iti probleme koji su mi se na\u0161li na putu. Kada mogu odlutati nekamo, poku\u0161am odlutati i u mislima. Najvi\u0161e se volim sjetiti lijepih trenutaka iz pro\u0161losti, uvijek se nasmijem svemu pa i problemima koji su iza mene. Za mene je sloboda imati slobodne misli i slobodno odlutati u koji god svijet po\u017eelim bez da me na tlu dr\u017ee problemi, brige i stres. Za mene nije sloboda ako se ukinu zakoni koji brane nekakve nepromi\u0161ljene ideje i da ljudi rade \u0161to god ima padne na pamet. Ako razmislimo pametno, svi ti zakoni ipak slu\u017ee kako bi postojao mir i red, a nepromi\u0161ljenih osoba \u0107e uvijek biti. Treba razmi\u0161ljati slobodno jer uvijek postoji drugih i ljep\u0161ih na\u010dina za to. Samo nebo je granica.<\/p>\n\n\n\n<p>&nbsp;&nbsp;&nbsp;&nbsp;&nbsp;&nbsp;&nbsp;&nbsp;&nbsp; Jednom sam negdje pro\u010ditala, a tako i razmi\u0161ljam, da je \u017eivot kao putovanje vlakom. Vlak se kre\u0107e naprijed ba\u0161 kao \u0161to \u017eivot prolazi, sve dok ne do\u0111e do zadnje stanice. Ja sam u jednom od vagona u tom vlaku, a tu su i ljudi koji putuju sa mnom do zadnje stanice, do kraja \u017eivota. Naravno, neki se ukrcaju, neki pak vrlo brzo iza\u0111u iz vlaka. To su ljudi koje tijekom \u017eivota upoznamo ili su to ljudi koji nas samo napuste, odu iz na\u0161eg \u017eivota tra\u017eiti svoje mjesto i svoj vlak.<\/p>\n\n\n\n<p>&nbsp;&nbsp;&nbsp;&nbsp;&nbsp;&nbsp;&nbsp;&nbsp;&nbsp; Eto, takva je moja ma\u0161ta, moj pogled na svijet. Takve misli ja nazivam slobodnima. Svaku prepreku poku\u0161avam rije\u0161iti na dobar i ispravan na\u010din jer ako stvarno bolje razmislim, \u017eivot je zbilja kao vlak. Mi odlu\u010dujemo kojim putem \u0107emo i\u0107i, na kojim stanicama \u0107emo upoznati nekoga ili se oprostiti od nekih ljudi. Mi odlu\u010dujemo s kojim ljudima \u017eelimo ostati u tom vlaku do zadnje stanice.<\/p>\n\n\n\n<p class=\"has-text-align-right\"><strong>Dora Hlu\u0161i\u010dka, 8.c<\/strong><\/p>\n","protected":false},"excerpt":{"rendered":"<p>&nbsp;&nbsp;&nbsp;&nbsp;&nbsp;&nbsp;&nbsp;&nbsp;&nbsp; \u017divjeti slobodno za mene bi zna\u010dilo \u017eivjeti s osmijehom na licu, bez tuge i problema. Ljudima to naj\u010de\u0161\u0107e zna\u010di \u017eivjeti bez pravila i zakona u svijetu, ali ako nismo sretni i slobodni od problema i briga, ne bi pomoglo ni ukidanje zakona ni pravila. &nbsp;&nbsp;&nbsp;&nbsp;&nbsp;&nbsp;&nbsp;&nbsp;&nbsp; Osje\u0107am se slobodno kada od\u0161etam sama, negdje daleko od [&hellip;]<\/p>\n","protected":false},"author":2,"featured_media":0,"parent":0,"menu_order":0,"comment_status":"closed","ping_status":"closed","template":"","meta":[],"_links":{"self":[{"href":"http:\/\/cvrcak-daruvar.com.hr\/index.php?rest_route=\/wp\/v2\/pages\/6753"}],"collection":[{"href":"http:\/\/cvrcak-daruvar.com.hr\/index.php?rest_route=\/wp\/v2\/pages"}],"about":[{"href":"http:\/\/cvrcak-daruvar.com.hr\/index.php?rest_route=\/wp\/v2\/types\/page"}],"author":[{"embeddable":true,"href":"http:\/\/cvrcak-daruvar.com.hr\/index.php?rest_route=\/wp\/v2\/users\/2"}],"replies":[{"embeddable":true,"href":"http:\/\/cvrcak-daruvar.com.hr\/index.php?rest_route=%2Fwp%2Fv2%2Fcomments&post=6753"}],"version-history":[{"count":1,"href":"http:\/\/cvrcak-daruvar.com.hr\/index.php?rest_route=\/wp\/v2\/pages\/6753\/revisions"}],"predecessor-version":[{"id":6754,"href":"http:\/\/cvrcak-daruvar.com.hr\/index.php?rest_route=\/wp\/v2\/pages\/6753\/revisions\/6754"}],"wp:attachment":[{"href":"http:\/\/cvrcak-daruvar.com.hr\/index.php?rest_route=%2Fwp%2Fv2%2Fmedia&parent=6753"}],"curies":[{"name":"wp","href":"https:\/\/api.w.org\/{rel}","templated":true}]}}