{"id":6751,"date":"2022-04-18T16:49:50","date_gmt":"2022-04-18T14:49:50","guid":{"rendered":"http:\/\/cvrcak-daruvar.com.hr\/?page_id=6751"},"modified":"2022-04-20T21:16:39","modified_gmt":"2022-04-20T19:16:39","slug":"lidrano-2","status":"publish","type":"page","link":"http:\/\/cvrcak-daruvar.com.hr\/?page_id=6751","title":{"rendered":"LiDraNo 2022."},"content":{"rendered":"\n<h1 class=\"wp-block-heading\"><a href=\"http:\/\/os-vnazora-daruvar.skole.hr\/?news_id=7005#mod_news\">\u017dupanijska smotra<\/a><\/h1>\n\n\n\n<h2 class=\"wp-block-heading\"><a href=\"http:\/\/cvrcak-daruvar.com.hr\/?page_id=6768\" data-type=\"page\" data-id=\"6768\">Heroj<\/a><\/h2>\n\n\n\n<h2 class=\"wp-block-heading\"><a href=\"http:\/\/cvrcak-daruvar.com.hr\/?page_id=6753\" data-type=\"page\" data-id=\"6753\">\u017divjeti slobodno<\/a><\/h2>\n\n\n\n<h2 class=\"wp-block-heading\"><a href=\"http:\/\/cvrcak-daruvar.com.hr\/?page_id=6770\" data-type=\"page\" data-id=\"6770\">Pogled kroz prozor<\/a><\/h2>\n\n\n\n<p><\/p>\n\n\n\n<h1 class=\"wp-block-heading\">Me\u0111uop\u0107inska smotra<\/h1>\n\n\n\n<h2 class=\"wp-block-heading\"><a href=\"http:\/\/cvrcak-daruvar.com.hr\/?page_id=6759\" data-type=\"page\" data-id=\"6759\">Nesigurnost<\/a><\/h2>\n\n\n\n<h2 class=\"wp-block-heading\"><a href=\"http:\/\/cvrcak-daruvar.com.hr\/?page_id=6757\" data-type=\"page\" data-id=\"6757\">Nogomet u \u0161koli<\/a><\/h2>\n\n\n\n<h2 class=\"wp-block-heading\"><a href=\"http:\/\/cvrcak-daruvar.com.hr\/?page_id=6755\" data-type=\"page\" data-id=\"6755\">Pri\u010da o \u017eiru<\/a><\/h2>\n\n\n\n<p><\/p>\n","protected":false},"excerpt":{"rendered":"<p>\u017dupanijska smotra Heroj \u017divjeti slobodno Pogled kroz prozor Me\u0111uop\u0107inska smotra Nesigurnost Nogomet u \u0161koli Pri\u010da o \u017eiru<\/p>\n","protected":false},"author":2,"featured_media":0,"parent":0,"menu_order":0,"comment_status":"closed","ping_status":"closed","template":"","meta":[],"_links":{"self":[{"href":"http:\/\/cvrcak-daruvar.com.hr\/index.php?rest_route=\/wp\/v2\/pages\/6751"}],"collection":[{"href":"http:\/\/cvrcak-daruvar.com.hr\/index.php?rest_route=\/wp\/v2\/pages"}],"about":[{"href":"http:\/\/cvrcak-daruvar.com.hr\/index.php?rest_route=\/wp\/v2\/types\/page"}],"author":[{"embeddable":true,"href":"http:\/\/cvrcak-daruvar.com.hr\/index.php?rest_route=\/wp\/v2\/users\/2"}],"replies":[{"embeddable":true,"href":"http:\/\/cvrcak-daruvar.com.hr\/index.php?rest_route=%2Fwp%2Fv2%2Fcomments&post=6751"}],"version-history":[{"count":7,"href":"http:\/\/cvrcak-daruvar.com.hr\/index.php?rest_route=\/wp\/v2\/pages\/6751\/revisions"}],"predecessor-version":[{"id":6789,"href":"http:\/\/cvrcak-daruvar.com.hr\/index.php?rest_route=\/wp\/v2\/pages\/6751\/revisions\/6789"}],"wp:attachment":[{"href":"http:\/\/cvrcak-daruvar.com.hr\/index.php?rest_route=%2Fwp%2Fv2%2Fmedia&parent=6751"}],"curies":[{"name":"wp","href":"https:\/\/api.w.org\/{rel}","templated":true}]}}