{"id":6731,"date":"2022-04-18T11:25:10","date_gmt":"2022-04-18T09:25:10","guid":{"rendered":"http:\/\/cvrcak-daruvar.com.hr\/?page_id=6731"},"modified":"2022-04-18T11:25:10","modified_gmt":"2022-04-18T09:25:10","slug":"lopta-je-cetvrtasta","status":"publish","type":"page","link":"http:\/\/cvrcak-daruvar.com.hr\/?page_id=6731","title":{"rendered":"Lopta je \u010detvrtasta"},"content":{"rendered":"\n<pre class=\"wp-block-verse\">Lopta je nesta\u0161na \r\njer je \u010detvrtasta. \r\nSkaku\u0107e lijevo-desno, \r\njer svuda joj je tijesno. \r\n \r\n\u010cudnog je oblika, \r\nsmije\u0161na je to slika, \r\na zbog \u010dudnog oblika, \r\n\u010desto ima neprilika. \r\n \r\nZbog tog kockastog stava, \r\nima mnogo poznanstva. \r\nUz to \u0161to je kockasta, \r\n\u010desto je to\u010dkasta. \r\nTa lopta \u010desto mijena svoje izglede, \r\nnekontrolirano leti u nedoglede.   \r\n<\/pre>\n\n\n\n<p class=\"has-text-align-right\">Patrik Polenus, 8.b<\/p>\n","protected":false},"excerpt":{"rendered":"<p>Lopta je nesta\u0161na jer je \u010detvrtasta. Skaku\u0107e lijevo-desno, jer svuda joj je tijesno. \u010cudnog je oblika, smije\u0161na je to slika, a zbog \u010dudnog oblika, \u010desto ima neprilika. Zbog tog kockastog stava, ima mnogo poznanstva. Uz to \u0161to je kockasta, \u010desto je to\u010dkasta. Ta lopta \u010desto mijena svoje izglede, nekontrolirano leti u nedoglede. Patrik Polenus, 8.b<\/p>\n","protected":false},"author":2,"featured_media":0,"parent":0,"menu_order":0,"comment_status":"closed","ping_status":"closed","template":"","meta":[],"_links":{"self":[{"href":"http:\/\/cvrcak-daruvar.com.hr\/index.php?rest_route=\/wp\/v2\/pages\/6731"}],"collection":[{"href":"http:\/\/cvrcak-daruvar.com.hr\/index.php?rest_route=\/wp\/v2\/pages"}],"about":[{"href":"http:\/\/cvrcak-daruvar.com.hr\/index.php?rest_route=\/wp\/v2\/types\/page"}],"author":[{"embeddable":true,"href":"http:\/\/cvrcak-daruvar.com.hr\/index.php?rest_route=\/wp\/v2\/users\/2"}],"replies":[{"embeddable":true,"href":"http:\/\/cvrcak-daruvar.com.hr\/index.php?rest_route=%2Fwp%2Fv2%2Fcomments&post=6731"}],"version-history":[{"count":1,"href":"http:\/\/cvrcak-daruvar.com.hr\/index.php?rest_route=\/wp\/v2\/pages\/6731\/revisions"}],"predecessor-version":[{"id":6732,"href":"http:\/\/cvrcak-daruvar.com.hr\/index.php?rest_route=\/wp\/v2\/pages\/6731\/revisions\/6732"}],"wp:attachment":[{"href":"http:\/\/cvrcak-daruvar.com.hr\/index.php?rest_route=%2Fwp%2Fv2%2Fmedia&parent=6731"}],"curies":[{"name":"wp","href":"https:\/\/api.w.org\/{rel}","templated":true}]}}