{"id":6729,"date":"2022-04-18T11:24:26","date_gmt":"2022-04-18T09:24:26","guid":{"rendered":"http:\/\/cvrcak-daruvar.com.hr\/?page_id=6729"},"modified":"2022-04-18T11:29:20","modified_gmt":"2022-04-18T09:29:20","slug":"daruvar","status":"publish","type":"page","link":"http:\/\/cvrcak-daruvar.com.hr\/?page_id=6729","title":{"rendered":"DARUVAR"},"content":{"rendered":"\n<pre class=\"wp-block-verse\"><strong>D<\/strong>a je najljep\u0161i mali grad \nto znaju svi dosad.  \n \n<strong>A<\/strong>rcadia poput bisera stoji \ni ponosno brojne turiste broji. \n \n<strong>R<\/strong>imska \u0161uma sporta\u0161e grli \nposjetitelji i gosti u nju su navrli. \n \n<strong>U<\/strong> svako godi\u0161nje doba ljepotom di\u0161e \no mome gradu puno autora pi\u0161e. \n \n<strong>V<\/strong>odoskok usred grada \u0161apu\u0107e \niznad njega golub zaljubljeno gugu\u0107e. \n \n<strong>A<\/strong>ntunovo vrelo izvor je tople vode \npored njega mnoge se ljubavi dogode. \n \n<strong>R<\/strong>imske kupke legenda su ovog kraja \nvolim svoj grad, dalje od beskraja.  \n<\/pre>\n\n\n\n<p class=\"has-text-align-right\"><em>Lana Hohnjec, 6.b<\/em>&nbsp;<\/p>\n","protected":false},"excerpt":{"rendered":"<p>Da je najljep\u0161i mali grad to znaju svi dosad. Arcadia poput bisera stoji i ponosno brojne turiste broji. Rimska \u0161uma sporta\u0161e grli posjetitelji i gosti u nju su navrli. U svako godi\u0161nje doba ljepotom di\u0161e o mome gradu puno autora pi\u0161e. Vodoskok usred grada \u0161apu\u0107e iznad njega golub zaljubljeno gugu\u0107e. Antunovo vrelo izvor je tople [&hellip;]<\/p>\n","protected":false},"author":2,"featured_media":0,"parent":0,"menu_order":0,"comment_status":"closed","ping_status":"closed","template":"","meta":[],"_links":{"self":[{"href":"http:\/\/cvrcak-daruvar.com.hr\/index.php?rest_route=\/wp\/v2\/pages\/6729"}],"collection":[{"href":"http:\/\/cvrcak-daruvar.com.hr\/index.php?rest_route=\/wp\/v2\/pages"}],"about":[{"href":"http:\/\/cvrcak-daruvar.com.hr\/index.php?rest_route=\/wp\/v2\/types\/page"}],"author":[{"embeddable":true,"href":"http:\/\/cvrcak-daruvar.com.hr\/index.php?rest_route=\/wp\/v2\/users\/2"}],"replies":[{"embeddable":true,"href":"http:\/\/cvrcak-daruvar.com.hr\/index.php?rest_route=%2Fwp%2Fv2%2Fcomments&post=6729"}],"version-history":[{"count":2,"href":"http:\/\/cvrcak-daruvar.com.hr\/index.php?rest_route=\/wp\/v2\/pages\/6729\/revisions"}],"predecessor-version":[{"id":6735,"href":"http:\/\/cvrcak-daruvar.com.hr\/index.php?rest_route=\/wp\/v2\/pages\/6729\/revisions\/6735"}],"wp:attachment":[{"href":"http:\/\/cvrcak-daruvar.com.hr\/index.php?rest_route=%2Fwp%2Fv2%2Fmedia&parent=6729"}],"curies":[{"name":"wp","href":"https:\/\/api.w.org\/{rel}","templated":true}]}}