{"id":6648,"date":"2021-11-01T12:28:23","date_gmt":"2021-11-01T11:28:23","guid":{"rendered":"http:\/\/cvrcak-daruvar.com.hr\/?page_id=6648"},"modified":"2021-11-01T12:28:23","modified_gmt":"2021-11-01T11:28:23","slug":"sto-me-cini-sretnom","status":"publish","type":"page","link":"http:\/\/cvrcak-daruvar.com.hr\/?page_id=6648","title":{"rendered":"\u0160to me \u010dini sretnom"},"content":{"rendered":"\n<p>Nekad sam smatrala da me sretnom \u010dine samo stvari koje se mogu kupiti&nbsp; novcem. Najnoviji mobitel, nova marka tenisica, nova torba\u2026Sve su to stvari koje su me u tom trenutku \u010dinile sretnom. Me\u0111utim sre\u0107a ne bi dugo potrajala jer su moje \u017eelje bile iz dana u dan druga\u010dije, a ja nikad zadovoljna.<\/p>\n\n\n\n<p>&nbsp;&nbsp;&nbsp;&nbsp;&nbsp;&nbsp;&nbsp;&nbsp;&nbsp; Kako odrastam, shva\u0107am da sam vi\u0161e sretnija onim besplatnim stvarima u \u017eivotu, koje se ne mogu kupiti novcem. Volim izlete s roditeljima i bratom jer se tad kroz igru dru\u017eimo i smijemo. Imam dva malena brati\u0107a koje \u010desto \u010duvam i u\u017eivam u igri s njima. Sretnom me \u010dine moji djedovi i bake i sretna sam \u0161to postoje. Imam tri ku\u0107na ljubimca za koje sam jako vezana. Oni me svaki dan uveseljavaju svojim nesta\u0161lucima. Prije par dana sam ispekla svoj prvi kola\u010d. Bila sam jako sretna jer sam uspje\u0161no ne\u0161to napravila bez i\u010dije pomo\u0107i. Treniram odbojku i veseli me svaki uspjeh moje ekipe. Sretnom me \u010dini \u0161kola, i moji prijatelji. Sve mi to nedostaje zbog online nastave. Uskoro \u0107e ljeto i jedva \u010dekam odlazak na more, tamo se super provodim jer idem s brati\u0107ima i sestri\u010dnom.<\/p>\n\n\n\n<p>&nbsp;&nbsp;&nbsp;&nbsp;&nbsp;&nbsp;&nbsp;&nbsp; Moja mama ka\u017ee da sre\u0107u \u010dine male stvari koje \u0107emo vi\u0161e znati cijeniti kad odrastemo. Sre\u0107a je zdravlje, prijatelji i dobra ocjena. Sre\u0107a je pjesma, sun\u010dan dan, sloboda i ljubav. Trudim se svaki dan biti pozitivna i iz svega izvu\u0107i ne\u0161to lijepo. Sretna sam i zahvalna na svemu \u0161to imam.<\/p>\n\n\n\n<p class=\"has-text-align-right\"><em>Adriana Flanjak, 5.e<\/em><\/p>\n\n\n\n<h1 class=\"wp-block-heading\">\u0160to me \u010dini sretnom<\/h1>\n\n\n\n<p>&nbsp;&nbsp;&nbsp;&nbsp;&nbsp;&nbsp;&nbsp;&nbsp;&nbsp; &nbsp;&nbsp;Ja sam Hana, imam jedanaest godina i idem u peti razred. Za sada sam uspje\u0161na u \u0161kolovanju i zadovoljna sam ocjenama i svojim stanjem u \u0161koli. Sretna sam zato \u0161to imam priliku za obrazovanjem i daljnjim \u0161kolovanjem.<\/p>\n\n\n\n<p>&nbsp;&nbsp;&nbsp;&nbsp;&nbsp;&nbsp;&nbsp;&nbsp;&nbsp;&nbsp;&nbsp; Sretnom me \u010dini moje zdravlje i zdravlje moje obitelji. Sretna sam zato \u0161to imam krov nad glavom, imam ne\u0161to za popiti i pojesti. Zahvalna sam jer mi je podaren \u017eivot. Imam prijatelje koji me vole i drago mi je zbog toga. Imam dvije prave i najbolje prijateljice za koje znam da su uvijek tu uz mene i da me ne\u0107e ostaviti na cjedilu. Zbog toga sam im jako zahvalna. Sretna sam zato \u0161to imam najbolju baku i najboljeg djeda na svijetu, \u0161to imam bri\u017ene roditelje koji se brinu o meni. Sretna sam i ponosna na sebe jer mi nisu va\u017ene materijalne stvari, nego ljubav, toplina i bri\u017enost obitelji i prijatelja koji mi te najva\u017enije stvari pru\u017eaju. Zahvalna sam prijateljima \u0161to me \u010dine sretnom, dok sam tu\u017ena,&nbsp; poku\u0161avaju me nasmijati i oraspolo\u017eiti. Puno im hvala za to. \u010cini me sretnom sama pomisao na to da imam prijatelje i obitelj koja me voli.<\/p>\n\n\n\n<p>&nbsp;&nbsp;&nbsp;&nbsp;&nbsp;&nbsp;&nbsp;&nbsp;&nbsp;&nbsp;&nbsp;&nbsp; Sre\u0107a je u malim stvarima! Svi bi to trebali cijeniti. Trebamo po\u0161tovati svoje roditelje, bake i djedove jer oni rade i mu\u010de se za nas, samo da bi nama udovoljili. Moja mama radi po cijele dane na polju, a tata se mu\u010di s papirima u kancelariji. Sretna sam \u0161to mogu iskoristiti vrijeme s njima i \u0161to im mogu pomo\u0107i. Oni se tada osje\u0107aju sretno jer sam im pomogla, a ja se osje\u0107am ispunjeno. Zato bi preporu\u010dila svima da iskoriste vrijeme sa svojim bli\u017enjima jer se to jednoga dana ne\u0107e mo\u0107i vratiti.<\/p>\n\n\n\n<p class=\"has-text-align-right\"><em>Hana Kos, 5.d<\/em><\/p>\n\n\n\n<h1 class=\"wp-block-heading\">\u0160to me \u010dini sretnim<\/h1>\n\n\n\n<p>&nbsp;&nbsp;&nbsp; &nbsp;&nbsp;&nbsp;&nbsp;&nbsp;&nbsp;&nbsp;&nbsp;&nbsp;&nbsp;Za po\u010detak bih samo htio re\u0107i da sam ja vrlo sretan dje\u010dak. Znate za\u0161to? Vrlo je jednostavno. Otkrit \u0107u vam svoju tajnu formulu za sre\u0107u.<\/p>\n\n\n\n<p>Moja sre\u0107a po\u010dinje ve\u0107 jutro. Sretan sam \u0161to sam se probudio, a u drugoj sobi \u010dujem brata kako se igra po krevetu i mamu kako se ljuti \u0161to se probudio rano. Sre\u0107a je obitelj. Zatim sam sretan kada pogledam viber i vidim 296 poruka u grupi 5.e. Sre\u0107a su prijatelji. Sretan sam kada dobijem svoj omiljeni doru\u010dak, a to su pahuljice i mlijeko. Sretan sam kada je vani lijepo vrijeme, a ja se vozim biciklom. Isto tako sam sretan i kada pada pa se ne mogu igrati vani i zato me tata vodi na bazen. Sretan sam i \u0161to imam ku\u0107ne ljubimce. Raduje me kada ih vodim u \u0161etnju ili ih hranim, a oni mi zahvalno ma\u0161u repi\u0107ima.<\/p>\n\n\n\n<p>&nbsp;&nbsp;&nbsp;&nbsp;&nbsp;&nbsp;&nbsp;&nbsp;&nbsp;&nbsp;&nbsp;&nbsp; Mogao bih tako nabrajati i pisati &nbsp;do sutra ili dok ne potro\u0161im olovku i papir. Zato \u0107u samo re\u0107i da pravu sre\u0107u \u010dine male i svakodnevne stvari kojima se treba znati veseliti. Ja to znam i zato sam vrlo sretan dje\u010dak!<\/p>\n\n\n\n<p class=\"has-text-align-right\"><em>Dean Horvat, 5.e<\/em><\/p>\n\n\n\n<h1 class=\"wp-block-heading\">\u0160to me \u010dini sretnom<\/h1>\n\n\n\n<p>&nbsp;&nbsp;&nbsp; &nbsp;&nbsp;&nbsp;&nbsp;&nbsp;&nbsp;&nbsp;&nbsp;&nbsp;&nbsp;&nbsp;&nbsp;&nbsp;Sre\u0107u ne \u010dine materijalne stvari, sre\u0107u \u010dine i sitnice. Treba\u0161 biti sretan kada vidi\u0161 da je netko sretan i kada ti od srca \u017eeli pomo\u0107i. Ne postoji trgovina u kojoj bi se sre\u0107a kupila. Svakog \u010dovjeka ne\u0161to drugo \u010dini sretnim.&nbsp;&nbsp;&nbsp;&nbsp;&nbsp;&nbsp;&nbsp;&nbsp;&nbsp;&nbsp;&nbsp;&nbsp;&nbsp;&nbsp;&nbsp;&nbsp;&nbsp;&nbsp;&nbsp;&nbsp;&nbsp;&nbsp;&nbsp;&nbsp;&nbsp;&nbsp;&nbsp;&nbsp;&nbsp;&nbsp;&nbsp;&nbsp;&nbsp;&nbsp;&nbsp;&nbsp;&nbsp;&nbsp;&nbsp;&nbsp;&nbsp;&nbsp;&nbsp;&nbsp;&nbsp;<\/p>\n\n\n\n<p>&nbsp;&nbsp;&nbsp;&nbsp;&nbsp;&nbsp;&nbsp;&nbsp;&nbsp;&nbsp;&nbsp;&nbsp; &nbsp;&nbsp;&nbsp;Mene \u010dini sretnom kada mogu pomo\u0107i nekome kome je stvarno potrebna pomo\u0107. Veseli me kada se netko trudi da ja budem sretna. Volim kada sre\u0107u mogu podijeliti s nekim i kada se netko ne pretvara da je sretan. Sre\u0107a je za mene kada su drugi sretni. Kada sam sretna, razmi\u0161ljam da trebam biti zadovoljna i zahvalna \u0161to sam sretna i da netko mo\u017eda nije sretan. Sretna sam kad vidim da jo\u0161 uvijek ima ljudi koji su sretni i bez materijalnih stvari. Razveseli me kada mi netko \u010destita ro\u0111endan i ne zaboravi na njega. Volim kada mogu nahraniti ma\u010dku ili psa lutalicu, kada pozdravim susjede, a oni mi se nasmije\u0161e i kada susjedin pas pobjegne, a ja ga odvedem ku\u0107i.<\/p>\n\n\n\n<p>&nbsp;&nbsp;&nbsp;&nbsp;&nbsp;&nbsp;&nbsp;&nbsp;&nbsp;&nbsp;&nbsp;&nbsp;&nbsp;&nbsp;&nbsp;&nbsp; Voljela bi kada bi svi ljudi mogli biti sretni. Ponekad se treba samo malo potruditi i svatko \u0107e prona\u0107i svoju sre\u0107u.<\/p>\n\n\n\n<p class=\"has-text-align-right\"><em>Elena Zounar, 5.e<\/em><\/p>\n","protected":false},"excerpt":{"rendered":"<p>Nekad sam smatrala da me sretnom \u010dine samo stvari koje se mogu kupiti&nbsp; novcem. Najnoviji mobitel, nova marka tenisica, nova torba\u2026Sve su to stvari koje su me u tom trenutku \u010dinile sretnom. Me\u0111utim sre\u0107a ne bi dugo potrajala jer su moje \u017eelje bile iz dana u dan druga\u010dije, a ja nikad zadovoljna. &nbsp;&nbsp;&nbsp;&nbsp;&nbsp;&nbsp;&nbsp;&nbsp;&nbsp; Kako odrastam, [&hellip;]<\/p>\n","protected":false},"author":2,"featured_media":0,"parent":0,"menu_order":0,"comment_status":"closed","ping_status":"closed","template":"","meta":[],"_links":{"self":[{"href":"http:\/\/cvrcak-daruvar.com.hr\/index.php?rest_route=\/wp\/v2\/pages\/6648"}],"collection":[{"href":"http:\/\/cvrcak-daruvar.com.hr\/index.php?rest_route=\/wp\/v2\/pages"}],"about":[{"href":"http:\/\/cvrcak-daruvar.com.hr\/index.php?rest_route=\/wp\/v2\/types\/page"}],"author":[{"embeddable":true,"href":"http:\/\/cvrcak-daruvar.com.hr\/index.php?rest_route=\/wp\/v2\/users\/2"}],"replies":[{"embeddable":true,"href":"http:\/\/cvrcak-daruvar.com.hr\/index.php?rest_route=%2Fwp%2Fv2%2Fcomments&post=6648"}],"version-history":[{"count":1,"href":"http:\/\/cvrcak-daruvar.com.hr\/index.php?rest_route=\/wp\/v2\/pages\/6648\/revisions"}],"predecessor-version":[{"id":6649,"href":"http:\/\/cvrcak-daruvar.com.hr\/index.php?rest_route=\/wp\/v2\/pages\/6648\/revisions\/6649"}],"wp:attachment":[{"href":"http:\/\/cvrcak-daruvar.com.hr\/index.php?rest_route=%2Fwp%2Fv2%2Fmedia&parent=6648"}],"curies":[{"name":"wp","href":"https:\/\/api.w.org\/{rel}","templated":true}]}}