{"id":6623,"date":"2021-11-01T11:32:21","date_gmt":"2021-11-01T10:32:21","guid":{"rendered":"http:\/\/cvrcak-daruvar.com.hr\/?page_id=6623"},"modified":"2022-12-11T19:22:53","modified_gmt":"2022-12-11T18:22:53","slug":"literarni-kutak-11","status":"publish","type":"page","link":"http:\/\/cvrcak-daruvar.com.hr\/?page_id=6623","title":{"rendered":"LITERARNI KUTAK 2021.\/22."},"content":{"rendered":"\n<h2 class=\"wp-block-heading\"><a href=\"http:\/\/cvrcak-daruvar.com.hr\/?page_id=6898\" data-type=\"page\" data-id=\"6898\" target=\"_blank\" rel=\"noreferrer noopener\">Lektira<\/a><\/h2>\n\n\n\n<h2 class=\"wp-block-heading\"><a href=\"http:\/\/cvrcak-daruvar.com.hr\/?page_id=6864\" data-type=\"page\" data-id=\"6864\" target=\"_blank\" rel=\"noreferrer noopener\">PUTUJEM DR\u017dAVAMA SJEVERNE EUROPE (zami\u0161ljeni putopis)<\/a><\/h2>\n\n\n\n<h2 class=\"wp-block-heading\"><a href=\"http:\/\/cvrcak-daruvar.com.hr\/?page_id=6860\" data-type=\"page\" data-id=\"6860\" target=\"_blank\" rel=\"noreferrer noopener\">Dan jedne \u0161kolske torbe<\/a><\/h2>\n\n\n\n<h1 class=\"wp-block-heading\"><a href=\"http:\/\/cvrcak-daruvar.com.hr\/?page_id=6751\" data-type=\"page\" data-id=\"6751\">LiDraNo<\/a><\/h1>\n\n\n\n<h2 class=\"wp-block-heading\"><strong><a href=\"http:\/\/cvrcak-daruvar.com.hr\/?page_id=6781\" data-type=\"page\" data-id=\"6781\">\u0110A\u010cKA LJUBAV<\/a><\/strong><\/h2>\n\n\n\n<h2 class=\"wp-block-heading\"><em><a href=\"http:\/\/cvrcak-daruvar.com.hr\/?page_id=6737\" data-type=\"page\" data-id=\"6737\">Mali majstori haiku poezije<\/a><\/em><\/h2>\n\n\n\n<h1 class=\"wp-block-heading\"><a href=\"https:\/\/read.bookcreator.com\/rWAHyPlsmgNQuAIhjIgM7VIYGex1\/x1BF1X4gTVmAI2vJOArJDg\" target=\"_blank\" rel=\"noreferrer noopener\">Petostih (\u010dinkvina), 4.a<\/a><\/h1>\n\n\n\n<p class=\"has-large-font-size\"><a rel=\"noreferrer noopener\" href=\"https:\/\/read.bookcreator.com\/rWAHyPlsmgNQuAIhjIgM7VIYGex1\/64jL9Kh6SbCFBzeCKZuYqg\" target=\"_blank\"><strong>Personifikacija, 4.<\/strong> a<\/a><\/p>\n\n\n\n<h2 class=\"wp-block-heading\"><a href=\"http:\/\/cvrcak-daruvar.com.hr\/?page_id=6721\" data-type=\"page\" data-id=\"6721\">Moj pogled na \u017eivot i svijet&nbsp;<\/a><\/h2>\n\n\n\n<h2 class=\"wp-block-heading\"><a href=\"http:\/\/cvrcak-daruvar.com.hr\/?page_id=6731\" data-type=\"page\" data-id=\"6731\">Lopta je \u010detvrtasta<\/a>&nbsp;<\/h2>\n\n\n\n<h2 class=\"wp-block-heading\"><strong><a href=\"http:\/\/cvrcak-daruvar.com.hr\/?page_id=6729\" data-type=\"page\" data-id=\"6729\">DARUVAR<\/a><\/strong>&nbsp;<\/h2>\n\n\n\n<h2 class=\"wp-block-heading\"><a href=\"http:\/\/cvrcak-daruvar.com.hr\/?page_id=6727\" data-type=\"page\" data-id=\"6727\">Godine nisu va\u017ene<\/a><\/h2>\n\n\n\n<figure class=\"wp-block-image size-full\"><a href=\"http:\/\/cvrcak-daruvar.com.hr\/wp-content\/uploads\/2022\/04\/Basna.png\" class=\"gallery_colorbox\"><img decoding=\"async\" loading=\"lazy\" width=\"831\" height=\"547\" src=\"http:\/\/cvrcak-daruvar.com.hr\/wp-content\/uploads\/2022\/04\/Basna.png\"  alt=\"\" class=\"wp-image-6747\" srcset=\"http:\/\/cvrcak-daruvar.com.hr\/wp-content\/uploads\/2022\/04\/Basna.png 831w, http:\/\/cvrcak-daruvar.com.hr\/wp-content\/uploads\/2022\/04\/Basna-300x197.png 300w, http:\/\/cvrcak-daruvar.com.hr\/wp-content\/uploads\/2022\/04\/Basna-768x506.png 768w\" sizes=\"(max-width: 831px) 100vw, 831px\" \/><\/a><\/figure>\n\n\n\n<div class=\"wp-block-image\"><figure class=\"aligncenter size-full\"><a href=\"http:\/\/cvrcak-daruvar.com.hr\/wp-content\/uploads\/2022\/04\/m_ANA-COVIC.jpg\" class=\"gallery_colorbox\"><img decoding=\"async\" loading=\"lazy\" width=\"500\" height=\"375\" src=\"http:\/\/cvrcak-daruvar.com.hr\/wp-content\/uploads\/2022\/04\/m_ANA-COVIC.jpg\"  alt=\"\" class=\"wp-image-6705\" srcset=\"http:\/\/cvrcak-daruvar.com.hr\/wp-content\/uploads\/2022\/04\/m_ANA-COVIC.jpg 500w, http:\/\/cvrcak-daruvar.com.hr\/wp-content\/uploads\/2022\/04\/m_ANA-COVIC-300x225.jpg 300w\" sizes=\"(max-width: 500px) 100vw, 500px\" \/><\/a><\/figure><\/div>\n\n\n\n<div class=\"wp-block-image\"><figure class=\"aligncenter size-full\"><a href=\"http:\/\/cvrcak-daruvar.com.hr\/wp-content\/uploads\/2022\/04\/m_MATEJ-MAJDAK.jpg\" class=\"gallery_colorbox\"><img decoding=\"async\" loading=\"lazy\" width=\"375\" height=\"500\" src=\"http:\/\/cvrcak-daruvar.com.hr\/wp-content\/uploads\/2022\/04\/m_MATEJ-MAJDAK.jpg\"  alt=\"\" class=\"wp-image-6706\" srcset=\"http:\/\/cvrcak-daruvar.com.hr\/wp-content\/uploads\/2022\/04\/m_MATEJ-MAJDAK.jpg 375w, http:\/\/cvrcak-daruvar.com.hr\/wp-content\/uploads\/2022\/04\/m_MATEJ-MAJDAK-225x300.jpg 225w\" sizes=\"(max-width: 375px) 100vw, 375px\" \/><\/a><\/figure><\/div>\n\n\n\n<div class=\"wp-block-image\"><figure class=\"aligncenter size-full\"><a href=\"http:\/\/cvrcak-daruvar.com.hr\/wp-content\/uploads\/2022\/04\/m_Proljece.jpg\" class=\"gallery_colorbox\"><img decoding=\"async\" loading=\"lazy\" width=\"500\" height=\"375\" src=\"http:\/\/cvrcak-daruvar.com.hr\/wp-content\/uploads\/2022\/04\/m_Proljece.jpg\"  alt=\"\" class=\"wp-image-6707\" srcset=\"http:\/\/cvrcak-daruvar.com.hr\/wp-content\/uploads\/2022\/04\/m_Proljece.jpg 500w, http:\/\/cvrcak-daruvar.com.hr\/wp-content\/uploads\/2022\/04\/m_Proljece-300x225.jpg 300w\" sizes=\"(max-width: 500px) 100vw, 500px\" \/><\/a><\/figure><\/div>\n\n\n\n<div class=\"wp-block-image\"><figure class=\"aligncenter size-full\"><a href=\"http:\/\/cvrcak-daruvar.com.hr\/wp-content\/uploads\/2022\/04\/m_Pahuljice-2.jpg\" class=\"gallery_colorbox\"><img decoding=\"async\" loading=\"lazy\" width=\"500\" height=\"375\" src=\"http:\/\/cvrcak-daruvar.com.hr\/wp-content\/uploads\/2022\/04\/m_Pahuljice-2.jpg\"  alt=\"\" class=\"wp-image-6708\" srcset=\"http:\/\/cvrcak-daruvar.com.hr\/wp-content\/uploads\/2022\/04\/m_Pahuljice-2.jpg 500w, http:\/\/cvrcak-daruvar.com.hr\/wp-content\/uploads\/2022\/04\/m_Pahuljice-2-300x225.jpg 300w\" sizes=\"(max-width: 500px) 100vw, 500px\" \/><\/a><\/figure><\/div>\n\n\n\n<h1 class=\"wp-block-heading\"><strong>MOJA OMILJENA IGRA\u010cKA<\/strong><\/h1>\n\n\n\n<div class=\"wp-block-columns is-layout-flex wp-container-3\">\n<div class=\"wp-block-column is-layout-flow\" style=\"flex-basis:33.33%\">\n<figure class=\"wp-block-image size-full\"><a href=\"http:\/\/cvrcak-daruvar.com.hr\/wp-content\/uploads\/2021\/11\/Slika1.png\" class=\"gallery_colorbox\"><img decoding=\"async\" loading=\"lazy\" width=\"183\" height=\"131\" src=\"http:\/\/cvrcak-daruvar.com.hr\/wp-content\/uploads\/2021\/11\/Slika1.png\"  alt=\"\" class=\"wp-image-6626\"\/><\/a><\/figure>\n<\/div>\n\n\n\n<div class=\"wp-block-column is-layout-flow\" style=\"flex-basis:66.66%\">\n<p>Moja omiljena igra\u010dka ja pli\u0161ani medvjedi\u0107 Teddy. Kada sam se rodio, dobio sam ga od svoje bake. Moja baka je imala tog medvjedi\u0107a, a sada ga imam ja. Dobila ga je kada je imala 10 godina, a ja sam ga dobio kad sam se rodio. Za Teddyja se jako brinem; on sa mnom spava, no\u0107u ga grlim i ponekad pri\u010dam s njim. Jako pazim da mu se \u0161to ne dogodi. Jako ga volim.&nbsp; Zajedno pi\u0161emo zada\u0107e, u\u010dimo, gledamo televiziju, igramo se i poma\u017eemo mami oko ku\u0107anskih poslova. Uvijek smo zajedno. Kada se pere u perilici, \u010desto mu se vrti u glavi. Ako mi netko ka\u017ee da je to samo pli\u0161ani medvjedi\u0107, ja mu velim da je on moj prijatelj koji me podsje\u0107a na sve lijepe trenutke s bakom.<\/p>\n\n\n\n<p class=\"has-text-align-right\"><em>Matija Rek, 5.d (Literarna skupina)<\/em><\/p>\n<\/div>\n<\/div>\n\n\n\n<div class=\"wp-block-columns is-layout-flex wp-container-6\">\n<div class=\"wp-block-column is-layout-flow\" style=\"flex-basis:66.66%\">\n<p>Kada sam se rodio, kum mi je darovao pli\u0161anca. \u010cuvam ga ve\u0107 10 godina. Nazvao sam ga Mi\u0161ko. Mi\u0161ko ima naran\u010dastu majicu s plavim cvjeti\u0107em. S Mi\u0161kom se svaki dan igram, jedem, pi\u0161em&nbsp; zada\u0107u, spavam, u\u010dim i gledam televiziju. S Mi\u0161kom se igram lovice, skriva\u010da, ledene bake. Na\u0161e dru\u017eenje \u0107e trajati zauvijek, \u010dak i kada budem stari deda. Nikada ga ne\u0107u baciti. Mi\u0161ka vodim na more s obitelji. Kada ja slavim ro\u0111endan i Mi\u0161ko slavi. Mi\u0161ko i ja imamo 10 godina. On mi je pomogao da prevladam svoje strahove. Za na\u0161 ro\u0111endan Mi\u0161ko je dobio komad sira, a ja auti\u0107 na daljinski. Podijelili smo sir na dva jednaka djela. S Mi\u0161kom se osje\u0107am sretno, a kada nismo skupa, imam no\u0107ne more.<\/p>\n\n\n\n<p class=\"has-text-align-right\">S<em>avo Ma\u010dak, 5.d (Literarna skupina)<\/em><\/p>\n<\/div>\n\n\n\n<div class=\"wp-block-column is-layout-flow\" style=\"flex-basis:33.33%\">\n<figure class=\"wp-block-image size-full\"><a href=\"http:\/\/cvrcak-daruvar.com.hr\/wp-content\/uploads\/2021\/11\/Slika2.png\" class=\"gallery_colorbox\"><img decoding=\"async\" loading=\"lazy\" width=\"100\" height=\"104\" src=\"http:\/\/cvrcak-daruvar.com.hr\/wp-content\/uploads\/2021\/11\/Slika2.png\"  alt=\"\" class=\"wp-image-6627\"\/><\/a><\/figure>\n<\/div>\n<\/div>\n\n\n\n<p><\/p>\n","protected":false},"excerpt":{"rendered":"<p>Lektira PUTUJEM DR\u017dAVAMA SJEVERNE EUROPE (zami\u0161ljeni putopis) Dan jedne \u0161kolske torbe LiDraNo \u0110A\u010cKA LJUBAV Mali majstori haiku poezije Petostih (\u010dinkvina), 4.a Personifikacija, 4. a Moj pogled na \u017eivot i svijet&nbsp; Lopta je \u010detvrtasta&nbsp; DARUVAR&nbsp; Godine nisu va\u017ene MOJA OMILJENA IGRA\u010cKA Moja omiljena igra\u010dka ja pli\u0161ani medvjedi\u0107 Teddy. Kada sam se rodio, dobio sam ga od [&hellip;]<\/p>\n","protected":false},"author":5,"featured_media":0,"parent":0,"menu_order":-1,"comment_status":"closed","ping_status":"closed","template":"","meta":[],"_links":{"self":[{"href":"http:\/\/cvrcak-daruvar.com.hr\/index.php?rest_route=\/wp\/v2\/pages\/6623"}],"collection":[{"href":"http:\/\/cvrcak-daruvar.com.hr\/index.php?rest_route=\/wp\/v2\/pages"}],"about":[{"href":"http:\/\/cvrcak-daruvar.com.hr\/index.php?rest_route=\/wp\/v2\/types\/page"}],"author":[{"embeddable":true,"href":"http:\/\/cvrcak-daruvar.com.hr\/index.php?rest_route=\/wp\/v2\/users\/5"}],"replies":[{"embeddable":true,"href":"http:\/\/cvrcak-daruvar.com.hr\/index.php?rest_route=%2Fwp%2Fv2%2Fcomments&post=6623"}],"version-history":[{"count":30,"href":"http:\/\/cvrcak-daruvar.com.hr\/index.php?rest_route=\/wp\/v2\/pages\/6623\/revisions"}],"predecessor-version":[{"id":7044,"href":"http:\/\/cvrcak-daruvar.com.hr\/index.php?rest_route=\/wp\/v2\/pages\/6623\/revisions\/7044"}],"wp:attachment":[{"href":"http:\/\/cvrcak-daruvar.com.hr\/index.php?rest_route=%2Fwp%2Fv2%2Fmedia&parent=6623"}],"curies":[{"name":"wp","href":"https:\/\/api.w.org\/{rel}","templated":true}]}}