{"id":6595,"date":"2021-11-01T08:44:23","date_gmt":"2021-11-01T07:44:23","guid":{"rendered":"http:\/\/cvrcak-daruvar.com.hr\/?page_id=6595"},"modified":"2022-12-11T19:23:12","modified_gmt":"2022-12-11T18:23:12","slug":"likovni-kutak-10","status":"publish","type":"page","link":"http:\/\/cvrcak-daruvar.com.hr\/?page_id=6595","title":{"rendered":"LIKOVNI KUTAK 2021.\/22."},"content":{"rendered":"\n<div class=\"wp-block-image\"><figure class=\"aligncenter size-full\"><a href=\"http:\/\/cvrcak-daruvar.com.hr\/wp-content\/uploads\/2022\/04\/m_Ivana-Brlic-Mazuranic.jpg\" class=\"gallery_colorbox\"><img decoding=\"async\" loading=\"lazy\" width=\"500\" height=\"358\" src=\"http:\/\/cvrcak-daruvar.com.hr\/wp-content\/uploads\/2022\/04\/m_Ivana-Brlic-Mazuranic.jpg\"  alt=\"\" class=\"wp-image-6710\" srcset=\"http:\/\/cvrcak-daruvar.com.hr\/wp-content\/uploads\/2022\/04\/m_Ivana-Brlic-Mazuranic.jpg 500w, http:\/\/cvrcak-daruvar.com.hr\/wp-content\/uploads\/2022\/04\/m_Ivana-Brlic-Mazuranic-300x215.jpg 300w\" sizes=\"(max-width: 500px) 100vw, 500px\" \/><\/a><figcaption>Ivana Brli\u0107 Ma\u017eurani\u0107<\/figcaption><\/figure><\/div>\n\n\n\n<div class=\"wp-block-image\"><figure class=\"aligncenter size-full\"><a href=\"http:\/\/cvrcak-daruvar.com.hr\/wp-content\/uploads\/2022\/04\/m_Mimikrija.jpg\" class=\"gallery_colorbox\"><img decoding=\"async\" loading=\"lazy\" width=\"500\" height=\"349\" src=\"http:\/\/cvrcak-daruvar.com.hr\/wp-content\/uploads\/2022\/04\/m_Mimikrija.jpg\"  alt=\"\" class=\"wp-image-6712\" srcset=\"http:\/\/cvrcak-daruvar.com.hr\/wp-content\/uploads\/2022\/04\/m_Mimikrija.jpg 500w, http:\/\/cvrcak-daruvar.com.hr\/wp-content\/uploads\/2022\/04\/m_Mimikrija-300x209.jpg 300w\" sizes=\"(max-width: 500px) 100vw, 500px\" \/><\/a><figcaption>Mimikrija<\/figcaption><\/figure><\/div>\n\n\n\n<div class=\"wp-block-image\"><figure class=\"aligncenter size-full\"><a href=\"http:\/\/cvrcak-daruvar.com.hr\/wp-content\/uploads\/2022\/04\/m_Naiva.jpg\" class=\"gallery_colorbox\"><img decoding=\"async\" loading=\"lazy\" width=\"500\" height=\"365\" src=\"http:\/\/cvrcak-daruvar.com.hr\/wp-content\/uploads\/2022\/04\/m_Naiva.jpg\"  alt=\"\" class=\"wp-image-6713\" srcset=\"http:\/\/cvrcak-daruvar.com.hr\/wp-content\/uploads\/2022\/04\/m_Naiva.jpg 500w, http:\/\/cvrcak-daruvar.com.hr\/wp-content\/uploads\/2022\/04\/m_Naiva-300x219.jpg 300w\" sizes=\"(max-width: 500px) 100vw, 500px\" \/><\/a><figcaption>Naiva<\/figcaption><\/figure><\/div>\n\n\n\n<p><\/p>\n\n\n\n<div class=\"wp-block-cover has-background-dim\"><img decoding=\"async\" loading=\"lazy\" width=\"1024\" height=\"627\" class=\"wp-block-cover__image-background wp-image-6660\" alt=\"\" src=\"http:\/\/cvrcak-daruvar.com.hr\/wp-content\/uploads\/2021\/11\/Drvo-2-1024x627.jpg\" data-object-fit=\"cover\" srcset=\"http:\/\/cvrcak-daruvar.com.hr\/wp-content\/uploads\/2021\/11\/Drvo-2-1024x627.jpg 1024w, http:\/\/cvrcak-daruvar.com.hr\/wp-content\/uploads\/2021\/11\/Drvo-2-300x184.jpg 300w, http:\/\/cvrcak-daruvar.com.hr\/wp-content\/uploads\/2021\/11\/Drvo-2-768x470.jpg 768w, http:\/\/cvrcak-daruvar.com.hr\/wp-content\/uploads\/2021\/11\/Drvo-2.jpg 1280w\" sizes=\"(max-width: 1024px) 100vw, 1024px\" \/><div class=\"wp-block-cover__inner-container\">\n<p class=\"has-large-font-size\"><\/p>\n<\/div><\/div>\n\n\n\n<p><strong>Drvo, 4.a<\/strong><\/p>\n\n\n\n<figure class=\"wp-block-image size-large\"><a href=\"http:\/\/cvrcak-daruvar.com.hr\/wp-content\/uploads\/2021\/11\/raster-scaled.jpg\" class=\"gallery_colorbox\"><img decoding=\"async\" loading=\"lazy\" width=\"1024\" height=\"628\" src=\"http:\/\/cvrcak-daruvar.com.hr\/wp-content\/uploads\/2021\/11\/raster-1024x628.jpg\"  alt=\"\" class=\"wp-image-6663\" srcset=\"http:\/\/cvrcak-daruvar.com.hr\/wp-content\/uploads\/2021\/11\/raster-1024x628.jpg 1024w, http:\/\/cvrcak-daruvar.com.hr\/wp-content\/uploads\/2021\/11\/raster-300x184.jpg 300w, http:\/\/cvrcak-daruvar.com.hr\/wp-content\/uploads\/2021\/11\/raster-768x471.jpg 768w, http:\/\/cvrcak-daruvar.com.hr\/wp-content\/uploads\/2021\/11\/raster-1536x942.jpg 1536w, http:\/\/cvrcak-daruvar.com.hr\/wp-content\/uploads\/2021\/11\/raster-2048x1256.jpg 2048w\" sizes=\"(max-width: 1024px) 100vw, 1024px\" \/><\/a><figcaption><strong>Raster, 4.a<\/strong><\/figcaption><\/figure>\n","protected":false},"excerpt":{"rendered":"<p>Drvo, 4.a<\/p>\n","protected":false},"author":2,"featured_media":0,"parent":0,"menu_order":0,"comment_status":"closed","ping_status":"closed","template":"","meta":[],"_links":{"self":[{"href":"http:\/\/cvrcak-daruvar.com.hr\/index.php?rest_route=\/wp\/v2\/pages\/6595"}],"collection":[{"href":"http:\/\/cvrcak-daruvar.com.hr\/index.php?rest_route=\/wp\/v2\/pages"}],"about":[{"href":"http:\/\/cvrcak-daruvar.com.hr\/index.php?rest_route=\/wp\/v2\/types\/page"}],"author":[{"embeddable":true,"href":"http:\/\/cvrcak-daruvar.com.hr\/index.php?rest_route=\/wp\/v2\/users\/2"}],"replies":[{"embeddable":true,"href":"http:\/\/cvrcak-daruvar.com.hr\/index.php?rest_route=%2Fwp%2Fv2%2Fcomments&post=6595"}],"version-history":[{"count":5,"href":"http:\/\/cvrcak-daruvar.com.hr\/index.php?rest_route=\/wp\/v2\/pages\/6595\/revisions"}],"predecessor-version":[{"id":7045,"href":"http:\/\/cvrcak-daruvar.com.hr\/index.php?rest_route=\/wp\/v2\/pages\/6595\/revisions\/7045"}],"wp:attachment":[{"href":"http:\/\/cvrcak-daruvar.com.hr\/index.php?rest_route=%2Fwp%2Fv2%2Fmedia&parent=6595"}],"curies":[{"name":"wp","href":"https:\/\/api.w.org\/{rel}","templated":true}]}}