{"id":6587,"date":"2021-11-01T08:43:22","date_gmt":"2021-11-01T07:43:22","guid":{"rendered":"http:\/\/cvrcak-daruvar.com.hr\/?page_id=6587"},"modified":"2022-12-11T19:21:32","modified_gmt":"2022-12-11T18:21:32","slug":"skolski-kutak-5","status":"publish","type":"page","link":"http:\/\/cvrcak-daruvar.com.hr\/?page_id=6587","title":{"rendered":"\u0160KOLSKI KUTAK 2021.\/22."},"content":{"rendered":"\n<h2 class=\"wp-block-heading\"><strong><a href=\"http:\/\/cvrcak-daruvar.com.hr\/?page_id=6841\" data-type=\"page\" data-id=\"6841\">Izlet 1. razreda<\/a><\/strong><\/h2>\n\n\n\n<h2 class=\"wp-block-heading\"><strong><a rel=\"noreferrer noopener\" href=\"http:\/\/cvrcak-daruvar.com.hr\/?page_id=6837\" data-type=\"page\" data-id=\"6837\" target=\"_blank\">Izlet u Hrvatsko zagorje<\/a><\/strong><\/h2>\n\n\n\n<h2 class=\"wp-block-heading\"><strong><a href=\"http:\/\/cvrcak-daruvar.com.hr\/?page_id=6853\" data-type=\"page\" data-id=\"6853\">\u0160kola \u010darobnih \u017eivotinja film<\/a><\/strong><\/h2>\n\n\n\n<h2 class=\"wp-block-heading\"><strong><a href=\"http:\/\/cvrcak-daruvar.com.hr\/?page_id=6849\" data-type=\"page\" data-id=\"6849\">Susret s knji\u017eevnicom<\/a><\/strong><\/h2>\n\n\n\n<h2 class=\"wp-block-heading\"><a href=\"http:\/\/cvrcak-daruvar.com.hr\/?page_id=6774\" data-type=\"page\" data-id=\"6774\">DAN RAZLI\u010cITIH \u010cARAPA<\/a><\/h2>\n\n\n\n<figure class=\"wp-block-video\"><video controls src=\"http:\/\/cvrcak-daruvar.com.hr\/wp-content\/uploads\/2022\/04\/Madison-ples.mp4\"><\/video><figcaption>Madison ples, 4.a<\/figcaption><\/figure>\n\n\n\n<div class=\"wp-block-image\"><figure class=\"aligncenter size-full\"><a href=\"http:\/\/cvrcak-daruvar.com.hr\/wp-content\/uploads\/2022\/04\/m_Kad-se-male-ruke-sloze.jpg\" class=\"gallery_colorbox\"><img decoding=\"async\" loading=\"lazy\" width=\"500\" height=\"375\" src=\"http:\/\/cvrcak-daruvar.com.hr\/wp-content\/uploads\/2022\/04\/m_Kad-se-male-ruke-sloze.jpg\"  alt=\"\" class=\"wp-image-6715\" srcset=\"http:\/\/cvrcak-daruvar.com.hr\/wp-content\/uploads\/2022\/04\/m_Kad-se-male-ruke-sloze.jpg 500w, http:\/\/cvrcak-daruvar.com.hr\/wp-content\/uploads\/2022\/04\/m_Kad-se-male-ruke-sloze-300x225.jpg 300w\" sizes=\"(max-width: 500px) 100vw, 500px\" \/><\/a><figcaption>Kad se male ruke slo\u017ee<\/figcaption><\/figure><\/div>\n\n\n\n<div class=\"wp-block-image\"><figure class=\"aligncenter size-full\"><a href=\"http:\/\/cvrcak-daruvar.com.hr\/wp-content\/uploads\/2022\/04\/m_Lektira-iz-kutije.jpg\" class=\"gallery_colorbox\"><img decoding=\"async\" loading=\"lazy\" width=\"500\" height=\"369\" src=\"http:\/\/cvrcak-daruvar.com.hr\/wp-content\/uploads\/2022\/04\/m_Lektira-iz-kutije.jpg\"  alt=\"\" class=\"wp-image-6716\" srcset=\"http:\/\/cvrcak-daruvar.com.hr\/wp-content\/uploads\/2022\/04\/m_Lektira-iz-kutije.jpg 500w, http:\/\/cvrcak-daruvar.com.hr\/wp-content\/uploads\/2022\/04\/m_Lektira-iz-kutije-300x221.jpg 300w\" sizes=\"(max-width: 500px) 100vw, 500px\" \/><\/a><figcaption>Lektira iz kutije<\/figcaption><\/figure><\/div>\n\n\n\n<h2 class=\"wp-block-heading\"><a href=\"http:\/\/cvrcak-daruvar.com.hr\/?page_id=6845\" data-type=\"page\" data-id=\"6845\">Ma\u0161kare u \u0161koli<\/a><\/h2>\n\n\n\n<h1 class=\"wp-block-heading\">Ma\u0161kare<\/h1>\n\n\n\n<figure class=\"wp-block-embed is-type-video is-provider-youtube wp-block-embed-youtube wp-embed-aspect-16-9 wp-has-aspect-ratio\"><div class=\"wp-block-embed__wrapper\">\n<iframe loading=\"lazy\" title=\"Spavaj mali Bo\u017ei\u0107u\" width=\"500\" height=\"281\" src=\"https:\/\/www.youtube.com\/embed\/gMl47PWvGp4?feature=oembed\" frameborder=\"0\" allow=\"accelerometer; autoplay; clipboard-write; encrypted-media; gyroscope; picture-in-picture\" allowfullscreen><\/iframe>\n<\/div><figcaption>Spavaj mali Bo\u017ei\u0107u, 1.d<\/figcaption><\/figure>\n\n\n\n<figure class=\"wp-block-embed is-type-video is-provider-youtube wp-block-embed-youtube wp-embed-aspect-16-9 wp-has-aspect-ratio\"><div class=\"wp-block-embed__wrapper\">\n<iframe loading=\"lazy\" title=\"Zvon\u010di\u0107i ples 1. d\" width=\"500\" height=\"281\" src=\"https:\/\/www.youtube.com\/embed\/jwVD-_eFzDo?feature=oembed\" frameborder=\"0\" allow=\"accelerometer; autoplay; clipboard-write; encrypted-media; gyroscope; picture-in-picture\" allowfullscreen><\/iframe>\n<\/div><figcaption>Zvon\u010di\u0107i ples, 1.d<\/figcaption><\/figure>\n\n\n\n<p><strong>Zanima vas \u0161to u \u0161koli u\u010de vilenjaci djeda Bo\u017ei\u0107njaka?&nbsp;Ako \u017eelite saznati kakve fotke snimaju, za\u0161to njihov u\u010ditelj nosi sun\u010dane nao\u010dale te koja je najdra\u017ea bo\u017ei\u0107na pjesma svakog roditelja, svakako pogledajte video.&nbsp;P.S.Vilenjaci moraju znati i engleski, naravno!<\/strong><\/p>\n\n\n\n<p><strong>Video snimili: Eni Lju\u0161tina, Noa Kukovec, Luka Trupina, Bruno Voborski (3.a), Ela Singer (2.a) i teacher Dalija Rendi\u0107.<\/strong><\/p>\n\n\n\n<figure class=\"wp-block-image size-large\"><a href=\"https:\/\/drive.google.com\/file\/d\/11_TTt7GNMSWmOWRaXd5rNM8LOrD3h17X\/view?usp=sharing\"><img decoding=\"async\" loading=\"lazy\" width=\"1024\" height=\"665\" src=\"http:\/\/cvrcak-daruvar.com.hr\/wp-content\/uploads\/2021\/12\/naslovna-1024x665.jpg\" alt=\"\" class=\"wp-image-6682\" srcset=\"http:\/\/cvrcak-daruvar.com.hr\/wp-content\/uploads\/2021\/12\/naslovna-1024x665.jpg 1024w, http:\/\/cvrcak-daruvar.com.hr\/wp-content\/uploads\/2021\/12\/naslovna-300x195.jpg 300w, http:\/\/cvrcak-daruvar.com.hr\/wp-content\/uploads\/2021\/12\/naslovna-768x499.jpg 768w, http:\/\/cvrcak-daruvar.com.hr\/wp-content\/uploads\/2021\/12\/naslovna-1536x997.jpg 1536w, http:\/\/cvrcak-daruvar.com.hr\/wp-content\/uploads\/2021\/12\/naslovna.jpg 1600w\" sizes=\"(max-width: 1024px) 100vw, 1024px\" \/><\/a><\/figure>\n\n\n\n<h2 class=\"wp-block-heading\"><a href=\"http:\/\/cvrcak-daruvar.com.hr\/?page_id=6673\" data-type=\"page\" data-id=\"6673\">P\u0160 Batinjani<\/a><\/h2>\n\n\n\n<p><\/p>\n\n\n\n<h2 class=\"wp-block-heading\">DJE\u010cJI TJEDAN 2021.<br>Zdrav po\u010detak novog \u0161kolskog dana<\/h2>\n\n\n\n<p class=\"has-medium-font-size\">&nbsp;Od 4. do 10. listopada 2021. godine obilje\u017eavao se Dje\u010dji tjedan 2021. Tema je bila Me\u0111unarodna godina vo\u0107a i povr\u0107a. U\u010denice sedmih razreda s nastavnicom Kemije Jasnom Matou\u0161ek \u017dmega\u010d na dodatnoj su nastavi provodile projekt pod nazivom Zdrava hrana.&nbsp;<\/p>\n\n\n\n<p class=\"has-medium-font-size\">Istra\u017eivali su va\u017enost biogenih elemenata, njihovu ulogu u ljudskom organizmu i otkrivali u kojemu se vo\u0107u i povr\u0107u nalaze. U cilju promicanja zdrave prehrane i ljubavi prema vo\u0107u i povr\u0107u osmislile su nove zdrave recepte s vo\u0107em i povr\u0107em napraviv\u0161i vo\u0107ni smoothie i vo\u0107nu salatu. Tako nastale obroke podijelile su \u0161kolskim prijateljima. Time su ih podu\u010dili va\u017enosti vitamina za rast i razvoj.<\/p>\n\n\n\n<figure class=\"wp-block-gallery columns-3 is-cropped wp-block-gallery-1 is-layout-flex\"><ul class=\"blocks-gallery-grid\"><li class=\"blocks-gallery-item\"><figure><a href=\"http:\/\/cvrcak-daruvar.com.hr\/wp-content\/uploads\/2021\/11\/viber_slika_2021-10-19_10-19-13-596.jpg\" class=\"gallery_colorbox\"><img decoding=\"async\" loading=\"lazy\" width=\"1024\" height=\"479\" src=\"http:\/\/cvrcak-daruvar.com.hr\/wp-content\/uploads\/2021\/11\/viber_slika_2021-10-19_10-19-13-596-1024x479.jpg\"  alt=\"\" data-id=\"6642\" data-full-url=\"http:\/\/cvrcak-daruvar.com.hr\/wp-content\/uploads\/2021\/11\/viber_slika_2021-10-19_10-19-13-596.jpg\" data-link=\"http:\/\/cvrcak-daruvar.com.hr\/?attachment_id=6642\" class=\"wp-image-6642\" srcset=\"http:\/\/cvrcak-daruvar.com.hr\/wp-content\/uploads\/2021\/11\/viber_slika_2021-10-19_10-19-13-596-1024x479.jpg 1024w, http:\/\/cvrcak-daruvar.com.hr\/wp-content\/uploads\/2021\/11\/viber_slika_2021-10-19_10-19-13-596-300x140.jpg 300w, http:\/\/cvrcak-daruvar.com.hr\/wp-content\/uploads\/2021\/11\/viber_slika_2021-10-19_10-19-13-596-768x360.jpg 768w, http:\/\/cvrcak-daruvar.com.hr\/wp-content\/uploads\/2021\/11\/viber_slika_2021-10-19_10-19-13-596-1536x719.jpg 1536w, http:\/\/cvrcak-daruvar.com.hr\/wp-content\/uploads\/2021\/11\/viber_slika_2021-10-19_10-19-13-596.jpg 1600w\" sizes=\"(max-width: 1024px) 100vw, 1024px\" \/><\/a><\/figure><\/li><li class=\"blocks-gallery-item\"><figure><a href=\"http:\/\/cvrcak-daruvar.com.hr\/wp-content\/uploads\/2021\/11\/viber_slika_2021-10-19_10-19-50-787.jpg\" class=\"gallery_colorbox\"><img decoding=\"async\" loading=\"lazy\" width=\"1024\" height=\"479\" src=\"http:\/\/cvrcak-daruvar.com.hr\/wp-content\/uploads\/2021\/11\/viber_slika_2021-10-19_10-19-50-787-1024x479.jpg\"  alt=\"\" data-id=\"6643\" data-full-url=\"http:\/\/cvrcak-daruvar.com.hr\/wp-content\/uploads\/2021\/11\/viber_slika_2021-10-19_10-19-50-787.jpg\" data-link=\"http:\/\/cvrcak-daruvar.com.hr\/?attachment_id=6643\" class=\"wp-image-6643\" srcset=\"http:\/\/cvrcak-daruvar.com.hr\/wp-content\/uploads\/2021\/11\/viber_slika_2021-10-19_10-19-50-787-1024x479.jpg 1024w, http:\/\/cvrcak-daruvar.com.hr\/wp-content\/uploads\/2021\/11\/viber_slika_2021-10-19_10-19-50-787-300x140.jpg 300w, http:\/\/cvrcak-daruvar.com.hr\/wp-content\/uploads\/2021\/11\/viber_slika_2021-10-19_10-19-50-787-768x360.jpg 768w, http:\/\/cvrcak-daruvar.com.hr\/wp-content\/uploads\/2021\/11\/viber_slika_2021-10-19_10-19-50-787-1536x719.jpg 1536w, http:\/\/cvrcak-daruvar.com.hr\/wp-content\/uploads\/2021\/11\/viber_slika_2021-10-19_10-19-50-787.jpg 1600w\" sizes=\"(max-width: 1024px) 100vw, 1024px\" \/><\/a><\/figure><\/li><li class=\"blocks-gallery-item\"><figure><a href=\"http:\/\/cvrcak-daruvar.com.hr\/wp-content\/uploads\/2021\/11\/viber_slika_2021-09-30_13-29-44-050.jpg\" class=\"gallery_colorbox\"><img decoding=\"async\" loading=\"lazy\" width=\"1024\" height=\"768\" src=\"http:\/\/cvrcak-daruvar.com.hr\/wp-content\/uploads\/2021\/11\/viber_slika_2021-09-30_13-29-44-050-1024x768.jpg\"  alt=\"\" data-id=\"6644\" data-full-url=\"http:\/\/cvrcak-daruvar.com.hr\/wp-content\/uploads\/2021\/11\/viber_slika_2021-09-30_13-29-44-050.jpg\" data-link=\"http:\/\/cvrcak-daruvar.com.hr\/?attachment_id=6644\" class=\"wp-image-6644\" srcset=\"http:\/\/cvrcak-daruvar.com.hr\/wp-content\/uploads\/2021\/11\/viber_slika_2021-09-30_13-29-44-050-1024x768.jpg 1024w, http:\/\/cvrcak-daruvar.com.hr\/wp-content\/uploads\/2021\/11\/viber_slika_2021-09-30_13-29-44-050-300x225.jpg 300w, http:\/\/cvrcak-daruvar.com.hr\/wp-content\/uploads\/2021\/11\/viber_slika_2021-09-30_13-29-44-050-768x576.jpg 768w, http:\/\/cvrcak-daruvar.com.hr\/wp-content\/uploads\/2021\/11\/viber_slika_2021-09-30_13-29-44-050-1536x1152.jpg 1536w, http:\/\/cvrcak-daruvar.com.hr\/wp-content\/uploads\/2021\/11\/viber_slika_2021-09-30_13-29-44-050.jpg 1600w\" sizes=\"(max-width: 1024px) 100vw, 1024px\" \/><\/a><\/figure><\/li><li class=\"blocks-gallery-item\"><figure><a href=\"http:\/\/cvrcak-daruvar.com.hr\/wp-content\/uploads\/2021\/11\/viber_slika_2021-09-30_13-29-40-515.jpg\" class=\"gallery_colorbox\"><img decoding=\"async\" loading=\"lazy\" width=\"768\" height=\"1024\" src=\"http:\/\/cvrcak-daruvar.com.hr\/wp-content\/uploads\/2021\/11\/viber_slika_2021-09-30_13-29-40-515-768x1024.jpg\"  alt=\"\" data-id=\"6645\" data-full-url=\"http:\/\/cvrcak-daruvar.com.hr\/wp-content\/uploads\/2021\/11\/viber_slika_2021-09-30_13-29-40-515.jpg\" data-link=\"http:\/\/cvrcak-daruvar.com.hr\/?attachment_id=6645\" class=\"wp-image-6645\" srcset=\"http:\/\/cvrcak-daruvar.com.hr\/wp-content\/uploads\/2021\/11\/viber_slika_2021-09-30_13-29-40-515-768x1024.jpg 768w, http:\/\/cvrcak-daruvar.com.hr\/wp-content\/uploads\/2021\/11\/viber_slika_2021-09-30_13-29-40-515-225x300.jpg 225w, http:\/\/cvrcak-daruvar.com.hr\/wp-content\/uploads\/2021\/11\/viber_slika_2021-09-30_13-29-40-515-1152x1536.jpg 1152w, http:\/\/cvrcak-daruvar.com.hr\/wp-content\/uploads\/2021\/11\/viber_slika_2021-09-30_13-29-40-515.jpg 1200w\" sizes=\"(max-width: 768px) 100vw, 768px\" \/><\/a><\/figure><\/li><li class=\"blocks-gallery-item\"><figure><a href=\"http:\/\/cvrcak-daruvar.com.hr\/wp-content\/uploads\/2021\/11\/viber_slika_2021-09-30_13-29-33-481.jpg\" class=\"gallery_colorbox\"><img decoding=\"async\" loading=\"lazy\" width=\"1024\" height=\"768\" src=\"http:\/\/cvrcak-daruvar.com.hr\/wp-content\/uploads\/2021\/11\/viber_slika_2021-09-30_13-29-33-481-1024x768.jpg\"  alt=\"\" data-id=\"6646\" data-full-url=\"http:\/\/cvrcak-daruvar.com.hr\/wp-content\/uploads\/2021\/11\/viber_slika_2021-09-30_13-29-33-481.jpg\" data-link=\"http:\/\/cvrcak-daruvar.com.hr\/?attachment_id=6646\" class=\"wp-image-6646\" srcset=\"http:\/\/cvrcak-daruvar.com.hr\/wp-content\/uploads\/2021\/11\/viber_slika_2021-09-30_13-29-33-481-1024x768.jpg 1024w, http:\/\/cvrcak-daruvar.com.hr\/wp-content\/uploads\/2021\/11\/viber_slika_2021-09-30_13-29-33-481-300x225.jpg 300w, http:\/\/cvrcak-daruvar.com.hr\/wp-content\/uploads\/2021\/11\/viber_slika_2021-09-30_13-29-33-481-768x576.jpg 768w, http:\/\/cvrcak-daruvar.com.hr\/wp-content\/uploads\/2021\/11\/viber_slika_2021-09-30_13-29-33-481-1536x1152.jpg 1536w, http:\/\/cvrcak-daruvar.com.hr\/wp-content\/uploads\/2021\/11\/viber_slika_2021-09-30_13-29-33-481.jpg 1600w\" sizes=\"(max-width: 1024px) 100vw, 1024px\" \/><\/a><\/figure><\/li><\/ul><\/figure>\n\n\n\n<p class=\"has-text-align-right\"><em>Jasna Matou\u0161ek \u017dmega\u010d<\/em><\/p>\n","protected":false},"excerpt":{"rendered":"<p>Izlet 1. razreda Izlet u Hrvatsko zagorje \u0160kola \u010darobnih \u017eivotinja film Susret s knji\u017eevnicom DAN RAZLI\u010cITIH \u010cARAPA Ma\u0161kare u \u0161koli Ma\u0161kare Zanima vas \u0161to u \u0161koli u\u010de vilenjaci djeda Bo\u017ei\u0107njaka?&nbsp;Ako \u017eelite saznati kakve fotke snimaju, za\u0161to njihov u\u010ditelj nosi sun\u010dane nao\u010dale te koja je najdra\u017ea bo\u017ei\u0107na pjesma svakog roditelja, svakako pogledajte video.&nbsp;P.S.Vilenjaci moraju znati i [&hellip;]<\/p>\n","protected":false},"author":2,"featured_media":0,"parent":0,"menu_order":0,"comment_status":"closed","ping_status":"closed","template":"","meta":[],"_links":{"self":[{"href":"http:\/\/cvrcak-daruvar.com.hr\/index.php?rest_route=\/wp\/v2\/pages\/6587"}],"collection":[{"href":"http:\/\/cvrcak-daruvar.com.hr\/index.php?rest_route=\/wp\/v2\/pages"}],"about":[{"href":"http:\/\/cvrcak-daruvar.com.hr\/index.php?rest_route=\/wp\/v2\/types\/page"}],"author":[{"embeddable":true,"href":"http:\/\/cvrcak-daruvar.com.hr\/index.php?rest_route=\/wp\/v2\/users\/2"}],"replies":[{"embeddable":true,"href":"http:\/\/cvrcak-daruvar.com.hr\/index.php?rest_route=%2Fwp%2Fv2%2Fcomments&post=6587"}],"version-history":[{"count":19,"href":"http:\/\/cvrcak-daruvar.com.hr\/index.php?rest_route=\/wp\/v2\/pages\/6587\/revisions"}],"predecessor-version":[{"id":7040,"href":"http:\/\/cvrcak-daruvar.com.hr\/index.php?rest_route=\/wp\/v2\/pages\/6587\/revisions\/7040"}],"wp:attachment":[{"href":"http:\/\/cvrcak-daruvar.com.hr\/index.php?rest_route=%2Fwp%2Fv2%2Fmedia&parent=6587"}],"curies":[{"name":"wp","href":"https:\/\/api.w.org\/{rel}","templated":true}]}}