{"id":6583,"date":"2021-11-01T08:42:48","date_gmt":"2021-11-01T07:42:48","guid":{"rendered":"http:\/\/cvrcak-daruvar.com.hr\/?page_id=6583"},"modified":"2023-10-22T18:57:03","modified_gmt":"2023-10-22T16:57:03","slug":"impresum-8","status":"publish","type":"page","link":"http:\/\/cvrcak-daruvar.com.hr\/?page_id=6583","title":{"rendered":"IMPRESUM 2022.\/2023."},"content":{"rendered":"\n<p>\u0160kolska godina 2022.\/2023.<\/p>\n\n\n\n<p class=\"has-light-green-cyan-background-color has-background\"><strong>Digitalni \u0161kolski list \u201cCVR\u010cAK\u201d<\/strong><\/p>\n\n\n\n<p>Adresa izdava\u010da:<br>Osnovna \u0161kola Vladimira Nazora<br>Ljudevita Gaja 24<br>43500 Daruvar<br>Tel.: 043 333 123<br>Fax.: 043 331 147<br>E-mail: os-daruvar-001@os-vnazora-daruvar.skole.hr<br>Web stranica:&nbsp;<a href=\"http:\/\/os-vnazora-daruvar.skole.hr\/\">http:\/\/os-vnazora-daruvar.skole.hr\/<\/a><\/p>\n\n\n\n<p><br><strong>Za \u0161kolu:<\/strong> ravnateljica Kornelija \u010castek, dipl. def. \u2013 soc. ped.<br>Glavna i odgovorna urednica: Jasminka Kuzle<br>Ra\u010dunalna obrada: Alenka Njegovac<br>Uredni\u0161tvo:<br>Alenka Njegovac, Jasminka Kuzle, Lana Borjan, Marina Singer, Biserka Hre\u0161i\u0107, Ankica Je\u017eabek, Andreja \u017duger<br>Uredni\u0161tvo \u2013 u\u010denici novinari<\/p>\n\n\n\n<p><br>Logo: Valentin Baron, Ivan Molnar<\/p>\n","protected":false},"excerpt":{"rendered":"<p>\u0160kolska godina 2022.\/2023. Digitalni \u0161kolski list \u201cCVR\u010cAK\u201d Adresa izdava\u010da:Osnovna \u0161kola Vladimira NazoraLjudevita Gaja 2443500 DaruvarTel.: 043 333 123Fax.: 043 331 147E-mail: os-daruvar-001@os-vnazora-daruvar.skole.hrWeb stranica:&nbsp;http:\/\/os-vnazora-daruvar.skole.hr\/ Za \u0161kolu: ravnateljica Kornelija \u010castek, dipl. def. \u2013 soc. ped.Glavna i odgovorna urednica: Jasminka KuzleRa\u010dunalna obrada: Alenka NjegovacUredni\u0161tvo:Alenka Njegovac, Jasminka Kuzle, Lana Borjan, Marina Singer, Biserka Hre\u0161i\u0107, Ankica Je\u017eabek, Andreja \u017dugerUredni\u0161tvo \u2013 [&hellip;]<\/p>\n","protected":false},"author":2,"featured_media":0,"parent":0,"menu_order":0,"comment_status":"closed","ping_status":"closed","template":"","meta":[],"_links":{"self":[{"href":"http:\/\/cvrcak-daruvar.com.hr\/index.php?rest_route=\/wp\/v2\/pages\/6583"}],"collection":[{"href":"http:\/\/cvrcak-daruvar.com.hr\/index.php?rest_route=\/wp\/v2\/pages"}],"about":[{"href":"http:\/\/cvrcak-daruvar.com.hr\/index.php?rest_route=\/wp\/v2\/types\/page"}],"author":[{"embeddable":true,"href":"http:\/\/cvrcak-daruvar.com.hr\/index.php?rest_route=\/wp\/v2\/users\/2"}],"replies":[{"embeddable":true,"href":"http:\/\/cvrcak-daruvar.com.hr\/index.php?rest_route=%2Fwp%2Fv2%2Fcomments&post=6583"}],"version-history":[{"count":5,"href":"http:\/\/cvrcak-daruvar.com.hr\/index.php?rest_route=\/wp\/v2\/pages\/6583\/revisions"}],"predecessor-version":[{"id":7312,"href":"http:\/\/cvrcak-daruvar.com.hr\/index.php?rest_route=\/wp\/v2\/pages\/6583\/revisions\/7312"}],"wp:attachment":[{"href":"http:\/\/cvrcak-daruvar.com.hr\/index.php?rest_route=%2Fwp%2Fv2%2Fmedia&parent=6583"}],"curies":[{"name":"wp","href":"https:\/\/api.w.org\/{rel}","templated":true}]}}