{"id":654,"date":"2012-06-09T09:36:39","date_gmt":"2012-06-09T07:36:39","guid":{"rendered":"http:\/\/cvrcak-daruvar.com.hr\/?page_id=654"},"modified":"2012-06-09T09:36:39","modified_gmt":"2012-06-09T07:36:39","slug":"izlet","status":"publish","type":"page","link":"http:\/\/cvrcak-daruvar.com.hr\/?page_id=654","title":{"rendered":"Izlet"},"content":{"rendered":"<p><strong>Izlet\u00a0 u Kumrovec<\/strong><\/p>\n<p><a href=\"http:\/\/cvrcak-daruvar.com.hr\/wp-content\/uploads\/2012\/06\/Kumrovec-izrada-glinene-posude.jpg\" class=\"gallery_colorbox\"><img decoding=\"async\" loading=\"lazy\" class=\"aligncenter size-full wp-image-656\" title=\"OLYMPUS DIGITAL CAMERA\" src=\"http:\/\/cvrcak-daruvar.com.hr\/wp-content\/uploads\/2012\/06\/Kumrovec-izrada-glinene-posude.jpg\"  alt=\"\" width=\"448\" height=\"336\" srcset=\"http:\/\/cvrcak-daruvar.com.hr\/wp-content\/uploads\/2012\/06\/Kumrovec-izrada-glinene-posude.jpg 448w, http:\/\/cvrcak-daruvar.com.hr\/wp-content\/uploads\/2012\/06\/Kumrovec-izrada-glinene-posude-300x224.jpg 300w\" sizes=\"(max-width: 448px) 100vw, 448px\" \/><\/a><\/p>\n<p>U\u010denici drugih razreda i\u0161li su 18. svibnja 2012. godine na izlet u Kumrovec.<\/p>\n<p>Vo\u017enja autobusom protekla je brzo uz povremena stajanja do etno sela.<\/p>\n<p>Kumrovec je jedini etnografski muzej na otvorenom koji daje sliku dobro o\u010duvanih nastamba te \u017eivot zagorskog seljaka s kraja 19. i po\u010detka 20. stolje\u0107a. U\u010denici su obilaze\u0107i ku\u0107ice vidjeli i izradu predmeta od gline na grn\u010darskom kolu.<\/p>\n<p>Nakon ru\u010dka u \u201eGre\u0161nim goricama\u201c , igri i dru\u017eenju put je nastavljen do Gornje Stubice i Muzeja Selja\u010dke bune u Or\u010di\u0107evom dvorcu. Stru\u010dni vodi\u010d im je pri\u010dao o \u017eivotu plemstva i \u017eivotu seljaka te razlozima selja\u010dke bune.<\/p>\n<p>U\u010denici su na kraju puta bili umorni, ali zadovoljni jer je dan u cijelosti bio ispunjen i zanimljiv.<\/p>\n<p>&nbsp;<\/p>\n<p>&nbsp;<\/p>\n<p><strong>Izlet prvih razreda-Na\u0161i\u010dki Markovac-Vi\u0161njica<\/strong><\/p>\n<p>&nbsp;<\/p>\n<p><a href=\"http:\/\/cvrcak-daruvar.com.hr\/wp-content\/uploads\/2012\/06\/Na\u0161i\u010dki-Markovac-1.C.jpg\" class=\"gallery_colorbox\"><img decoding=\"async\" loading=\"lazy\" class=\"aligncenter size-full wp-image-655\" title=\"OLYMPUS DIGITAL CAMERA\" src=\"http:\/\/cvrcak-daruvar.com.hr\/wp-content\/uploads\/2012\/06\/Na\u0161i\u010dki-Markovac-1.C.jpg\"  alt=\"\" width=\"448\" height=\"336\" srcset=\"http:\/\/cvrcak-daruvar.com.hr\/wp-content\/uploads\/2012\/06\/Na\u0161i\u010dki-Markovac-1.C.jpg 448w, http:\/\/cvrcak-daruvar.com.hr\/wp-content\/uploads\/2012\/06\/Na\u0161i\u010dki-Markovac-1.C-300x224.jpg 300w\" sizes=\"(max-width: 448px) 100vw, 448px\" \/><\/a><\/p>\n<p>25.svibnja 2012. godine su u\u010denici1.Ci 1.D razreda po\u0161li na izlet.<\/p>\n<p>Posjetili su ZOO vrt Bizik u Na\u0161i\u010dkom Markovcu i nau\u010dili mnogo o raznim \u017eivotinjama u pratnji vlasnika koji im je pri\u010dao o svakoj \u017eivotinji.<\/p>\n<p>Ugodna vo\u017enja uslijedila je do pustare Vi\u0161njica,imanja okru\u017eenog stoljetnim parkom,stajama i koralima u kojima se nalazi ergela s oko 50 konja.<\/p>\n<p>U restoranu na imanju poslu\u017een je ru\u010dak,pripravljen od namirnica uzgojenih na imanju.<\/p>\n<p>Nakon ru\u010dka obilazak imanja,jahanje konja,vo\u017enja elektri\u010dnim auti\u0107em oko ergele te igra i zabava na imanju.<\/p>\n<p>Radost na licima djece pokazao je da je izlet bio nadasve zanimljiv i prilago\u0111en uzrastu prvog razreda<\/p>\n","protected":false},"excerpt":{"rendered":"<p>Izlet\u00a0 u Kumrovec U\u010denici drugih razreda i\u0161li su 18. svibnja 2012. godine na izlet u Kumrovec. Vo\u017enja autobusom protekla je brzo uz povremena stajanja do etno sela. Kumrovec je jedini etnografski muzej na otvorenom koji daje sliku dobro o\u010duvanih nastamba te \u017eivot zagorskog seljaka s kraja 19. i po\u010detka 20. stolje\u0107a. U\u010denici su obilaze\u0107i ku\u0107ice [&hellip;]<\/p>\n","protected":false},"author":1,"featured_media":0,"parent":827,"menu_order":0,"comment_status":"closed","ping_status":"closed","template":"","meta":[],"_links":{"self":[{"href":"http:\/\/cvrcak-daruvar.com.hr\/index.php?rest_route=\/wp\/v2\/pages\/654"}],"collection":[{"href":"http:\/\/cvrcak-daruvar.com.hr\/index.php?rest_route=\/wp\/v2\/pages"}],"about":[{"href":"http:\/\/cvrcak-daruvar.com.hr\/index.php?rest_route=\/wp\/v2\/types\/page"}],"author":[{"embeddable":true,"href":"http:\/\/cvrcak-daruvar.com.hr\/index.php?rest_route=\/wp\/v2\/users\/1"}],"replies":[{"embeddable":true,"href":"http:\/\/cvrcak-daruvar.com.hr\/index.php?rest_route=%2Fwp%2Fv2%2Fcomments&post=654"}],"version-history":[{"count":1,"href":"http:\/\/cvrcak-daruvar.com.hr\/index.php?rest_route=\/wp\/v2\/pages\/654\/revisions"}],"predecessor-version":[{"id":657,"href":"http:\/\/cvrcak-daruvar.com.hr\/index.php?rest_route=\/wp\/v2\/pages\/654\/revisions\/657"}],"up":[{"embeddable":true,"href":"http:\/\/cvrcak-daruvar.com.hr\/index.php?rest_route=\/wp\/v2\/pages\/827"}],"wp:attachment":[{"href":"http:\/\/cvrcak-daruvar.com.hr\/index.php?rest_route=%2Fwp%2Fv2%2Fmedia&parent=654"}],"curies":[{"name":"wp","href":"https:\/\/api.w.org\/{rel}","templated":true}]}}