{"id":6410,"date":"2021-06-15T15:29:36","date_gmt":"2021-06-15T13:29:36","guid":{"rendered":"http:\/\/cvrcak-daruvar.com.hr\/?page_id=6410"},"modified":"2021-06-15T15:37:22","modified_gmt":"2021-06-15T13:37:22","slug":"otisak-ruke-najljepsa-uspomena","status":"publish","type":"page","link":"http:\/\/cvrcak-daruvar.com.hr\/?page_id=6410","title":{"rendered":"Otisak ruke &#8211; najljep\u0161a uspomena"},"content":{"rendered":"\n<figure class=\"wp-block-image\"><img decoding=\"async\" loading=\"lazy\" width=\"747\" height=\"403\" src=\"http:\/\/cvrcak-daruvar.com.hr\/wp-content\/uploads\/2021\/06\/otisak_ruke.png\" alt=\"\" class=\"wp-image-6450\" srcset=\"http:\/\/cvrcak-daruvar.com.hr\/wp-content\/uploads\/2021\/06\/otisak_ruke.png 747w, http:\/\/cvrcak-daruvar.com.hr\/wp-content\/uploads\/2021\/06\/otisak_ruke-300x162.png 300w\" sizes=\"(max-width: 747px) 100vw, 747px\" \/><\/figure>\n\n\n\n<h2 class=\"wp-block-heading\"><strong>U predzadnjemu tjednu nastave osma\u0161i P\u0160 Frankopanska ostavili su na zidu u predvorju \u0161kole otiske svojih ruku u vedrim bojama. Svaki je otisak potpisan i ostat \u0107e kao sje\u0107anje na sve lijepe trenutke osnovne \u0161kole. Sretno osma\u0161i!<\/strong><\/h2>\n\n\n\n<figure class=\"wp-block-image\"><img decoding=\"async\" loading=\"lazy\" width=\"605\" height=\"425\" src=\"http:\/\/cvrcak-daruvar.com.hr\/wp-content\/uploads\/2021\/06\/image-7.png\" alt=\"\" class=\"wp-image-6451\" srcset=\"http:\/\/cvrcak-daruvar.com.hr\/wp-content\/uploads\/2021\/06\/image-7.png 605w, http:\/\/cvrcak-daruvar.com.hr\/wp-content\/uploads\/2021\/06\/image-7-300x211.png 300w\" sizes=\"(max-width: 605px) 100vw, 605px\" \/><\/figure>\n\n\n\n<ul class=\"wp-block-gallery columns-2 is-cropped wp-block-gallery-1 is-layout-flex\"><li class=\"blocks-gallery-item\"><figure><img decoding=\"async\" loading=\"lazy\" width=\"600\" height=\"450\" src=\"http:\/\/cvrcak-daruvar.com.hr\/wp-content\/uploads\/2021\/06\/m_DSCN8578.jpg\" alt=\"\" data-id=\"6411\" data-link=\"http:\/\/cvrcak-daruvar.com.hr\/?attachment_id=6411\" class=\"wp-image-6411\" srcset=\"http:\/\/cvrcak-daruvar.com.hr\/wp-content\/uploads\/2021\/06\/m_DSCN8578.jpg 600w, http:\/\/cvrcak-daruvar.com.hr\/wp-content\/uploads\/2021\/06\/m_DSCN8578-300x225.jpg 300w\" sizes=\"(max-width: 600px) 100vw, 600px\" \/><\/figure><\/li><li class=\"blocks-gallery-item\"><figure><img decoding=\"async\" loading=\"lazy\" width=\"600\" height=\"450\" src=\"http:\/\/cvrcak-daruvar.com.hr\/wp-content\/uploads\/2021\/06\/m_DSCN8581.jpg\" alt=\"\" data-id=\"6412\" data-link=\"http:\/\/cvrcak-daruvar.com.hr\/?attachment_id=6412\" class=\"wp-image-6412\" srcset=\"http:\/\/cvrcak-daruvar.com.hr\/wp-content\/uploads\/2021\/06\/m_DSCN8581.jpg 600w, http:\/\/cvrcak-daruvar.com.hr\/wp-content\/uploads\/2021\/06\/m_DSCN8581-300x225.jpg 300w\" sizes=\"(max-width: 600px) 100vw, 600px\" \/><\/figure><\/li><li class=\"blocks-gallery-item\"><figure><img decoding=\"async\" loading=\"lazy\" width=\"600\" height=\"450\" src=\"http:\/\/cvrcak-daruvar.com.hr\/wp-content\/uploads\/2021\/06\/m_DSCN8583.jpg\" alt=\"\" data-id=\"6413\" data-link=\"http:\/\/cvrcak-daruvar.com.hr\/?attachment_id=6413\" class=\"wp-image-6413\" srcset=\"http:\/\/cvrcak-daruvar.com.hr\/wp-content\/uploads\/2021\/06\/m_DSCN8583.jpg 600w, http:\/\/cvrcak-daruvar.com.hr\/wp-content\/uploads\/2021\/06\/m_DSCN8583-300x225.jpg 300w\" sizes=\"(max-width: 600px) 100vw, 600px\" \/><\/figure><\/li><li class=\"blocks-gallery-item\"><figure><img decoding=\"async\" loading=\"lazy\" width=\"600\" height=\"450\" src=\"http:\/\/cvrcak-daruvar.com.hr\/wp-content\/uploads\/2021\/06\/m_DSCN8585.jpg\" alt=\"\" data-id=\"6414\" data-link=\"http:\/\/cvrcak-daruvar.com.hr\/?attachment_id=6414\" class=\"wp-image-6414\" srcset=\"http:\/\/cvrcak-daruvar.com.hr\/wp-content\/uploads\/2021\/06\/m_DSCN8585.jpg 600w, http:\/\/cvrcak-daruvar.com.hr\/wp-content\/uploads\/2021\/06\/m_DSCN8585-300x225.jpg 300w\" sizes=\"(max-width: 600px) 100vw, 600px\" \/><\/figure><\/li><li class=\"blocks-gallery-item\"><figure><img decoding=\"async\" loading=\"lazy\" width=\"600\" height=\"450\" src=\"http:\/\/cvrcak-daruvar.com.hr\/wp-content\/uploads\/2021\/06\/m_DSCN8590.jpg\" alt=\"\" data-id=\"6415\" data-link=\"http:\/\/cvrcak-daruvar.com.hr\/?attachment_id=6415\" class=\"wp-image-6415\" srcset=\"http:\/\/cvrcak-daruvar.com.hr\/wp-content\/uploads\/2021\/06\/m_DSCN8590.jpg 600w, http:\/\/cvrcak-daruvar.com.hr\/wp-content\/uploads\/2021\/06\/m_DSCN8590-300x225.jpg 300w\" sizes=\"(max-width: 600px) 100vw, 600px\" \/><\/figure><\/li><li class=\"blocks-gallery-item\"><figure><img decoding=\"async\" loading=\"lazy\" width=\"600\" height=\"450\" src=\"http:\/\/cvrcak-daruvar.com.hr\/wp-content\/uploads\/2021\/06\/m_DSCN8593.jpg\" alt=\"\" data-id=\"6416\" data-link=\"http:\/\/cvrcak-daruvar.com.hr\/?attachment_id=6416\" class=\"wp-image-6416\" srcset=\"http:\/\/cvrcak-daruvar.com.hr\/wp-content\/uploads\/2021\/06\/m_DSCN8593.jpg 600w, http:\/\/cvrcak-daruvar.com.hr\/wp-content\/uploads\/2021\/06\/m_DSCN8593-300x225.jpg 300w\" sizes=\"(max-width: 600px) 100vw, 600px\" \/><\/figure><\/li><li class=\"blocks-gallery-item\"><figure><img decoding=\"async\" loading=\"lazy\" width=\"600\" height=\"450\" src=\"http:\/\/cvrcak-daruvar.com.hr\/wp-content\/uploads\/2021\/06\/m_DSCN8599.jpg\" alt=\"\" data-id=\"6417\" data-link=\"http:\/\/cvrcak-daruvar.com.hr\/?attachment_id=6417\" class=\"wp-image-6417\" srcset=\"http:\/\/cvrcak-daruvar.com.hr\/wp-content\/uploads\/2021\/06\/m_DSCN8599.jpg 600w, http:\/\/cvrcak-daruvar.com.hr\/wp-content\/uploads\/2021\/06\/m_DSCN8599-300x225.jpg 300w\" sizes=\"(max-width: 600px) 100vw, 600px\" \/><\/figure><\/li><li class=\"blocks-gallery-item\"><figure><img decoding=\"async\" loading=\"lazy\" width=\"600\" height=\"450\" src=\"http:\/\/cvrcak-daruvar.com.hr\/wp-content\/uploads\/2021\/06\/m_DSCN8600.jpg\" alt=\"\" data-id=\"6418\" data-link=\"http:\/\/cvrcak-daruvar.com.hr\/?attachment_id=6418\" class=\"wp-image-6418\" srcset=\"http:\/\/cvrcak-daruvar.com.hr\/wp-content\/uploads\/2021\/06\/m_DSCN8600.jpg 600w, http:\/\/cvrcak-daruvar.com.hr\/wp-content\/uploads\/2021\/06\/m_DSCN8600-300x225.jpg 300w\" sizes=\"(max-width: 600px) 100vw, 600px\" \/><\/figure><\/li><li class=\"blocks-gallery-item\"><figure><img decoding=\"async\" loading=\"lazy\" width=\"600\" height=\"450\" src=\"http:\/\/cvrcak-daruvar.com.hr\/wp-content\/uploads\/2021\/06\/m_DSCN8601.jpg\" alt=\"\" data-id=\"6419\" data-link=\"http:\/\/cvrcak-daruvar.com.hr\/?attachment_id=6419\" class=\"wp-image-6419\" srcset=\"http:\/\/cvrcak-daruvar.com.hr\/wp-content\/uploads\/2021\/06\/m_DSCN8601.jpg 600w, http:\/\/cvrcak-daruvar.com.hr\/wp-content\/uploads\/2021\/06\/m_DSCN8601-300x225.jpg 300w\" sizes=\"(max-width: 600px) 100vw, 600px\" \/><\/figure><\/li><li class=\"blocks-gallery-item\"><figure><img decoding=\"async\" loading=\"lazy\" width=\"600\" height=\"450\" src=\"http:\/\/cvrcak-daruvar.com.hr\/wp-content\/uploads\/2021\/06\/m_DSCN8603.jpg\" alt=\"\" data-id=\"6420\" data-link=\"http:\/\/cvrcak-daruvar.com.hr\/?attachment_id=6420\" class=\"wp-image-6420\" srcset=\"http:\/\/cvrcak-daruvar.com.hr\/wp-content\/uploads\/2021\/06\/m_DSCN8603.jpg 600w, http:\/\/cvrcak-daruvar.com.hr\/wp-content\/uploads\/2021\/06\/m_DSCN8603-300x225.jpg 300w\" sizes=\"(max-width: 600px) 100vw, 600px\" \/><\/figure><\/li><li class=\"blocks-gallery-item\"><figure><img decoding=\"async\" loading=\"lazy\" width=\"600\" height=\"450\" src=\"http:\/\/cvrcak-daruvar.com.hr\/wp-content\/uploads\/2021\/06\/m_DSCN8605.jpg\" alt=\"\" data-id=\"6421\" data-link=\"http:\/\/cvrcak-daruvar.com.hr\/?attachment_id=6421\" class=\"wp-image-6421\" srcset=\"http:\/\/cvrcak-daruvar.com.hr\/wp-content\/uploads\/2021\/06\/m_DSCN8605.jpg 600w, http:\/\/cvrcak-daruvar.com.hr\/wp-content\/uploads\/2021\/06\/m_DSCN8605-300x225.jpg 300w\" sizes=\"(max-width: 600px) 100vw, 600px\" \/><\/figure><\/li><li class=\"blocks-gallery-item\"><figure><img decoding=\"async\" loading=\"lazy\" width=\"600\" height=\"450\" src=\"http:\/\/cvrcak-daruvar.com.hr\/wp-content\/uploads\/2021\/06\/m_DSCN8611.jpg\" alt=\"\" data-id=\"6422\" data-link=\"http:\/\/cvrcak-daruvar.com.hr\/?attachment_id=6422\" class=\"wp-image-6422\" srcset=\"http:\/\/cvrcak-daruvar.com.hr\/wp-content\/uploads\/2021\/06\/m_DSCN8611.jpg 600w, http:\/\/cvrcak-daruvar.com.hr\/wp-content\/uploads\/2021\/06\/m_DSCN8611-300x225.jpg 300w\" sizes=\"(max-width: 600px) 100vw, 600px\" \/><\/figure><\/li><li class=\"blocks-gallery-item\"><figure><img decoding=\"async\" loading=\"lazy\" width=\"600\" height=\"450\" src=\"http:\/\/cvrcak-daruvar.com.hr\/wp-content\/uploads\/2021\/06\/m_DSCN8617.jpg\" alt=\"\" data-id=\"6423\" data-link=\"http:\/\/cvrcak-daruvar.com.hr\/?attachment_id=6423\" class=\"wp-image-6423\" srcset=\"http:\/\/cvrcak-daruvar.com.hr\/wp-content\/uploads\/2021\/06\/m_DSCN8617.jpg 600w, http:\/\/cvrcak-daruvar.com.hr\/wp-content\/uploads\/2021\/06\/m_DSCN8617-300x225.jpg 300w\" sizes=\"(max-width: 600px) 100vw, 600px\" \/><\/figure><\/li><li class=\"blocks-gallery-item\"><figure><img decoding=\"async\" loading=\"lazy\" width=\"600\" height=\"450\" src=\"http:\/\/cvrcak-daruvar.com.hr\/wp-content\/uploads\/2021\/06\/m_DSCN8619.jpg\" alt=\"\" data-id=\"6424\" data-link=\"http:\/\/cvrcak-daruvar.com.hr\/?attachment_id=6424\" class=\"wp-image-6424\" srcset=\"http:\/\/cvrcak-daruvar.com.hr\/wp-content\/uploads\/2021\/06\/m_DSCN8619.jpg 600w, http:\/\/cvrcak-daruvar.com.hr\/wp-content\/uploads\/2021\/06\/m_DSCN8619-300x225.jpg 300w\" sizes=\"(max-width: 600px) 100vw, 600px\" \/><\/figure><\/li><li class=\"blocks-gallery-item\"><figure><img decoding=\"async\" loading=\"lazy\" width=\"600\" height=\"450\" src=\"http:\/\/cvrcak-daruvar.com.hr\/wp-content\/uploads\/2021\/06\/m_DSCN8622.jpg\" alt=\"\" data-id=\"6425\" data-link=\"http:\/\/cvrcak-daruvar.com.hr\/?attachment_id=6425\" class=\"wp-image-6425\" srcset=\"http:\/\/cvrcak-daruvar.com.hr\/wp-content\/uploads\/2021\/06\/m_DSCN8622.jpg 600w, http:\/\/cvrcak-daruvar.com.hr\/wp-content\/uploads\/2021\/06\/m_DSCN8622-300x225.jpg 300w\" sizes=\"(max-width: 600px) 100vw, 600px\" \/><\/figure><\/li><li class=\"blocks-gallery-item\"><figure><img decoding=\"async\" loading=\"lazy\" width=\"600\" height=\"450\" src=\"http:\/\/cvrcak-daruvar.com.hr\/wp-content\/uploads\/2021\/06\/m_DSCN8624.jpg\" alt=\"\" data-id=\"6426\" data-link=\"http:\/\/cvrcak-daruvar.com.hr\/?attachment_id=6426\" class=\"wp-image-6426\" srcset=\"http:\/\/cvrcak-daruvar.com.hr\/wp-content\/uploads\/2021\/06\/m_DSCN8624.jpg 600w, http:\/\/cvrcak-daruvar.com.hr\/wp-content\/uploads\/2021\/06\/m_DSCN8624-300x225.jpg 300w\" sizes=\"(max-width: 600px) 100vw, 600px\" \/><\/figure><\/li><li class=\"blocks-gallery-item\"><figure><img decoding=\"async\" loading=\"lazy\" width=\"600\" height=\"450\" src=\"http:\/\/cvrcak-daruvar.com.hr\/wp-content\/uploads\/2021\/06\/m_DSCN8630.jpg\" alt=\"\" data-id=\"6427\" data-link=\"http:\/\/cvrcak-daruvar.com.hr\/?attachment_id=6427\" class=\"wp-image-6427\" srcset=\"http:\/\/cvrcak-daruvar.com.hr\/wp-content\/uploads\/2021\/06\/m_DSCN8630.jpg 600w, http:\/\/cvrcak-daruvar.com.hr\/wp-content\/uploads\/2021\/06\/m_DSCN8630-300x225.jpg 300w\" sizes=\"(max-width: 600px) 100vw, 600px\" \/><\/figure><\/li><li class=\"blocks-gallery-item\"><figure><img decoding=\"async\" loading=\"lazy\" width=\"600\" height=\"450\" src=\"http:\/\/cvrcak-daruvar.com.hr\/wp-content\/uploads\/2021\/06\/m_viber_slika_2021-06-14_18-25-14.jpg\" alt=\"\" data-id=\"6428\" data-link=\"http:\/\/cvrcak-daruvar.com.hr\/?attachment_id=6428\" class=\"wp-image-6428\" srcset=\"http:\/\/cvrcak-daruvar.com.hr\/wp-content\/uploads\/2021\/06\/m_viber_slika_2021-06-14_18-25-14.jpg 600w, http:\/\/cvrcak-daruvar.com.hr\/wp-content\/uploads\/2021\/06\/m_viber_slika_2021-06-14_18-25-14-300x225.jpg 300w\" sizes=\"(max-width: 600px) 100vw, 600px\" \/><\/figure><\/li><li class=\"blocks-gallery-item\"><figure><img decoding=\"async\" loading=\"lazy\" width=\"600\" height=\"450\" src=\"http:\/\/cvrcak-daruvar.com.hr\/wp-content\/uploads\/2021\/06\/m_viber_slika_2021-06-14_18-25-15.jpg\" alt=\"\" data-id=\"6429\" data-link=\"http:\/\/cvrcak-daruvar.com.hr\/?attachment_id=6429\" class=\"wp-image-6429\" srcset=\"http:\/\/cvrcak-daruvar.com.hr\/wp-content\/uploads\/2021\/06\/m_viber_slika_2021-06-14_18-25-15.jpg 600w, http:\/\/cvrcak-daruvar.com.hr\/wp-content\/uploads\/2021\/06\/m_viber_slika_2021-06-14_18-25-15-300x225.jpg 300w\" sizes=\"(max-width: 600px) 100vw, 600px\" \/><\/figure><\/li><li class=\"blocks-gallery-item\"><figure><img decoding=\"async\" loading=\"lazy\" width=\"600\" height=\"450\" src=\"http:\/\/cvrcak-daruvar.com.hr\/wp-content\/uploads\/2021\/06\/m_viber_slika_2021-06-14_18-25-15-.jpg\" alt=\"\" data-id=\"6430\" data-link=\"http:\/\/cvrcak-daruvar.com.hr\/?attachment_id=6430\" class=\"wp-image-6430\" srcset=\"http:\/\/cvrcak-daruvar.com.hr\/wp-content\/uploads\/2021\/06\/m_viber_slika_2021-06-14_18-25-15-.jpg 600w, http:\/\/cvrcak-daruvar.com.hr\/wp-content\/uploads\/2021\/06\/m_viber_slika_2021-06-14_18-25-15--300x225.jpg 300w\" sizes=\"(max-width: 600px) 100vw, 600px\" \/><\/figure><\/li><li class=\"blocks-gallery-item\"><figure><img decoding=\"async\" loading=\"lazy\" width=\"600\" height=\"450\" src=\"http:\/\/cvrcak-daruvar.com.hr\/wp-content\/uploads\/2021\/06\/m_viber_slika_2021-06-14_18-25-16.jpg\" alt=\"\" data-id=\"6431\" data-link=\"http:\/\/cvrcak-daruvar.com.hr\/?attachment_id=6431\" class=\"wp-image-6431\" srcset=\"http:\/\/cvrcak-daruvar.com.hr\/wp-content\/uploads\/2021\/06\/m_viber_slika_2021-06-14_18-25-16.jpg 600w, http:\/\/cvrcak-daruvar.com.hr\/wp-content\/uploads\/2021\/06\/m_viber_slika_2021-06-14_18-25-16-300x225.jpg 300w\" sizes=\"(max-width: 600px) 100vw, 600px\" \/><\/figure><\/li><li class=\"blocks-gallery-item\"><figure><img decoding=\"async\" loading=\"lazy\" width=\"600\" height=\"450\" src=\"http:\/\/cvrcak-daruvar.com.hr\/wp-content\/uploads\/2021\/06\/m_viber_slika_2021-06-14_18-25-16-.jpg\" alt=\"\" data-id=\"6432\" data-link=\"http:\/\/cvrcak-daruvar.com.hr\/?attachment_id=6432\" class=\"wp-image-6432\" srcset=\"http:\/\/cvrcak-daruvar.com.hr\/wp-content\/uploads\/2021\/06\/m_viber_slika_2021-06-14_18-25-16-.jpg 600w, http:\/\/cvrcak-daruvar.com.hr\/wp-content\/uploads\/2021\/06\/m_viber_slika_2021-06-14_18-25-16--300x225.jpg 300w\" sizes=\"(max-width: 600px) 100vw, 600px\" \/><\/figure><\/li><li class=\"blocks-gallery-item\"><figure><img decoding=\"async\" loading=\"lazy\" width=\"600\" height=\"450\" src=\"http:\/\/cvrcak-daruvar.com.hr\/wp-content\/uploads\/2021\/06\/m_viber_slika_2021-06-14_18-25-18-.jpg\" alt=\"\" data-id=\"6433\" data-link=\"http:\/\/cvrcak-daruvar.com.hr\/?attachment_id=6433\" class=\"wp-image-6433\" srcset=\"http:\/\/cvrcak-daruvar.com.hr\/wp-content\/uploads\/2021\/06\/m_viber_slika_2021-06-14_18-25-18-.jpg 600w, http:\/\/cvrcak-daruvar.com.hr\/wp-content\/uploads\/2021\/06\/m_viber_slika_2021-06-14_18-25-18--300x225.jpg 300w\" sizes=\"(max-width: 600px) 100vw, 600px\" \/><\/figure><\/li><li class=\"blocks-gallery-item\"><figure><img decoding=\"async\" loading=\"lazy\" width=\"600\" height=\"450\" src=\"http:\/\/cvrcak-daruvar.com.hr\/wp-content\/uploads\/2021\/06\/m_viber_slika_2021-06-14_18-25-18-1-1.jpg\" alt=\"\" data-id=\"6434\" data-link=\"http:\/\/cvrcak-daruvar.com.hr\/?attachment_id=6434\" class=\"wp-image-6434\" srcset=\"http:\/\/cvrcak-daruvar.com.hr\/wp-content\/uploads\/2021\/06\/m_viber_slika_2021-06-14_18-25-18-1-1.jpg 600w, http:\/\/cvrcak-daruvar.com.hr\/wp-content\/uploads\/2021\/06\/m_viber_slika_2021-06-14_18-25-18-1-1-300x225.jpg 300w\" sizes=\"(max-width: 600px) 100vw, 600px\" \/><\/figure><\/li><li class=\"blocks-gallery-item\"><figure><img decoding=\"async\" loading=\"lazy\" width=\"600\" height=\"450\" src=\"http:\/\/cvrcak-daruvar.com.hr\/wp-content\/uploads\/2021\/06\/m_viber_slika_2021-06-14_18-25-18a.jpg\" alt=\"\" data-id=\"6435\" data-link=\"http:\/\/cvrcak-daruvar.com.hr\/?attachment_id=6435\" class=\"wp-image-6435\" srcset=\"http:\/\/cvrcak-daruvar.com.hr\/wp-content\/uploads\/2021\/06\/m_viber_slika_2021-06-14_18-25-18a.jpg 600w, http:\/\/cvrcak-daruvar.com.hr\/wp-content\/uploads\/2021\/06\/m_viber_slika_2021-06-14_18-25-18a-300x225.jpg 300w\" sizes=\"(max-width: 600px) 100vw, 600px\" \/><\/figure><\/li><li class=\"blocks-gallery-item\"><figure><img decoding=\"async\" loading=\"lazy\" width=\"450\" height=\"600\" src=\"http:\/\/cvrcak-daruvar.com.hr\/wp-content\/uploads\/2021\/06\/m_viber_slika_2021-06-14_18-25-19.jpg\" alt=\"\" data-id=\"6436\" data-link=\"http:\/\/cvrcak-daruvar.com.hr\/?attachment_id=6436\" class=\"wp-image-6436\" srcset=\"http:\/\/cvrcak-daruvar.com.hr\/wp-content\/uploads\/2021\/06\/m_viber_slika_2021-06-14_18-25-19.jpg 450w, http:\/\/cvrcak-daruvar.com.hr\/wp-content\/uploads\/2021\/06\/m_viber_slika_2021-06-14_18-25-19-225x300.jpg 225w\" sizes=\"(max-width: 450px) 100vw, 450px\" \/><\/figure><\/li><li class=\"blocks-gallery-item\"><figure><img decoding=\"async\" loading=\"lazy\" width=\"600\" height=\"203\" src=\"http:\/\/cvrcak-daruvar.com.hr\/wp-content\/uploads\/2021\/06\/m_viber_slika_2021-06-14_18-25-19aa.jpg\" alt=\"\" data-id=\"6437\" data-link=\"http:\/\/cvrcak-daruvar.com.hr\/?attachment_id=6437\" class=\"wp-image-6437\" srcset=\"http:\/\/cvrcak-daruvar.com.hr\/wp-content\/uploads\/2021\/06\/m_viber_slika_2021-06-14_18-25-19aa.jpg 600w, http:\/\/cvrcak-daruvar.com.hr\/wp-content\/uploads\/2021\/06\/m_viber_slika_2021-06-14_18-25-19aa-300x102.jpg 300w\" sizes=\"(max-width: 600px) 100vw, 600px\" \/><\/figure><\/li><li class=\"blocks-gallery-item\"><figure><img decoding=\"async\" loading=\"lazy\" width=\"600\" height=\"450\" src=\"http:\/\/cvrcak-daruvar.com.hr\/wp-content\/uploads\/2021\/06\/m_viber_slika_2021-06-14_19-32-00.jpg\" alt=\"\" data-id=\"6438\" data-link=\"http:\/\/cvrcak-daruvar.com.hr\/?attachment_id=6438\" class=\"wp-image-6438\" srcset=\"http:\/\/cvrcak-daruvar.com.hr\/wp-content\/uploads\/2021\/06\/m_viber_slika_2021-06-14_19-32-00.jpg 600w, http:\/\/cvrcak-daruvar.com.hr\/wp-content\/uploads\/2021\/06\/m_viber_slika_2021-06-14_19-32-00-300x225.jpg 300w\" sizes=\"(max-width: 600px) 100vw, 600px\" \/><\/figure><\/li><li class=\"blocks-gallery-item\"><figure><img decoding=\"async\" loading=\"lazy\" width=\"600\" height=\"450\" src=\"http:\/\/cvrcak-daruvar.com.hr\/wp-content\/uploads\/2021\/06\/m_viber_slika_2021-06-14_19-33-00.jpg\" alt=\"\" data-id=\"6439\" data-link=\"http:\/\/cvrcak-daruvar.com.hr\/?attachment_id=6439\" class=\"wp-image-6439\" srcset=\"http:\/\/cvrcak-daruvar.com.hr\/wp-content\/uploads\/2021\/06\/m_viber_slika_2021-06-14_19-33-00.jpg 600w, http:\/\/cvrcak-daruvar.com.hr\/wp-content\/uploads\/2021\/06\/m_viber_slika_2021-06-14_19-33-00-300x225.jpg 300w\" sizes=\"(max-width: 600px) 100vw, 600px\" \/><\/figure><\/li><li class=\"blocks-gallery-item\"><figure><img decoding=\"async\" loading=\"lazy\" width=\"600\" height=\"450\" src=\"http:\/\/cvrcak-daruvar.com.hr\/wp-content\/uploads\/2021\/06\/m_viber_slika_2021-06-14_19-33-17.jpg\" alt=\"\" data-id=\"6440\" data-link=\"http:\/\/cvrcak-daruvar.com.hr\/?attachment_id=6440\" class=\"wp-image-6440\" srcset=\"http:\/\/cvrcak-daruvar.com.hr\/wp-content\/uploads\/2021\/06\/m_viber_slika_2021-06-14_19-33-17.jpg 600w, http:\/\/cvrcak-daruvar.com.hr\/wp-content\/uploads\/2021\/06\/m_viber_slika_2021-06-14_19-33-17-300x225.jpg 300w\" sizes=\"(max-width: 600px) 100vw, 600px\" \/><\/figure><\/li><li class=\"blocks-gallery-item\"><figure><img decoding=\"async\" loading=\"lazy\" width=\"600\" height=\"450\" src=\"http:\/\/cvrcak-daruvar.com.hr\/wp-content\/uploads\/2021\/06\/m_viber_slika_2021-06-14_19-33-44.jpg\" alt=\"\" data-id=\"6441\" data-link=\"http:\/\/cvrcak-daruvar.com.hr\/?attachment_id=6441\" class=\"wp-image-6441\" srcset=\"http:\/\/cvrcak-daruvar.com.hr\/wp-content\/uploads\/2021\/06\/m_viber_slika_2021-06-14_19-33-44.jpg 600w, http:\/\/cvrcak-daruvar.com.hr\/wp-content\/uploads\/2021\/06\/m_viber_slika_2021-06-14_19-33-44-300x225.jpg 300w\" sizes=\"(max-width: 600px) 100vw, 600px\" \/><\/figure><\/li><li class=\"blocks-gallery-item\"><figure><img decoding=\"async\" loading=\"lazy\" width=\"600\" height=\"450\" src=\"http:\/\/cvrcak-daruvar.com.hr\/wp-content\/uploads\/2021\/06\/m_viber_slika_2021-06-14_19-34-02.jpg\" alt=\"\" data-id=\"6442\" data-link=\"http:\/\/cvrcak-daruvar.com.hr\/?attachment_id=6442\" class=\"wp-image-6442\" srcset=\"http:\/\/cvrcak-daruvar.com.hr\/wp-content\/uploads\/2021\/06\/m_viber_slika_2021-06-14_19-34-02.jpg 600w, http:\/\/cvrcak-daruvar.com.hr\/wp-content\/uploads\/2021\/06\/m_viber_slika_2021-06-14_19-34-02-300x225.jpg 300w\" sizes=\"(max-width: 600px) 100vw, 600px\" \/><\/figure><\/li><li class=\"blocks-gallery-item\"><figure><img decoding=\"async\" loading=\"lazy\" width=\"600\" height=\"450\" src=\"http:\/\/cvrcak-daruvar.com.hr\/wp-content\/uploads\/2021\/06\/m_viber_slika_2021-06-14_19-34-10.jpg\" alt=\"\" data-id=\"6443\" data-link=\"http:\/\/cvrcak-daruvar.com.hr\/?attachment_id=6443\" class=\"wp-image-6443\" srcset=\"http:\/\/cvrcak-daruvar.com.hr\/wp-content\/uploads\/2021\/06\/m_viber_slika_2021-06-14_19-34-10.jpg 600w, http:\/\/cvrcak-daruvar.com.hr\/wp-content\/uploads\/2021\/06\/m_viber_slika_2021-06-14_19-34-10-300x225.jpg 300w\" sizes=\"(max-width: 600px) 100vw, 600px\" \/><\/figure><\/li><li class=\"blocks-gallery-item\"><figure><img decoding=\"async\" loading=\"lazy\" width=\"600\" height=\"450\" src=\"http:\/\/cvrcak-daruvar.com.hr\/wp-content\/uploads\/2021\/06\/m_viber_slika_2021-06-14_19-34-20.jpg\" alt=\"\" data-id=\"6444\" data-link=\"http:\/\/cvrcak-daruvar.com.hr\/?attachment_id=6444\" class=\"wp-image-6444\" srcset=\"http:\/\/cvrcak-daruvar.com.hr\/wp-content\/uploads\/2021\/06\/m_viber_slika_2021-06-14_19-34-20.jpg 600w, http:\/\/cvrcak-daruvar.com.hr\/wp-content\/uploads\/2021\/06\/m_viber_slika_2021-06-14_19-34-20-300x225.jpg 300w\" sizes=\"(max-width: 600px) 100vw, 600px\" \/><\/figure><\/li><li class=\"blocks-gallery-item\"><figure><img decoding=\"async\" loading=\"lazy\" width=\"600\" height=\"487\" src=\"http:\/\/cvrcak-daruvar.com.hr\/wp-content\/uploads\/2021\/06\/m_viber_slika_2021-06-14_19-34-27.jpg\" alt=\"\" data-id=\"6445\" data-link=\"http:\/\/cvrcak-daruvar.com.hr\/?attachment_id=6445\" class=\"wp-image-6445\" srcset=\"http:\/\/cvrcak-daruvar.com.hr\/wp-content\/uploads\/2021\/06\/m_viber_slika_2021-06-14_19-34-27.jpg 600w, http:\/\/cvrcak-daruvar.com.hr\/wp-content\/uploads\/2021\/06\/m_viber_slika_2021-06-14_19-34-27-300x244.jpg 300w\" sizes=\"(max-width: 600px) 100vw, 600px\" \/><\/figure><\/li><li class=\"blocks-gallery-item\"><figure><img decoding=\"async\" loading=\"lazy\" width=\"600\" height=\"450\" src=\"http:\/\/cvrcak-daruvar.com.hr\/wp-content\/uploads\/2021\/06\/m_viber_slika_2021-06-14_19-34-34.jpg\" alt=\"\" data-id=\"6446\" data-link=\"http:\/\/cvrcak-daruvar.com.hr\/?attachment_id=6446\" class=\"wp-image-6446\" srcset=\"http:\/\/cvrcak-daruvar.com.hr\/wp-content\/uploads\/2021\/06\/m_viber_slika_2021-06-14_19-34-34.jpg 600w, http:\/\/cvrcak-daruvar.com.hr\/wp-content\/uploads\/2021\/06\/m_viber_slika_2021-06-14_19-34-34-300x225.jpg 300w\" sizes=\"(max-width: 600px) 100vw, 600px\" \/><\/figure><\/li><li class=\"blocks-gallery-item\"><figure><img decoding=\"async\" loading=\"lazy\" width=\"600\" height=\"450\" src=\"http:\/\/cvrcak-daruvar.com.hr\/wp-content\/uploads\/2021\/06\/m_viber_slika_2021-06-14_19-34-49.jpg\" alt=\"\" data-id=\"6447\" data-link=\"http:\/\/cvrcak-daruvar.com.hr\/?attachment_id=6447\" class=\"wp-image-6447\" srcset=\"http:\/\/cvrcak-daruvar.com.hr\/wp-content\/uploads\/2021\/06\/m_viber_slika_2021-06-14_19-34-49.jpg 600w, http:\/\/cvrcak-daruvar.com.hr\/wp-content\/uploads\/2021\/06\/m_viber_slika_2021-06-14_19-34-49-300x225.jpg 300w\" sizes=\"(max-width: 600px) 100vw, 600px\" \/><\/figure><\/li><li class=\"blocks-gallery-item\"><figure><img decoding=\"async\" loading=\"lazy\" width=\"600\" height=\"450\" src=\"http:\/\/cvrcak-daruvar.com.hr\/wp-content\/uploads\/2021\/06\/m_viber_slika_2021-06-14_19-35-53.jpg\" alt=\"\" data-id=\"6448\" data-link=\"http:\/\/cvrcak-daruvar.com.hr\/?attachment_id=6448\" class=\"wp-image-6448\" srcset=\"http:\/\/cvrcak-daruvar.com.hr\/wp-content\/uploads\/2021\/06\/m_viber_slika_2021-06-14_19-35-53.jpg 600w, http:\/\/cvrcak-daruvar.com.hr\/wp-content\/uploads\/2021\/06\/m_viber_slika_2021-06-14_19-35-53-300x225.jpg 300w\" sizes=\"(max-width: 600px) 100vw, 600px\" \/><\/figure><\/li><\/ul>\n","protected":false},"excerpt":{"rendered":"<p>U predzadnjemu tjednu nastave osma\u0161i P\u0160 Frankopanska ostavili su na zidu u predvorju \u0161kole otiske svojih ruku u vedrim bojama. Svaki je otisak potpisan i ostat \u0107e kao sje\u0107anje na sve lijepe trenutke osnovne \u0161kole. Sretno osma\u0161i!<\/p>\n","protected":false},"author":2,"featured_media":0,"parent":0,"menu_order":0,"comment_status":"closed","ping_status":"closed","template":"","meta":[],"_links":{"self":[{"href":"http:\/\/cvrcak-daruvar.com.hr\/index.php?rest_route=\/wp\/v2\/pages\/6410"}],"collection":[{"href":"http:\/\/cvrcak-daruvar.com.hr\/index.php?rest_route=\/wp\/v2\/pages"}],"about":[{"href":"http:\/\/cvrcak-daruvar.com.hr\/index.php?rest_route=\/wp\/v2\/types\/page"}],"author":[{"embeddable":true,"href":"http:\/\/cvrcak-daruvar.com.hr\/index.php?rest_route=\/wp\/v2\/users\/2"}],"replies":[{"embeddable":true,"href":"http:\/\/cvrcak-daruvar.com.hr\/index.php?rest_route=%2Fwp%2Fv2%2Fcomments&post=6410"}],"version-history":[{"count":3,"href":"http:\/\/cvrcak-daruvar.com.hr\/index.php?rest_route=\/wp\/v2\/pages\/6410\/revisions"}],"predecessor-version":[{"id":6453,"href":"http:\/\/cvrcak-daruvar.com.hr\/index.php?rest_route=\/wp\/v2\/pages\/6410\/revisions\/6453"}],"wp:attachment":[{"href":"http:\/\/cvrcak-daruvar.com.hr\/index.php?rest_route=%2Fwp%2Fv2%2Fmedia&parent=6410"}],"curies":[{"name":"wp","href":"https:\/\/api.w.org\/{rel}","templated":true}]}}