{"id":6225,"date":"2021-02-21T19:04:50","date_gmt":"2021-02-21T18:04:50","guid":{"rendered":"http:\/\/cvrcak-daruvar.com.hr\/?page_id=6225"},"modified":"2021-02-21T19:04:50","modified_gmt":"2021-02-21T18:04:50","slug":"etwinning-healthy-food-healthy-children","status":"publish","type":"page","link":"http:\/\/cvrcak-daruvar.com.hr\/?page_id=6225","title":{"rendered":"eTwinning: HEALTHY FOOD HEALTHY CHILDREN"},"content":{"rendered":"\n<figure class=\"wp-block-image\"><img decoding=\"async\" loading=\"lazy\" width=\"769\" height=\"717\" src=\"http:\/\/cvrcak-daruvar.com.hr\/wp-content\/uploads\/2021\/02\/web5.png\" alt=\"\" class=\"wp-image-6228\" srcset=\"http:\/\/cvrcak-daruvar.com.hr\/wp-content\/uploads\/2021\/02\/web5.png 769w, http:\/\/cvrcak-daruvar.com.hr\/wp-content\/uploads\/2021\/02\/web5-300x280.png 300w, http:\/\/cvrcak-daruvar.com.hr\/wp-content\/uploads\/2021\/02\/web5-768x716.png 768w\" sizes=\"(max-width: 769px) 100vw, 769px\" \/><\/figure>\n\n\n\n<p>Tijekom prolje\u0107a 2021. u\u010denici 2.a\/2.b razreda sudjeluju u\nme\u0111unarodnom projektu zajedno sa vr\u0161njacima iz Poljske, Litve, \u010ce\u0161ke, Italije,\nGr\u010dke, Rumunjske, Italije, \u0160panjolske i Turske. Cilj projekta je nau\u010diti djecu\nkoliko je prehrana va\u017ena za zdravlje te uo\u010diti razli\u010dite prehrambene navike u\nrazli\u010ditim zemljama i kulturama.<\/p>\n\n\n\n<figure class=\"wp-block-image\"><img decoding=\"async\" loading=\"lazy\" width=\"1024\" height=\"576\" src=\"http:\/\/cvrcak-daruvar.com.hr\/wp-content\/uploads\/2021\/02\/web4-1024x576.png\" alt=\"\" class=\"wp-image-6226\" srcset=\"http:\/\/cvrcak-daruvar.com.hr\/wp-content\/uploads\/2021\/02\/web4-1024x576.png 1024w, http:\/\/cvrcak-daruvar.com.hr\/wp-content\/uploads\/2021\/02\/web4-300x169.png 300w, http:\/\/cvrcak-daruvar.com.hr\/wp-content\/uploads\/2021\/02\/web4-768x432.png 768w, http:\/\/cvrcak-daruvar.com.hr\/wp-content\/uploads\/2021\/02\/web4.png 1249w\" sizes=\"(max-width: 1024px) 100vw, 1024px\" \/><\/figure>\n\n\n\n<p>Tijekom sije\u010dnja upoznajemo partnere i njihove \u0161kole, u\nvelja\u010di slikamo na\u0161e u\u017eine, razgovaramo i u\u010dimo o zdravoj prehrani, uspore\u0111ujemo\ns u\u017einama iz drugih zemalja.<\/p>\n\n\n\n<figure class=\"wp-block-image\"><img decoding=\"async\" loading=\"lazy\" width=\"849\" height=\"927\" src=\"http:\/\/cvrcak-daruvar.com.hr\/wp-content\/uploads\/2021\/02\/web3.jpg\" alt=\"\" class=\"wp-image-6227\" srcset=\"http:\/\/cvrcak-daruvar.com.hr\/wp-content\/uploads\/2021\/02\/web3.jpg 849w, http:\/\/cvrcak-daruvar.com.hr\/wp-content\/uploads\/2021\/02\/web3-275x300.jpg 275w, http:\/\/cvrcak-daruvar.com.hr\/wp-content\/uploads\/2021\/02\/web3-768x839.jpg 768w\" sizes=\"(max-width: 849px) 100vw, 849px\" \/><\/figure>\n\n\n\n<p>U o\u017eujku prikupljamo ideje i recepte za zdrave zalogaje te\nih razmjenjujemo s ostalim sudionicima. Vjerujemo da \u0107emo ih prikupiti dovoljno\nkako bismo u travnju objavili zajedni\u010dku virtualnu kuharicu s receptima zdravih\nu\u017eina! U aktivnostima se koristimo engleskim jezikom \u263a.<\/p>\n\n\n\n<figure class=\"wp-block-image\"><img decoding=\"async\" loading=\"lazy\" width=\"709\" height=\"721\" src=\"http:\/\/cvrcak-daruvar.com.hr\/wp-content\/uploads\/2021\/02\/web1.png\" alt=\"\" class=\"wp-image-6229\" srcset=\"http:\/\/cvrcak-daruvar.com.hr\/wp-content\/uploads\/2021\/02\/web1.png 709w, http:\/\/cvrcak-daruvar.com.hr\/wp-content\/uploads\/2021\/02\/web1-295x300.png 295w\" sizes=\"(max-width: 709px) 100vw, 709px\" \/><\/figure>\n\n\n\n<p>\u00a0\u00a0\u00a0\u00a0\u00a0\u00a0\u00a0\u00a0\u00a0\u00a0\u00a0\u00a0\u00a0\u00a0\u00a0\u00a0\u00a0\u00a0\u00a0\u00a0\u00a0\u00a0\u00a0\u00a0\u00a0\u00a0\u00a0\u00a0\u00a0\u00a0\u00a0\u00a0\u00a0\u00a0\u00a0\u00a0\u00a0\u00a0\u00a0\u00a0\u00a0\u00a0\u00a0\u00a0\u00a0\u00a0\u00a0\u00a0\u00a0\u00a0\u00a0\u00a0\u00a0\u00a0\u00a0\u00a0\u00a0\u00a0\u00a0\u00a0\u00a0\u00a0\u00a0 Teacher Dalija Rendi\u0107<\/p>\n\n\n\n<figure class=\"wp-block-image\"><img decoding=\"async\" loading=\"lazy\" width=\"598\" height=\"711\" src=\"http:\/\/cvrcak-daruvar.com.hr\/wp-content\/uploads\/2021\/02\/web2.png\" alt=\"\" class=\"wp-image-6230\" srcset=\"http:\/\/cvrcak-daruvar.com.hr\/wp-content\/uploads\/2021\/02\/web2.png 598w, http:\/\/cvrcak-daruvar.com.hr\/wp-content\/uploads\/2021\/02\/web2-252x300.png 252w\" sizes=\"(max-width: 598px) 100vw, 598px\" \/><\/figure>\n","protected":false},"excerpt":{"rendered":"<p>Tijekom prolje\u0107a 2021. u\u010denici 2.a\/2.b razreda sudjeluju u me\u0111unarodnom projektu zajedno sa vr\u0161njacima iz Poljske, Litve, \u010ce\u0161ke, Italije, Gr\u010dke, Rumunjske, Italije, \u0160panjolske i Turske. Cilj projekta je nau\u010diti djecu koliko je prehrana va\u017ena za zdravlje te uo\u010diti razli\u010dite prehrambene navike u razli\u010ditim zemljama i kulturama. Tijekom sije\u010dnja upoznajemo partnere i njihove \u0161kole, u velja\u010di slikamo [&hellip;]<\/p>\n","protected":false},"author":2,"featured_media":0,"parent":0,"menu_order":0,"comment_status":"closed","ping_status":"closed","template":"","meta":[],"_links":{"self":[{"href":"http:\/\/cvrcak-daruvar.com.hr\/index.php?rest_route=\/wp\/v2\/pages\/6225"}],"collection":[{"href":"http:\/\/cvrcak-daruvar.com.hr\/index.php?rest_route=\/wp\/v2\/pages"}],"about":[{"href":"http:\/\/cvrcak-daruvar.com.hr\/index.php?rest_route=\/wp\/v2\/types\/page"}],"author":[{"embeddable":true,"href":"http:\/\/cvrcak-daruvar.com.hr\/index.php?rest_route=\/wp\/v2\/users\/2"}],"replies":[{"embeddable":true,"href":"http:\/\/cvrcak-daruvar.com.hr\/index.php?rest_route=%2Fwp%2Fv2%2Fcomments&post=6225"}],"version-history":[{"count":1,"href":"http:\/\/cvrcak-daruvar.com.hr\/index.php?rest_route=\/wp\/v2\/pages\/6225\/revisions"}],"predecessor-version":[{"id":6231,"href":"http:\/\/cvrcak-daruvar.com.hr\/index.php?rest_route=\/wp\/v2\/pages\/6225\/revisions\/6231"}],"wp:attachment":[{"href":"http:\/\/cvrcak-daruvar.com.hr\/index.php?rest_route=%2Fwp%2Fv2%2Fmedia&parent=6225"}],"curies":[{"name":"wp","href":"https:\/\/api.w.org\/{rel}","templated":true}]}}