{"id":6197,"date":"2021-02-16T21:09:07","date_gmt":"2021-02-16T20:09:07","guid":{"rendered":"http:\/\/cvrcak-daruvar.com.hr\/?page_id=6197"},"modified":"2021-02-21T18:57:37","modified_gmt":"2021-02-21T17:57:37","slug":"maskare-2","status":"publish","type":"page","link":"http:\/\/cvrcak-daruvar.com.hr\/?page_id=6197","title":{"rendered":"MA\u0160KARE"},"content":{"rendered":"\n<h2 class=\"wp-block-heading\">P\u0160 Frankopanska 80, <\/h2>\n\n\n\n<figure class=\"wp-block-image\"><img decoding=\"async\" loading=\"lazy\" width=\"437\" height=\"544\" src=\"http:\/\/cvrcak-daruvar.com.hr\/wp-content\/uploads\/2021\/02\/ma\u0161kare.png\" alt=\"\" class=\"wp-image-6198\" srcset=\"http:\/\/cvrcak-daruvar.com.hr\/wp-content\/uploads\/2021\/02\/ma\u0161kare.png 437w, http:\/\/cvrcak-daruvar.com.hr\/wp-content\/uploads\/2021\/02\/ma\u0161kare-241x300.png 241w\" sizes=\"(max-width: 437px) 100vw, 437px\" \/><\/figure>\n\n\n\n<h2 class=\"wp-block-heading\">3.d razred<\/h2>\n\n\n\n<p><strong>U\u010denici 3. d P\u0160 Frankopanska, obilje\u017eili su veselo uz prigodne aktivnosti. U \u0161kolu su do\u0161li u kostimima po izboru i kratko se predstavili&nbsp; drugim u\u010denicima. Razgovarali su o pokladama te \u010ditali prigodnu pjesmicu. Slikaju\u0107i po uzoru na rije\u010dku slikaricu Mirnu Si\u0161ul stvarali su mala umjetni\u010dka djela na temu zaljubljenih maski. Uz ples i pjesmu, Danas je fa\u0161nik, veselo su zavr\u0161ili pokladni utorak. Neki od njih su najavili i dodatne aktivnosti &#8211; obilazak susjeda u kostimu.<\/strong><\/p>\n\n\n\n<p style=\"text-align:right\"><strong>U\u010diteljica, Andreja \u017duger<\/strong><\/p>\n\n\n\n<figure class=\"wp-block-image\"><img decoding=\"async\" loading=\"lazy\" width=\"1024\" height=\"768\" src=\"http:\/\/cvrcak-daruvar.com.hr\/wp-content\/uploads\/2021\/02\/Ma\u0161kare-1024x768.jpg\" alt=\"\" class=\"wp-image-6199\" srcset=\"http:\/\/cvrcak-daruvar.com.hr\/wp-content\/uploads\/2021\/02\/Ma\u0161kare-1024x768.jpg 1024w, http:\/\/cvrcak-daruvar.com.hr\/wp-content\/uploads\/2021\/02\/Ma\u0161kare-300x225.jpg 300w, http:\/\/cvrcak-daruvar.com.hr\/wp-content\/uploads\/2021\/02\/Ma\u0161kare-768x576.jpg 768w\" sizes=\"(max-width: 1024px) 100vw, 1024px\" \/><\/figure>\n\n\n\n<figure class=\"wp-block-embed-youtube wp-block-embed is-type-video is-provider-youtube wp-embed-aspect-16-9 wp-has-aspect-ratio\"><div class=\"wp-block-embed__wrapper\">\n<iframe loading=\"lazy\" title=\"Danas je fa\u0161nik\" width=\"500\" height=\"281\" src=\"https:\/\/www.youtube.com\/embed\/-LfNVuQlGFQ?feature=oembed\" frameborder=\"0\" allow=\"accelerometer; autoplay; clipboard-write; encrypted-media; gyroscope; picture-in-picture\" allowfullscreen><\/iframe>\n<\/div><\/figure>\n\n\n\n<figure class=\"wp-block-embed-youtube wp-block-embed is-type-video is-provider-youtube wp-embed-aspect-16-9 wp-has-aspect-ratio\"><div class=\"wp-block-embed__wrapper\">\n<iframe loading=\"lazy\" title=\"Humoreska\" width=\"500\" height=\"281\" src=\"https:\/\/www.youtube.com\/embed\/aqJWb4AOhug?feature=oembed\" frameborder=\"0\" allow=\"accelerometer; autoplay; clipboard-write; encrypted-media; gyroscope; picture-in-picture\" allowfullscreen><\/iframe>\n<\/div><\/figure>\n\n\n\n<figure class=\"wp-block-embed-youtube wp-block-embed is-type-video is-provider-youtube wp-embed-aspect-16-9 wp-has-aspect-ratio\"><div class=\"wp-block-embed__wrapper\">\n<iframe loading=\"lazy\" title=\"Morenada\" width=\"500\" height=\"281\" src=\"https:\/\/www.youtube.com\/embed\/u2Q9KjgNfko?feature=oembed\" frameborder=\"0\" allow=\"accelerometer; autoplay; clipboard-write; encrypted-media; gyroscope; picture-in-picture\" allowfullscreen><\/iframe>\n<\/div><\/figure>\n\n\n\n<figure class=\"wp-block-embed-youtube wp-block-embed is-type-video is-provider-youtube wp-embed-aspect-16-9 wp-has-aspect-ratio\"><div class=\"wp-block-embed__wrapper\">\n<iframe loading=\"lazy\" title=\"Skarazula marazula-stari francuski ples\" width=\"500\" height=\"281\" src=\"https:\/\/www.youtube.com\/embed\/K5v1jwh5vq4?feature=oembed\" frameborder=\"0\" allow=\"accelerometer; autoplay; clipboard-write; encrypted-media; gyroscope; picture-in-picture\" allowfullscreen><\/iframe>\n<\/div><\/figure>\n\n\n\n<h2 class=\"wp-block-heading\"> Ma\u0161kare u 4.d razredu<\/h2>\n\n\n\n<p>Obilje\u017eili smo recitacijama, igrokazom, zabavom, plesom i videokonferencijom s 2.a razredom iz Zagreba i Tenje. <\/p>\n\n\n\n<figure class=\"wp-block-image\"><img decoding=\"async\" loading=\"lazy\" width=\"1024\" height=\"1024\" src=\"http:\/\/cvrcak-daruvar.com.hr\/wp-content\/uploads\/2021\/02\/Pozivnica-za-maskembal-1024x1024.jpg\" alt=\"\" class=\"wp-image-6218\" srcset=\"http:\/\/cvrcak-daruvar.com.hr\/wp-content\/uploads\/2021\/02\/Pozivnica-za-maskembal-1024x1024.jpg 1024w, http:\/\/cvrcak-daruvar.com.hr\/wp-content\/uploads\/2021\/02\/Pozivnica-za-maskembal-150x150.jpg 150w, http:\/\/cvrcak-daruvar.com.hr\/wp-content\/uploads\/2021\/02\/Pozivnica-za-maskembal-300x300.jpg 300w, http:\/\/cvrcak-daruvar.com.hr\/wp-content\/uploads\/2021\/02\/Pozivnica-za-maskembal-768x768.jpg 768w, http:\/\/cvrcak-daruvar.com.hr\/wp-content\/uploads\/2021\/02\/Pozivnica-za-maskembal.jpg 1654w\" sizes=\"(max-width: 1024px) 100vw, 1024px\" \/><figcaption><br><br><\/figcaption><\/figure>\n\n\n\n<figure class=\"wp-block-image\"><img decoding=\"async\" loading=\"lazy\" width=\"800\" height=\"800\" src=\"http:\/\/cvrcak-daruvar.com.hr\/wp-content\/uploads\/2021\/02\/Ma\u0161kare-4.d-1.jpg\" alt=\"\" class=\"wp-image-6220\" srcset=\"http:\/\/cvrcak-daruvar.com.hr\/wp-content\/uploads\/2021\/02\/Ma\u0161kare-4.d-1.jpg 800w, http:\/\/cvrcak-daruvar.com.hr\/wp-content\/uploads\/2021\/02\/Ma\u0161kare-4.d-1-150x150.jpg 150w, http:\/\/cvrcak-daruvar.com.hr\/wp-content\/uploads\/2021\/02\/Ma\u0161kare-4.d-1-300x300.jpg 300w, http:\/\/cvrcak-daruvar.com.hr\/wp-content\/uploads\/2021\/02\/Ma\u0161kare-4.d-1-768x768.jpg 768w\" sizes=\"(max-width: 800px) 100vw, 800px\" \/><\/figure>\n\n\n\n<figure class=\"wp-block-image\"><img decoding=\"async\" loading=\"lazy\" width=\"600\" height=\"800\" src=\"http:\/\/cvrcak-daruvar.com.hr\/wp-content\/uploads\/2021\/02\/Ma\u0161kare-1.jpg\" alt=\"\" class=\"wp-image-6221\" srcset=\"http:\/\/cvrcak-daruvar.com.hr\/wp-content\/uploads\/2021\/02\/Ma\u0161kare-1.jpg 600w, http:\/\/cvrcak-daruvar.com.hr\/wp-content\/uploads\/2021\/02\/Ma\u0161kare-1-225x300.jpg 225w\" sizes=\"(max-width: 600px) 100vw, 600px\" \/><\/figure>\n\n\n\n<h2 class=\"wp-block-heading\">P\u0160 Batinjani<\/h2>\n\n\n\n<figure class=\"wp-block-image\"><img decoding=\"async\" loading=\"lazy\" width=\"1024\" height=\"768\" src=\"http:\/\/cvrcak-daruvar.com.hr\/wp-content\/uploads\/2021\/02\/150413758_267175694836848_7040986370441629831_n-1024x768.jpg\" alt=\"\" class=\"wp-image-6201\" srcset=\"http:\/\/cvrcak-daruvar.com.hr\/wp-content\/uploads\/2021\/02\/150413758_267175694836848_7040986370441629831_n-1024x768.jpg 1024w, http:\/\/cvrcak-daruvar.com.hr\/wp-content\/uploads\/2021\/02\/150413758_267175694836848_7040986370441629831_n-300x225.jpg 300w, http:\/\/cvrcak-daruvar.com.hr\/wp-content\/uploads\/2021\/02\/150413758_267175694836848_7040986370441629831_n-768x576.jpg 768w, http:\/\/cvrcak-daruvar.com.hr\/wp-content\/uploads\/2021\/02\/150413758_267175694836848_7040986370441629831_n.jpg 1728w\" sizes=\"(max-width: 1024px) 100vw, 1024px\" \/><\/figure>\n\n\n\n<figure class=\"wp-block-video\"><video controls src=\"http:\/\/cvrcak-daruvar.com.hr\/wp-content\/uploads\/2021\/02\/video-1613487140.mp4\"><\/video><\/figure>\n\n\n\n<figure class=\"wp-block-video\"><video controls src=\"http:\/\/cvrcak-daruvar.com.hr\/wp-content\/uploads\/2021\/02\/video-1613486945.mp4\"><\/video><\/figure>\n\n\n\n<figure class=\"wp-block-video\"><video controls src=\"http:\/\/cvrcak-daruvar.com.hr\/wp-content\/uploads\/2021\/02\/video-1613486785.mp4\"><\/video><\/figure>\n\n\n\n<figure class=\"wp-block-video\"><video controls src=\"http:\/\/cvrcak-daruvar.com.hr\/wp-content\/uploads\/2021\/02\/video-1613486075.mp4\"><\/video><\/figure>\n\n\n\n<figure class=\"wp-block-video\"><video controls src=\"http:\/\/cvrcak-daruvar.com.hr\/wp-content\/uploads\/2021\/02\/video-1613469359.mp4\"><\/video><\/figure>\n\n\n\n<figure class=\"wp-block-video\"><video controls src=\"http:\/\/cvrcak-daruvar.com.hr\/wp-content\/uploads\/2021\/02\/video-1613469599.mp4\"><\/video><\/figure>\n","protected":false},"excerpt":{"rendered":"<p>P\u0160 Frankopanska 80, 3.d razred U\u010denici 3. d P\u0160 Frankopanska, obilje\u017eili su veselo uz prigodne aktivnosti. U \u0161kolu su do\u0161li u kostimima po izboru i kratko se predstavili&nbsp; drugim u\u010denicima. Razgovarali su o pokladama te \u010ditali prigodnu pjesmicu. Slikaju\u0107i po uzoru na rije\u010dku slikaricu Mirnu Si\u0161ul stvarali su mala umjetni\u010dka djela na temu zaljubljenih maski. [&hellip;]<\/p>\n","protected":false},"author":2,"featured_media":0,"parent":0,"menu_order":0,"comment_status":"closed","ping_status":"closed","template":"","meta":[],"_links":{"self":[{"href":"http:\/\/cvrcak-daruvar.com.hr\/index.php?rest_route=\/wp\/v2\/pages\/6197"}],"collection":[{"href":"http:\/\/cvrcak-daruvar.com.hr\/index.php?rest_route=\/wp\/v2\/pages"}],"about":[{"href":"http:\/\/cvrcak-daruvar.com.hr\/index.php?rest_route=\/wp\/v2\/types\/page"}],"author":[{"embeddable":true,"href":"http:\/\/cvrcak-daruvar.com.hr\/index.php?rest_route=\/wp\/v2\/users\/2"}],"replies":[{"embeddable":true,"href":"http:\/\/cvrcak-daruvar.com.hr\/index.php?rest_route=%2Fwp%2Fv2%2Fcomments&post=6197"}],"version-history":[{"count":5,"href":"http:\/\/cvrcak-daruvar.com.hr\/index.php?rest_route=\/wp\/v2\/pages\/6197\/revisions"}],"predecessor-version":[{"id":6223,"href":"http:\/\/cvrcak-daruvar.com.hr\/index.php?rest_route=\/wp\/v2\/pages\/6197\/revisions\/6223"}],"wp:attachment":[{"href":"http:\/\/cvrcak-daruvar.com.hr\/index.php?rest_route=%2Fwp%2Fv2%2Fmedia&parent=6197"}],"curies":[{"name":"wp","href":"https:\/\/api.w.org\/{rel}","templated":true}]}}