{"id":6160,"date":"2021-02-13T10:56:34","date_gmt":"2021-02-13T09:56:34","guid":{"rendered":"http:\/\/cvrcak-daruvar.com.hr\/?page_id=6160"},"modified":"2021-02-13T10:56:34","modified_gmt":"2021-02-13T09:56:34","slug":"zasto-je-vazno-iznositi-svoje-misljenje","status":"publish","type":"page","link":"http:\/\/cvrcak-daruvar.com.hr\/?page_id=6160","title":{"rendered":"Za\u0161to je va\u017eno iznositi svoje mi\u0161ljenje?"},"content":{"rendered":"\n<p style=\"text-align:right\">\n\npi\u0161e <strong>Dalma Lovrin\u010devi\u0107<\/strong>, 8.d\n\n<\/p>\n\n\n\n<div class=\"wp-block-media-text alignwide\" style=\"grid-template-columns:33% auto\"><figure class=\"wp-block-media-text__media\"><img decoding=\"async\" loading=\"lazy\" width=\"661\" height=\"1024\" src=\"http:\/\/cvrcak-daruvar.com.hr\/wp-content\/uploads\/2021\/02\/20210201_131146-661x1024.jpg\" alt=\"\" class=\"wp-image-6161\" srcset=\"http:\/\/cvrcak-daruvar.com.hr\/wp-content\/uploads\/2021\/02\/20210201_131146-661x1024.jpg 661w, http:\/\/cvrcak-daruvar.com.hr\/wp-content\/uploads\/2021\/02\/20210201_131146-194x300.jpg 194w, http:\/\/cvrcak-daruvar.com.hr\/wp-content\/uploads\/2021\/02\/20210201_131146-768x1190.jpg 768w\" sizes=\"(max-width: 661px) 100vw, 661px\" \/><\/figure><div class=\"wp-block-media-text__content\">\n<p>\n\nKako bi izgledao na\u0161 \u017eivot da u svakoj situaciji ka\u017eemo \u0161to mislimo? Bi li na\u0161 \u017eivot bio bolji? Bi li se osje\u0107ali zadovoljnije? \n\n<\/p>\n<\/div><\/div>\n\n\n\n<p>Iznositi\nsvoje mi\u0161ljenje jako je va\u017eno jer je svima, vi\u0161e ili manje, va\u017eno mi\u0161ljenje\ndrugih. Utjecaj tu\u0111ih mi\u0161ljenja na nas ovisi o osobi koja je izrekla svoje\nmi\u0161ljenje, o tome koliko nam ta osoba zna\u010di i je li nam uop\u0107e va\u017eno \u0161to ona\nmisli. Kada ve\u0107 iznesemo svoj stav, trebamo biti sigurni u ono \u0161to smo izrekli.\nNeki olako izjavljuju ono u \u0161to ni sami nisu sigurni, samo kako bi bili\nprihva\u0107eni. Sla\u017eem se da treba re\u0107i svoje mi\u0161ljenje, no ne ba\u0161 u svakoj\nsituaciji. Ponekad nepromi\u0161ljenim izjavama mo\u017eemo povrijediti druge, iako su\nna\u0161e namjere bile dobre. Kritika, bila ona dobronamjerna ili ne, mo\u017ee nas povrijediti.\nAko odlu\u010dimo izre\u0107i svoje mi\u0161ljenje, moramo znati i mo\u0107i prihvatiti i tu\u0111e. Da\nbismo nau\u010dili prihva\u0107ati tu\u0111a mi\u0161ljenja i kritike, moramo prihvatiti sebe, ba\u0161\ntakvima kakvi jesmo. Svi \u017eelimo biti voljeni, prihva\u0107eni, \u017eelimo se drugima svidjeti\ni \u017eelimo da svi imaju lijepo mi\u0161ljenje o nama, no to uvijek nije mogu\u0107e. I to\nje u redu.<\/p>\n\n\n\n<p>Postoje\npitanja na koja i sama \u017eelim znati odgovor. Ne znam \u010dijega se mi\u0161ljenja bojim,\nza\u0161to mi je tu\u0111e mi\u0161ljenje va\u017eno, kome se \u017eelim dokazati, za\u0161to \u017eelim biti\nprihva\u0107ena\u2026 Lako je re\u0107i da trebamo iznositi svoje mi\u0161ljenje i da se nikome ne\ntrebamo dokazivati kako bismo bili prihva\u0107eni, ali je to te\u0161ko u\u010diniti. Svjesna\nsam da \u0107u, ukoliko se stalno budem brinula o tu\u0111em mi\u0161ljenju, biti nesigurna i\nne\u0107u mo\u0107i prihvatiti sebe takvom kakva jesam. <strong>I zato je va\u017eno izre\u0107i svoje\nmi\u0161ljenje!<\/strong><\/p>\n","protected":false},"excerpt":{"rendered":"<p>pi\u0161e Dalma Lovrin\u010devi\u0107, 8.d Kako bi izgledao na\u0161 \u017eivot da u svakoj situaciji ka\u017eemo \u0161to mislimo? Bi li na\u0161 \u017eivot bio bolji? Bi li se osje\u0107ali zadovoljnije? Iznositi svoje mi\u0161ljenje jako je va\u017eno jer je svima, vi\u0161e ili manje, va\u017eno mi\u0161ljenje drugih. Utjecaj tu\u0111ih mi\u0161ljenja na nas ovisi o osobi koja je izrekla svoje mi\u0161ljenje, [&hellip;]<\/p>\n","protected":false},"author":2,"featured_media":0,"parent":0,"menu_order":0,"comment_status":"closed","ping_status":"closed","template":"","meta":[],"_links":{"self":[{"href":"http:\/\/cvrcak-daruvar.com.hr\/index.php?rest_route=\/wp\/v2\/pages\/6160"}],"collection":[{"href":"http:\/\/cvrcak-daruvar.com.hr\/index.php?rest_route=\/wp\/v2\/pages"}],"about":[{"href":"http:\/\/cvrcak-daruvar.com.hr\/index.php?rest_route=\/wp\/v2\/types\/page"}],"author":[{"embeddable":true,"href":"http:\/\/cvrcak-daruvar.com.hr\/index.php?rest_route=\/wp\/v2\/users\/2"}],"replies":[{"embeddable":true,"href":"http:\/\/cvrcak-daruvar.com.hr\/index.php?rest_route=%2Fwp%2Fv2%2Fcomments&post=6160"}],"version-history":[{"count":1,"href":"http:\/\/cvrcak-daruvar.com.hr\/index.php?rest_route=\/wp\/v2\/pages\/6160\/revisions"}],"predecessor-version":[{"id":6162,"href":"http:\/\/cvrcak-daruvar.com.hr\/index.php?rest_route=\/wp\/v2\/pages\/6160\/revisions\/6162"}],"wp:attachment":[{"href":"http:\/\/cvrcak-daruvar.com.hr\/index.php?rest_route=%2Fwp%2Fv2%2Fmedia&parent=6160"}],"curies":[{"name":"wp","href":"https:\/\/api.w.org\/{rel}","templated":true}]}}