{"id":6141,"date":"2020-12-30T10:04:40","date_gmt":"2020-12-30T09:04:40","guid":{"rendered":"http:\/\/cvrcak-daruvar.com.hr\/?page_id=6141"},"modified":"2020-12-30T10:05:35","modified_gmt":"2020-12-30T09:05:35","slug":"kad-bih-ja-imao-super-moci","status":"publish","type":"page","link":"http:\/\/cvrcak-daruvar.com.hr\/?page_id=6141","title":{"rendered":"Kad bih ja imao super mo\u0107i&#8230;"},"content":{"rendered":"\n<p>Jedne\nno\u0107i&nbsp;usnuo&nbsp;sam jedan&nbsp;vrlo&nbsp;neobi\u010dan&nbsp;san.&nbsp;Bilo mi\nje tako lijepo da&nbsp;sam htio&nbsp;cijeli dan ostati u krevetu.&nbsp;Danima\nposlije bio sam&nbsp;pod utjecajem tog sna.&nbsp;Stalno sam razmi\u0161ljao o\nnjemu.&nbsp;Sada \u0107u vam&nbsp;detaljnije objasniti&nbsp;\u0161to mi se to toliko\nneobi\u010dno&nbsp;dogodilo.&nbsp;&nbsp;<\/p>\n\n\n\n<p>&nbsp;&nbsp;&nbsp;&nbsp;Sanjao\nsam kako imam&nbsp;supermo\u0107i. Imao&nbsp;sam mo\u0107 iscjeljivanja. Sve \u0161to bih dotaknuo,\nodjednom bi o\u017eivjelo.&nbsp;Ljudi bi se dodirom moje ruke pomla\u0111ivali, ranjene\n\u017eivotinje ozdravljale, uvenule biljke bi ponovno postale zelene.&nbsp;\u010citanje\nmisli bila je moja druga zanimljiva mo\u0107. Mogao sam u\u0107i u ljudski um i otkriti\nnjihove najve\u0107e brige i nevolje&nbsp;i tako znati kako im pomo\u0107i.&nbsp;Imao\nsam&nbsp;krilate cipele koje su mi omogu\u0107avale da brzinom svjetlosti stignem s\njednog kraja svijeta na drugi.&nbsp;Imao sam&nbsp;\u010dudesan \u0161tap koji sam snagom\numa mogao pretvoriti u bilo&nbsp;\u0161to \u0161to bi mi u&nbsp;danom&nbsp;trenutku\nzatrebalo.&nbsp;\u010carobna mast omogu\u0107avala mi je da na odre\u0111eno\nvrijeme&nbsp;budem besmrtan i neranjiv&nbsp;te me&nbsp;\u010dinila\nnevidljivim&nbsp;i dala mi nadljudsku snagu. Moj&nbsp;odli\u010dan vid omogu\u0107avao mi\nje da&nbsp;vidim stvari nekoliko kilometara u daljinu.&nbsp;Jednog dana\nsam&nbsp;\u0161etaju\u0107i&nbsp;\u0161umom&nbsp;u glavi \u010duo neki glas.&nbsp;Pogledao\nsam&nbsp;oko sebe&nbsp;i shvatio da mi to iz&nbsp;daljine&nbsp;govore misli\nupla\u0161ene djevoj\u010dice&nbsp;koja je bila&nbsp;opkoljena&nbsp;\u010doporom vukova.&nbsp;Namazao\nsam se&nbsp;svojom \u010darobnom ma\u0161\u0107u&nbsp;i svojim krilatim cipelama&nbsp;u\ntrenutku stigao tamo.&nbsp;Budu\u0107i da sam bio nevidljiv, mogao sam pri\u0107i\nvukovima neprimije\u0107en.&nbsp;Sve sam vukove savladao&nbsp;golim rukama. Osim\njednog.&nbsp;Bio je to alfa mu\u017ejak.&nbsp;Izgledao je ve\u0107e i ja\u010de od ostalih\nvukova.&nbsp;Odjednom sam&nbsp;se po\u010deo \u010dudno osje\u0107ati. \u010carobna mast je\nprestajala djelovati i po\u010deo sam biti vidljiv i gubiti nadljudsku\nsnagu.&nbsp;Alfa mu\u017ejak je sko\u010dio na mene.&nbsp;U zadnji sam se tren sjetio svog\n\u010dudesnog \u0161tapa. Kad sam ga izvadio,&nbsp;pretvorio se u\n\u0161tit&nbsp;kojim&nbsp;sam&nbsp;uspio&nbsp;odbiti vuka od sebe.&nbsp;Na moju nesre\u0107u,\nvuk je&nbsp;odsko\u010dio od \u0161tita i sko\u010dio na djevoj\u010dicu koja je stajala iza mene.\nPonovno sam se namazao svojom \u010darobnom&nbsp;ma\u0161\u0107u&nbsp;i sko\u010dio na\nvuka.&nbsp;Kad sam ga napokon svladao,&nbsp;krenuo sam provjeriti \u0161to je s\ndjevoj\u010dicom.&nbsp;Bila je puna ugriza i&nbsp;ogrebotina koje su prouzro\u010dile\nvu\u010dje \u0161ape. Gledala me prepla\u0161eno i plakala je.&nbsp;U glavi sam ponovno \u010duo\nnjene misli. Govorile su:,, Ne \u017eelim umrijeti, imam bolesnog djeda za kojeg se\ntrebam brinuti&#8221;. Morao sam brzo ne\u0161to smisliti.&nbsp;Dosjetio sam se da\nimam&nbsp;iscjeliteljske&nbsp;mo\u0107i. Polo\u017eio sam ruke na djevoj\u010dicu i nakon\nnekoliko sekundi&nbsp;tragovi ugriza i vu\u010djih pand\u017ea su potpuno\nnestali.&nbsp;Pitao sam ju kamo \u017eeli i\u0107i i objasnila mi je gdje je ku\u0107a\nnjezinog djeda.&nbsp;Ponovno sam iskoristio svoje&nbsp;krilate cipele&nbsp;i&nbsp;ubrzo\nsmo stigli&nbsp;tamo.&nbsp;Vrata nam je otvorila njena baka.&nbsp;Uvela nas je\nu ku\u0107u.&nbsp;Pozvala nas je na ve\u010deru.&nbsp;Ba\u0161 kad sam se spremao\noti\u0107i,&nbsp;djevoj\u010dica me zamolila da&nbsp;pozdravim njezinog djeda,&nbsp;koji\nje le\u017eao&nbsp;nepokretan u svojoj sobi.&nbsp;Rekla mi je kako ne mo\u017ee\ngovoriti&nbsp;ni micati bilo koji dio tijela.&nbsp;U\u0161ao sam u sobu. Sjeo sam na\ndjedov&nbsp;krevet. Polo\u017eio sam svoju ruku na njega. On&nbsp;isprva nije\nreagirao.&nbsp;Nakon du\u017eeg&nbsp;vremena opazio sam kako mi\u010de no\u017enim prstima.\nUbrzo je po\u010deo pokretati i ostale dijelove tijela. Ustao je i sjeo na krevet.\nPovratila mu se i mo\u0107 govora. Bio&nbsp;mi je duboko zahvalan i nije mogao\nrije\u010dima opisati&nbsp;svoje osje\u0107aje. Mala djevoj\u010dica koja je sve to gledala sa\nstrane&nbsp;zaletjela&nbsp;se i \u010dvrsto me zagrlila. Kada sam obavio svoju\nzada\u0107u krenuo sam dalje\u2026&nbsp;<br>\n&nbsp;&nbsp;&nbsp;&nbsp;&nbsp;&nbsp;I tu sam&nbsp;se\nprobudio. Jo\u0161 sam 15-ak minuta le\u017eao u krevetu i&nbsp;razmi\u0161ljao \u0161to mi se to\ndogodilo dok sam spavao.&nbsp;Prenuo me maj\u010din glas: ,, Davide, zakasnit \u0107e\u0161 u\n\u0161kolu!!&#8221;&nbsp;<\/p>\n\n\n\n<p style=\"text-align:right\">\u00a0\u00a0\u00a0\u00a0\u00a0\u00a0\u00a0\u00a0\u00a0\u00a0\u00a0\u00a0<br> <strong> \u00a0\u00a0\u00a0\u00a0\u00a0\u00a0\u00a0\u00a0\u00a0\u00a0\u00a0\u00a0\u00a0\u00a0\u00a0\u00a0\u00a0\u00a0\u00a0\u00a0\u00a0\u00a0\u00a0\u00a0\u00a0\u00a0\u00a0\u00a0\u00a0\u00a0\u00a0\u00a0\u00a0\u00a0\u00a0\u00a0\u00a0\u00a0\u00a0\u00a0\u00a0\u00a0\u00a0\u00a0\u00a0\u00a0\u00a0\u00a0\u00a0\u00a0\u00a0\u00a0\u00a0\u00a0\u00a0\u00a0\u00a0\u00a0\u00a0\u00a0\u00a0\u00a0\u00a0\u00a0\u00a0\u00a0\u00a0\u00a0\u00a0\u00a0\u00a0\u00a0\u00a0\u00a0\u00a0\u00a0\u00a0\u00a0\u00a0\u00a0\u00a0\u00a0\u00a0\u00a0\u00a0\u00a0\u00a0\u00a0\u00a0\u00a0\u00a0\u00a0David Radman 7.e<\/strong>\u00a0<\/p>\n","protected":false},"excerpt":{"rendered":"<p>Jedne no\u0107i&nbsp;usnuo&nbsp;sam jedan&nbsp;vrlo&nbsp;neobi\u010dan&nbsp;san.&nbsp;Bilo mi je tako lijepo da&nbsp;sam htio&nbsp;cijeli dan ostati u krevetu.&nbsp;Danima poslije bio sam&nbsp;pod utjecajem tog sna.&nbsp;Stalno sam razmi\u0161ljao o njemu.&nbsp;Sada \u0107u vam&nbsp;detaljnije objasniti&nbsp;\u0161to mi se to toliko neobi\u010dno&nbsp;dogodilo.&nbsp;&nbsp; &nbsp;&nbsp;&nbsp;&nbsp;Sanjao sam kako imam&nbsp;supermo\u0107i. Imao&nbsp;sam mo\u0107 iscjeljivanja. Sve \u0161to bih dotaknuo, odjednom bi o\u017eivjelo.&nbsp;Ljudi bi se dodirom moje ruke pomla\u0111ivali, ranjene \u017eivotinje ozdravljale, uvenule [&hellip;]<\/p>\n","protected":false},"author":2,"featured_media":0,"parent":0,"menu_order":0,"comment_status":"closed","ping_status":"closed","template":"","meta":[],"_links":{"self":[{"href":"http:\/\/cvrcak-daruvar.com.hr\/index.php?rest_route=\/wp\/v2\/pages\/6141"}],"collection":[{"href":"http:\/\/cvrcak-daruvar.com.hr\/index.php?rest_route=\/wp\/v2\/pages"}],"about":[{"href":"http:\/\/cvrcak-daruvar.com.hr\/index.php?rest_route=\/wp\/v2\/types\/page"}],"author":[{"embeddable":true,"href":"http:\/\/cvrcak-daruvar.com.hr\/index.php?rest_route=\/wp\/v2\/users\/2"}],"replies":[{"embeddable":true,"href":"http:\/\/cvrcak-daruvar.com.hr\/index.php?rest_route=%2Fwp%2Fv2%2Fcomments&post=6141"}],"version-history":[{"count":2,"href":"http:\/\/cvrcak-daruvar.com.hr\/index.php?rest_route=\/wp\/v2\/pages\/6141\/revisions"}],"predecessor-version":[{"id":6145,"href":"http:\/\/cvrcak-daruvar.com.hr\/index.php?rest_route=\/wp\/v2\/pages\/6141\/revisions\/6145"}],"wp:attachment":[{"href":"http:\/\/cvrcak-daruvar.com.hr\/index.php?rest_route=%2Fwp%2Fv2%2Fmedia&parent=6141"}],"curies":[{"name":"wp","href":"https:\/\/api.w.org\/{rel}","templated":true}]}}