{"id":611,"date":"2012-06-09T08:37:34","date_gmt":"2012-06-09T06:37:34","guid":{"rendered":"http:\/\/cvrcak-daruvar.com.hr\/?page_id=611"},"modified":"2013-02-09T02:29:10","modified_gmt":"2013-02-09T01:29:10","slug":"astronomska-skupina","status":"publish","type":"page","link":"http:\/\/cvrcak-daruvar.com.hr\/?page_id=611","title":{"rendered":"Astronomska skupina"},"content":{"rendered":"<p><strong>Aktivnosti Astronomske skupine O\u0160 Vladimira Nazora Daruvar<\/strong><\/p>\n<p><strong><em>20.10. 2011. Virovitica \u2013 na predavanju Sandrina Po\u017ee\u017eanca \u2013 Jesmo li bili na Mjesecu<\/em><\/strong><\/p>\n<p><a href=\"http:\/\/cvrcak-daruvar.com.hr\/wp-content\/uploads\/2012\/06\/1.jpg\" class=\"gallery_colorbox\"><img decoding=\"async\" loading=\"lazy\" class=\"aligncenter size-medium wp-image-613\" title=\"1\" alt=\"\" src=\"http:\/\/cvrcak-daruvar.com.hr\/wp-content\/uploads\/2012\/06\/1-300x200.jpg\"  width=\"300\" height=\"200\" srcset=\"http:\/\/cvrcak-daruvar.com.hr\/wp-content\/uploads\/2012\/06\/1-300x200.jpg 300w, http:\/\/cvrcak-daruvar.com.hr\/wp-content\/uploads\/2012\/06\/1.jpg 720w\" sizes=\"(max-width: 300px) 100vw, 300px\" \/><\/a><\/p>\n<p>&nbsp;<\/p>\n<h2>Sandrino se bavio pobijanjem teorija o tome da nismo bili na Mjesecu. Predavanje je bilo vrlo interesantno, s obzirom na svoju dob Sandrino nas je sve o\u010darao. On ide u 2. razred Katoli\u010dke gimnazije.<\/h2>\n<p>Mislim da svi koji su do\u0161li, a bilo ih je toliko da su im morali donositi jo\u0161 stolica, bili ugodno iznena\u0111eni velikom stru\u010dno\u0161\u0107u mladog predava\u010da, da su puno nau\u010dili ne samo o Mjesecu, nego i o programu Apollo s kojega je Sandrino potpuno uklonio pla\u0161t tajnovitosti u koji su ga teoreti\u010dari zavjere neutemeljeno zavili, sasvim nepotrebno i zlo\u010desto. Sandrino je pokazao da je jedini lijek protiv takvih znanje, znanje i samo znanje. Zapravo nevjerojatno je da jedan u\u010denik 2. razreda gimnazije ulo\u017ei cijelu godinu kako bi prou\u010davaju\u0107i podatke i provode\u0107i svoje vlastite pokuse dokazao da smo bili na Mjesecu, ali upravo Sandrino je to napravio. Puno truda i energije i ogromna koli\u010dina talenta pokazali su meni i mojim u\u010denicima koji smo bili na predavanju da se upornost isplati!!! Bravo!!! Treba re\u0107i da je nakon ovog predavanja o njemu iza\u0161ao \u010dlanak u Ve\u010dernjem listu, sudjelovao je kao gost u \u0161kolskom programu Hrvatske televizije, te je odr\u017eao predavanja u Tehni\u010dkom muzeju u Zagrebu, Koprivnici i u sklopu manifestacije Deset dana astronomije u Daruvaru .<\/p>\n<p>&nbsp;<\/p>\n<p><strong><em>28.10 2011. Nova Ra\u010da \u2013 sudjelovanje na otvaranju \u2013 Mjeseca astronautike<\/em><\/strong><\/p>\n<p><a href=\"http:\/\/cvrcak-daruvar.com.hr\/wp-content\/uploads\/2012\/06\/2.jpg\" class=\"gallery_colorbox\"><img decoding=\"async\" loading=\"lazy\" class=\"aligncenter size-medium wp-image-614\" title=\"2\" alt=\"\" src=\"http:\/\/cvrcak-daruvar.com.hr\/wp-content\/uploads\/2012\/06\/2-300x225.jpg\"  width=\"300\" height=\"225\" srcset=\"http:\/\/cvrcak-daruvar.com.hr\/wp-content\/uploads\/2012\/06\/2-300x225.jpg 300w, http:\/\/cvrcak-daruvar.com.hr\/wp-content\/uploads\/2012\/06\/2.jpg 512w\" sizes=\"(max-width: 300px) 100vw, 300px\" \/><\/a><\/p>\n<p>&nbsp;<\/p>\n<p>Predavanje pod nazivom &#8220;Svemirske letjelice i budu\u0107nost svemirskih letova&#8221;, odr\u017eao je Dinko Brautovi\u0107 iz AAD Rijeka . Najprije smo upoznati sa idejom i razlozima zbog kojih je u pro\u0161losti do\u0161lo do osmi\u0161ljavanja programa svemirskih letova. Pomo\u0107u mno\u0161tva slika, skica, shema i animacija prikazan je razvoj raketa i svemirskih letjelica, te na\u010din na koji one funkcioniraju. Prikazane su neke najpoznatije svemirske misije i nova saznanja do kojih se do\u0161lo nakon njih. Predstavljeni su i planovi, te projekti budu\u0107ih svemirskih istra\u017eiva\u010dkih letjelica, a nama je posebno bio zanimljiv dio koji govori o &#8220;svemirskom turizmu&#8221;. Poslije predavanja mogli smo pogledati izlo\u017ebu koju je postavio Ivo Dijan iz AAD Zadar, te razgovarati sa Brankom Vidovi\u0107em tajnikom ZTK BB\u017d-e.<br \/>\nNakon predavanja, \u010dlanovi AAD-a Rijeka su u \u0161kolskom dvori\u0161tu postavili prijenosni teleskop refraktor. Tijekom prezentacije koja je uslijedila, u\u010denici su postavljali pitanja o tome kako se sastavlja teleskop, kako se koristi, \u010demu slu\u017ei, kakvi tipovi teleskopa postoje. Za atraktivan kraj programa pobrinuli su se \u010dlanovi Hrvatskog astronauti\u010dkog i raketnog saveza ispaliv\u0161i u zrak nekoliko manjih raketa koje su potom &#8220;prizemljene&#8221; pomo\u0107u padobrana.<\/p>\n<p>&nbsp;<\/p>\n<p><strong><em>18.11. 2011. Petrov vrh \u2013 sudjelovanje u radu na Redovnoj izbornoj skup\u0161tini AD Kumova slama Daruvar<\/em><\/strong><\/p>\n<p><a href=\"http:\/\/cvrcak-daruvar.com.hr\/wp-content\/uploads\/2012\/06\/3.jpg\" class=\"gallery_colorbox\"><img decoding=\"async\" loading=\"lazy\" class=\"aligncenter size-full wp-image-615\" title=\"3\" alt=\"\" src=\"http:\/\/cvrcak-daruvar.com.hr\/wp-content\/uploads\/2012\/06\/3.jpg\"  width=\"640\" height=\"480\" srcset=\"http:\/\/cvrcak-daruvar.com.hr\/wp-content\/uploads\/2012\/06\/3.jpg 640w, http:\/\/cvrcak-daruvar.com.hr\/wp-content\/uploads\/2012\/06\/3-300x225.jpg 300w\" sizes=\"(max-width: 640px) 100vw, 640px\" \/><\/a><\/p>\n<p>&nbsp;<\/p>\n<p>Nakon uvodnih rije\u010di i izbora novog rukovodstva mogli smo u\u017eivati u predavanju koje nam\u00a0 je odr\u017eao Marko \u0160imac iz AD Beskraj iz Zagreba pod nazivom Tajne svemirskih ubojica. Mogli smo saznati \u0161to su asteroidi, koliko ih ima , koji su najopasniji, kako ih mi prou\u010davamo. Saznali smo da bi neki mogli nauditi na\u0161em dragom planetu. Nakon predavanje uslijedio je razgledavanje vedrog neba pomo\u0107u teleskopa iz Zagreb , Koprivnice i onog na\u0161eg dru\u0161tva. Moramo priznati da su svi bili odu\u0161evljeni jer pogled sa Petrovog vrha ostavio je sve bez daha jer u isto vrijeme u centru Daruvara od magle nisi mogao ni\u0161ta vidjeti. Dru\u017eenje sa gostima, razmjena iskustva i dobra hrana nisu izostali tako da smo svi bili zadovoljni.<\/p>\n<p>&nbsp;<\/p>\n<p><strong><em>29.1. 2012. Daruvar \u2013 po\u010detak u\u010deni\u010dkog projekta Mjerenje visine Sunca<\/em><\/strong><\/p>\n<p><a href=\"http:\/\/cvrcak-daruvar.com.hr\/wp-content\/uploads\/2012\/06\/4.jpg\" class=\"gallery_colorbox\"><img decoding=\"async\" loading=\"lazy\" class=\"aligncenter size-medium wp-image-616\" title=\"4\" alt=\"\" src=\"http:\/\/cvrcak-daruvar.com.hr\/wp-content\/uploads\/2012\/06\/4-300x225.jpg\"  width=\"300\" height=\"225\" srcset=\"http:\/\/cvrcak-daruvar.com.hr\/wp-content\/uploads\/2012\/06\/4-300x225.jpg 300w, http:\/\/cvrcak-daruvar.com.hr\/wp-content\/uploads\/2012\/06\/4.jpg 640w\" sizes=\"(max-width: 300px) 100vw, 300px\" \/><\/a><\/p>\n<p>Prilikom mjerenja visine Sunca koristili smo gnomon. U\u010denici su bili podijeljeni u \u010detiri skupine. Prva skupina mjerila je duljinu sjene \u0161tapa u centimetrima. Druga skupina je na milimetarskom papiru uz pomo\u0107 kutomjera odre\u0111ivala kutnu udaljenost Sunca. Tre\u0107a i \u010detvrta skupina su na ra\u010dunalima izra\u0111ivala grafikone koji su prikazivali Promjenu duljine sjene \u0161tapa i Promjenu visine Sunca. Naime mi smo mjerenja zapo\u010deli u 10 sati i 40 minuta, a zavr\u0161ili u 13 sati i 20 sati te smo svakih deset minuta bilje\u017eili i izra\u010dunavali vrijednosti. Treba napomenuti da \u0107emo mjerenje provesti svaki mjesec najmanje jedanput \u00a0kako bismo mogli pratiti kako Sunce mijenja visinu tijekom godine, a na taj na\u010din \u0107emo do\u0107i do jo\u0161 nekih spoznaja.<\/p>\n<p>&nbsp;<\/p>\n<p><strong><em>30.3. 2012. Daruvar \u2013 Likovna radionica u sklopu manifestacije Deset dana astronomije <\/em><\/strong><\/p>\n<p><a href=\"http:\/\/cvrcak-daruvar.com.hr\/wp-content\/uploads\/2012\/06\/5.jpg\" class=\"gallery_colorbox\"><img decoding=\"async\" loading=\"lazy\" class=\"aligncenter size-medium wp-image-617\" title=\"5\" alt=\"\" src=\"http:\/\/cvrcak-daruvar.com.hr\/wp-content\/uploads\/2012\/06\/5-300x225.jpg\"  width=\"300\" height=\"225\" srcset=\"http:\/\/cvrcak-daruvar.com.hr\/wp-content\/uploads\/2012\/06\/5-300x225.jpg 300w, http:\/\/cvrcak-daruvar.com.hr\/wp-content\/uploads\/2012\/06\/5.jpg 960w\" sizes=\"(max-width: 300px) 100vw, 300px\" \/><\/a><\/p>\n<p>U u\u010dionici geografije u O\u0160 Vladimira Nazora odr\u017eana je radionica crtanje svemira koju je vodio Marino Tumpi\u0107 iz AD Vidulini. \u00a0Nakon po\u010detnog upoznavanja on je fotografijama planeta, \u00a0Sunca, \u00a0zvijezda, \u00a0meteora, svemirskih brodova, \u00a0raketa, \u00a0maglica zainteresirao djecu za ovu problematiku. Nakon pet minutnog odmora u\u010denici su drvenim bojama i masnim bojama krenuli ure\u0111ivati papire formata b5, \u00a0i tako su dva \u0161kolska sata na brzinu pro\u0161la. U\u010denici su crtali, ali na kraju su morali svojoj slici dati ime, te ih je Marino organizirao da fotkaju slike te naprave facebook grupu kako bi svi mogli vidjeti slike. Na kraju radionice jedan u\u010denik je zadu\u017een za \u010duvanje slika, kako bi se one postavile na izlo\u017ebi za 4. dane astronomije u Daruvaru. Treba napomenuti da su svi sudionici radionice bili vrlo anga\u017eirani i da su svi radovi jako dobri . Na\u0161a zajedni\u010dka fotografija osvanula je na portalu Regional expresa \u2013 nezavisnog istarskog tjednika .<\/p>\n<p><strong><em>\u00a0<\/em><\/strong><\/p>\n<p><strong><em>Reakcije u\u010denika na manifestaciju Deset dana astronomije odr\u017eanu od 23.3 \u2013 1.4. 2012. u Daruvaru <\/em><\/strong><\/p>\n<p><a href=\"http:\/\/cvrcak-daruvar.com.hr\/wp-content\/uploads\/2012\/06\/6.jpg\" class=\"gallery_colorbox\"><img decoding=\"async\" loading=\"lazy\" class=\"aligncenter size-medium wp-image-618\" title=\"6\" alt=\"\" src=\"http:\/\/cvrcak-daruvar.com.hr\/wp-content\/uploads\/2012\/06\/6-300x225.jpg\"  width=\"300\" height=\"225\" srcset=\"http:\/\/cvrcak-daruvar.com.hr\/wp-content\/uploads\/2012\/06\/6-300x225.jpg 300w, http:\/\/cvrcak-daruvar.com.hr\/wp-content\/uploads\/2012\/06\/6.jpg 640w\" sizes=\"(max-width: 300px) 100vw, 300px\" \/><\/a><\/p>\n<p>Svaki dan smo u\u017eivali u raznim predavanjima, promatranjima neba te prekrasnoj galeriji. Naime, na svakom predavanju, nau\u010dili smo ne\u0161to novo, zanimljivije, a \u0161to je nebo postajalo tamnije, to su zvijezde bile sjajnije. Tako smo uspjeli prou\u010diti zvijezde i napraviti nekoliko fotografija. Bilo je tu i crtanja gdje smo se svi zabavljali i pu\u0161tali ma\u0161tu da vlada. Mali koncert napravila je daruvarska rock grupa &#8216;2 puta tjedno&#8217; te su nam odsvirali nekoliko pjesama i zabavili nas. Sve je to bilo odr\u017eano uz potporu na\u0161eg predsjednika Republike Ive Josipovi\u0107a.<\/p>\n<p align=\"right\"><em>Lena Popadi\u0107 , VII b<\/em><\/p>\n<p>&nbsp;<\/p>\n<p>Najvi\u0161e mi se dojmilo predavanje Ante Radoni\u0107a o Marsu. Na tom predavanju nau\u010dio sam puno novih zanimljivosti. Fascinirao me savr\u0161en red u Svemiru, raspored svemirskih tijela. Izlo\u017eba slika bila je odli\u010dna kao i svake godine. Akademik Vladimir Paar nam je govorio o svemirskim upravlja\u010dima na\u0161e klime. Kod njega sam saznao da djeca u\u00a0 Americi u\u00a0 \u0161koli ne smiju imati previ\u0161e uglji\u010dnog dioksida u u\u010dionici ina\u010de im se smanjuje dotok kisika u mozak te tad ne mogu to\u010dno napisati test. Na likovnoj radionici dobro smo upotrijebili ma\u0161tu te napravili razne crte\u017ee. Jedino mi se malo nije svidjelo predavanje Korada Korlevi\u0107a\u00a0 o projektu\u00a0 SETI\u00a0 jer su sve rije\u010di bile na engleskom.<\/p>\n<p align=\"right\"><em>Mijo Radi\u0107 , VI b<\/em><\/p>\n<p><strong><em>\u00a0<\/em><\/strong><\/p>\n<p><strong><em>6.6. 2012. Gornji Daruvar\u00a0 &#8211; Tranzit Venere preko Sunca <\/em><\/strong><\/p>\n<p>Rano bu\u0111enje u pola pet ujutro nije nas sprije\u010dilo da u\u017eivamo u pojavi koja se mo\u017ee vidjeti vrlo rijetko. Naime mogli smo vidjeti uz pomo\u0107 astronoma iz AD Kumova slama \u00a0kako Venera prelazi preko Sunca. Vjerojatno nitko od nas tu pojavu vi\u0161e ne\u0107e mo\u0107i vidjeti jer \u0107e slijede\u0107i puta biti vidljiva 2117. godine. Pojavu smo mogli pratiti na ra\u010dunalu i pomo\u0107u teleskopa i za\u0161titne folije. U\u017eivali smo u predivnom daruvarskom jutru u pogledima na vidike na koje do sada nismo ni znali da ih imamo u Daruvaru. Desetak u\u010denika na\u0161e \u0161kole sa nastavnicima tako se pridru\u017eilo ostalim zainteresiranim gra\u0111anima kako bi ispratilo ovu zanimljivu pojavu.<\/p>\n<p><a href=\"http:\/\/cvrcak-daruvar.com.hr\/wp-content\/uploads\/2012\/06\/7.jpg\" class=\"gallery_colorbox\"><img decoding=\"async\" loading=\"lazy\" class=\"aligncenter size-full wp-image-612\" title=\"7\" alt=\"\" src=\"http:\/\/cvrcak-daruvar.com.hr\/wp-content\/uploads\/2012\/06\/7.jpg\"  width=\"960\" height=\"720\" srcset=\"http:\/\/cvrcak-daruvar.com.hr\/wp-content\/uploads\/2012\/06\/7.jpg 960w, http:\/\/cvrcak-daruvar.com.hr\/wp-content\/uploads\/2012\/06\/7-300x225.jpg 300w\" sizes=\"(max-width: 960px) 100vw, 960px\" \/><\/a><\/p>\n<p>&nbsp;<\/p>\n<p>Denis Singer, prof. i u\u010denici Astronomske skupine ( Karlo Horvat, Luka Bartol, Lena Popadi\u0107, Dora \u010castek, Karlo Kara\u010di\u0107, Mijo Radi\u0107 i Tomislav Karaula )<\/p>\n<p>&nbsp;<\/p>\n","protected":false},"excerpt":{"rendered":"<p>Aktivnosti Astronomske skupine O\u0160 Vladimira Nazora Daruvar 20.10. 2011. Virovitica \u2013 na predavanju Sandrina Po\u017ee\u017eanca \u2013 Jesmo li bili na Mjesecu &nbsp; Sandrino se bavio pobijanjem teorija o tome da nismo bili na Mjesecu. Predavanje je bilo vrlo interesantno, s obzirom na svoju dob Sandrino nas je sve o\u010darao. On ide u 2. razred Katoli\u010dke [&hellip;]<\/p>\n","protected":false},"author":1,"featured_media":0,"parent":827,"menu_order":0,"comment_status":"closed","ping_status":"closed","template":"","meta":[],"_links":{"self":[{"href":"http:\/\/cvrcak-daruvar.com.hr\/index.php?rest_route=\/wp\/v2\/pages\/611"}],"collection":[{"href":"http:\/\/cvrcak-daruvar.com.hr\/index.php?rest_route=\/wp\/v2\/pages"}],"about":[{"href":"http:\/\/cvrcak-daruvar.com.hr\/index.php?rest_route=\/wp\/v2\/types\/page"}],"author":[{"embeddable":true,"href":"http:\/\/cvrcak-daruvar.com.hr\/index.php?rest_route=\/wp\/v2\/users\/1"}],"replies":[{"embeddable":true,"href":"http:\/\/cvrcak-daruvar.com.hr\/index.php?rest_route=%2Fwp%2Fv2%2Fcomments&post=611"}],"version-history":[{"count":12,"href":"http:\/\/cvrcak-daruvar.com.hr\/index.php?rest_route=\/wp\/v2\/pages\/611\/revisions"}],"predecessor-version":[{"id":620,"href":"http:\/\/cvrcak-daruvar.com.hr\/index.php?rest_route=\/wp\/v2\/pages\/611\/revisions\/620"}],"up":[{"embeddable":true,"href":"http:\/\/cvrcak-daruvar.com.hr\/index.php?rest_route=\/wp\/v2\/pages\/827"}],"wp:attachment":[{"href":"http:\/\/cvrcak-daruvar.com.hr\/index.php?rest_route=%2Fwp%2Fv2%2Fmedia&parent=611"}],"curies":[{"name":"wp","href":"https:\/\/api.w.org\/{rel}","templated":true}]}}