{"id":6081,"date":"2020-12-30T09:05:02","date_gmt":"2020-12-30T08:05:02","guid":{"rendered":"http:\/\/cvrcak-daruvar.com.hr\/?page_id=6081"},"modified":"2020-12-30T09:40:04","modified_gmt":"2020-12-30T08:40:04","slug":"od-staroga-novo","status":"publish","type":"page","link":"http:\/\/cvrcak-daruvar.com.hr\/?page_id=6081","title":{"rendered":"\u201eOD STAROGA NOVO\u201c"},"content":{"rendered":"\n<p>\u010clanovi skupine Mali istra\u017eiva\u010di 4.b razreda i njihova u\u010diteljica Jasna \u0160\u0107erba istra\u017eili su kako bi se od staroga moglo napraviti ne\u0161to novo. Odlu\u010dili smo izraditi\u00a0 bo\u017ei\u0107ne ukrase od plasti\u010dnih boca. Prerezali smo boce,spojili dno i vrh,obojali tu\u0161evima u boji i stavili glitere. Unutra smo postavili duguljastu svije\u0107u i tako je nastao bo\u017ei\u0107ni svje\u0107njak. Za zvon\u010di\u0107e smo odrezali pola bo\u010dice,obojali, i na kraju dodali bati\u0107 i vrpcu. Pogledajte na\u0161e ukrase! <\/p>\n\n\n\n<h2 class=\"wp-block-heading\"><strong><a href=\"https:\/\/drive.google.com\/file\/d\/1KG_fZW5dlc48SAgWeRqPvYWuDM1EiWgc\/view?usp=sharing\" target=\"_blank\" rel=\"noreferrer noopener\" aria-label=\"VIDEO (opens in a new tab)\">VIDEO<\/a><\/strong><\/h2>\n\n\n\n<ul class=\"wp-block-gallery columns-3 is-cropped wp-block-gallery-1 is-layout-flex\"><li class=\"blocks-gallery-item\"><figure><img decoding=\"async\" loading=\"lazy\" width=\"339\" height=\"600\" src=\"http:\/\/cvrcak-daruvar.com.hr\/wp-content\/uploads\/2020\/12\/m_DSC_0214.jpg\" alt=\"\" data-id=\"6082\" data-link=\"http:\/\/cvrcak-daruvar.com.hr\/?attachment_id=6082\" class=\"wp-image-6082\" srcset=\"http:\/\/cvrcak-daruvar.com.hr\/wp-content\/uploads\/2020\/12\/m_DSC_0214.jpg 339w, http:\/\/cvrcak-daruvar.com.hr\/wp-content\/uploads\/2020\/12\/m_DSC_0214-170x300.jpg 170w\" sizes=\"(max-width: 339px) 100vw, 339px\" \/><\/figure><\/li><li class=\"blocks-gallery-item\"><figure><img decoding=\"async\" loading=\"lazy\" width=\"339\" height=\"600\" src=\"http:\/\/cvrcak-daruvar.com.hr\/wp-content\/uploads\/2020\/12\/m_DSC_0215.jpg\" alt=\"\" data-id=\"6083\" data-link=\"http:\/\/cvrcak-daruvar.com.hr\/?attachment_id=6083\" class=\"wp-image-6083\" srcset=\"http:\/\/cvrcak-daruvar.com.hr\/wp-content\/uploads\/2020\/12\/m_DSC_0215.jpg 339w, http:\/\/cvrcak-daruvar.com.hr\/wp-content\/uploads\/2020\/12\/m_DSC_0215-170x300.jpg 170w\" sizes=\"(max-width: 339px) 100vw, 339px\" \/><\/figure><\/li><li class=\"blocks-gallery-item\"><figure><img decoding=\"async\" loading=\"lazy\" width=\"339\" height=\"600\" src=\"http:\/\/cvrcak-daruvar.com.hr\/wp-content\/uploads\/2020\/12\/m_DSC_0217.jpg\" alt=\"\" data-id=\"6084\" data-link=\"http:\/\/cvrcak-daruvar.com.hr\/?attachment_id=6084\" class=\"wp-image-6084\" srcset=\"http:\/\/cvrcak-daruvar.com.hr\/wp-content\/uploads\/2020\/12\/m_DSC_0217.jpg 339w, http:\/\/cvrcak-daruvar.com.hr\/wp-content\/uploads\/2020\/12\/m_DSC_0217-170x300.jpg 170w\" sizes=\"(max-width: 339px) 100vw, 339px\" \/><\/figure><\/li><li class=\"blocks-gallery-item\"><figure><img decoding=\"async\" loading=\"lazy\" width=\"339\" height=\"600\" src=\"http:\/\/cvrcak-daruvar.com.hr\/wp-content\/uploads\/2020\/12\/m_DSC_0218.jpg\" alt=\"\" data-id=\"6085\" data-link=\"http:\/\/cvrcak-daruvar.com.hr\/?attachment_id=6085\" class=\"wp-image-6085\" srcset=\"http:\/\/cvrcak-daruvar.com.hr\/wp-content\/uploads\/2020\/12\/m_DSC_0218.jpg 339w, http:\/\/cvrcak-daruvar.com.hr\/wp-content\/uploads\/2020\/12\/m_DSC_0218-170x300.jpg 170w\" sizes=\"(max-width: 339px) 100vw, 339px\" \/><\/figure><\/li><li class=\"blocks-gallery-item\"><figure><img decoding=\"async\" loading=\"lazy\" width=\"339\" height=\"600\" src=\"http:\/\/cvrcak-daruvar.com.hr\/wp-content\/uploads\/2020\/12\/m_DSC_0219.jpg\" alt=\"\" data-id=\"6086\" data-link=\"http:\/\/cvrcak-daruvar.com.hr\/?attachment_id=6086\" class=\"wp-image-6086\" srcset=\"http:\/\/cvrcak-daruvar.com.hr\/wp-content\/uploads\/2020\/12\/m_DSC_0219.jpg 339w, http:\/\/cvrcak-daruvar.com.hr\/wp-content\/uploads\/2020\/12\/m_DSC_0219-170x300.jpg 170w\" sizes=\"(max-width: 339px) 100vw, 339px\" \/><\/figure><\/li><li class=\"blocks-gallery-item\"><figure><img decoding=\"async\" loading=\"lazy\" width=\"339\" height=\"600\" src=\"http:\/\/cvrcak-daruvar.com.hr\/wp-content\/uploads\/2020\/12\/m_DSC_0220.jpg\" alt=\"\" data-id=\"6087\" data-link=\"http:\/\/cvrcak-daruvar.com.hr\/?attachment_id=6087\" class=\"wp-image-6087\" srcset=\"http:\/\/cvrcak-daruvar.com.hr\/wp-content\/uploads\/2020\/12\/m_DSC_0220.jpg 339w, http:\/\/cvrcak-daruvar.com.hr\/wp-content\/uploads\/2020\/12\/m_DSC_0220-170x300.jpg 170w\" sizes=\"(max-width: 339px) 100vw, 339px\" \/><\/figure><\/li><li class=\"blocks-gallery-item\"><figure><img decoding=\"async\" loading=\"lazy\" width=\"339\" height=\"600\" src=\"http:\/\/cvrcak-daruvar.com.hr\/wp-content\/uploads\/2020\/12\/m_DSC_0221.jpg\" alt=\"\" data-id=\"6088\" data-link=\"http:\/\/cvrcak-daruvar.com.hr\/?attachment_id=6088\" class=\"wp-image-6088\" srcset=\"http:\/\/cvrcak-daruvar.com.hr\/wp-content\/uploads\/2020\/12\/m_DSC_0221.jpg 339w, http:\/\/cvrcak-daruvar.com.hr\/wp-content\/uploads\/2020\/12\/m_DSC_0221-170x300.jpg 170w\" sizes=\"(max-width: 339px) 100vw, 339px\" \/><\/figure><\/li><li class=\"blocks-gallery-item\"><figure><img decoding=\"async\" loading=\"lazy\" width=\"339\" height=\"600\" src=\"http:\/\/cvrcak-daruvar.com.hr\/wp-content\/uploads\/2020\/12\/m_DSC_0223.jpg\" alt=\"\" data-id=\"6089\" data-link=\"http:\/\/cvrcak-daruvar.com.hr\/?attachment_id=6089\" class=\"wp-image-6089\" srcset=\"http:\/\/cvrcak-daruvar.com.hr\/wp-content\/uploads\/2020\/12\/m_DSC_0223.jpg 339w, http:\/\/cvrcak-daruvar.com.hr\/wp-content\/uploads\/2020\/12\/m_DSC_0223-170x300.jpg 170w\" sizes=\"(max-width: 339px) 100vw, 339px\" \/><\/figure><\/li><li class=\"blocks-gallery-item\"><figure><img decoding=\"async\" loading=\"lazy\" width=\"339\" height=\"600\" src=\"http:\/\/cvrcak-daruvar.com.hr\/wp-content\/uploads\/2020\/12\/m_DSC_0246.jpg\" alt=\"\" data-id=\"6090\" data-link=\"http:\/\/cvrcak-daruvar.com.hr\/?attachment_id=6090\" class=\"wp-image-6090\" srcset=\"http:\/\/cvrcak-daruvar.com.hr\/wp-content\/uploads\/2020\/12\/m_DSC_0246.jpg 339w, http:\/\/cvrcak-daruvar.com.hr\/wp-content\/uploads\/2020\/12\/m_DSC_0246-170x300.jpg 170w\" sizes=\"(max-width: 339px) 100vw, 339px\" \/><\/figure><\/li><li class=\"blocks-gallery-item\"><figure><img decoding=\"async\" loading=\"lazy\" width=\"600\" height=\"339\" src=\"http:\/\/cvrcak-daruvar.com.hr\/wp-content\/uploads\/2020\/12\/m_DSC_0247.jpg\" alt=\"\" data-id=\"6091\" data-link=\"http:\/\/cvrcak-daruvar.com.hr\/?attachment_id=6091\" class=\"wp-image-6091\" srcset=\"http:\/\/cvrcak-daruvar.com.hr\/wp-content\/uploads\/2020\/12\/m_DSC_0247.jpg 600w, http:\/\/cvrcak-daruvar.com.hr\/wp-content\/uploads\/2020\/12\/m_DSC_0247-300x170.jpg 300w\" sizes=\"(max-width: 600px) 100vw, 600px\" \/><\/figure><\/li><\/ul>\n","protected":false},"excerpt":{"rendered":"<p>\u010clanovi skupine Mali istra\u017eiva\u010di 4.b razreda i njihova u\u010diteljica Jasna \u0160\u0107erba istra\u017eili su kako bi se od staroga moglo napraviti ne\u0161to novo. Odlu\u010dili smo izraditi\u00a0 bo\u017ei\u0107ne ukrase od plasti\u010dnih boca. Prerezali smo boce,spojili dno i vrh,obojali tu\u0161evima u boji i stavili glitere. Unutra smo postavili duguljastu svije\u0107u i tako je nastao bo\u017ei\u0107ni svje\u0107njak. Za zvon\u010di\u0107e [&hellip;]<\/p>\n","protected":false},"author":2,"featured_media":0,"parent":0,"menu_order":0,"comment_status":"closed","ping_status":"closed","template":"","meta":[],"_links":{"self":[{"href":"http:\/\/cvrcak-daruvar.com.hr\/index.php?rest_route=\/wp\/v2\/pages\/6081"}],"collection":[{"href":"http:\/\/cvrcak-daruvar.com.hr\/index.php?rest_route=\/wp\/v2\/pages"}],"about":[{"href":"http:\/\/cvrcak-daruvar.com.hr\/index.php?rest_route=\/wp\/v2\/types\/page"}],"author":[{"embeddable":true,"href":"http:\/\/cvrcak-daruvar.com.hr\/index.php?rest_route=\/wp\/v2\/users\/2"}],"replies":[{"embeddable":true,"href":"http:\/\/cvrcak-daruvar.com.hr\/index.php?rest_route=%2Fwp%2Fv2%2Fcomments&post=6081"}],"version-history":[{"count":6,"href":"http:\/\/cvrcak-daruvar.com.hr\/index.php?rest_route=\/wp\/v2\/pages\/6081\/revisions"}],"predecessor-version":[{"id":6117,"href":"http:\/\/cvrcak-daruvar.com.hr\/index.php?rest_route=\/wp\/v2\/pages\/6081\/revisions\/6117"}],"wp:attachment":[{"href":"http:\/\/cvrcak-daruvar.com.hr\/index.php?rest_route=%2Fwp%2Fv2%2Fmedia&parent=6081"}],"curies":[{"name":"wp","href":"https:\/\/api.w.org\/{rel}","templated":true}]}}