{"id":6013,"date":"2020-12-03T12:25:37","date_gmt":"2020-12-03T11:25:37","guid":{"rendered":"http:\/\/cvrcak-daruvar.com.hr\/?page_id=6013"},"modified":"2020-12-03T12:25:37","modified_gmt":"2020-12-03T11:25:37","slug":"ucenici-ps-frankopanska-uredili-predvorje-skole","status":"publish","type":"page","link":"http:\/\/cvrcak-daruvar.com.hr\/?page_id=6013","title":{"rendered":"U\u010denici P\u0160 Frankopanska uredili predvorje \u0161kole."},"content":{"rendered":"\n<ul class=\"wp-block-gallery columns-2 is-cropped wp-block-gallery-1 is-layout-flex\"><li class=\"blocks-gallery-item\"><figure><img decoding=\"async\" loading=\"lazy\" width=\"600\" height=\"450\" src=\"http:\/\/cvrcak-daruvar.com.hr\/wp-content\/uploads\/2020\/12\/m_IMG-0209.jpg\" alt=\"\" data-id=\"6014\" data-link=\"http:\/\/cvrcak-daruvar.com.hr\/?attachment_id=6014\" class=\"wp-image-6014\" srcset=\"http:\/\/cvrcak-daruvar.com.hr\/wp-content\/uploads\/2020\/12\/m_IMG-0209.jpg 600w, http:\/\/cvrcak-daruvar.com.hr\/wp-content\/uploads\/2020\/12\/m_IMG-0209-300x225.jpg 300w\" sizes=\"(max-width: 600px) 100vw, 600px\" \/><\/figure><\/li><li class=\"blocks-gallery-item\"><figure><img decoding=\"async\" loading=\"lazy\" width=\"600\" height=\"450\" src=\"http:\/\/cvrcak-daruvar.com.hr\/wp-content\/uploads\/2020\/12\/m_IMG-0212.jpg\" alt=\"\" data-id=\"6015\" data-link=\"http:\/\/cvrcak-daruvar.com.hr\/?attachment_id=6015\" class=\"wp-image-6015\" srcset=\"http:\/\/cvrcak-daruvar.com.hr\/wp-content\/uploads\/2020\/12\/m_IMG-0212.jpg 600w, http:\/\/cvrcak-daruvar.com.hr\/wp-content\/uploads\/2020\/12\/m_IMG-0212-300x225.jpg 300w\" sizes=\"(max-width: 600px) 100vw, 600px\" \/><\/figure><\/li><li class=\"blocks-gallery-item\"><figure><img decoding=\"async\" loading=\"lazy\" width=\"600\" height=\"450\" src=\"http:\/\/cvrcak-daruvar.com.hr\/wp-content\/uploads\/2020\/12\/m_IMG-0218.jpg\" alt=\"\" data-id=\"6016\" data-link=\"http:\/\/cvrcak-daruvar.com.hr\/?attachment_id=6016\" class=\"wp-image-6016\" srcset=\"http:\/\/cvrcak-daruvar.com.hr\/wp-content\/uploads\/2020\/12\/m_IMG-0218.jpg 600w, http:\/\/cvrcak-daruvar.com.hr\/wp-content\/uploads\/2020\/12\/m_IMG-0218-300x225.jpg 300w\" sizes=\"(max-width: 600px) 100vw, 600px\" \/><\/figure><\/li><li class=\"blocks-gallery-item\"><figure><img decoding=\"async\" loading=\"lazy\" width=\"600\" height=\"450\" src=\"http:\/\/cvrcak-daruvar.com.hr\/wp-content\/uploads\/2020\/12\/m_IMG-0219.jpg\" alt=\"\" data-id=\"6017\" data-link=\"http:\/\/cvrcak-daruvar.com.hr\/?attachment_id=6017\" class=\"wp-image-6017\" srcset=\"http:\/\/cvrcak-daruvar.com.hr\/wp-content\/uploads\/2020\/12\/m_IMG-0219.jpg 600w, http:\/\/cvrcak-daruvar.com.hr\/wp-content\/uploads\/2020\/12\/m_IMG-0219-300x225.jpg 300w\" sizes=\"(max-width: 600px) 100vw, 600px\" \/><\/figure><\/li><li class=\"blocks-gallery-item\"><figure><img decoding=\"async\" loading=\"lazy\" width=\"600\" height=\"450\" src=\"http:\/\/cvrcak-daruvar.com.hr\/wp-content\/uploads\/2020\/12\/m_unnamed-2.jpg\" alt=\"\" data-id=\"6018\" data-link=\"http:\/\/cvrcak-daruvar.com.hr\/?attachment_id=6018\" class=\"wp-image-6018\" srcset=\"http:\/\/cvrcak-daruvar.com.hr\/wp-content\/uploads\/2020\/12\/m_unnamed-2.jpg 600w, http:\/\/cvrcak-daruvar.com.hr\/wp-content\/uploads\/2020\/12\/m_unnamed-2-300x225.jpg 300w\" sizes=\"(max-width: 600px) 100vw, 600px\" \/><\/figure><\/li><li class=\"blocks-gallery-item\"><figure><img decoding=\"async\" loading=\"lazy\" width=\"600\" height=\"450\" src=\"http:\/\/cvrcak-daruvar.com.hr\/wp-content\/uploads\/2020\/12\/m_unnamed-3.jpg\" alt=\"\" data-id=\"6019\" data-link=\"http:\/\/cvrcak-daruvar.com.hr\/?attachment_id=6019\" class=\"wp-image-6019\" srcset=\"http:\/\/cvrcak-daruvar.com.hr\/wp-content\/uploads\/2020\/12\/m_unnamed-3.jpg 600w, http:\/\/cvrcak-daruvar.com.hr\/wp-content\/uploads\/2020\/12\/m_unnamed-3-300x225.jpg 300w\" sizes=\"(max-width: 600px) 100vw, 600px\" \/><\/figure><\/li><li class=\"blocks-gallery-item\"><figure><img decoding=\"async\" loading=\"lazy\" width=\"450\" height=\"600\" src=\"http:\/\/cvrcak-daruvar.com.hr\/wp-content\/uploads\/2020\/12\/m_unnamed-4.jpg\" alt=\"\" data-id=\"6020\" data-link=\"http:\/\/cvrcak-daruvar.com.hr\/?attachment_id=6020\" class=\"wp-image-6020\" srcset=\"http:\/\/cvrcak-daruvar.com.hr\/wp-content\/uploads\/2020\/12\/m_unnamed-4.jpg 450w, http:\/\/cvrcak-daruvar.com.hr\/wp-content\/uploads\/2020\/12\/m_unnamed-4-225x300.jpg 225w\" sizes=\"(max-width: 450px) 100vw, 450px\" \/><\/figure><\/li><\/ul>\n","protected":false},"excerpt":{"rendered":"","protected":false},"author":2,"featured_media":0,"parent":0,"menu_order":0,"comment_status":"closed","ping_status":"closed","template":"","meta":[],"_links":{"self":[{"href":"http:\/\/cvrcak-daruvar.com.hr\/index.php?rest_route=\/wp\/v2\/pages\/6013"}],"collection":[{"href":"http:\/\/cvrcak-daruvar.com.hr\/index.php?rest_route=\/wp\/v2\/pages"}],"about":[{"href":"http:\/\/cvrcak-daruvar.com.hr\/index.php?rest_route=\/wp\/v2\/types\/page"}],"author":[{"embeddable":true,"href":"http:\/\/cvrcak-daruvar.com.hr\/index.php?rest_route=\/wp\/v2\/users\/2"}],"replies":[{"embeddable":true,"href":"http:\/\/cvrcak-daruvar.com.hr\/index.php?rest_route=%2Fwp%2Fv2%2Fcomments&post=6013"}],"version-history":[{"count":1,"href":"http:\/\/cvrcak-daruvar.com.hr\/index.php?rest_route=\/wp\/v2\/pages\/6013\/revisions"}],"predecessor-version":[{"id":6021,"href":"http:\/\/cvrcak-daruvar.com.hr\/index.php?rest_route=\/wp\/v2\/pages\/6013\/revisions\/6021"}],"wp:attachment":[{"href":"http:\/\/cvrcak-daruvar.com.hr\/index.php?rest_route=%2Fwp%2Fv2%2Fmedia&parent=6013"}],"curies":[{"name":"wp","href":"https:\/\/api.w.org\/{rel}","templated":true}]}}