{"id":5977,"date":"2020-11-29T16:32:12","date_gmt":"2020-11-29T15:32:12","guid":{"rendered":"http:\/\/cvrcak-daruvar.com.hr\/?page_id=5977"},"modified":"2020-12-01T09:39:37","modified_gmt":"2020-12-01T08:39:37","slug":"bake-i-djedovi-u-skolskim-klupama","status":"publish","type":"page","link":"http:\/\/cvrcak-daruvar.com.hr\/?page_id=5977","title":{"rendered":"Bake i djedovi u \u0161kolskim klupama"},"content":{"rendered":"\n<div class=\"wp-block-media-text alignwide\"><figure class=\"wp-block-media-text__media\"><img decoding=\"async\" loading=\"lazy\" width=\"450\" height=\"800\" src=\"http:\/\/cvrcak-daruvar.com.hr\/wp-content\/uploads\/2020\/12\/image-3-2.jpeg\" alt=\"\" class=\"wp-image-5994\" srcset=\"http:\/\/cvrcak-daruvar.com.hr\/wp-content\/uploads\/2020\/12\/image-3-2.jpeg 450w, http:\/\/cvrcak-daruvar.com.hr\/wp-content\/uploads\/2020\/12\/image-3-2-169x300.jpeg 169w\" sizes=\"(max-width: 450px) 100vw, 450px\" \/><\/figure><div class=\"wp-block-media-text__content\">\n<h4 class=\"wp-block-heading\">\n\nBake i djedovi u \u0161kolskim klupama. \u010cudno mi to zvu\u010di jer sam svoju baku i djeda navikla gledati u fotelji kako komentiraju dnevnik. Po\u010deli su komentirati i \u0161kolu. Obo\u017eavaju prepri\u010davati svoje djetinjstvo pa ih upitam: \u201eKako je vama bilo u \u0161koli?\u201c\n\n<\/h4>\n<\/div><\/div>\n\n\n\n<p>Djed je ve\u0107 po\u010deo kako \u0161kola nije\nbila dobro opremljena kao na\u0161a: \u201eona elektronska stakla \u2013 tableti i kompjutori,\nbilje\u017enice\u2026toga nije bilo!\u201c Baka se slo\u017ei. Rekao je kako su oni pisali na\nmalenim plo\u010dama, kako su morali prekrasno pisati i da su njihovi u\u010ditelji bili\npuno stro\u017ei\u2026 Tu ga prekine baka i re\u010de:\u201c Pa nisu svi u\u010ditelji bili strogi.\u201c\nDjed odmahne rukom i nastavi sa sje\u0107anjima.<\/p>\n\n\n\n<p>Kad je djed napokon zavr\u0161io, po\u010dela je baka. Pri\u010dala je kako je ona pisala tu\u0161em i perom, krasopisom. Djed se ubacio i rekao da mogu biti sretna jer \u017eivim blizu \u0161kole, a i postoje automobili. Dolaze hladniji dani, a dana\u0161nja djeca imaju bolju odje\u0107u za zimu. Ona je u \u0161kolu i iz \u0161kole dolazila promrzla. Djed je pogleda sa strane i zapazi moju \u0161kolsku torbu. Ustane i krene prema njoj. Podigne je i re\u010de: \u201eOva je torba te\u017ea od nekada moje, ali je i ljep\u0161a.\u201c<\/p>\n\n\n\n<p>Nastavili smo pri\u010dati kad se djed\nodjednom sjeti: \u201cDobro, pusti ti sad te torbe i ona elektri\u010dna stakla\u2026 Jesi li\nnapravila matematiku?\u201c Baka se nasmije i pozove nas: \u201cDo\u0111ite na kekse!\u201c\nPogledala sam djeda: \u201eJa \u0107u prva!\u201c On se nasmije i pojuri za mnom.<\/p>\n\n\n\n<p>&nbsp;&nbsp;&nbsp;&nbsp;&nbsp;&nbsp;&nbsp;&nbsp;&nbsp;&nbsp;&nbsp;&nbsp;&nbsp;&nbsp;&nbsp;&nbsp;&nbsp;&nbsp;&nbsp;&nbsp;&nbsp;&nbsp;&nbsp;&nbsp;&nbsp;&nbsp;&nbsp;&nbsp;&nbsp;&nbsp;&nbsp;&nbsp;&nbsp;&nbsp;&nbsp;&nbsp;&nbsp;&nbsp;&nbsp;&nbsp;&nbsp;&nbsp;&nbsp;&nbsp;&nbsp;&nbsp;&nbsp;&nbsp;&nbsp;&nbsp;&nbsp;&nbsp;&nbsp;&nbsp;&nbsp;&nbsp;&nbsp;&nbsp;&nbsp;&nbsp;&nbsp;&nbsp;&nbsp;&nbsp;&nbsp;&nbsp;&nbsp;&nbsp;&nbsp;&nbsp;&nbsp;&nbsp;&nbsp;&nbsp;&nbsp;&nbsp;&nbsp;&nbsp;&nbsp;&nbsp;&nbsp;&nbsp;&nbsp;&nbsp;&nbsp;&nbsp;&nbsp;&nbsp;&nbsp;&nbsp;&nbsp;&nbsp;&nbsp;&nbsp;&nbsp;&nbsp;&nbsp;&nbsp;&nbsp;&nbsp;&nbsp;&nbsp;&nbsp;&nbsp;&nbsp;\nMartina Rek, 6.e<\/p>\n","protected":false},"excerpt":{"rendered":"<p>Bake i djedovi u \u0161kolskim klupama. \u010cudno mi to zvu\u010di jer sam svoju baku i djeda navikla gledati u fotelji kako komentiraju dnevnik. Po\u010deli su komentirati i \u0161kolu. Obo\u017eavaju prepri\u010davati svoje djetinjstvo pa ih upitam: \u201eKako je vama bilo u \u0161koli?\u201c Djed je ve\u0107 po\u010deo kako \u0161kola nije bila dobro opremljena kao na\u0161a: \u201eona elektronska [&hellip;]<\/p>\n","protected":false},"author":2,"featured_media":0,"parent":0,"menu_order":0,"comment_status":"closed","ping_status":"closed","template":"","meta":[],"_links":{"self":[{"href":"http:\/\/cvrcak-daruvar.com.hr\/index.php?rest_route=\/wp\/v2\/pages\/5977"}],"collection":[{"href":"http:\/\/cvrcak-daruvar.com.hr\/index.php?rest_route=\/wp\/v2\/pages"}],"about":[{"href":"http:\/\/cvrcak-daruvar.com.hr\/index.php?rest_route=\/wp\/v2\/types\/page"}],"author":[{"embeddable":true,"href":"http:\/\/cvrcak-daruvar.com.hr\/index.php?rest_route=\/wp\/v2\/users\/2"}],"replies":[{"embeddable":true,"href":"http:\/\/cvrcak-daruvar.com.hr\/index.php?rest_route=%2Fwp%2Fv2%2Fcomments&post=5977"}],"version-history":[{"count":6,"href":"http:\/\/cvrcak-daruvar.com.hr\/index.php?rest_route=\/wp\/v2\/pages\/5977\/revisions"}],"predecessor-version":[{"id":5995,"href":"http:\/\/cvrcak-daruvar.com.hr\/index.php?rest_route=\/wp\/v2\/pages\/5977\/revisions\/5995"}],"wp:attachment":[{"href":"http:\/\/cvrcak-daruvar.com.hr\/index.php?rest_route=%2Fwp%2Fv2%2Fmedia&parent=5977"}],"curies":[{"name":"wp","href":"https:\/\/api.w.org\/{rel}","templated":true}]}}