{"id":592,"date":"2012-06-07T18:20:48","date_gmt":"2012-06-07T16:20:48","guid":{"rendered":"http:\/\/cvrcak-daruvar.com.hr\/?page_id=592"},"modified":"2012-06-07T19:29:53","modified_gmt":"2012-06-07T17:29:53","slug":"1-c","status":"publish","type":"page","link":"http:\/\/cvrcak-daruvar.com.hr\/?page_id=592","title":{"rendered":"1.c"},"content":{"rendered":"<div id=\"attachment_594\" style=\"width: 510px\" class=\"wp-caption aligncenter\"><a href=\"http:\/\/cvrcak-daruvar.com.hr\/wp-content\/uploads\/2012\/06\/Moja_obitelj_Lara_Grgic.jpg\" class=\"gallery_colorbox\"><img aria-describedby=\"caption-attachment-594\" decoding=\"async\" loading=\"lazy\" class=\"size-large wp-image-594\" title=\"Moja_obitelj_Lara_Grgic\" src=\"http:\/\/cvrcak-daruvar.com.hr\/wp-content\/uploads\/2012\/06\/Moja_obitelj_Lara_Grgic-1024x744.jpg\"  alt=\"\" width=\"500\" height=\"363\" srcset=\"http:\/\/cvrcak-daruvar.com.hr\/wp-content\/uploads\/2012\/06\/Moja_obitelj_Lara_Grgic-1024x744.jpg 1024w, http:\/\/cvrcak-daruvar.com.hr\/wp-content\/uploads\/2012\/06\/Moja_obitelj_Lara_Grgic-300x218.jpg 300w, http:\/\/cvrcak-daruvar.com.hr\/wp-content\/uploads\/2012\/06\/Moja_obitelj_Lara_Grgic.jpg 1166w\" sizes=\"(max-width: 500px) 100vw, 500px\" \/><\/a><p id=\"caption-attachment-594\" class=\"wp-caption-text\">Moja obitelj, Lara Grgi\u0107, 1.c<\/p><\/div>\n<p>&nbsp;<\/p>\n<p>&nbsp;<\/p>\n<div id=\"attachment_595\" style=\"width: 510px\" class=\"wp-caption aligncenter\"><a href=\"http:\/\/cvrcak-daruvar.com.hr\/wp-content\/uploads\/2012\/06\/Moja_ulica_Tin_Veltruski.jpg\" class=\"gallery_colorbox\"><img aria-describedby=\"caption-attachment-595\" decoding=\"async\" loading=\"lazy\" class=\"size-large wp-image-595\" title=\"Moja_ulica_Tin_Veltruski\" src=\"http:\/\/cvrcak-daruvar.com.hr\/wp-content\/uploads\/2012\/06\/Moja_ulica_Tin_Veltruski-1024x744.jpg\"  alt=\"\" width=\"500\" height=\"363\" srcset=\"http:\/\/cvrcak-daruvar.com.hr\/wp-content\/uploads\/2012\/06\/Moja_ulica_Tin_Veltruski-1024x744.jpg 1024w, http:\/\/cvrcak-daruvar.com.hr\/wp-content\/uploads\/2012\/06\/Moja_ulica_Tin_Veltruski-300x218.jpg 300w, http:\/\/cvrcak-daruvar.com.hr\/wp-content\/uploads\/2012\/06\/Moja_ulica_Tin_Veltruski.jpg 1166w\" sizes=\"(max-width: 500px) 100vw, 500px\" \/><\/a><p id=\"caption-attachment-595\" class=\"wp-caption-text\">Moja ulica, Tin Veltruski, 1.c<\/p><\/div>\n<p>&nbsp;<\/p>\n<p>&nbsp;<\/p>\n<div id=\"attachment_599\" style=\"width: 510px\" class=\"wp-caption aligncenter\"><a href=\"http:\/\/cvrcak-daruvar.com.hr\/wp-content\/uploads\/2012\/06\/Skolska_Torba_Majda_Vacka.jpg\" class=\"gallery_colorbox\"><img aria-describedby=\"caption-attachment-599\" decoding=\"async\" loading=\"lazy\" class=\"size-large wp-image-599\" title=\"Skolska_Torba_Majda_Vacka\" src=\"http:\/\/cvrcak-daruvar.com.hr\/wp-content\/uploads\/2012\/06\/Skolska_Torba_Majda_Vacka-744x1024.jpg\"  alt=\"\" width=\"500\" height=\"688\" srcset=\"http:\/\/cvrcak-daruvar.com.hr\/wp-content\/uploads\/2012\/06\/Skolska_Torba_Majda_Vacka-744x1024.jpg 744w, http:\/\/cvrcak-daruvar.com.hr\/wp-content\/uploads\/2012\/06\/Skolska_Torba_Majda_Vacka-218x300.jpg 218w, http:\/\/cvrcak-daruvar.com.hr\/wp-content\/uploads\/2012\/06\/Skolska_Torba_Majda_Vacka.jpg 848w\" sizes=\"(max-width: 500px) 100vw, 500px\" \/><\/a><p id=\"caption-attachment-599\" class=\"wp-caption-text\">\u0160kolska torba, Majda Vacka, 1.c<\/p><\/div>\n<p>&nbsp;<\/p>\n<p>&nbsp;<\/p>\n<p>&nbsp;<\/p>\n<div id=\"attachment_597\" style=\"width: 510px\" class=\"wp-caption aligncenter\"><a href=\"http:\/\/cvrcak-daruvar.com.hr\/wp-content\/uploads\/2012\/06\/Na_slovo_na_slovo_S_Tamara_kozlinger.jpg\" class=\"gallery_colorbox\"><img aria-describedby=\"caption-attachment-597\" decoding=\"async\" loading=\"lazy\" class=\"size-large wp-image-597\" title=\"Na_slovo_na_slovo_S_Tamara_kozlinger\" src=\"http:\/\/cvrcak-daruvar.com.hr\/wp-content\/uploads\/2012\/06\/Na_slovo_na_slovo_S_Tamara_kozlinger-744x1024.jpg\"  alt=\"\" width=\"500\" height=\"688\" srcset=\"http:\/\/cvrcak-daruvar.com.hr\/wp-content\/uploads\/2012\/06\/Na_slovo_na_slovo_S_Tamara_kozlinger-744x1024.jpg 744w, http:\/\/cvrcak-daruvar.com.hr\/wp-content\/uploads\/2012\/06\/Na_slovo_na_slovo_S_Tamara_kozlinger-218x300.jpg 218w, http:\/\/cvrcak-daruvar.com.hr\/wp-content\/uploads\/2012\/06\/Na_slovo_na_slovo_S_Tamara_kozlinger.jpg 848w\" sizes=\"(max-width: 500px) 100vw, 500px\" \/><\/a><p id=\"caption-attachment-597\" class=\"wp-caption-text\">Na slovo na slovo...S, Tamara Kozlinger, 1.c<\/p><\/div>\n<p>&nbsp;<\/p>\n<p>&nbsp;<\/p>\n<div id=\"attachment_600\" style=\"width: 510px\" class=\"wp-caption aligncenter\"><a href=\"http:\/\/cvrcak-daruvar.com.hr\/wp-content\/uploads\/2012\/06\/Snjegovic_Mia_horvat.jpg\" class=\"gallery_colorbox\"><img aria-describedby=\"caption-attachment-600\" decoding=\"async\" loading=\"lazy\" class=\"size-large wp-image-600\" title=\"Snjegovic_Mia_horvat\" src=\"http:\/\/cvrcak-daruvar.com.hr\/wp-content\/uploads\/2012\/06\/Snjegovic_Mia_horvat-744x1024.jpg\"  alt=\"\" width=\"500\" height=\"688\" srcset=\"http:\/\/cvrcak-daruvar.com.hr\/wp-content\/uploads\/2012\/06\/Snjegovic_Mia_horvat-744x1024.jpg 744w, http:\/\/cvrcak-daruvar.com.hr\/wp-content\/uploads\/2012\/06\/Snjegovic_Mia_horvat-218x300.jpg 218w, http:\/\/cvrcak-daruvar.com.hr\/wp-content\/uploads\/2012\/06\/Snjegovic_Mia_horvat.jpg 848w\" sizes=\"(max-width: 500px) 100vw, 500px\" \/><\/a><p id=\"caption-attachment-600\" class=\"wp-caption-text\">Snjegovi\u0107, Mia Horvat, 1.c<\/p><\/div>\n<p>&nbsp;<\/p>\n<p>&nbsp;<\/p>\n<div id=\"attachment_593\" style=\"width: 510px\" class=\"wp-caption aligncenter\"><a href=\"http:\/\/cvrcak-daruvar.com.hr\/wp-content\/uploads\/2012\/06\/Valentinovo_Ema_Busic.jpg\" class=\"gallery_colorbox\"><img aria-describedby=\"caption-attachment-593\" decoding=\"async\" loading=\"lazy\" class=\"size-large wp-image-593\" title=\"Valentinovo_Ema_Busic\" src=\"http:\/\/cvrcak-daruvar.com.hr\/wp-content\/uploads\/2012\/06\/Valentinovo_Ema_Busic-1024x744.jpg\"  alt=\"\" width=\"500\" height=\"363\" srcset=\"http:\/\/cvrcak-daruvar.com.hr\/wp-content\/uploads\/2012\/06\/Valentinovo_Ema_Busic-1024x744.jpg 1024w, http:\/\/cvrcak-daruvar.com.hr\/wp-content\/uploads\/2012\/06\/Valentinovo_Ema_Busic-300x218.jpg 300w, http:\/\/cvrcak-daruvar.com.hr\/wp-content\/uploads\/2012\/06\/Valentinovo_Ema_Busic.jpg 1166w\" sizes=\"(max-width: 500px) 100vw, 500px\" \/><\/a><p id=\"caption-attachment-593\" class=\"wp-caption-text\">Valentinovo, Ema Bu\u0161i\u0107, 1.c<\/p><\/div>\n<p>&nbsp;<\/p>\n<p>&nbsp;<\/p>\n<div id=\"attachment_598\" style=\"width: 510px\" class=\"wp-caption aligncenter\"><a href=\"http:\/\/cvrcak-daruvar.com.hr\/wp-content\/uploads\/2012\/06\/Proljece_David_kovacic.jpg\" class=\"gallery_colorbox\"><img aria-describedby=\"caption-attachment-598\" decoding=\"async\" loading=\"lazy\" class=\"size-large wp-image-598\" title=\"Proljece_David_kovacic\" src=\"http:\/\/cvrcak-daruvar.com.hr\/wp-content\/uploads\/2012\/06\/Proljece_David_kovacic-1024x744.jpg\"  alt=\"\" width=\"500\" height=\"363\" srcset=\"http:\/\/cvrcak-daruvar.com.hr\/wp-content\/uploads\/2012\/06\/Proljece_David_kovacic-1024x744.jpg 1024w, http:\/\/cvrcak-daruvar.com.hr\/wp-content\/uploads\/2012\/06\/Proljece_David_kovacic-300x218.jpg 300w, http:\/\/cvrcak-daruvar.com.hr\/wp-content\/uploads\/2012\/06\/Proljece_David_kovacic.jpg 1166w\" sizes=\"(max-width: 500px) 100vw, 500px\" \/><\/a><p id=\"caption-attachment-598\" class=\"wp-caption-text\">Prolje\u0107e, David Kova\u010di\u0107, 1.c<\/p><\/div>\n<p>&nbsp;<\/p>\n<p>&nbsp;<\/p>\n<div id=\"attachment_596\" style=\"width: 510px\" class=\"wp-caption aligncenter\"><a href=\"http:\/\/cvrcak-daruvar.com.hr\/wp-content\/uploads\/2012\/06\/Na_izletu_Mario_Veltruski.jpg\" class=\"gallery_colorbox\"><img aria-describedby=\"caption-attachment-596\" decoding=\"async\" loading=\"lazy\" class=\"size-large wp-image-596\" title=\"Na_izletu_Mario_Veltruski\" src=\"http:\/\/cvrcak-daruvar.com.hr\/wp-content\/uploads\/2012\/06\/Na_izletu_Mario_Veltruski-1024x744.jpg\"  alt=\"\" width=\"500\" height=\"363\" srcset=\"http:\/\/cvrcak-daruvar.com.hr\/wp-content\/uploads\/2012\/06\/Na_izletu_Mario_Veltruski-1024x744.jpg 1024w, http:\/\/cvrcak-daruvar.com.hr\/wp-content\/uploads\/2012\/06\/Na_izletu_Mario_Veltruski-300x218.jpg 300w, http:\/\/cvrcak-daruvar.com.hr\/wp-content\/uploads\/2012\/06\/Na_izletu_Mario_Veltruski.jpg 1166w\" sizes=\"(max-width: 500px) 100vw, 500px\" \/><\/a><p id=\"caption-attachment-596\" class=\"wp-caption-text\">Na izletu, Mario Veltruski, 1.c<\/p><\/div>\n<p>&nbsp;<\/p>\n","protected":false},"excerpt":{"rendered":"<p>&nbsp; &nbsp; &nbsp; &nbsp; &nbsp; &nbsp; &nbsp; &nbsp; &nbsp; &nbsp; &nbsp; &nbsp; &nbsp; &nbsp; &nbsp; &nbsp;<\/p>\n","protected":false},"author":1,"featured_media":0,"parent":827,"menu_order":0,"comment_status":"closed","ping_status":"closed","template":"","meta":[],"_links":{"self":[{"href":"http:\/\/cvrcak-daruvar.com.hr\/index.php?rest_route=\/wp\/v2\/pages\/592"}],"collection":[{"href":"http:\/\/cvrcak-daruvar.com.hr\/index.php?rest_route=\/wp\/v2\/pages"}],"about":[{"href":"http:\/\/cvrcak-daruvar.com.hr\/index.php?rest_route=\/wp\/v2\/types\/page"}],"author":[{"embeddable":true,"href":"http:\/\/cvrcak-daruvar.com.hr\/index.php?rest_route=\/wp\/v2\/users\/1"}],"replies":[{"embeddable":true,"href":"http:\/\/cvrcak-daruvar.com.hr\/index.php?rest_route=%2Fwp%2Fv2%2Fcomments&post=592"}],"version-history":[{"count":2,"href":"http:\/\/cvrcak-daruvar.com.hr\/index.php?rest_route=\/wp\/v2\/pages\/592\/revisions"}],"predecessor-version":[{"id":603,"href":"http:\/\/cvrcak-daruvar.com.hr\/index.php?rest_route=\/wp\/v2\/pages\/592\/revisions\/603"}],"up":[{"embeddable":true,"href":"http:\/\/cvrcak-daruvar.com.hr\/index.php?rest_route=\/wp\/v2\/pages\/827"}],"wp:attachment":[{"href":"http:\/\/cvrcak-daruvar.com.hr\/index.php?rest_route=%2Fwp%2Fv2%2Fmedia&parent=592"}],"curies":[{"name":"wp","href":"https:\/\/api.w.org\/{rel}","templated":true}]}}