{"id":5896,"date":"2020-11-21T20:50:18","date_gmt":"2020-11-21T19:50:18","guid":{"rendered":"http:\/\/cvrcak-daruvar.com.hr\/?page_id=5896"},"modified":"2020-11-21T20:52:42","modified_gmt":"2020-11-21T19:52:42","slug":"literarni-mjesec-hrvatske-knjige-u-3-d","status":"publish","type":"page","link":"http:\/\/cvrcak-daruvar.com.hr\/?page_id=5896","title":{"rendered":"Literarni Mjesec hrvatske knjige u 3. d"},"content":{"rendered":"\n<p><\/p>\n\n\n\n<h2 class=\"wp-block-heading\">Savr\u0161eno obi\u010dan dan<\/h2>\n\n\n\n<p>Jednog\nhladnog dana oti\u0161ao sam sa svojom obitelji na skijanje. Spu\u0161tao sam se niz brda\nprekrivena snijegom. Jedanput sam pao, ali nije bilo stra\u0161no. Skijom sam\nproklizao na ledu.<\/p>\n\n\n\n<p>Oti\u0161li smo\nse malo odmoriti. Popili smo vru\u0107i kakao i u\u017eivali. Ponovo smo oti\u0161li na\nskijanje. Nakon skijanja odmarali smo u apartmanu. To je bio savr\u0161eno obi\u010dan\ndan.<\/p>\n\n\n\n<p style=\"text-align:right\">Roko Ambro\u0161, 3.d<\/p>\n\n\n\n<h2 class=\"wp-block-heading\">Savr\u0161eno obi\u010dan dan<\/h2>\n\n\n\n<p>U prirodi se\nvolim koturati i skakati po lokvama. Volim s obitelji pro\u0161etati po gradu. Kad\nse vratim iz \u0161kole i napi\u0161em zada\u0107u, nahranim ma\u010dka i poigram se s njim.\nPopodne se naj\u010de\u0161\u0107e igram sa sestrom ili pogledam na televiziji neki crti\u0107.<\/p>\n\n\n\n<p>Volim se\nigrati ledene babe, skriva\u010da i kartati Uno.<\/p>\n\n\n\n<p>Nave\u010der u\nkrevetu razmi\u0161ljam o tome \u0161to bih mogla raditi sljede\u0107i dan.<\/p>\n\n\n\n<p style=\"text-align:right\">Lara Husak, 3.d<\/p>\n\n\n\n<h2 class=\"wp-block-heading\">Savr\u0161eno obi\u010dan dan<\/h2>\n\n\n\n<p>\u0160etala sam\n\u0161umom. Skupljala sam listove zanimljivih oblika. Vidjela sam svakojake cvjetove.\n\u010cula sam kako ptice pjevaju. Vratila sam se ku\u0107i i promatrala prirodu. Vani sam\n\u010ditala knjigu, a poslije se igrala s bratom.<\/p>\n\n\n\n<p>Oti\u0161li smo\nkod sestri\u010dne. I tamo smo bili vani. Vozili smo bicikle.<\/p>\n\n\n\n<p style=\"text-align:right\">Ivona Vrane\u0161evi\u0107, 3.d<\/p>\n\n\n\n<h2 class=\"wp-block-heading\">Savr\u0161eno obi\u010dan dan<\/h2>\n\n\n\n<p>Bilo je to\nljetos. Trajektom smo putovali na otok Hvar.<\/p>\n\n\n\n<p>Hvar je\nzelen otok. Vidjela sam to dok smo se vozili do Vrboske. Maslina, lavanda i\nsmokve rastu posvuda. Parkirali smo automobil i u\u0161li u hotel. Bila sam\nodu\u0161evljena. Sve je bilo stvoreno za u\u017eivanje: bazen, mini golf, teretana, igre\nza djecu. Odmah smo sve \u017eeljeli isprobati. Stvari smo odnijeli u sobi.\nNagovorili smo mamu da nas odvede u teretanu. Vozila sam bicikl i hodala po\ntraci, a kasnije smo se oti\u0161li kupati na bazen. Plivali smo i \u0161pricali se. S\ntatom smo igrali mini golf, a nave\u010der smo posjetili Jelsu. Pjesma se \u010dula u\nsvakom kutku.<\/p>\n\n\n\n<p>&nbsp;U\u017eivala sam na Hvaru i hotel me stvarno\nrazmazio.<\/p>\n\n\n\n<p style=\"text-align:right\">Klara Lneni\u010dek, 3.d<\/p>\n","protected":false},"excerpt":{"rendered":"<p>Savr\u0161eno obi\u010dan dan Jednog hladnog dana oti\u0161ao sam sa svojom obitelji na skijanje. Spu\u0161tao sam se niz brda prekrivena snijegom. Jedanput sam pao, ali nije bilo stra\u0161no. Skijom sam proklizao na ledu. Oti\u0161li smo se malo odmoriti. Popili smo vru\u0107i kakao i u\u017eivali. Ponovo smo oti\u0161li na skijanje. Nakon skijanja odmarali smo u apartmanu. To [&hellip;]<\/p>\n","protected":false},"author":2,"featured_media":0,"parent":0,"menu_order":0,"comment_status":"closed","ping_status":"closed","template":"","meta":[],"_links":{"self":[{"href":"http:\/\/cvrcak-daruvar.com.hr\/index.php?rest_route=\/wp\/v2\/pages\/5896"}],"collection":[{"href":"http:\/\/cvrcak-daruvar.com.hr\/index.php?rest_route=\/wp\/v2\/pages"}],"about":[{"href":"http:\/\/cvrcak-daruvar.com.hr\/index.php?rest_route=\/wp\/v2\/types\/page"}],"author":[{"embeddable":true,"href":"http:\/\/cvrcak-daruvar.com.hr\/index.php?rest_route=\/wp\/v2\/users\/2"}],"replies":[{"embeddable":true,"href":"http:\/\/cvrcak-daruvar.com.hr\/index.php?rest_route=%2Fwp%2Fv2%2Fcomments&post=5896"}],"version-history":[{"count":3,"href":"http:\/\/cvrcak-daruvar.com.hr\/index.php?rest_route=\/wp\/v2\/pages\/5896\/revisions"}],"predecessor-version":[{"id":5901,"href":"http:\/\/cvrcak-daruvar.com.hr\/index.php?rest_route=\/wp\/v2\/pages\/5896\/revisions\/5901"}],"wp:attachment":[{"href":"http:\/\/cvrcak-daruvar.com.hr\/index.php?rest_route=%2Fwp%2Fv2%2Fmedia&parent=5896"}],"curies":[{"name":"wp","href":"https:\/\/api.w.org\/{rel}","templated":true}]}}