{"id":5862,"date":"2020-11-21T20:16:45","date_gmt":"2020-11-21T19:16:45","guid":{"rendered":"http:\/\/cvrcak-daruvar.com.hr\/?page_id=5862"},"modified":"2021-10-25T09:43:50","modified_gmt":"2021-10-25T07:43:50","slug":"natjecanja-6","status":"publish","type":"page","link":"http:\/\/cvrcak-daruvar.com.hr\/?page_id=5862","title":{"rendered":"NATJECANJA 2020.\/2021."},"content":{"rendered":"\n<p><\/p>\n\n\n\n<p><\/p>\n\n\n\n<h3 class=\"wp-block-heading\"><a rel=\"noreferrer noopener\" aria-label=\"Dabar 2020. (opens in a new tab)\" href=\"http:\/\/os-vnazora-daruvar.skole.hr\/?news_hk=1&amp;news_id=5621&amp;mshow=3013#mod_news\" target=\"_blank\">Dabar 2020.<\/a><\/h3>\n\n\n\n<h3 class=\"wp-block-heading\"><strong><a rel=\"noreferrer noopener\" aria-label=\"DR\u017dAVNO NATJECANJE IZ ASTRONOMIJE 2020. (opens in a new tab)\" href=\"http:\/\/os-vnazora-daruvar.skole.hr\/?news_hk=1&amp;news_id=5605&amp;mshow=3013#mod_news\" target=\"_blank\">DR\u017dAVNO NATJECANJE IZ ASTRONOMIJE 2020.<\/a><\/strong><\/h3>\n\n\n\n<h3 class=\"wp-block-heading\"><strong><a rel=\"noreferrer noopener\" aria-label=\"&quot;Klokan bez granica&quot; (opens in a new tab)\" href=\"http:\/\/os-vnazora-daruvar.skole.hr\/?news_hk=1&amp;news_id=5586&amp;mshow=3013#mod_news\" target=\"_blank\">&#8220;Klokan bez granica&#8221;<\/a><\/strong><\/h3>\n\n\n\n<h3 class=\"wp-block-heading\"><strong><a rel=\"noreferrer noopener\" aria-label=\"Mat liga - jesensko kolo (opens in a new tab)\" href=\"http:\/\/os-vnazora-daruvar.skole.hr\/?news_hk=1&amp;news_id=5564&amp;mshow=3013#mod_news\" target=\"_blank\">Mat liga &#8211; jesensko kolo<\/a><\/strong><\/h3>\n\n\n\n<h3 class=\"wp-block-heading\"><strong><a rel=\"noreferrer noopener\" aria-label=\"62. Natjecanje mladih tehni\u010dara - dr\u017eavno natjecanje (opens in a new tab)\" href=\"http:\/\/os-vnazora-daruvar.skole.hr\/?news_hk=1&amp;news_id=5561&amp;mshow=3013#mod_news\" target=\"_blank\">62. Natjecanje mladih tehni\u010dara &#8211; dr\u017eavno natjecanje<\/a><\/strong><\/h3>\n\n\n\n<h3 class=\"wp-block-heading\"><strong><a href=\"http:\/\/os-vnazora-daruvar.skole.hr\/?news_hk=1&amp;news_id=5521&amp;mshow=3013#mod_news\" target=\"_blank\" rel=\"noreferrer noopener\" aria-label=\"\u017dUPANIJSKO NATJECANJE IZ GEOGRAFIJE 2020. (opens in a new tab)\">\u017dUPANIJSKO NATJECANJE IZ GEOGRAFIJE 2020.<\/a><\/strong><\/h3>\n","protected":false},"excerpt":{"rendered":"<p>Dabar 2020. DR\u017dAVNO NATJECANJE IZ ASTRONOMIJE 2020. &#8220;Klokan bez granica&#8221; Mat liga &#8211; jesensko kolo 62. Natjecanje mladih tehni\u010dara &#8211; dr\u017eavno natjecanje \u017dUPANIJSKO NATJECANJE IZ GEOGRAFIJE 2020.<\/p>\n","protected":false},"author":2,"featured_media":0,"parent":0,"menu_order":0,"comment_status":"closed","ping_status":"closed","template":"","meta":[],"_links":{"self":[{"href":"http:\/\/cvrcak-daruvar.com.hr\/index.php?rest_route=\/wp\/v2\/pages\/5862"}],"collection":[{"href":"http:\/\/cvrcak-daruvar.com.hr\/index.php?rest_route=\/wp\/v2\/pages"}],"about":[{"href":"http:\/\/cvrcak-daruvar.com.hr\/index.php?rest_route=\/wp\/v2\/types\/page"}],"author":[{"embeddable":true,"href":"http:\/\/cvrcak-daruvar.com.hr\/index.php?rest_route=\/wp\/v2\/users\/2"}],"replies":[{"embeddable":true,"href":"http:\/\/cvrcak-daruvar.com.hr\/index.php?rest_route=%2Fwp%2Fv2%2Fcomments&post=5862"}],"version-history":[{"count":9,"href":"http:\/\/cvrcak-daruvar.com.hr\/index.php?rest_route=\/wp\/v2\/pages\/5862\/revisions"}],"predecessor-version":[{"id":6549,"href":"http:\/\/cvrcak-daruvar.com.hr\/index.php?rest_route=\/wp\/v2\/pages\/5862\/revisions\/6549"}],"wp:attachment":[{"href":"http:\/\/cvrcak-daruvar.com.hr\/index.php?rest_route=%2Fwp%2Fv2%2Fmedia&parent=5862"}],"curies":[{"name":"wp","href":"https:\/\/api.w.org\/{rel}","templated":true}]}}