{"id":5854,"date":"2020-11-21T20:15:45","date_gmt":"2020-11-21T19:15:45","guid":{"rendered":"http:\/\/cvrcak-daruvar.com.hr\/?page_id=5854"},"modified":"2021-10-25T09:42:11","modified_gmt":"2021-10-25T07:42:11","slug":"novinari-8","status":"publish","type":"page","link":"http:\/\/cvrcak-daruvar.com.hr\/?page_id=5854","title":{"rendered":"NOVINARI 2020.\/2021."},"content":{"rendered":"\n<p><\/p>\n\n\n\n<figure class=\"wp-block-image is-resized\"><img decoding=\"async\" loading=\"lazy\" src=\"http:\/\/cvrcak-daruvar.com.hr\/wp-content\/uploads\/2021\/05\/EO-F-1024x706.png\" alt=\"\" class=\"wp-image-6371\" width=\"754\" height=\"519\" srcset=\"http:\/\/cvrcak-daruvar.com.hr\/wp-content\/uploads\/2021\/05\/EO-F-1024x706.png 1024w, http:\/\/cvrcak-daruvar.com.hr\/wp-content\/uploads\/2021\/05\/EO-F-300x207.png 300w, http:\/\/cvrcak-daruvar.com.hr\/wp-content\/uploads\/2021\/05\/EO-F-768x530.png 768w, http:\/\/cvrcak-daruvar.com.hr\/wp-content\/uploads\/2021\/05\/EO-F.png 1270w\" sizes=\"(max-width: 754px) 100vw, 754px\" \/><\/figure>\n\n\n\n<figure class=\"wp-block-image is-resized\"><img decoding=\"async\" loading=\"lazy\" src=\"http:\/\/cvrcak-daruvar.com.hr\/wp-content\/uploads\/2021\/02\/Konf-frank-1024x699.png\" alt=\"\" class=\"wp-image-6180\" width=\"759\" height=\"517\" srcset=\"http:\/\/cvrcak-daruvar.com.hr\/wp-content\/uploads\/2021\/02\/Konf-frank-1024x699.png 1024w, http:\/\/cvrcak-daruvar.com.hr\/wp-content\/uploads\/2021\/02\/Konf-frank-300x205.png 300w, http:\/\/cvrcak-daruvar.com.hr\/wp-content\/uploads\/2021\/02\/Konf-frank-768x524.png 768w, http:\/\/cvrcak-daruvar.com.hr\/wp-content\/uploads\/2021\/02\/Konf-frank.png 1271w\" sizes=\"(max-width: 759px) 100vw, 759px\" \/><\/figure>\n\n\n\n<figure class=\"wp-block-image\"><img decoding=\"async\" loading=\"lazy\" width=\"1024\" height=\"692\" src=\"http:\/\/cvrcak-daruvar.com.hr\/wp-content\/uploads\/2021\/02\/energetska-obnova-os\u030c-vladimira-nazora-daruvar-1_2-1024x692.jpg\" alt=\"\" class=\"wp-image-6178\" srcset=\"http:\/\/cvrcak-daruvar.com.hr\/wp-content\/uploads\/2021\/02\/energetska-obnova-os\u030c-vladimira-nazora-daruvar-1_2-1024x692.jpg 1024w, http:\/\/cvrcak-daruvar.com.hr\/wp-content\/uploads\/2021\/02\/energetska-obnova-os\u030c-vladimira-nazora-daruvar-1_2-300x203.jpg 300w, http:\/\/cvrcak-daruvar.com.hr\/wp-content\/uploads\/2021\/02\/energetska-obnova-os\u030c-vladimira-nazora-daruvar-1_2-768x519.jpg 768w, http:\/\/cvrcak-daruvar.com.hr\/wp-content\/uploads\/2021\/02\/energetska-obnova-os\u030c-vladimira-nazora-daruvar-1_2.jpg 1510w\" sizes=\"(max-width: 1024px) 100vw, 1024px\" \/><\/figure>\n\n\n\n<h2 class=\"wp-block-heading\"><a href=\"http:\/\/cvrcak-daruvar.com.hr\/?page_id=6166\" target=\"_blank\" rel=\"noreferrer noopener\" aria-label=\"STUBE DO USPJEHA (opens in a new tab)\">STUBE DO USPJEHA<\/a><\/h2>\n\n\n\n<h2 class=\"wp-block-heading\"><strong><a href=\"http:\/\/cvrcak-daruvar.com.hr\/?page_id=6160\" target=\"_blank\" rel=\"noreferrer noopener\" aria-label=\"Za\u0161to je va\u017eno iznositi svoje mi\u0161ljenje?  (opens in a new tab)\">Za\u0161to je va\u017eno iznositi svoje mi\u0161ljenje? <\/a><\/strong><\/h2>\n\n\n\n<h2 class=\"wp-block-heading\"><a href=\"https:\/\/drive.google.com\/file\/d\/1kMD0rUG0PaxkNXSmSo1FOLoWdTGmRVbX\/view\" target=\"_blank\" rel=\"noreferrer noopener\" aria-label=\"Emisija Igrom do znanja  (opens in a new tab)\">Emisija Igrom do znanja <\/a><\/h2>\n\n\n\n<h2 class=\"wp-block-heading\"><a href=\"http:\/\/cvrcak-daruvar.com.hr\/?page_id=5999\" target=\"_blank\" rel=\"noreferrer noopener\" aria-label=\"EKOLO\u0160KA OSVIJE\u0160TENOST  (opens in a new tab)\">EKOLO\u0160KA OSVIJE\u0160TENOST <\/a><\/h2>\n\n\n\n<h2 class=\"wp-block-heading\"> <a href=\"https:\/\/drive.google.com\/file\/d\/17n6i5pxp25Bz6drYpG8JLN6E2angDQ9Q\/view?usp=sharing\" target=\"_blank\" rel=\"noreferrer noopener\" aria-label=\"Energetska obnova P\u0160 Frankopanska (opens in a new tab)\">Energetska obnova P\u0160 Frankopanska<\/a> <\/h2>\n\n\n\n<h2 class=\"wp-block-heading\"><a href=\"http:\/\/cvrcak-daruvar.com.hr\/?page_id=5939\" target=\"_blank\" rel=\"noreferrer noopener\" aria-label=\"Rastoke (putopis) (opens in a new tab)\">Rastoke (putopis)<\/a><\/h2>\n","protected":false},"excerpt":{"rendered":"<p>STUBE DO USPJEHA Za\u0161to je va\u017eno iznositi svoje mi\u0161ljenje? Emisija Igrom do znanja EKOLO\u0160KA OSVIJE\u0160TENOST Energetska obnova P\u0160 Frankopanska Rastoke (putopis)<\/p>\n","protected":false},"author":2,"featured_media":0,"parent":0,"menu_order":0,"comment_status":"closed","ping_status":"closed","template":"","meta":[],"_links":{"self":[{"href":"http:\/\/cvrcak-daruvar.com.hr\/index.php?rest_route=\/wp\/v2\/pages\/5854"}],"collection":[{"href":"http:\/\/cvrcak-daruvar.com.hr\/index.php?rest_route=\/wp\/v2\/pages"}],"about":[{"href":"http:\/\/cvrcak-daruvar.com.hr\/index.php?rest_route=\/wp\/v2\/types\/page"}],"author":[{"embeddable":true,"href":"http:\/\/cvrcak-daruvar.com.hr\/index.php?rest_route=\/wp\/v2\/users\/2"}],"replies":[{"embeddable":true,"href":"http:\/\/cvrcak-daruvar.com.hr\/index.php?rest_route=%2Fwp%2Fv2%2Fcomments&post=5854"}],"version-history":[{"count":17,"href":"http:\/\/cvrcak-daruvar.com.hr\/index.php?rest_route=\/wp\/v2\/pages\/5854\/revisions"}],"predecessor-version":[{"id":6544,"href":"http:\/\/cvrcak-daruvar.com.hr\/index.php?rest_route=\/wp\/v2\/pages\/5854\/revisions\/6544"}],"wp:attachment":[{"href":"http:\/\/cvrcak-daruvar.com.hr\/index.php?rest_route=%2Fwp%2Fv2%2Fmedia&parent=5854"}],"curies":[{"name":"wp","href":"https:\/\/api.w.org\/{rel}","templated":true}]}}