{"id":5831,"date":"2020-11-21T20:05:40","date_gmt":"2020-11-21T19:05:40","guid":{"rendered":"http:\/\/cvrcak-daruvar.com.hr\/?page_id=5831"},"modified":"2021-10-31T09:01:28","modified_gmt":"2021-10-31T08:01:28","slug":"skolski-kutak-4","status":"publish","type":"page","link":"http:\/\/cvrcak-daruvar.com.hr\/?page_id=5831","title":{"rendered":"\u0160KOLSKI KUTAK 2020.\/2021."},"content":{"rendered":"\n<p><\/p>\n\n\n\n<h2 class=\"wp-block-heading\"> I ja \u0107u biti osma\u0161\/osma\u0161ica!<\/h2>\n\n\n\n<ul class=\"wp-block-gallery columns-3 is-cropped wp-block-gallery-1 is-layout-flex\"><li class=\"blocks-gallery-item\"><figure><img decoding=\"async\" loading=\"lazy\" width=\"500\" height=\"375\" src=\"http:\/\/cvrcak-daruvar.com.hr\/wp-content\/uploads\/2021\/06\/m_viber_slika_2021-06-14_18-25-17-1-1.jpg\" alt=\"\" data-id=\"6459\" data-link=\"http:\/\/cvrcak-daruvar.com.hr\/?attachment_id=6459\" class=\"wp-image-6459\" srcset=\"http:\/\/cvrcak-daruvar.com.hr\/wp-content\/uploads\/2021\/06\/m_viber_slika_2021-06-14_18-25-17-1-1.jpg 500w, http:\/\/cvrcak-daruvar.com.hr\/wp-content\/uploads\/2021\/06\/m_viber_slika_2021-06-14_18-25-17-1-1-300x225.jpg 300w\" sizes=\"(max-width: 500px) 100vw, 500px\" \/><\/figure><\/li><li class=\"blocks-gallery-item\"><figure><img decoding=\"async\" loading=\"lazy\" width=\"500\" height=\"375\" src=\"http:\/\/cvrcak-daruvar.com.hr\/wp-content\/uploads\/2021\/06\/m_viber_slika_2021-06-14_18-25-17-.jpg\" alt=\"\" data-id=\"6458\" data-link=\"http:\/\/cvrcak-daruvar.com.hr\/?attachment_id=6458\" class=\"wp-image-6458\" srcset=\"http:\/\/cvrcak-daruvar.com.hr\/wp-content\/uploads\/2021\/06\/m_viber_slika_2021-06-14_18-25-17-.jpg 500w, http:\/\/cvrcak-daruvar.com.hr\/wp-content\/uploads\/2021\/06\/m_viber_slika_2021-06-14_18-25-17--300x225.jpg 300w\" sizes=\"(max-width: 500px) 100vw, 500px\" \/><\/figure><\/li><li class=\"blocks-gallery-item\"><figure><img decoding=\"async\" loading=\"lazy\" width=\"500\" height=\"375\" src=\"http:\/\/cvrcak-daruvar.com.hr\/wp-content\/uploads\/2021\/06\/m_viber_slika_2021-06-14_18-25-17.jpg\" alt=\"\" data-id=\"6457\" data-link=\"http:\/\/cvrcak-daruvar.com.hr\/?attachment_id=6457\" class=\"wp-image-6457\" srcset=\"http:\/\/cvrcak-daruvar.com.hr\/wp-content\/uploads\/2021\/06\/m_viber_slika_2021-06-14_18-25-17.jpg 500w, http:\/\/cvrcak-daruvar.com.hr\/wp-content\/uploads\/2021\/06\/m_viber_slika_2021-06-14_18-25-17-300x225.jpg 300w\" sizes=\"(max-width: 500px) 100vw, 500px\" \/><\/figure><\/li><\/ul>\n\n\n\n<div class=\"wp-block-file\"><a href=\"http:\/\/cvrcak-daruvar.com.hr\/wp-content\/uploads\/2021\/10\/\u0160etnja-daruvarskim-parkovima.pdf\">\u0160etnja daruvarskim parkovima<\/a><a href=\"http:\/\/cvrcak-daruvar.com.hr\/wp-content\/uploads\/2021\/10\/\u0160etnja-daruvarskim-parkovima.pdf\" class=\"wp-block-file__button\" download>Download<\/a><\/div>\n\n\n\n<h3 class=\"wp-block-heading\"><a href=\"http:\/\/cvrcak-daruvar.com.hr\/?page_id=6410\">Otisak ruke &#8211; najljep\u0161a uspomena<\/a><\/h3>\n\n\n\n<h3 class=\"wp-block-heading\"><a href=\"http:\/\/cvrcak-daruvar.com.hr\/?page_id=6381\" target=\"_blank\" rel=\"noreferrer noopener\" aria-label=\"P\u0160 Batinjani: Svjetski dan p\u010dela (opens in a new tab)\">P\u0160 Batinjani: Svjetski dan p\u010dela<\/a><\/h3>\n\n\n\n<h3 class=\"wp-block-heading\"><a href=\"http:\/\/cvrcak-daruvar.com.hr\/?page_id=6354\" target=\"_blank\" rel=\"noreferrer noopener\" aria-label=\"P\u0160 Batinjani: Dan planeta Zemlje (opens in a new tab)\">P\u0160 Batinjani: Dan planeta Zemlje<\/a><\/h3>\n\n\n\n<h3 class=\"wp-block-heading\"><a href=\"http:\/\/cvrcak-daruvar.com.hr\/?page_id=6338\" target=\"_blank\" rel=\"noreferrer noopener\" aria-label=\"P\u0160 Batinjani - Pisanice (opens in a new tab)\">P\u0160 Batinjani &#8211; Pisanice<\/a><\/h3>\n\n\n\n<h3 class=\"wp-block-heading\"><a href=\"http:\/\/cvrcak-daruvar.com.hr\/?page_id=6278\" target=\"_blank\" rel=\"noreferrer noopener\" aria-label=\"P\u0160 Batinjani - Ususret prolje\u0107u (opens in a new tab)\">P\u0160 Batinjani &#8211; Ususret prolje\u0107u<\/a><\/h3>\n\n\n\n<h3 class=\"wp-block-heading\"><strong><a href=\"http:\/\/os-vnazora-daruvar.skole.hr\/?news_hk=1&amp;news_id=5837&amp;mshow=3013#mod_news\" target=\"_blank\" rel=\"noreferrer noopener\" aria-label=\"Dan ru\u017ei\u010dastih majica 2021. (opens in a new tab)\">Dan ru\u017ei\u010dastih majica 2021.<\/a><\/strong><\/h3>\n\n\n\n<h3 class=\"wp-block-heading\"><a href=\"http:\/\/os-vnazora-daruvar.skole.hr\/upload\/os-vnazora-daruvar\/newsattach\/5814\/Dan_sigurnijeg_interneta_2021.pdf\" target=\"_blank\" rel=\"noreferrer noopener\" aria-label=\" Dan sigurnijeg interneta  (opens in a new tab)\"> Dan sigurnijeg interneta <\/a><\/h3>\n\n\n\n<h3 class=\"wp-block-heading\"><a rel=\"noreferrer noopener\" aria-label=\"Razredni muzej 3.a (opens in a new tab)\" href=\"http:\/\/cvrcak-daruvar.com.hr\/?page_id=6242\" target=\"_blank\">Razredni muzej 3.a<\/a><\/h3>\n\n\n\n<h3 class=\"wp-block-heading\"><a href=\"https:\/\/read.bookcreator.com\/KKHhjN0eRBWfHt87Mt9YbRXJRti2\/1csW13QwTheLFgyqi_1fuQ\" target=\"_blank\" rel=\"noreferrer noopener\" aria-label=\"Karneval (opens in a new tab)\">Karneval<\/a><\/h3>\n\n\n\n<h3 class=\"wp-block-heading\"><a rel=\"noreferrer noopener\" aria-label=\"MA\u0160KARE (opens in a new tab)\" href=\"http:\/\/cvrcak-daruvar.com.hr\/?page_id=6197\" target=\"_blank\">MA\u0160KARE <\/a><\/h3>\n\n\n\n<h3 class=\"wp-block-heading\"><a href=\"http:\/\/cvrcak-daruvar.com.hr\/?page_id=6081\" target=\"_blank\" rel=\"noreferrer noopener\" aria-label=\" (opens in a new tab)\">\u201eOD STAROGA NOVO\u201c<\/a><\/h3>\n\n\n\n<h3 class=\"wp-block-heading\"><a href=\"http:\/\/cvrcak-daruvar.com.hr\/?page_id=6046\" target=\"_blank\" rel=\"noreferrer noopener\" aria-label=\"P\u0160 Batinjani - Sveti Nikola (opens in a new tab)\">P\u0160 Batinjani &#8211; Sveti Nikola<\/a><\/h3>\n\n\n\n<h3 class=\"wp-block-heading\"><strong><a href=\"http:\/\/os-vnazora-daruvar.skole.hr\/?news_hk=1&amp;news_id=5639&amp;mshow=3013#mod_news\" target=\"_blank\" rel=\"noreferrer noopener\" aria-label=\"Mjesec hrvatske knjige u znaku \u010ditanja i ilustriranja (opens in a new tab)\">Mjesec hrvatske knjige u znaku \u010ditanja i ilustriranja<\/a><\/strong><\/h3>\n\n\n\n<h3 class=\"wp-block-heading\"><a href=\"http:\/\/cvrcak-daruvar.com.hr\/?page_id=6013\" target=\"_blank\" rel=\"noreferrer noopener\" aria-label=\" U\u010denici P\u0160 Frankopanska uredili predvorje \u0161kole.  (opens in a new tab)\"> U\u010denici P\u0160 Frankopanska uredili predvorje \u0161kole. <\/a><\/h3>\n\n\n\n<h3 class=\"wp-block-heading\"><strong><a rel=\"noreferrer noopener\" aria-label=\"Dan kruha i zahvalnosti za plodove zemlje (opens in a new tab)\" href=\"http:\/\/os-vnazora-daruvar.skole.hr\/?news_hk=1&amp;news_id=5566&amp;mshow=3013#mod_news\" target=\"_blank\">Dan kruha i zahvalnosti za plodove zemlje<\/a><\/strong><\/h3>\n\n\n\n<h3 class=\"wp-block-heading\"><a rel=\"noreferrer noopener\" aria-label=\"Europski dan jezika, Me\u0111unarodni tjedan gluhih i Me\u0111unarodni dan znakovnih jezika (opens in a new tab)\" href=\"http:\/\/os-vnazora-daruvar.skole.hr\/?news_hk=1&amp;news_id=5525&amp;mshow=3013#mod_news\" target=\"_blank\">Europski dan jezika, Me\u0111unarodni tjedan gluhih i Me\u0111unarodni dan znakovnih jezika<\/a><\/h3>\n\n\n\n<h3 class=\"wp-block-heading\"><strong><a href=\"http:\/\/os-vnazora-daruvar.skole.hr\/?news_hk=1&amp;news_id=5520&amp;mshow=3013#mod_news\" target=\"_blank\" rel=\"noreferrer noopener\" aria-label=\"Maska 2020 (opens in a new tab)\">Maska 2020<\/a><\/strong><\/h3>\n","protected":false},"excerpt":{"rendered":"<p>I ja \u0107u biti osma\u0161\/osma\u0161ica! Otisak ruke &#8211; najljep\u0161a uspomena P\u0160 Batinjani: Svjetski dan p\u010dela P\u0160 Batinjani: Dan planeta Zemlje P\u0160 Batinjani &#8211; Pisanice P\u0160 Batinjani &#8211; Ususret prolje\u0107u Dan ru\u017ei\u010dastih majica 2021. Dan sigurnijeg interneta Razredni muzej 3.a Karneval MA\u0160KARE \u201eOD STAROGA NOVO\u201c P\u0160 Batinjani &#8211; Sveti Nikola Mjesec hrvatske knjige u znaku \u010ditanja [&hellip;]<\/p>\n","protected":false},"author":2,"featured_media":0,"parent":0,"menu_order":0,"comment_status":"closed","ping_status":"closed","template":"","meta":[],"_links":{"self":[{"href":"http:\/\/cvrcak-daruvar.com.hr\/index.php?rest_route=\/wp\/v2\/pages\/5831"}],"collection":[{"href":"http:\/\/cvrcak-daruvar.com.hr\/index.php?rest_route=\/wp\/v2\/pages"}],"about":[{"href":"http:\/\/cvrcak-daruvar.com.hr\/index.php?rest_route=\/wp\/v2\/types\/page"}],"author":[{"embeddable":true,"href":"http:\/\/cvrcak-daruvar.com.hr\/index.php?rest_route=\/wp\/v2\/users\/2"}],"replies":[{"embeddable":true,"href":"http:\/\/cvrcak-daruvar.com.hr\/index.php?rest_route=%2Fwp%2Fv2%2Fcomments&post=5831"}],"version-history":[{"count":33,"href":"http:\/\/cvrcak-daruvar.com.hr\/index.php?rest_route=\/wp\/v2\/pages\/5831\/revisions"}],"predecessor-version":[{"id":6566,"href":"http:\/\/cvrcak-daruvar.com.hr\/index.php?rest_route=\/wp\/v2\/pages\/5831\/revisions\/6566"}],"wp:attachment":[{"href":"http:\/\/cvrcak-daruvar.com.hr\/index.php?rest_route=%2Fwp%2Fv2%2Fmedia&parent=5831"}],"curies":[{"name":"wp","href":"https:\/\/api.w.org\/{rel}","templated":true}]}}