{"id":5829,"date":"2020-11-21T20:05:04","date_gmt":"2020-11-21T19:05:04","guid":{"rendered":"http:\/\/cvrcak-daruvar.com.hr\/?page_id=5829"},"modified":"2021-10-25T09:41:15","modified_gmt":"2021-10-25T07:41:15","slug":"impresum-7","status":"publish","type":"page","link":"http:\/\/cvrcak-daruvar.com.hr\/?page_id=5829","title":{"rendered":"IMPRESUM 2020.\/2021."},"content":{"rendered":"\n<p><\/p>\n\n\n\n<p><\/p>\n\n\n\n<p class=\"has-text-color has-medium-font-size has-luminous-vivid-orange-color\">\u0160kolska godina 2020.\/2021.<\/p>\n\n\n\n<p style=\"font-size:26px;text-align:center\" class=\"has-background has-luminous-vivid-amber-background-color\"><strong>Digitalni \u0161kolski list \u201cCVR\u010cAK\u201d<\/strong><\/p>\n\n\n\n<p>Adresa izdava\u010da:<br> Osnovna \u0161kola Vladimira Nazora<br> Ljudevita Gaja 24<br> 43500 Daruvar<br> Tel.: 043 333 123<br> Fax.: 043 331 147<br> E-mail: os-daruvar-001@os-vnazora-daruvar.skole.hr<br> Web stranica: <a href=\"http:\/\/os-vnazora-daruvar.skole.hr\/\">http:\/\/os-vnazora-daruvar.skole.hr\/<\/a><\/p>\n\n\n\n<p><br> Za \u0161kolu: ravnateljica Kornelija \u010castek, dipl. def. \u2013 soc. ped.<br> Glavna i odgovorna urednica: Jasminka Kuzle<br> Ra\u010dunalna obrada: Alenka Njegovac<br> Uredni\u0161tvo:  <br>Alenka Njegovac, Jasminka Kuzle, Iva Kri\u017e, Marina Singer, Biserka Hre\u0161i\u0107, Ankica Je\u017eabek, Andreja \u017duger<br> Uredni\u0161tvo \u2013 u\u010denici novinari<\/p>\n\n\n\n<p><\/p>\n\n\n\n<p><\/p>\n\n\n\n<p><br> Logo: Valentin Baron, Ivan Molnar<\/p>\n","protected":false},"excerpt":{"rendered":"<p>\u0160kolska godina 2020.\/2021. Digitalni \u0161kolski list \u201cCVR\u010cAK\u201d Adresa izdava\u010da: Osnovna \u0161kola Vladimira Nazora Ljudevita Gaja 24 43500 Daruvar Tel.: 043 333 123 Fax.: 043 331 147 E-mail: os-daruvar-001@os-vnazora-daruvar.skole.hr Web stranica: http:\/\/os-vnazora-daruvar.skole.hr\/ Za \u0161kolu: ravnateljica Kornelija \u010castek, dipl. def. \u2013 soc. ped. Glavna i odgovorna urednica: Jasminka Kuzle Ra\u010dunalna obrada: Alenka Njegovac Uredni\u0161tvo: Alenka Njegovac, Jasminka [&hellip;]<\/p>\n","protected":false},"author":2,"featured_media":0,"parent":0,"menu_order":0,"comment_status":"closed","ping_status":"closed","template":"","meta":[],"_links":{"self":[{"href":"http:\/\/cvrcak-daruvar.com.hr\/index.php?rest_route=\/wp\/v2\/pages\/5829"}],"collection":[{"href":"http:\/\/cvrcak-daruvar.com.hr\/index.php?rest_route=\/wp\/v2\/pages"}],"about":[{"href":"http:\/\/cvrcak-daruvar.com.hr\/index.php?rest_route=\/wp\/v2\/types\/page"}],"author":[{"embeddable":true,"href":"http:\/\/cvrcak-daruvar.com.hr\/index.php?rest_route=\/wp\/v2\/users\/2"}],"replies":[{"embeddable":true,"href":"http:\/\/cvrcak-daruvar.com.hr\/index.php?rest_route=%2Fwp%2Fv2%2Fcomments&post=5829"}],"version-history":[{"count":7,"href":"http:\/\/cvrcak-daruvar.com.hr\/index.php?rest_route=\/wp\/v2\/pages\/5829\/revisions"}],"predecessor-version":[{"id":6539,"href":"http:\/\/cvrcak-daruvar.com.hr\/index.php?rest_route=\/wp\/v2\/pages\/5829\/revisions\/6539"}],"wp:attachment":[{"href":"http:\/\/cvrcak-daruvar.com.hr\/index.php?rest_route=%2Fwp%2Fv2%2Fmedia&parent=5829"}],"curies":[{"name":"wp","href":"https:\/\/api.w.org\/{rel}","templated":true}]}}