{"id":5778,"date":"2020-06-26T09:23:28","date_gmt":"2020-06-26T07:23:28","guid":{"rendered":"http:\/\/cvrcak-daruvar.com.hr\/?page_id=5778"},"modified":"2020-06-26T09:25:18","modified_gmt":"2020-06-26T07:25:18","slug":"dan-planeta-zemlje-2","status":"publish","type":"page","link":"http:\/\/cvrcak-daruvar.com.hr\/?page_id=5778","title":{"rendered":"Dan planeta Zemlje"},"content":{"rendered":"\n<figure class=\"wp-block-image\"><img decoding=\"async\" loading=\"lazy\" width=\"299\" height=\"168\" src=\"http:\/\/cvrcak-daruvar.com.hr\/wp-content\/uploads\/2020\/06\/Zemlja.png\" alt=\"\" class=\"wp-image-5779\"\/><\/figure>\n\n\n\n<p><strong>Na\u0161a je Zemlja divan planet,<\/strong><\/p>\n\n\n\n<p><strong>Sunce obasjava \u010ditav svijet.<\/strong><\/p>\n\n\n\n<p><strong>Mjesec je skriva u tmini\nno\u0107i,<\/strong><\/p>\n\n\n\n<p><strong>usnula je, sanja dan \u0161to \u0107e do\u0107i.<\/strong><\/p>\n\n\n\n<p> .<\/p>\n\n\n\n<p><strong>Snovi su njeni&nbsp; protkani, mirni<\/strong><\/p>\n\n\n\n<p><strong>u tu ljepotu nikad ne dirni.<\/strong><\/p>\n\n\n\n<p><strong>Pusti je neka jo\u0161 kratko\nsanja,<\/strong><\/p>\n\n\n\n<p><strong>jo\u0161 malo pro\u0107i \u0107e i svjetlost danja.<\/strong><\/p>\n\n\n\n<p> .<\/p>\n\n\n\n<p><strong>\u010cim otvori o\u010di, sav san se\nraspr\u0161i,<\/strong><\/p>\n\n\n\n<p><strong>tko li to njene snove kr\u0161i?<\/strong><\/p>\n\n\n\n<p><strong>Strah i briga do magme\nsijeku,<\/strong><\/p>\n\n\n\n<p><strong>o\u017eiljci na\u0161i stvarno je peku.<\/strong><\/p>\n\n\n\n<p> .<\/p>\n\n\n\n<p><strong>Uspjeli smo je zagadit\ncijelu,<\/strong><\/p>\n\n\n\n<p><strong>ve\u0107 dugo nije u rasko\u0161nom\nvelu.<\/strong><\/p>\n\n\n\n<p><strong>Za zdravlje nitko ni da ju\npita.<\/strong><\/p>\n\n\n\n<p><strong>A ona sama bez ikakvog \u0161tita.<\/strong><\/p>\n\n\n\n<p> .<\/p>\n\n\n\n<p><strong>Zato bi sada svi trebali\nstati,<\/strong><\/p>\n\n\n\n<p><strong>za sav njen trud po\u010dast\nodati.<\/strong><\/p>\n\n\n\n<p><strong>Krajnje je vrijeme, zadnji je\ndan<\/strong><\/p>\n\n\n\n<p><strong>Jedino \u0161to \u017eeli miran je san.&nbsp;<\/strong><\/p>\n\n\n\n<p style=\"text-align:right\"><strong>Stefan Radulovi\u0107, 5.e&nbsp;&nbsp;&nbsp;&nbsp;&nbsp;&nbsp; &nbsp;&nbsp;&nbsp;&nbsp;&nbsp;&nbsp;&nbsp;&nbsp;&nbsp;&nbsp;&nbsp;&nbsp;&nbsp;&nbsp;&nbsp;&nbsp;&nbsp;&nbsp; <\/strong>&nbsp;<\/p>\n","protected":false},"excerpt":{"rendered":"<p>Na\u0161a je Zemlja divan planet, Sunce obasjava \u010ditav svijet. Mjesec je skriva u tmini no\u0107i, usnula je, sanja dan \u0161to \u0107e do\u0107i. . Snovi su njeni&nbsp; protkani, mirni u tu ljepotu nikad ne dirni. Pusti je neka jo\u0161 kratko sanja, jo\u0161 malo pro\u0107i \u0107e i svjetlost danja. . \u010cim otvori o\u010di, sav san se raspr\u0161i, [&hellip;]<\/p>\n","protected":false},"author":2,"featured_media":0,"parent":0,"menu_order":0,"comment_status":"closed","ping_status":"closed","template":"","meta":[],"_links":{"self":[{"href":"http:\/\/cvrcak-daruvar.com.hr\/index.php?rest_route=\/wp\/v2\/pages\/5778"}],"collection":[{"href":"http:\/\/cvrcak-daruvar.com.hr\/index.php?rest_route=\/wp\/v2\/pages"}],"about":[{"href":"http:\/\/cvrcak-daruvar.com.hr\/index.php?rest_route=\/wp\/v2\/types\/page"}],"author":[{"embeddable":true,"href":"http:\/\/cvrcak-daruvar.com.hr\/index.php?rest_route=\/wp\/v2\/users\/2"}],"replies":[{"embeddable":true,"href":"http:\/\/cvrcak-daruvar.com.hr\/index.php?rest_route=%2Fwp%2Fv2%2Fcomments&post=5778"}],"version-history":[{"count":5,"href":"http:\/\/cvrcak-daruvar.com.hr\/index.php?rest_route=\/wp\/v2\/pages\/5778\/revisions"}],"predecessor-version":[{"id":5787,"href":"http:\/\/cvrcak-daruvar.com.hr\/index.php?rest_route=\/wp\/v2\/pages\/5778\/revisions\/5787"}],"wp:attachment":[{"href":"http:\/\/cvrcak-daruvar.com.hr\/index.php?rest_route=%2Fwp%2Fv2%2Fmedia&parent=5778"}],"curies":[{"name":"wp","href":"https:\/\/api.w.org\/{rel}","templated":true}]}}