{"id":5773,"date":"2020-06-26T09:13:55","date_gmt":"2020-06-26T07:13:55","guid":{"rendered":"http:\/\/cvrcak-daruvar.com.hr\/?page_id=5773"},"modified":"2020-06-26T09:13:55","modified_gmt":"2020-06-26T07:13:55","slug":"sto-se-uci-na-predmetu-preobrazbe","status":"publish","type":"page","link":"http:\/\/cvrcak-daruvar.com.hr\/?page_id=5773","title":{"rendered":"\u0160to se u\u010di na predmetu Preobrazbe"},"content":{"rendered":"\n<p>Nakon uzbudljivog prvog dana \u0161kole u Hogwartsu, po\u010dela je\nnastava. Prvi sat imali smo predmet Preobrazbu. Bio sam jako uzbu\u0111en jer sam\n\u010duo od drugih u\u010denika da je to jako zanimljiv predmet. <\/p>\n\n\n\n<p>U\u010dionica je izgledala kao i u\u010dionica svake \u0161kole, s klupama i\nstolicama, plo\u010dom i knjigama. No, to je bilo samo na prvi pogled. Kada sam sjeo\nu klupu, ona je progovorila: \u201eDobro do\u0161ao na sat Preobrazbe!\u201c Ba\u0161 fora! Tada je\nu u\u010dionicu u\u0161la profesorica. U ruci je imala \u0161tapi\u0107 kojim je zamahnula i\nizgovorila neke neobi\u010dne rije\u010di koje sada ni ne znam ponoviti. U tom trenutku\nna plo\u010di su se po\u010dele ispisivati rije\u010di: Dragi u\u010denici, dobro do\u0161li na sat\nPreobrazbe! Bio sam odu\u0161evljen. Jedva \u010dekam da i sam nau\u010dim neke \u010darolije. Tada\nnam je profesorica po\u010dela obja\u0161njavati \u0161to \u0107emo u\u010diti iz tog predmeta. Kada\nnau\u010dimo \u010darolije, mo\u0107i \u0107emo promijeniti izgled i oblik pa \u010dak i stvoriti nove\npredmete. Za stvaranje \u010darolija potrebna je velika vje\u0161tina i koncentracija,\nkao i precizan zamah \u0161tapi\u0107em i izgovaranje pravih rije\u010di. Sve te \u010darolije mo\u0107i\n\u0107emo koristiti za obranu od mra\u010dnih sila. Zatim je svatko od nas isprobao\njednostavnu \u010daroliju &#8211; kako pomaknuti predmet. U knjizi \u010carolija je pisalo da\ntreba usmjeriti \u0161tapi\u0107 prema predmetu i zgovoriti: \u201e\u010cinka minka rikula pinka\u201c.\nNije to lagano kao \u0161to se \u010dini, ali meni je i\u0161lo odli\u010dno. Imam talenta!&nbsp;&nbsp;&nbsp;&nbsp;&nbsp;&nbsp;&nbsp;&nbsp;&nbsp;&nbsp;&nbsp;&nbsp;&nbsp;&nbsp;&nbsp;&nbsp;&nbsp;&nbsp;&nbsp;&nbsp;&nbsp;&nbsp;&nbsp;&nbsp;&nbsp;&nbsp;&nbsp;&nbsp;&nbsp;&nbsp;&nbsp;&nbsp;&nbsp;&nbsp;&nbsp;&nbsp;&nbsp;&nbsp;&nbsp;&nbsp;&nbsp;&nbsp;&nbsp;&nbsp;&nbsp;&nbsp;&nbsp;&nbsp;&nbsp;&nbsp;&nbsp;\n&nbsp;&nbsp;&nbsp;&nbsp;&nbsp;&nbsp;&nbsp;&nbsp;&nbsp;&nbsp;&nbsp;&nbsp;&nbsp;&nbsp;&nbsp;&nbsp;&nbsp;&nbsp;&nbsp;&nbsp;&nbsp;&nbsp;&nbsp;&nbsp;&nbsp;&nbsp;&nbsp;&nbsp;&nbsp;&nbsp;&nbsp;&nbsp;&nbsp;&nbsp;&nbsp;&nbsp;&nbsp;&nbsp;&nbsp;&nbsp;&nbsp;&nbsp;&nbsp;&nbsp;&nbsp;&nbsp;&nbsp;&nbsp;&nbsp;&nbsp;&nbsp;&nbsp;&nbsp;&nbsp;&nbsp;&nbsp;&nbsp;&nbsp;&nbsp;&nbsp;&nbsp;&nbsp;&nbsp;&nbsp;&nbsp;&nbsp;&nbsp;&nbsp;&nbsp;&nbsp;&nbsp;&nbsp;&nbsp;&nbsp;&nbsp;&nbsp;&nbsp;&nbsp;&nbsp;&nbsp;&nbsp;&nbsp;&nbsp;&nbsp;&nbsp;&nbsp;&nbsp;&nbsp;&nbsp;&nbsp;&nbsp;&nbsp;&nbsp;&nbsp;&nbsp;&nbsp;&nbsp;&nbsp;&nbsp;&nbsp;&nbsp;&nbsp;&nbsp;&nbsp;<\/p>\n\n\n\n<p>Na pauzi za ru\u010dak htio sam isprobati nau\u010denu \u010daroliju.\nUsmjerio sam \u0161tapi\u0107 na \u010da\u0161u soka i izgovorio \u010darobne rije\u010di. No, \u010da\u0161a se\nprevrnula i prolila po jednoj profesorici. Cijela je dvorana utihnula, a meni\nje bilo stra\u0161no neugodno.<\/p>\n\n\n\n<p>Ipak nisam bio ka\u017enjen. Profesorica mi je objasnila da je\nva\u017eno vje\u017ebati \u010darolije kako bi bili \u0161to bolji, ali da moramo biti jako oprezni\njer \u010darolije mogu biti opasne ako ih koristimo u krive svrhe. Jo\u0161 puno toga\nmoram nau\u010diti, ali spreman sam i veselim se novim \u010darolijama. Naravno uz oprez\ni odgovornost.<\/p>\n\n\n\n<p style=\"text-align:right\"><em>Ivano Mari\u0107, 6.a<\/em><\/p>\n","protected":false},"excerpt":{"rendered":"<p>Nakon uzbudljivog prvog dana \u0161kole u Hogwartsu, po\u010dela je nastava. Prvi sat imali smo predmet Preobrazbu. Bio sam jako uzbu\u0111en jer sam \u010duo od drugih u\u010denika da je to jako zanimljiv predmet. U\u010dionica je izgledala kao i u\u010dionica svake \u0161kole, s klupama i stolicama, plo\u010dom i knjigama. No, to je bilo samo na prvi pogled. [&hellip;]<\/p>\n","protected":false},"author":2,"featured_media":0,"parent":0,"menu_order":0,"comment_status":"closed","ping_status":"closed","template":"","meta":[],"_links":{"self":[{"href":"http:\/\/cvrcak-daruvar.com.hr\/index.php?rest_route=\/wp\/v2\/pages\/5773"}],"collection":[{"href":"http:\/\/cvrcak-daruvar.com.hr\/index.php?rest_route=\/wp\/v2\/pages"}],"about":[{"href":"http:\/\/cvrcak-daruvar.com.hr\/index.php?rest_route=\/wp\/v2\/types\/page"}],"author":[{"embeddable":true,"href":"http:\/\/cvrcak-daruvar.com.hr\/index.php?rest_route=\/wp\/v2\/users\/2"}],"replies":[{"embeddable":true,"href":"http:\/\/cvrcak-daruvar.com.hr\/index.php?rest_route=%2Fwp%2Fv2%2Fcomments&post=5773"}],"version-history":[{"count":1,"href":"http:\/\/cvrcak-daruvar.com.hr\/index.php?rest_route=\/wp\/v2\/pages\/5773\/revisions"}],"predecessor-version":[{"id":5774,"href":"http:\/\/cvrcak-daruvar.com.hr\/index.php?rest_route=\/wp\/v2\/pages\/5773\/revisions\/5774"}],"wp:attachment":[{"href":"http:\/\/cvrcak-daruvar.com.hr\/index.php?rest_route=%2Fwp%2Fv2%2Fmedia&parent=5773"}],"curies":[{"name":"wp","href":"https:\/\/api.w.org\/{rel}","templated":true}]}}