{"id":5771,"date":"2020-06-26T09:13:05","date_gmt":"2020-06-26T07:13:05","guid":{"rendered":"http:\/\/cvrcak-daruvar.com.hr\/?page_id=5771"},"modified":"2020-06-26T09:13:05","modified_gmt":"2020-06-26T07:13:05","slug":"digitalna-skola","status":"publish","type":"page","link":"http:\/\/cvrcak-daruvar.com.hr\/?page_id=5771","title":{"rendered":"DIGITALNA \u0160KOLA"},"content":{"rendered":"\n<p>Zbog pandemije korona virusa sve \u0161kole su prazne i u\u010di se od\nku\u0107e. U samom po\u010detku sam se veselila tome, ali kada sam vidjela u \u0161to se to\nrazvija, nisam bila presretna. Ve\u0107 sam ja i sumnjala da \u0107emo se u \u0161kolu vratiti\nprije devetog mjeseca. Svi imamo posla preko glave: i u\u010ditelji i u\u010denici.\nNajvi\u0161e me mu\u010di ispravljanje ocjena, odgovaranje, testovi&#8230; U ovoj cijeloj\npri\u010di mi najvi\u0161e fale svi moji u\u010ditelji, prijatelji, razred, ma fali mi i ono\nglasno zvono rano ujutro. Nije mi ba\u0161 dobro sjela ova digitalna \u0161kola jer nemam\nba\u0161 motivacije i volje za rad,a i jako je \u010dudno sjediti u pid\u017eami i biti u\n\u0161koli. Zaklju\u010dak je da mi definitivno fali prava \u0161kola i da se vi\u0161e nikada ne\u0107u\n\u017ealiti da mi je lo\u0161e u \u0161koli.<\/p>\n\n\n\n<p style=\"text-align:right\">Leila Gajger, 7.a<\/p>\n","protected":false},"excerpt":{"rendered":"<p>Zbog pandemije korona virusa sve \u0161kole su prazne i u\u010di se od ku\u0107e. U samom po\u010detku sam se veselila tome, ali kada sam vidjela u \u0161to se to razvija, nisam bila presretna. Ve\u0107 sam ja i sumnjala da \u0107emo se u \u0161kolu vratiti prije devetog mjeseca. Svi imamo posla preko glave: i u\u010ditelji i u\u010denici. [&hellip;]<\/p>\n","protected":false},"author":2,"featured_media":0,"parent":0,"menu_order":0,"comment_status":"closed","ping_status":"closed","template":"","meta":[],"_links":{"self":[{"href":"http:\/\/cvrcak-daruvar.com.hr\/index.php?rest_route=\/wp\/v2\/pages\/5771"}],"collection":[{"href":"http:\/\/cvrcak-daruvar.com.hr\/index.php?rest_route=\/wp\/v2\/pages"}],"about":[{"href":"http:\/\/cvrcak-daruvar.com.hr\/index.php?rest_route=\/wp\/v2\/types\/page"}],"author":[{"embeddable":true,"href":"http:\/\/cvrcak-daruvar.com.hr\/index.php?rest_route=\/wp\/v2\/users\/2"}],"replies":[{"embeddable":true,"href":"http:\/\/cvrcak-daruvar.com.hr\/index.php?rest_route=%2Fwp%2Fv2%2Fcomments&post=5771"}],"version-history":[{"count":1,"href":"http:\/\/cvrcak-daruvar.com.hr\/index.php?rest_route=\/wp\/v2\/pages\/5771\/revisions"}],"predecessor-version":[{"id":5772,"href":"http:\/\/cvrcak-daruvar.com.hr\/index.php?rest_route=\/wp\/v2\/pages\/5771\/revisions\/5772"}],"wp:attachment":[{"href":"http:\/\/cvrcak-daruvar.com.hr\/index.php?rest_route=%2Fwp%2Fv2%2Fmedia&parent=5771"}],"curies":[{"name":"wp","href":"https:\/\/api.w.org\/{rel}","templated":true}]}}