{"id":5708,"date":"2020-04-27T14:09:26","date_gmt":"2020-04-27T12:09:26","guid":{"rendered":"http:\/\/cvrcak-daruvar.com.hr\/?page_id=5708"},"modified":"2020-04-27T14:09:26","modified_gmt":"2020-04-27T12:09:26","slug":"online-izazov-u-noci-knjige-2020","status":"publish","type":"page","link":"http:\/\/cvrcak-daruvar.com.hr\/?page_id=5708","title":{"rendered":"Online izazov u No\u0107i knjige 2020."},"content":{"rendered":"\n<h2 class=\"wp-block-heading\"><strong>Koko u Parizu<\/strong><\/h2>\n\n\n\n<p>(osvrt na knjigu)<\/p>\n\n\n\n<p>Moja omiljena knjiga\nje Koko u Parizu Ivana Ku\u0161ana jer je svaka radnja zanimljiva i uzbudljiva. Koko\nu Parizu mi se svi\u0111a jer su glavni likovi djeca koja sve otkrivaju i snalaze se\nsama. Ova knjiga mi je promijenila pogled na \u010ditanje knjiga jer sam shvatila da\npostoji jo\u0161 mnogo zanimljivih knjiga u svijetu.<br>\nKada je moj razred dobio knjigu na \u010ditanje i analiziranje svi stariji od mene\nsu mi rekli da je knjiga odli\u010dna. Drago mi je da sam je pro\u010ditala.<\/p>\n\n\n\n<p style=\"text-align:right\">Antonija Juraj, 5.a<\/p>\n\n\n\n<p><\/p>\n\n\n\n<h2 class=\"wp-block-heading\"><strong>Ljeto za pam\u0107enje<\/strong><\/h2>\n\n\n\n<p>(osvrt na knjigu)<\/p>\n\n\n\n<p>Moja\nnajdra\u017ea knjiga zove se Ljeto za pam\u0107enje. Napisao ju je pisac Miro Gavran.<\/p>\n\n\n\n<p>Tema\nknjige govori o ljetovanju djeda i njegovog unuka koje je kroz knjigu opisano\nna humoristi\u010dan na\u010din.<\/p>\n\n\n\n<p>Knjiga\nmi se svidjela zato \u0161to&nbsp; nosi vrlo lijepu\npouku o tome kako ne treba ljude suditi po vanjskom izgledu, nego po onome\nkakvi oni stvarno jesu. Posebna je po tome \u0161to pri\u010da dvostruku ljubavnu pri\u010du u\nvi\u0161e generacija.<\/p>\n\n\n\n<p>U\nknjizi ima jedan mali dio koji mi se ne svi\u0111a, a to je dio u kojem se govori o\nskrivanju pisama koje je djed slao po\u0161tom iz vojske svojoj ljubavi.<\/p>\n\n\n\n<p>Knjigu\nsam pro\u010ditala prije nekoliko godina tako \u0161to sam je posudila u gradskoj\nknji\u017enici, a nakon toga sam je i sama kupila preko interneta.<\/p>\n\n\n\n<p>Preporu\u010dila\nbih svima da je pro\u010ditaju zato \u0161to je knjiga romanti\u010dna. Zanimljiva je za sve\ngeneracije te poru\u010duje kako svima treba dati priliku.<\/p>\n\n\n\n<p style=\"text-align:right\">Irina Kafka, 8. b<\/p>\n\n\n\n<p><\/p>\n\n\n\n<h2 class=\"wp-block-heading\"><strong>Tom Gates: Moj savr\u0161eni svijet<\/strong><\/h2>\n\n\n\n<p>(osvrt na knjigu)<\/p>\n\n\n\n<p>Sje\u0107am\nse svoje prve knjige koju sam&nbsp;ba\u0161&nbsp;ja odlu\u010dio odabrati i pro\u010ditati.\nZvala se Moj savr\u0161eni svijet&nbsp;&#8211; Tom Gates.&nbsp;To je serijal knjiga u\nkojem pratimo \u017eivot i okru\u017eenje Toma Gatesa.&nbsp;<\/p>\n\n\n\n<p>Tema\nknjige Tom Gates je ponajvi\u0161e zabava s&nbsp;Tomovim&nbsp;prijateljima,&nbsp;profesorom&nbsp;Fulermanom&nbsp;,\nNormanom Watsonom i Derekom&nbsp;Fingelom.&nbsp;<\/p>\n\n\n\n<p>Knjiga\nmi se svidjela zato \u0161to je zabavna,&nbsp;ima&nbsp;i&nbsp;tekst i\nilustracije.&nbsp;&nbsp;<\/p>\n\n\n\n<p>Napisana\nje kao strip i roman u jednom, a izuzetno je zabavna i duhovita. Tom me\npodsje\u0107a na neke moje prijatelje.&nbsp;<\/p>\n\n\n\n<p>Za\nveliko \u010dudo meni se u knjizi sve svidjelo. Nema stvari koja je dosadna ili\nnezanimljiva. Ovaj serijal knjiga \u010ditam&nbsp;i\ndalje,&nbsp;a&nbsp;sedmu&nbsp;knjigu&nbsp;sam naru\u010dio preko interneta ovih dana\ni nemam nikakve primjedbe na knjigu.&nbsp;<\/p>\n\n\n\n<p>Prvu\nknjigu Toma Gatesa sam posudio od brata,&nbsp;a on ju je dobio na poklon pa sam\nje pro\u010ditao i po\u010deo naru\u010divati ostale sa interneta.&nbsp;<\/p>\n\n\n\n<p style=\"text-align:right\">Fabijan\nIle\u0161, 6.a<\/p>\n","protected":false},"excerpt":{"rendered":"<p>Koko u Parizu (osvrt na knjigu) Moja omiljena knjiga je Koko u Parizu Ivana Ku\u0161ana jer je svaka radnja zanimljiva i uzbudljiva. Koko u Parizu mi se svi\u0111a jer su glavni likovi djeca koja sve otkrivaju i snalaze se sama. Ova knjiga mi je promijenila pogled na \u010ditanje knjiga jer sam shvatila da postoji jo\u0161 [&hellip;]<\/p>\n","protected":false},"author":2,"featured_media":0,"parent":0,"menu_order":0,"comment_status":"closed","ping_status":"closed","template":"","meta":[],"_links":{"self":[{"href":"http:\/\/cvrcak-daruvar.com.hr\/index.php?rest_route=\/wp\/v2\/pages\/5708"}],"collection":[{"href":"http:\/\/cvrcak-daruvar.com.hr\/index.php?rest_route=\/wp\/v2\/pages"}],"about":[{"href":"http:\/\/cvrcak-daruvar.com.hr\/index.php?rest_route=\/wp\/v2\/types\/page"}],"author":[{"embeddable":true,"href":"http:\/\/cvrcak-daruvar.com.hr\/index.php?rest_route=\/wp\/v2\/users\/2"}],"replies":[{"embeddable":true,"href":"http:\/\/cvrcak-daruvar.com.hr\/index.php?rest_route=%2Fwp%2Fv2%2Fcomments&post=5708"}],"version-history":[{"count":1,"href":"http:\/\/cvrcak-daruvar.com.hr\/index.php?rest_route=\/wp\/v2\/pages\/5708\/revisions"}],"predecessor-version":[{"id":5709,"href":"http:\/\/cvrcak-daruvar.com.hr\/index.php?rest_route=\/wp\/v2\/pages\/5708\/revisions\/5709"}],"wp:attachment":[{"href":"http:\/\/cvrcak-daruvar.com.hr\/index.php?rest_route=%2Fwp%2Fv2%2Fmedia&parent=5708"}],"curies":[{"name":"wp","href":"https:\/\/api.w.org\/{rel}","templated":true}]}}