{"id":5690,"date":"2020-04-22T13:24:05","date_gmt":"2020-04-22T11:24:05","guid":{"rendered":"http:\/\/cvrcak-daruvar.com.hr\/?page_id=5690"},"modified":"2020-04-22T13:26:40","modified_gmt":"2020-04-22T11:26:40","slug":"dan-planeta-zemlje","status":"publish","type":"page","link":"http:\/\/cvrcak-daruvar.com.hr\/?page_id=5690","title":{"rendered":"Dan planeta zemlje"},"content":{"rendered":"\n<p><\/p>\n\n\n\n<p><\/p>\n\n\n\n<p>&nbsp;&nbsp;&nbsp;&nbsp;&nbsp;&nbsp;&nbsp;&nbsp;&nbsp;&nbsp;&nbsp;&nbsp;&nbsp;&nbsp;&nbsp;&nbsp;&nbsp;&nbsp;&nbsp;&nbsp;&nbsp;&nbsp;&nbsp;&nbsp;&nbsp;&nbsp;&nbsp;&nbsp;&nbsp;&nbsp;&nbsp;&nbsp;&nbsp;&nbsp;&nbsp;&nbsp;&nbsp;&nbsp;&nbsp;&nbsp;&nbsp;&nbsp;&nbsp; <strong>DAN PLANETA ZEMLJE<\/strong><\/p>\n\n\n\n<p><strong>Ujutro, kad\nustanem,<\/strong><\/p>\n\n\n\n<p><strong>prvo u kupaonicu\nu\u0111em.<\/strong><\/p>\n\n\n\n<p><strong>Operem svoje zube\ni lice<\/strong><\/p>\n\n\n\n<p><strong>da uni\u0161tim sve klice.<\/strong><\/p>\n\n\n\n<p>.<\/p>\n\n\n\n<p><strong>Pitam se tada\u2026<\/strong><\/p>\n\n\n\n<p><strong>Tko umiva Zemlju\nmoju?<\/strong><\/p>\n\n\n\n<p><strong>Tko je \u010duva od\nklica<\/strong><\/p>\n\n\n\n<p><strong>i od raznih zlica ?<\/strong><\/p>\n\n\n\n<p>.<\/p>\n\n\n\n<p><strong>Stalno slu\u0161am da<\/strong><\/p>\n\n\n\n<p><strong>padaju kisele ki\u0161e\n<\/strong><\/p>\n\n\n\n<p><strong>i pitam se\u2026<\/strong><\/p>\n\n\n\n<p><strong>Kako moja Zemlja tada di\u0161e ?<\/strong><\/p>\n\n\n\n<p>.<\/p>\n\n\n\n<p><strong>\u017dao mi je Zemlje\nna\u0161e!<\/strong><\/p>\n\n\n\n<p><strong>Stalno bacamo po\nnjoj plasti\u010dne \u010da\u0161e.<\/strong><\/p>\n\n\n\n<p><strong>A ona je na\u0161\njedini dom!<\/strong><\/p>\n\n\n\n<p><strong>\u010cuvajmo je, da zablista u sjaju svom!<\/strong><\/p>\n\n\n\n<p>.<\/p>\n\n\n\n<p><strong>&nbsp;&nbsp;&nbsp;&nbsp;&nbsp;&nbsp;&nbsp;&nbsp;&nbsp;&nbsp;&nbsp;&nbsp;&nbsp;&nbsp;&nbsp;&nbsp;&nbsp;&nbsp;&nbsp;&nbsp;&nbsp;&nbsp;&nbsp;&nbsp;&nbsp;&nbsp;&nbsp;&nbsp;&nbsp;&nbsp;&nbsp;&nbsp;&nbsp;&nbsp;&nbsp;&nbsp;&nbsp;&nbsp;&nbsp;&nbsp;&nbsp;&nbsp;&nbsp;&nbsp;&nbsp;&nbsp;&nbsp;&nbsp;&nbsp;&nbsp;&nbsp;&nbsp;&nbsp;&nbsp;&nbsp;&nbsp;&nbsp;&nbsp;&nbsp;&nbsp;&nbsp;&nbsp;&nbsp;&nbsp;&nbsp;&nbsp;&nbsp;&nbsp;&nbsp;&nbsp;&nbsp;&nbsp;&nbsp;&nbsp;&nbsp;&nbsp;&nbsp;&nbsp;&nbsp;&nbsp;&nbsp;&nbsp;&nbsp;&nbsp;&nbsp;&nbsp;&nbsp;&nbsp;&nbsp;\nMila i Dalma Lovrin\u010devi\u0107<\/strong><\/p>\n\n\n\n<div class=\"wp-block-image\"><figure class=\"aligncenter\"><img decoding=\"async\" loading=\"lazy\" width=\"310\" height=\"162\" src=\"http:\/\/cvrcak-daruvar.com.hr\/wp-content\/uploads\/2020\/04\/Zemlja.png\" alt=\"\" class=\"wp-image-5692\" srcset=\"http:\/\/cvrcak-daruvar.com.hr\/wp-content\/uploads\/2020\/04\/Zemlja.png 310w, http:\/\/cvrcak-daruvar.com.hr\/wp-content\/uploads\/2020\/04\/Zemlja-300x157.png 300w\" sizes=\"(max-width: 310px) 100vw, 310px\" \/><\/figure><\/div>\n\n\n\n<p><\/p>\n","protected":false},"excerpt":{"rendered":"<p>&nbsp;&nbsp;&nbsp;&nbsp;&nbsp;&nbsp;&nbsp;&nbsp;&nbsp;&nbsp;&nbsp;&nbsp;&nbsp;&nbsp;&nbsp;&nbsp;&nbsp;&nbsp;&nbsp;&nbsp;&nbsp;&nbsp;&nbsp;&nbsp;&nbsp;&nbsp;&nbsp;&nbsp;&nbsp;&nbsp;&nbsp;&nbsp;&nbsp;&nbsp;&nbsp;&nbsp;&nbsp;&nbsp;&nbsp;&nbsp;&nbsp;&nbsp;&nbsp; DAN PLANETA ZEMLJE Ujutro, kad ustanem, prvo u kupaonicu u\u0111em. Operem svoje zube i lice da uni\u0161tim sve klice. . Pitam se tada\u2026 Tko umiva Zemlju moju? Tko je \u010duva od klica i od raznih zlica ? . Stalno slu\u0161am da padaju kisele ki\u0161e i pitam se\u2026 Kako moja Zemlja tada di\u0161e ? . [&hellip;]<\/p>\n","protected":false},"author":2,"featured_media":0,"parent":0,"menu_order":0,"comment_status":"closed","ping_status":"closed","template":"","meta":[],"_links":{"self":[{"href":"http:\/\/cvrcak-daruvar.com.hr\/index.php?rest_route=\/wp\/v2\/pages\/5690"}],"collection":[{"href":"http:\/\/cvrcak-daruvar.com.hr\/index.php?rest_route=\/wp\/v2\/pages"}],"about":[{"href":"http:\/\/cvrcak-daruvar.com.hr\/index.php?rest_route=\/wp\/v2\/types\/page"}],"author":[{"embeddable":true,"href":"http:\/\/cvrcak-daruvar.com.hr\/index.php?rest_route=\/wp\/v2\/users\/2"}],"replies":[{"embeddable":true,"href":"http:\/\/cvrcak-daruvar.com.hr\/index.php?rest_route=%2Fwp%2Fv2%2Fcomments&post=5690"}],"version-history":[{"count":5,"href":"http:\/\/cvrcak-daruvar.com.hr\/index.php?rest_route=\/wp\/v2\/pages\/5690\/revisions"}],"predecessor-version":[{"id":5700,"href":"http:\/\/cvrcak-daruvar.com.hr\/index.php?rest_route=\/wp\/v2\/pages\/5690\/revisions\/5700"}],"wp:attachment":[{"href":"http:\/\/cvrcak-daruvar.com.hr\/index.php?rest_route=%2Fwp%2Fv2%2Fmedia&parent=5690"}],"curies":[{"name":"wp","href":"https:\/\/api.w.org\/{rel}","templated":true}]}}