{"id":5650,"date":"2020-02-28T09:43:33","date_gmt":"2020-02-28T08:43:33","guid":{"rendered":"http:\/\/cvrcak-daruvar.com.hr\/?page_id=5650"},"modified":"2020-02-28T09:43:33","modified_gmt":"2020-02-28T08:43:33","slug":"produzeni-boravak-3","status":"publish","type":"page","link":"http:\/\/cvrcak-daruvar.com.hr\/?page_id=5650","title":{"rendered":"Produ\u017eeni boravak"},"content":{"rendered":"\n<figure class=\"wp-block-image\"><img decoding=\"async\" loading=\"lazy\" width=\"720\" height=\"960\" src=\"http:\/\/cvrcak-daruvar.com.hr\/wp-content\/uploads\/2020\/02\/IMG_20200211_071413.jpg\" alt=\"\" class=\"wp-image-5651\" srcset=\"http:\/\/cvrcak-daruvar.com.hr\/wp-content\/uploads\/2020\/02\/IMG_20200211_071413.jpg 720w, http:\/\/cvrcak-daruvar.com.hr\/wp-content\/uploads\/2020\/02\/IMG_20200211_071413-225x300.jpg 225w\" sizes=\"(max-width: 720px) 100vw, 720px\" \/><\/figure>\n\n\n\n<p>Produ\u017eeni boravak zna\u010di mjesto gdje borave djeca po\u010detnih\nrazreda osnovne \u0161kole koja nemaju gdje i s kime biti dok su im roditelji na\nposlu. U na\u0161oj \u0161koli produ\u017eeni boravak postoji ve\u0107 drugu godinu. Organiziran je\nu dvije smjene tako da su u\u010denici prvih i drugih razreda zbrinuti. Tamo\nkvalitetno provode vrijeme. Osim \u0161to su na toplom i sigurnom, napi\u0161u zada\u0107u,\nu\u010de razne stvari i uvje\u017ebavaju za nastupe na \u0161kolskom priredbama. Razvijaju i\nmotoriku izra\u0111uju\u0107i razne likovne radove koji se poslije mogu vidjeti na\npanoima u \u0161koli. Uz sve te aktivnosti, organiziran je i topli obrok. <\/p>\n\n\n\n<figure class=\"wp-block-image\"><img decoding=\"async\" loading=\"lazy\" width=\"720\" height=\"960\" src=\"http:\/\/cvrcak-daruvar.com.hr\/wp-content\/uploads\/2020\/02\/IMG_20200211_071339.jpg\" alt=\"\" class=\"wp-image-5652\" srcset=\"http:\/\/cvrcak-daruvar.com.hr\/wp-content\/uploads\/2020\/02\/IMG_20200211_071339.jpg 720w, http:\/\/cvrcak-daruvar.com.hr\/wp-content\/uploads\/2020\/02\/IMG_20200211_071339-225x300.jpg 225w\" sizes=\"(max-width: 720px) 100vw, 720px\" \/><\/figure>\n\n\n\n<p>&nbsp;&nbsp;&nbsp;&nbsp;&nbsp;&nbsp;&nbsp;&nbsp;&nbsp;&nbsp;&nbsp; Dosad je\nprodu\u017eeni boravak koristio prostor \u0161kolske knji\u017enice koji je vrlo skroman za\npotrebe i aktivnosti boravka. Zapo\u010dela je akcija prikupljanja sredstava za\nizgradnju nove u\u010dionice u \u0161koli u Gajevoj ulici. Akcija se provodila od 18. do\n24.12. 2019. Djelatnici na\u0161ih \u0161kola, mati\u010dne i podru\u010dnih, pekli su kola\u010de i\npoklanjali ih svima koji su donirali novac. Prodavale su se i rukotvorine i\nbo\u017ei\u0107ni ukrasi na \u0161tandu u sklopu Bo\u017ei\u0107nog sajma. Odazvalo se jako puno ljudi i\nsugra\u0111ani su prepoznali ovu akciju kao vrlo pozitivnu. Prikupljeno je \u010dak vi\u0161e\nod 12000 kn. 13.1.2020. zapo\u010deli su radovi nadogradnje u\u010dionice u holu \u0161kole u\nGajevoj ulici. Jedan dio garderoba u\u010denika je premje\u0161ten kako bi se oslobodio\nprostor. 7.2.2020. radovi su privedeni kraju i boravka\u0161i su se ponosno uselili\nu svoj novi prostor. Posjetili smo ih i pitali ih kako im se svi\u0111a novi\nprostor. Rekli su nam da im je jako lijepo u novoj u\u010dionici. <\/p>\n\n\n\n<figure class=\"wp-block-image\"><img decoding=\"async\" loading=\"lazy\" width=\"720\" height=\"960\" src=\"http:\/\/cvrcak-daruvar.com.hr\/wp-content\/uploads\/2020\/02\/IMG_20200211_071346.jpg\" alt=\"\" class=\"wp-image-5653\" srcset=\"http:\/\/cvrcak-daruvar.com.hr\/wp-content\/uploads\/2020\/02\/IMG_20200211_071346.jpg 720w, http:\/\/cvrcak-daruvar.com.hr\/wp-content\/uploads\/2020\/02\/IMG_20200211_071346-225x300.jpg 225w\" sizes=\"(max-width: 720px) 100vw, 720px\" \/><\/figure>\n\n\n\n<p>\u201e U knji\u017enici je bilo super, ali je\nbilo manje prostora. Volimo biti u ovoj u\u010dionici. Najvi\u0161e nam se svi\u0111a mjesto\nza igru i kutak za odmor. \u010citamo knjige, pi\u0161emo zada\u0107u, dru\u017eimo se i pri\u010damo.\nVolimo pisati zada\u0107u ovdje. Izra\u0111ujemo i razne ukrase, crtamo i lijepo\nprovodimo vrijeme.\u201c Rekli su nam Lara, Gabi, Mia, Noa i Franjo.<\/p>\n\n\n\n<figure class=\"wp-block-image\"><img decoding=\"async\" loading=\"lazy\" width=\"720\" height=\"960\" src=\"http:\/\/cvrcak-daruvar.com.hr\/wp-content\/uploads\/2020\/02\/IMG_20200211_071355.jpg\" alt=\"\" class=\"wp-image-5654\" srcset=\"http:\/\/cvrcak-daruvar.com.hr\/wp-content\/uploads\/2020\/02\/IMG_20200211_071355.jpg 720w, http:\/\/cvrcak-daruvar.com.hr\/wp-content\/uploads\/2020\/02\/IMG_20200211_071355-225x300.jpg 225w\" sizes=\"(max-width: 720px) 100vw, 720px\" \/><\/figure>\n\n\n\n<p>&nbsp;&nbsp;&nbsp;&nbsp;&nbsp;&nbsp;&nbsp;&nbsp;&nbsp;&nbsp;&nbsp; Kako bi\nboravka\u0161ima prostor bio jo\u0161 ljep\u0161i, pobrinula se gospo\u0111a Jolana Petrini\u0107 koja\nim je predivno oslikala zidove. <\/p>\n\n\n\n<figure class=\"wp-block-image\"><img decoding=\"async\" loading=\"lazy\" width=\"720\" height=\"960\" src=\"http:\/\/cvrcak-daruvar.com.hr\/wp-content\/uploads\/2020\/02\/IMG_20200211_122710.jpg\" alt=\"\" class=\"wp-image-5655\" srcset=\"http:\/\/cvrcak-daruvar.com.hr\/wp-content\/uploads\/2020\/02\/IMG_20200211_122710.jpg 720w, http:\/\/cvrcak-daruvar.com.hr\/wp-content\/uploads\/2020\/02\/IMG_20200211_122710-225x300.jpg 225w\" sizes=\"(max-width: 720px) 100vw, 720px\" \/><\/figure>\n\n\n\n<p>Boravka\u0161ima \u017eelimo ugodan rad i boravak u novoj u\u010dionici!<\/p>\n\n\n\n<figure class=\"wp-block-image\"><img decoding=\"async\" loading=\"lazy\" width=\"720\" height=\"960\" src=\"http:\/\/cvrcak-daruvar.com.hr\/wp-content\/uploads\/2020\/02\/IMG_20200211_122745.jpg\" alt=\"\" class=\"wp-image-5656\" srcset=\"http:\/\/cvrcak-daruvar.com.hr\/wp-content\/uploads\/2020\/02\/IMG_20200211_122745.jpg 720w, http:\/\/cvrcak-daruvar.com.hr\/wp-content\/uploads\/2020\/02\/IMG_20200211_122745-225x300.jpg 225w\" sizes=\"(max-width: 720px) 100vw, 720px\" \/><\/figure>\n\n\n\n<p style=\"text-align:right\">Dora Hlu\u0161i\u010dka, 6.c <\/p>\n\n\n\n<p style=\"text-align:right\">Novinarska skupina<\/p>\n\n\n\n<figure class=\"wp-block-image\"><img decoding=\"async\" loading=\"lazy\" width=\"720\" height=\"960\" src=\"http:\/\/cvrcak-daruvar.com.hr\/wp-content\/uploads\/2020\/02\/IMG_20200211_123153-1.jpg\" alt=\"\" class=\"wp-image-5657\" srcset=\"http:\/\/cvrcak-daruvar.com.hr\/wp-content\/uploads\/2020\/02\/IMG_20200211_123153-1.jpg 720w, http:\/\/cvrcak-daruvar.com.hr\/wp-content\/uploads\/2020\/02\/IMG_20200211_123153-1-225x300.jpg 225w\" sizes=\"(max-width: 720px) 100vw, 720px\" \/><\/figure>\n\n\n\n<figure class=\"wp-block-image\"><img decoding=\"async\" loading=\"lazy\" width=\"720\" height=\"960\" src=\"http:\/\/cvrcak-daruvar.com.hr\/wp-content\/uploads\/2020\/02\/IMG_20200211_123207-1.jpg\" alt=\"\" class=\"wp-image-5658\" srcset=\"http:\/\/cvrcak-daruvar.com.hr\/wp-content\/uploads\/2020\/02\/IMG_20200211_123207-1.jpg 720w, http:\/\/cvrcak-daruvar.com.hr\/wp-content\/uploads\/2020\/02\/IMG_20200211_123207-1-225x300.jpg 225w\" sizes=\"(max-width: 720px) 100vw, 720px\" \/><\/figure>\n","protected":false},"excerpt":{"rendered":"<p>Produ\u017eeni boravak zna\u010di mjesto gdje borave djeca po\u010detnih razreda osnovne \u0161kole koja nemaju gdje i s kime biti dok su im roditelji na poslu. U na\u0161oj \u0161koli produ\u017eeni boravak postoji ve\u0107 drugu godinu. Organiziran je u dvije smjene tako da su u\u010denici prvih i drugih razreda zbrinuti. Tamo kvalitetno provode vrijeme. Osim \u0161to su na [&hellip;]<\/p>\n","protected":false},"author":2,"featured_media":0,"parent":0,"menu_order":0,"comment_status":"closed","ping_status":"closed","template":"","meta":[],"_links":{"self":[{"href":"http:\/\/cvrcak-daruvar.com.hr\/index.php?rest_route=\/wp\/v2\/pages\/5650"}],"collection":[{"href":"http:\/\/cvrcak-daruvar.com.hr\/index.php?rest_route=\/wp\/v2\/pages"}],"about":[{"href":"http:\/\/cvrcak-daruvar.com.hr\/index.php?rest_route=\/wp\/v2\/types\/page"}],"author":[{"embeddable":true,"href":"http:\/\/cvrcak-daruvar.com.hr\/index.php?rest_route=\/wp\/v2\/users\/2"}],"replies":[{"embeddable":true,"href":"http:\/\/cvrcak-daruvar.com.hr\/index.php?rest_route=%2Fwp%2Fv2%2Fcomments&post=5650"}],"version-history":[{"count":1,"href":"http:\/\/cvrcak-daruvar.com.hr\/index.php?rest_route=\/wp\/v2\/pages\/5650\/revisions"}],"predecessor-version":[{"id":5659,"href":"http:\/\/cvrcak-daruvar.com.hr\/index.php?rest_route=\/wp\/v2\/pages\/5650\/revisions\/5659"}],"wp:attachment":[{"href":"http:\/\/cvrcak-daruvar.com.hr\/index.php?rest_route=%2Fwp%2Fv2%2Fmedia&parent=5650"}],"curies":[{"name":"wp","href":"https:\/\/api.w.org\/{rel}","templated":true}]}}