{"id":5620,"date":"2020-02-10T21:36:26","date_gmt":"2020-02-10T20:36:26","guid":{"rendered":"http:\/\/cvrcak-daruvar.com.hr\/?page_id=5620"},"modified":"2020-02-10T21:36:26","modified_gmt":"2020-02-10T20:36:26","slug":"djecak-i-snjegovic","status":"publish","type":"page","link":"http:\/\/cvrcak-daruvar.com.hr\/?page_id=5620","title":{"rendered":"Dje\u010dak i snjegovi\u0107"},"content":{"rendered":"\n<p>Dje\u010dak Filip je napravio snjegovi\u0107a.<\/p>\n\n\n\n<p>&nbsp;Na glavi je\nimao crveni lonac, a u ruci metlu. <\/p>\n\n\n\n<p>Htio mu je staviti mrkvu kao nos, ali ju je stavio u\nd\u017eep.<\/p>\n\n\n\n<p>&nbsp;Krenuo je ku\u0107i ,\nizvadio mrkvu i po\u010deo ju jesti.<\/p>\n\n\n\n<p>&nbsp;Snjegovi\u0107 je o\u017eivio i lupio dje\u010daka po glavi.<\/p>\n\n\n\n<p>&nbsp;Po\u010deo ga je loviti i lupati po\nglavi, a dje\u010dak je&nbsp; bje\u017eao i vri\u0161tao.<\/p>\n\n\n\n<p style=\"text-align:right\">\u00a0\u00a0\u00a0\u00a0\u00a0\u00a0\u00a0\u00a0\u00a0\u00a0\u00a0\u00a0\u00a0\u00a0\u00a0\u00a0\u00a0\u00a0 <em>Antonija Vrane\u0161evi\u0107, 2.d<\/em><\/p>\n","protected":false},"excerpt":{"rendered":"<p>Dje\u010dak Filip je napravio snjegovi\u0107a. &nbsp;Na glavi je imao crveni lonac, a u ruci metlu. Htio mu je staviti mrkvu kao nos, ali ju je stavio u d\u017eep. &nbsp;Krenuo je ku\u0107i , izvadio mrkvu i po\u010deo ju jesti. &nbsp;Snjegovi\u0107 je o\u017eivio i lupio dje\u010daka po glavi. &nbsp;Po\u010deo ga je loviti i lupati po glavi, a [&hellip;]<\/p>\n","protected":false},"author":2,"featured_media":0,"parent":0,"menu_order":0,"comment_status":"closed","ping_status":"closed","template":"","meta":[],"_links":{"self":[{"href":"http:\/\/cvrcak-daruvar.com.hr\/index.php?rest_route=\/wp\/v2\/pages\/5620"}],"collection":[{"href":"http:\/\/cvrcak-daruvar.com.hr\/index.php?rest_route=\/wp\/v2\/pages"}],"about":[{"href":"http:\/\/cvrcak-daruvar.com.hr\/index.php?rest_route=\/wp\/v2\/types\/page"}],"author":[{"embeddable":true,"href":"http:\/\/cvrcak-daruvar.com.hr\/index.php?rest_route=\/wp\/v2\/users\/2"}],"replies":[{"embeddable":true,"href":"http:\/\/cvrcak-daruvar.com.hr\/index.php?rest_route=%2Fwp%2Fv2%2Fcomments&post=5620"}],"version-history":[{"count":1,"href":"http:\/\/cvrcak-daruvar.com.hr\/index.php?rest_route=\/wp\/v2\/pages\/5620\/revisions"}],"predecessor-version":[{"id":5621,"href":"http:\/\/cvrcak-daruvar.com.hr\/index.php?rest_route=\/wp\/v2\/pages\/5620\/revisions\/5621"}],"wp:attachment":[{"href":"http:\/\/cvrcak-daruvar.com.hr\/index.php?rest_route=%2Fwp%2Fv2%2Fmedia&parent=5620"}],"curies":[{"name":"wp","href":"https:\/\/api.w.org\/{rel}","templated":true}]}}