{"id":5608,"date":"2020-02-05T20:26:10","date_gmt":"2020-02-05T19:26:10","guid":{"rendered":"http:\/\/cvrcak-daruvar.com.hr\/?page_id=5608"},"modified":"2020-02-05T20:26:10","modified_gmt":"2020-02-05T19:26:10","slug":"susret-s-knjizevnicom-zeljkom-horvat-vukelja-2","status":"publish","type":"page","link":"http:\/\/cvrcak-daruvar.com.hr\/?page_id=5608","title":{"rendered":"Susret s knji\u017eevnicom \u017deljkom Horvat Vukelja"},"content":{"rendered":"\n<div class=\"wp-block-image\"><figure class=\"alignleft is-resized\"><img decoding=\"async\" loading=\"lazy\" src=\"http:\/\/cvrcak-daruvar.com.hr\/wp-content\/uploads\/2020\/02\/Slika1.png\" alt=\"\" class=\"wp-image-5609\" width=\"215\" height=\"294\" srcset=\"http:\/\/cvrcak-daruvar.com.hr\/wp-content\/uploads\/2020\/02\/Slika1.png 345w, http:\/\/cvrcak-daruvar.com.hr\/wp-content\/uploads\/2020\/02\/Slika1-219x300.png 219w\" sizes=\"(max-width: 215px) 100vw, 215px\" \/><\/figure><\/div>\n\n\n\n<p>Susret\ns knji\u017eevnicom bio je \u010daroban kao i njene pri\u010de. Dobio sam nagradu za napisan\nsastavak.&nbsp; <\/p>\n\n\n\n<p>Knji\u017eevnica\nje zabavna i zanimljiva. Susreli smo se va\u0107 jednom u gradskoj knji\u017enici u Daruvaru.\nSje\u0107am se da je tada knji\u017eevnica svirala ukulele. Na ovom je susretu svirala\nusnu harmoniku. <\/p>\n\n\n\n<p>Knji\u017eevnici\nse svidjelo moje prezime te me pitala jesam li rodom iz Sinja. Na kraju smo\nzaklju\u010dili da bi mogli biti daleki ro\u0111aci \u0161to me uistinu razveselilo.<\/p>\n\n\n\n<p style=\"text-align:right\">Matko\nDelonga, 3. C<\/p>\n\n\n\n<p><\/p>\n","protected":false},"excerpt":{"rendered":"<p>Susret s knji\u017eevnicom bio je \u010daroban kao i njene pri\u010de. Dobio sam nagradu za napisan sastavak.&nbsp; Knji\u017eevnica je zabavna i zanimljiva. Susreli smo se va\u0107 jednom u gradskoj knji\u017enici u Daruvaru. Sje\u0107am se da je tada knji\u017eevnica svirala ukulele. Na ovom je susretu svirala usnu harmoniku. Knji\u017eevnici se svidjelo moje prezime te me pitala jesam [&hellip;]<\/p>\n","protected":false},"author":2,"featured_media":0,"parent":0,"menu_order":0,"comment_status":"closed","ping_status":"closed","template":"","meta":[],"_links":{"self":[{"href":"http:\/\/cvrcak-daruvar.com.hr\/index.php?rest_route=\/wp\/v2\/pages\/5608"}],"collection":[{"href":"http:\/\/cvrcak-daruvar.com.hr\/index.php?rest_route=\/wp\/v2\/pages"}],"about":[{"href":"http:\/\/cvrcak-daruvar.com.hr\/index.php?rest_route=\/wp\/v2\/types\/page"}],"author":[{"embeddable":true,"href":"http:\/\/cvrcak-daruvar.com.hr\/index.php?rest_route=\/wp\/v2\/users\/2"}],"replies":[{"embeddable":true,"href":"http:\/\/cvrcak-daruvar.com.hr\/index.php?rest_route=%2Fwp%2Fv2%2Fcomments&post=5608"}],"version-history":[{"count":1,"href":"http:\/\/cvrcak-daruvar.com.hr\/index.php?rest_route=\/wp\/v2\/pages\/5608\/revisions"}],"predecessor-version":[{"id":5610,"href":"http:\/\/cvrcak-daruvar.com.hr\/index.php?rest_route=\/wp\/v2\/pages\/5608\/revisions\/5610"}],"wp:attachment":[{"href":"http:\/\/cvrcak-daruvar.com.hr\/index.php?rest_route=%2Fwp%2Fv2%2Fmedia&parent=5608"}],"curies":[{"name":"wp","href":"https:\/\/api.w.org\/{rel}","templated":true}]}}