{"id":5585,"date":"2020-01-29T08:15:50","date_gmt":"2020-01-29T07:15:50","guid":{"rendered":"http:\/\/cvrcak-daruvar.com.hr\/?page_id=5585"},"modified":"2020-01-29T08:17:57","modified_gmt":"2020-01-29T07:17:57","slug":"zimska-prica-2-a","status":"publish","type":"page","link":"http:\/\/cvrcak-daruvar.com.hr\/?page_id=5585","title":{"rendered":"Zimska pri\u010da 2. a"},"content":{"rendered":"\n<p><\/p>\n\n\n\n<figure class=\"wp-block-image\"><img decoding=\"async\" loading=\"lazy\" width=\"930\" height=\"679\" src=\"http:\/\/cvrcak-daruvar.com.hr\/wp-content\/uploads\/2020\/01\/Slika1-1.png\" alt=\"\" class=\"wp-image-5587\" srcset=\"http:\/\/cvrcak-daruvar.com.hr\/wp-content\/uploads\/2020\/01\/Slika1-1.png 930w, http:\/\/cvrcak-daruvar.com.hr\/wp-content\/uploads\/2020\/01\/Slika1-1-300x219.png 300w, http:\/\/cvrcak-daruvar.com.hr\/wp-content\/uploads\/2020\/01\/Slika1-1-768x561.png 768w\" sizes=\"(max-width: 930px) 100vw, 930px\" \/><\/figure>\n\n\n\n<h3 class=\"wp-block-heading\">Zimska\npri\u010da<\/h3>\n\n\n\n<p>Ja sam vrap\u010di\u0107 Pipek. Jako mi\nje hladno, a nema ni jedne ku\u0107ice. Poku\u0161ao sam letjeti koliko sam mogao kako\nbih se spasio. Po\u0161ao sam se negdje skloniti. Nisam se mogao micati, ali sam\nmorao nastaviti. U letu sam ozlijedio krilo i po\u010deo padati. Pao sam u jedan\nmali vrt i zaspao. Do\u0161la je jedna djevoj\u010dica. Stavila me u krletku. Svaki dan\nme mazila i pazila. Napravila je ku\u0107icu u vrtu samo za mene.<\/p>\n\n\n\n<p style=\"text-align:right\"><em>Ana \u010covi\u0107, 2.a<\/em><\/p>\n\n\n\n<figure class=\"wp-block-image\"><img decoding=\"async\" loading=\"lazy\" width=\"527\" height=\"395\" src=\"http:\/\/cvrcak-daruvar.com.hr\/wp-content\/uploads\/2020\/01\/Slika2.png\" alt=\"\" class=\"wp-image-5588\" srcset=\"http:\/\/cvrcak-daruvar.com.hr\/wp-content\/uploads\/2020\/01\/Slika2.png 527w, http:\/\/cvrcak-daruvar.com.hr\/wp-content\/uploads\/2020\/01\/Slika2-300x225.png 300w\" sizes=\"(max-width: 527px) 100vw, 527px\" \/><\/figure>\n\n\n\n<h3 class=\"wp-block-heading\">Zimska pri\u010da<\/h3>\n\n\n\n<p>Ja sam vrap\u010di\u0107 Sko\u010dko. Zimi mi\nje jako te\u0161ko pronalaziti hranu. Jako mi je hladno. Jedva sam prona\u0161ao\nskrovi\u0161te ispod nekoliko greda.&nbsp; Svaki\ndan moram letjeti i tra\u017eiti hranu. Nekada tra\u017eim i prijatelje. Po danu skaku\u0107em\noko ku\u0107a. Jako puno pada snijeg&#8230; <\/p>\n\n\n\n<p style=\"text-align:right\"><em>Matej Majdak, 2.a<\/em><\/p>\n\n\n\n<figure class=\"wp-block-image\"><img decoding=\"async\" loading=\"lazy\" width=\"321\" height=\"240\" src=\"http:\/\/cvrcak-daruvar.com.hr\/wp-content\/uploads\/2020\/01\/Slika3.png\" alt=\"\" class=\"wp-image-5590\" srcset=\"http:\/\/cvrcak-daruvar.com.hr\/wp-content\/uploads\/2020\/01\/Slika3.png 321w, http:\/\/cvrcak-daruvar.com.hr\/wp-content\/uploads\/2020\/01\/Slika3-300x224.png 300w\" sizes=\"(max-width: 321px) 100vw, 321px\" \/><\/figure>\n\n\n\n<h3 class=\"wp-block-heading\">Zimska pri\u010da<\/h3>\n\n\n\n<p>Ja sam vrap\u010di\u0107 Bobi. Tra\u017eim\nhranu, odnosno sjemenke. Tra\u017eim skrovi\u0161te u nekoj \u0161pilji. Jako mi je hladno.\nZa\u010du\u0111eno gledam snje\u017enu bjelinu.&nbsp; Sanjam\no prolje\u0107u, novom godi\u0161njem dobu. Tra\u017eim pomo\u0107 od jednog dje\u010daka jer zimi nema\nkraja. \u0160\u0107u\u0107urio sam se ispod&nbsp; grana. No,\ndogodilo se \u010dudo!&nbsp; Odjednom se otvore\nvrata ku\u0107ice i malena mi djevoj\u010dica donese sjemenke p\u0161enice. Od gladi sam brzo\npo\u010deo kljucati slasne sjemenke. Bio sam zahvalan djevoj\u010dici koja je osje\u0107ala\nradost&nbsp; jer mi je pomogla.<\/p>\n\n\n\n<p style=\"text-align:right\"><em>Marta Bahnik, 2.a<\/em><\/p>\n\n\n\n<figure class=\"wp-block-image\"><img decoding=\"async\" loading=\"lazy\" width=\"361\" height=\"481\" src=\"http:\/\/cvrcak-daruvar.com.hr\/wp-content\/uploads\/2020\/01\/Slika4.png\" alt=\"\" class=\"wp-image-5592\" srcset=\"http:\/\/cvrcak-daruvar.com.hr\/wp-content\/uploads\/2020\/01\/Slika4.png 361w, http:\/\/cvrcak-daruvar.com.hr\/wp-content\/uploads\/2020\/01\/Slika4-225x300.png 225w\" sizes=\"(max-width: 361px) 100vw, 361px\" \/><\/figure>\n\n\n\n<h3 class=\"wp-block-heading\">Zimska pri\u010da<\/h3>\n\n\n\n<p>Ja sam vrap\u010di\u0107 \u017divko.&nbsp; Meni je po zimi jako te\u0161ko. Jako sam tu\u017ean\njer nema hrane. Ne volim i\u0107i tra\u017eiti hranu jer zimi je jako hladno.&nbsp; Nekada mi netko pomogne tako \u0161to mi da hranu.\nTada sam jako sretan. \u010cesto mi je zima, tada se stisnem i tu\u017ean sam. Nekad se i\nbojim.&nbsp; Gladan sam, hladno mi je i moram\ni\u0107i tra\u017eiti hranu jer nemam izbora&#8230;!<\/p>\n\n\n\n<p style=\"text-align:right\"><em>Ema Petrovi\u0107, 2.a<\/em><\/p>\n\n\n\n<figure class=\"wp-block-image\"><img decoding=\"async\" loading=\"lazy\" width=\"379\" height=\"320\" src=\"http:\/\/cvrcak-daruvar.com.hr\/wp-content\/uploads\/2020\/01\/Slika5.png\" alt=\"\" class=\"wp-image-5594\" srcset=\"http:\/\/cvrcak-daruvar.com.hr\/wp-content\/uploads\/2020\/01\/Slika5.png 379w, http:\/\/cvrcak-daruvar.com.hr\/wp-content\/uploads\/2020\/01\/Slika5-300x253.png 300w\" sizes=\"(max-width: 379px) 100vw, 379px\" \/><\/figure>\n\n\n\n<h3 class=\"wp-block-heading\">Zimska pri\u010da<\/h3>\n\n\n\n<p>Ja sam vrap\u010di\u0107 Vrapko.\u00a0 Zimi se osje\u0107am jako tu\u017eno.\u00a0 Sve je pod snijegom. Jako mi je hladno, a nemam ni hranu. Te\u0161ko mi je. Pro\u0161le zime mi je bar netko pomogao. Zima traje tek jedanaest dana, a ve\u0107 sam se prehladio. Da, sje\u0107am se, prije nekoliko godina\u00a0 pola grada se uklju\u010dilo u pomaganje pticama,\u00a0 a sad? \u0160to se dogodilo s onim dobrim ljudima koji su tako puno pomagali? Nitko vi\u0161e ne osje\u0107a koliko smo mi vrap\u010di\u0107i tu\u017eni i gladni.\u00a0 Nadam se da \u0107e se to uskoro promijeniti!!<\/p>\n\n\n\n<p style=\"text-align:right\"><em>Aleksandar Ivkovi\u0107, 2.a<\/em><\/p>\n\n\n\n<figure class=\"wp-block-image\"><img decoding=\"async\" loading=\"lazy\" width=\"1024\" height=\"826\" src=\"http:\/\/cvrcak-daruvar.com.hr\/wp-content\/uploads\/2020\/01\/Slika6-1024x826.png\" alt=\"\" class=\"wp-image-5596\" srcset=\"http:\/\/cvrcak-daruvar.com.hr\/wp-content\/uploads\/2020\/01\/Slika6-1024x826.png 1024w, http:\/\/cvrcak-daruvar.com.hr\/wp-content\/uploads\/2020\/01\/Slika6-300x242.png 300w, http:\/\/cvrcak-daruvar.com.hr\/wp-content\/uploads\/2020\/01\/Slika6-768x619.png 768w, http:\/\/cvrcak-daruvar.com.hr\/wp-content\/uploads\/2020\/01\/Slika6.png 1115w\" sizes=\"(max-width: 1024px) 100vw, 1024px\" \/><\/figure>\n\n\n\n<h3 class=\"wp-block-heading\">Zimska pri\u010da<\/h3>\n\n\n\n<p>Ja sam vrap\u010di\u0107 Medo. Kljun mi\nje \u017eut, a perje sme\u0111e. Dru\u017eim se s drugim pticama.Osje\u0107am se tu\u017eno jer mi je\nsnijeg prekrio svu hranu.Treba mi pomo\u0107 \u2013 hrana! Pomogao mi &nbsp;je jedan dje\u010dak. &nbsp;Dao mi je drvenu ku\u0107icu i u nju sjemenke.\nSretan sam jer mi je pomogao.Skrio sam se ispod krova. Bojim se pono\u0107i da me ne\npojede neka \u017eivotinja. Jako mi je hladno. Ujutro skaku\u0107em.&nbsp; Jako volim skakutati. Najradije jedem kukce.Nadam\nse da \u0107e brzo do\u0107i prolje\u0107e.<\/p>\n\n\n\n<p style=\"text-align:right\"><em>Leo Pilizzari, 2.a<\/em><\/p>\n","protected":false},"excerpt":{"rendered":"<p>Zimska pri\u010da Ja sam vrap\u010di\u0107 Pipek. Jako mi je hladno, a nema ni jedne ku\u0107ice. Poku\u0161ao sam letjeti koliko sam mogao kako bih se spasio. Po\u0161ao sam se negdje skloniti. Nisam se mogao micati, ali sam morao nastaviti. U letu sam ozlijedio krilo i po\u010deo padati. Pao sam u jedan mali vrt i zaspao. Do\u0161la [&hellip;]<\/p>\n","protected":false},"author":2,"featured_media":0,"parent":0,"menu_order":0,"comment_status":"closed","ping_status":"closed","template":"","meta":[],"_links":{"self":[{"href":"http:\/\/cvrcak-daruvar.com.hr\/index.php?rest_route=\/wp\/v2\/pages\/5585"}],"collection":[{"href":"http:\/\/cvrcak-daruvar.com.hr\/index.php?rest_route=\/wp\/v2\/pages"}],"about":[{"href":"http:\/\/cvrcak-daruvar.com.hr\/index.php?rest_route=\/wp\/v2\/types\/page"}],"author":[{"embeddable":true,"href":"http:\/\/cvrcak-daruvar.com.hr\/index.php?rest_route=\/wp\/v2\/users\/2"}],"replies":[{"embeddable":true,"href":"http:\/\/cvrcak-daruvar.com.hr\/index.php?rest_route=%2Fwp%2Fv2%2Fcomments&post=5585"}],"version-history":[{"count":6,"href":"http:\/\/cvrcak-daruvar.com.hr\/index.php?rest_route=\/wp\/v2\/pages\/5585\/revisions"}],"predecessor-version":[{"id":5598,"href":"http:\/\/cvrcak-daruvar.com.hr\/index.php?rest_route=\/wp\/v2\/pages\/5585\/revisions\/5598"}],"wp:attachment":[{"href":"http:\/\/cvrcak-daruvar.com.hr\/index.php?rest_route=%2Fwp%2Fv2%2Fmedia&parent=5585"}],"curies":[{"name":"wp","href":"https:\/\/api.w.org\/{rel}","templated":true}]}}