{"id":5552,"date":"2020-01-09T20:15:41","date_gmt":"2020-01-09T19:15:41","guid":{"rendered":"http:\/\/cvrcak-daruvar.com.hr\/?page_id=5552"},"modified":"2020-01-09T20:15:59","modified_gmt":"2020-01-09T19:15:59","slug":"snjegovic-bez-nosa","status":"publish","type":"page","link":"http:\/\/cvrcak-daruvar.com.hr\/?page_id=5552","title":{"rendered":"Snjegovi\u0107 bez nosa"},"content":{"rendered":"\n<h3 class=\"wp-block-heading\" style=\"text-align:left\">Bio jednom jedan dje\u010dak koji je odlu\u010dio napraviti snjegovi\u0107a.\nOti\u0161ao je doma i uzeo lonac, \u0161al, metlu i napravio snjegovi\u0107a. Poslije nekoliko\nsati oti\u0161ao je u \u0161etnju. Bio je gladan. Uzeo je snjegovi\u0107u mrkvu i spremio u\nd\u017eep. Po\u010deo je jesti. Snjegovi\u0107 se naljutio i po\u010deo ga lupati metlom po glavi.\nOn se upla\u0161io i pobjegao. Tu\u017ean snjegovi\u0107 je oti\u0161ao ku\u0107i. Dje\u010dak je do\u0161ao s\nnovom mrkvom i dao mu. Snjegovi\u0107 je bio sretan.<\/h3>\n\n\n\n<p style=\"text-align:right\">Ruta Car 2.d<\/p>\n","protected":false},"excerpt":{"rendered":"<p>Bio jednom jedan dje\u010dak koji je odlu\u010dio napraviti snjegovi\u0107a. Oti\u0161ao je doma i uzeo lonac, \u0161al, metlu i napravio snjegovi\u0107a. Poslije nekoliko sati oti\u0161ao je u \u0161etnju. Bio je gladan. Uzeo je snjegovi\u0107u mrkvu i spremio u d\u017eep. Po\u010deo je jesti. Snjegovi\u0107 se naljutio i po\u010deo ga lupati metlom po glavi. On se upla\u0161io i [&hellip;]<\/p>\n","protected":false},"author":2,"featured_media":0,"parent":0,"menu_order":0,"comment_status":"closed","ping_status":"closed","template":"","meta":[],"_links":{"self":[{"href":"http:\/\/cvrcak-daruvar.com.hr\/index.php?rest_route=\/wp\/v2\/pages\/5552"}],"collection":[{"href":"http:\/\/cvrcak-daruvar.com.hr\/index.php?rest_route=\/wp\/v2\/pages"}],"about":[{"href":"http:\/\/cvrcak-daruvar.com.hr\/index.php?rest_route=\/wp\/v2\/types\/page"}],"author":[{"embeddable":true,"href":"http:\/\/cvrcak-daruvar.com.hr\/index.php?rest_route=\/wp\/v2\/users\/2"}],"replies":[{"embeddable":true,"href":"http:\/\/cvrcak-daruvar.com.hr\/index.php?rest_route=%2Fwp%2Fv2%2Fcomments&post=5552"}],"version-history":[{"count":3,"href":"http:\/\/cvrcak-daruvar.com.hr\/index.php?rest_route=\/wp\/v2\/pages\/5552\/revisions"}],"predecessor-version":[{"id":5555,"href":"http:\/\/cvrcak-daruvar.com.hr\/index.php?rest_route=\/wp\/v2\/pages\/5552\/revisions\/5555"}],"wp:attachment":[{"href":"http:\/\/cvrcak-daruvar.com.hr\/index.php?rest_route=%2Fwp%2Fv2%2Fmedia&parent=5552"}],"curies":[{"name":"wp","href":"https:\/\/api.w.org\/{rel}","templated":true}]}}