{"id":5406,"date":"2019-12-09T20:30:49","date_gmt":"2019-12-09T19:30:49","guid":{"rendered":"http:\/\/cvrcak-daruvar.com.hr\/?page_id=5406"},"modified":"2019-12-09T20:33:06","modified_gmt":"2019-12-09T19:33:06","slug":"sretni-list","status":"publish","type":"page","link":"http:\/\/cvrcak-daruvar.com.hr\/?page_id=5406","title":{"rendered":"Sretni list"},"content":{"rendered":"\n<p>Ja sam\njavorov list. Nalazim se na grani, a svi su oti\u0161li.&nbsp; Osje\u0107am se usamljeno i tu\u017eno. Vjetar me\notpuhao na tlo. Jedna me djevoj\u010dica pokupila i stavila me na sliku i pokazala\nje mami. Mama se divila, a ja sam bila sretna. <\/p>\n\n\n\n<p style=\"text-align:right\">Ozana Koprek, 2. d<\/p>\n","protected":false},"excerpt":{"rendered":"<p>Ja sam javorov list. Nalazim se na grani, a svi su oti\u0161li.&nbsp; Osje\u0107am se usamljeno i tu\u017eno. Vjetar me otpuhao na tlo. Jedna me djevoj\u010dica pokupila i stavila me na sliku i pokazala je mami. Mama se divila, a ja sam bila sretna. Ozana Koprek, 2. d<\/p>\n","protected":false},"author":2,"featured_media":0,"parent":0,"menu_order":0,"comment_status":"closed","ping_status":"closed","template":"","meta":[],"_links":{"self":[{"href":"http:\/\/cvrcak-daruvar.com.hr\/index.php?rest_route=\/wp\/v2\/pages\/5406"}],"collection":[{"href":"http:\/\/cvrcak-daruvar.com.hr\/index.php?rest_route=\/wp\/v2\/pages"}],"about":[{"href":"http:\/\/cvrcak-daruvar.com.hr\/index.php?rest_route=\/wp\/v2\/types\/page"}],"author":[{"embeddable":true,"href":"http:\/\/cvrcak-daruvar.com.hr\/index.php?rest_route=\/wp\/v2\/users\/2"}],"replies":[{"embeddable":true,"href":"http:\/\/cvrcak-daruvar.com.hr\/index.php?rest_route=%2Fwp%2Fv2%2Fcomments&post=5406"}],"version-history":[{"count":2,"href":"http:\/\/cvrcak-daruvar.com.hr\/index.php?rest_route=\/wp\/v2\/pages\/5406\/revisions"}],"predecessor-version":[{"id":5410,"href":"http:\/\/cvrcak-daruvar.com.hr\/index.php?rest_route=\/wp\/v2\/pages\/5406\/revisions\/5410"}],"wp:attachment":[{"href":"http:\/\/cvrcak-daruvar.com.hr\/index.php?rest_route=%2Fwp%2Fv2%2Fmedia&parent=5406"}],"curies":[{"name":"wp","href":"https:\/\/api.w.org\/{rel}","templated":true}]}}