{"id":5392,"date":"2019-12-09T19:48:29","date_gmt":"2019-12-09T18:48:29","guid":{"rendered":"http:\/\/cvrcak-daruvar.com.hr\/?page_id=5392"},"modified":"2019-12-09T19:50:29","modified_gmt":"2019-12-09T18:50:29","slug":"park-suma-jankovac","status":"publish","type":"page","link":"http:\/\/cvrcak-daruvar.com.hr\/?page_id=5392","title":{"rendered":"Park \u0161uma Jankovac"},"content":{"rendered":"\n<p> Moja obitelj i ja smo na Dan neovisnosti posjetili Park \u0161umu Jankovac. Ostavili smo automobil na parkirali\u0161tu i krenuli u \u0161etnju \u0161umom. Uz samo jezero po\u010dela nas je pratiti gusta magla .<\/p>\n\n\n\n<figure class=\"wp-block-image\"><img decoding=\"async\" loading=\"lazy\" width=\"635\" height=\"477\" src=\"http:\/\/cvrcak-daruvar.com.hr\/wp-content\/uploads\/2019\/12\/j1-1.png\" alt=\"\" class=\"wp-image-5394\" srcset=\"http:\/\/cvrcak-daruvar.com.hr\/wp-content\/uploads\/2019\/12\/j1-1.png 635w, http:\/\/cvrcak-daruvar.com.hr\/wp-content\/uploads\/2019\/12\/j1-1-300x225.png 300w\" sizes=\"(max-width: 635px) 100vw, 635px\" \/><figcaption>Kod jezera Gorsko ogledalo<\/figcaption><\/figure>\n\n\n\n<p> Mama mi je pri\u010dala da \u0107emo na stazi pro\u0107i pored Maksimove \u0161pilje u kojoj \u017eive \u0161i\u0161mi\u0161i. Jako sam se bojala \u0161i\u0161mi\u0161a, ali sunce je do\u0161lo i rastjeralo maglu. Bili smo jako radosni jer \u0107emo mo\u0107i vidjeti slap Skakavac .<\/p>\n\n\n\n<div class=\"wp-block-image\"><figure class=\"aligncenter is-resized\"><img decoding=\"async\" loading=\"lazy\" src=\"http:\/\/cvrcak-daruvar.com.hr\/wp-content\/uploads\/2019\/12\/j2.png\" alt=\"\" class=\"wp-image-5395\" width=\"212\" height=\"283\" srcset=\"http:\/\/cvrcak-daruvar.com.hr\/wp-content\/uploads\/2019\/12\/j2.png 438w, http:\/\/cvrcak-daruvar.com.hr\/wp-content\/uploads\/2019\/12\/j2-225x300.png 225w\" sizes=\"(max-width: 212px) 100vw, 212px\" \/><figcaption>Maksimova \u0161pilja<\/figcaption><\/figure><\/div>\n\n\n\n<div class=\"wp-block-image\"><figure class=\"aligncenter is-resized\"><img decoding=\"async\" loading=\"lazy\" src=\"http:\/\/cvrcak-daruvar.com.hr\/wp-content\/uploads\/2019\/12\/j3.png\" alt=\"\" class=\"wp-image-5397\" width=\"354\" height=\"265\" srcset=\"http:\/\/cvrcak-daruvar.com.hr\/wp-content\/uploads\/2019\/12\/j3.png 651w, http:\/\/cvrcak-daruvar.com.hr\/wp-content\/uploads\/2019\/12\/j3-300x225.png 300w\" sizes=\"(max-width: 354px) 100vw, 354px\" \/><figcaption>Slap Skakavac<\/figcaption><\/figure><\/div>\n\n\n\n<p style=\"text-align:right\">Klara Lneni\u010dek, 2.d<\/p>\n","protected":false},"excerpt":{"rendered":"<p>Moja obitelj i ja smo na Dan neovisnosti posjetili Park \u0161umu Jankovac. Ostavili smo automobil na parkirali\u0161tu i krenuli u \u0161etnju \u0161umom. Uz samo jezero po\u010dela nas je pratiti gusta magla . Mama mi je pri\u010dala da \u0107emo na stazi pro\u0107i pored Maksimove \u0161pilje u kojoj \u017eive \u0161i\u0161mi\u0161i. Jako sam se bojala \u0161i\u0161mi\u0161a, ali sunce [&hellip;]<\/p>\n","protected":false},"author":2,"featured_media":0,"parent":0,"menu_order":0,"comment_status":"closed","ping_status":"closed","template":"","meta":[],"_links":{"self":[{"href":"http:\/\/cvrcak-daruvar.com.hr\/index.php?rest_route=\/wp\/v2\/pages\/5392"}],"collection":[{"href":"http:\/\/cvrcak-daruvar.com.hr\/index.php?rest_route=\/wp\/v2\/pages"}],"about":[{"href":"http:\/\/cvrcak-daruvar.com.hr\/index.php?rest_route=\/wp\/v2\/types\/page"}],"author":[{"embeddable":true,"href":"http:\/\/cvrcak-daruvar.com.hr\/index.php?rest_route=\/wp\/v2\/users\/2"}],"replies":[{"embeddable":true,"href":"http:\/\/cvrcak-daruvar.com.hr\/index.php?rest_route=%2Fwp%2Fv2%2Fcomments&post=5392"}],"version-history":[{"count":3,"href":"http:\/\/cvrcak-daruvar.com.hr\/index.php?rest_route=\/wp\/v2\/pages\/5392\/revisions"}],"predecessor-version":[{"id":5399,"href":"http:\/\/cvrcak-daruvar.com.hr\/index.php?rest_route=\/wp\/v2\/pages\/5392\/revisions\/5399"}],"wp:attachment":[{"href":"http:\/\/cvrcak-daruvar.com.hr\/index.php?rest_route=%2Fwp%2Fv2%2Fmedia&parent=5392"}],"curies":[{"name":"wp","href":"https:\/\/api.w.org\/{rel}","templated":true}]}}