{"id":5341,"date":"2019-12-09T18:37:01","date_gmt":"2019-12-09T17:37:01","guid":{"rendered":"http:\/\/cvrcak-daruvar.com.hr\/?page_id=5341"},"modified":"2020-11-29T16:28:05","modified_gmt":"2020-11-29T15:28:05","slug":"literarni-kutak-8","status":"publish","type":"page","link":"http:\/\/cvrcak-daruvar.com.hr\/?page_id=5341","title":{"rendered":"Literarni kutak 2019.\/2020."},"content":{"rendered":"\n<div class=\"wp-block-image\"><figure class=\"aligncenter\"><img decoding=\"async\" loading=\"lazy\" width=\"450\" height=\"600\" src=\"http:\/\/cvrcak-daruvar.com.hr\/wp-content\/uploads\/2020\/11\/m_O\u017eujak-1.jpg\" alt=\"\" class=\"wp-image-5973\" srcset=\"http:\/\/cvrcak-daruvar.com.hr\/wp-content\/uploads\/2020\/11\/m_O\u017eujak-1.jpg 450w, http:\/\/cvrcak-daruvar.com.hr\/wp-content\/uploads\/2020\/11\/m_O\u017eujak-1-225x300.jpg 225w\" sizes=\"(max-width: 450px) 100vw, 450px\" \/><\/figure><\/div>\n\n\n\n<div class=\"wp-block-image\"><figure class=\"aligncenter\"><img decoding=\"async\" loading=\"lazy\" width=\"1024\" height=\"768\" src=\"http:\/\/cvrcak-daruvar.com.hr\/wp-content\/uploads\/2020\/11\/Prolje\u0107e-je-do\u0161lo-Ana-1024x768.jpg\" alt=\"\" class=\"wp-image-5972\" srcset=\"http:\/\/cvrcak-daruvar.com.hr\/wp-content\/uploads\/2020\/11\/Prolje\u0107e-je-do\u0161lo-Ana-1024x768.jpg 1024w, http:\/\/cvrcak-daruvar.com.hr\/wp-content\/uploads\/2020\/11\/Prolje\u0107e-je-do\u0161lo-Ana-300x225.jpg 300w, http:\/\/cvrcak-daruvar.com.hr\/wp-content\/uploads\/2020\/11\/Prolje\u0107e-je-do\u0161lo-Ana-768x576.jpg 768w\" sizes=\"(max-width: 1024px) 100vw, 1024px\" \/><figcaption><br><br><\/figcaption><\/figure><\/div>\n\n\n\n<div class=\"wp-block-image\"><figure class=\"aligncenter\"><img decoding=\"async\" loading=\"lazy\" width=\"768\" height=\"1024\" src=\"http:\/\/cvrcak-daruvar.com.hr\/wp-content\/uploads\/2020\/11\/Prolje\u0107e-je-do\u0161lo-768x1024.jpg\" alt=\"\" class=\"wp-image-5974\" srcset=\"http:\/\/cvrcak-daruvar.com.hr\/wp-content\/uploads\/2020\/11\/Prolje\u0107e-je-do\u0161lo-768x1024.jpg 768w, http:\/\/cvrcak-daruvar.com.hr\/wp-content\/uploads\/2020\/11\/Prolje\u0107e-je-do\u0161lo-225x300.jpg 225w, http:\/\/cvrcak-daruvar.com.hr\/wp-content\/uploads\/2020\/11\/Prolje\u0107e-je-do\u0161lo.jpg 1200w\" sizes=\"(max-width: 768px) 100vw, 768px\" \/><\/figure><\/div>\n\n\n\n<h2 class=\"wp-block-heading\"><a href=\"http:\/\/cvrcak-daruvar.com.hr\/?page_id=5790\" target=\"_blank\" rel=\"noreferrer noopener\" aria-label=\"Strip (opens in a new tab)\">Strip<\/a><\/h2>\n\n\n\n<h2 class=\"wp-block-heading\"><strong><a href=\"https:\/\/drive.google.com\/file\/d\/1WflK74b9tYySG_a8slGGZkkTAIHX9ls1\/view?usp=sharing\" target=\"_blank\" rel=\"noreferrer noopener\" aria-label=\"\u0160uma (opens in a new tab)\">\u0160uma<\/a><\/strong><\/h2>\n\n\n\n<h2 class=\"wp-block-heading\"><strong><a href=\"http:\/\/cvrcak-daruvar.com.hr\/?page_id=5778\" target=\"_blank\" rel=\"noreferrer noopener\" aria-label=\"Dan planeta Zemlje  (opens in a new tab)\">Dan planeta Zemlje <\/a><\/strong><\/h2>\n\n\n\n<h2 class=\"wp-block-heading\"><strong><a href=\"http:\/\/cvrcak-daruvar.com.hr\/?page_id=5771\" target=\"_blank\" rel=\"noreferrer noopener\" aria-label=\"DIGITALNA \u0160KOLA (opens in a new tab)\">DIGITALNA \u0160KOLA<\/a><\/strong><\/h2>\n\n\n\n<h2 class=\"wp-block-heading\"><strong><a href=\"http:\/\/cvrcak-daruvar.com.hr\/?page_id=5773\" target=\"_blank\" rel=\"noreferrer noopener\" aria-label=\"\u0160to se u\u010di na predmetu Preobrazbe (opens in a new tab)\">\u0160to se u\u010di na predmetu Preobrazbe<\/a><\/strong><\/h2>\n\n\n\n<h2 class=\"wp-block-heading\"><a href=\"https:\/\/drive.google.com\/file\/d\/1uPfF0mMIAbizWyRaBcOJuyTjmNT_6t-Y\/view?usp=sharing\" target=\"_blank\" rel=\"noreferrer noopener\" aria-label=\"Lektira na daljinu, Gulliverova putovanja (opens in a new tab)\">Lektira na daljinu, Gulliverova putovanja<\/a><\/h2>\n\n\n\n<h2 class=\"wp-block-heading\"><a href=\"https:\/\/drive.google.com\/file\/d\/1ZAv_DE6NuRaNtkjTU-u6ziCmk092-PPX\/view?usp=sharing\" target=\"_blank\" rel=\"noreferrer noopener\" aria-label=\"Pjesma Lopta (opens in a new tab)\">Pjesma Lopta<\/a><\/h2>\n\n\n\n<h2 class=\"wp-block-heading\"><a href=\"https:\/\/drive.google.com\/file\/d\/1btQCSEO1D-0y2zVRBuV53VA5FDR_sWA5\/view?usp=sharing\" target=\"_blank\" rel=\"noreferrer noopener\" aria-label=\"Pjesma Zvijezda (opens in a new tab)\">Pjesma Zvijezda<\/a> <\/h2>\n\n\n\n<h2 class=\"wp-block-heading\"><a href=\"https:\/\/drive.google.com\/file\/d\/1XXZEEsn4RAgQFg8wwrL2Pwzaf9rTYZ9h\/view?usp=sharing\" target=\"_blank\" rel=\"noreferrer noopener\" aria-label=\"Lektira na daljinu  (opens in a new tab)\">Lektira na daljinu <\/a><\/h2>\n\n\n\n<h3 class=\"wp-block-heading\"><strong><a href=\"https:\/\/drive.google.com\/file\/d\/1Gsv8Soug6I9xjWxNlfvgj2DS4c_g7X4O\/view?usp=sharing\" target=\"_blank\" rel=\"noreferrer noopener\" aria-label=\"LEKTIRA NA TV-u (opens in a new tab)\">LEKTIRA NA TV-u<\/a><\/strong><\/h3>\n\n\n\n<h3 class=\"wp-block-heading\"><strong><a href=\"https:\/\/drive.google.com\/file\/d\/1z50S_PNgGFUa4yxuEAfWYI8jOQNnwImE\/view?usp=sharing\" target=\"_blank\" rel=\"noreferrer noopener\" aria-label=\"Natanova pjesma o planetu Zemlji (opens in a new tab)\">Natanova pjesma o planetu Zemlji<\/a><\/strong><\/h3>\n\n\n\n<h3 class=\"wp-block-heading\"><a href=\"https:\/\/drive.google.com\/file\/d\/1q384jhOLwzT9cGkYNxYxVbRy-8FDCipl\/view?usp=sharing\" target=\"_blank\" rel=\"noreferrer noopener\" aria-label=\"Dan planeta Zemlje (opens in a new tab)\">Dan planeta Zemlje<\/a><\/h3>\n\n\n\n<h2 class=\"wp-block-heading\"><a href=\"https:\/\/drive.google.com\/file\/d\/1gYpldMDe2mDzfWv5rYqJwv26LuyRzXIj\/view?usp=sharing\" target=\"_blank\" rel=\"noreferrer noopener\" aria-label=\"Neka do\u0111e Sunce (opens in a new tab)\">Neka do\u0111e Sunce<\/a><\/h2>\n\n\n\n<h2 class=\"wp-block-heading\"> <a rel=\"noreferrer noopener\" aria-label=\"Dan planeta zemlje  (opens in a new tab)\" href=\"http:\/\/cvrcak-daruvar.com.hr\/?page_id=5690\" target=\"_blank\">Dan planeta Zemlje <\/a><\/h2>\n\n\n\n<h2 class=\"wp-block-heading\"><a href=\"https:\/\/drive.google.com\/file\/d\/13ip4V_3V0GZT2HunbHQTBDntim0aN6Zx\/view?usp=sharing\" target=\"_blank\" rel=\"noreferrer noopener\" aria-label=\"Razredni kraljevi\u0107 (opens in a new tab)\">Razredni kraljevi\u0107<\/a><\/h2>\n\n\n\n<h4 class=\"wp-block-heading\"><strong><a href=\"https:\/\/drive.google.com\/file\/d\/1w0cQlvPrYjUui-LkaL9DzmXLXdFdswJQ\/view?usp=sharing\" target=\"_blank\" rel=\"noreferrer noopener\" aria-label=\"Napisati ma\u0161toviti sastavak&nbsp; prema izvu\u010denoj \u201enagradi\u201c&nbsp; tj. kartici; donijeti \u201edokaz s putovanja;\u201c (opens in a new tab)\">Napisati ma\u0161toviti sastavak&nbsp; prema izvu\u010denoj \u201enagradi\u201c&nbsp; tj. kartici; donijeti \u201edokaz s putovanja;\u201c<\/a><\/strong><\/h4>\n\n\n\n<h2 class=\"wp-block-heading\"> <a href=\"http:\/\/cvrcak-daruvar.com.hr\/?page_id=5639\" target=\"_blank\" rel=\"noreferrer noopener\" aria-label=\"Zaljubljeni ginko (opens in a new tab)\">Zaljubljeni ginko<\/a> <\/h2>\n\n\n\n<h2 class=\"wp-block-heading\"><a href=\"http:\/\/cvrcak-daruvar.com.hr\/?page_id=5625\" target=\"_blank\" rel=\"noreferrer noopener\" aria-label=\"Zimski dani (opens in a new tab)\">Zimski dani<\/a><\/h2>\n\n\n\n<h2 class=\"wp-block-heading\"><a href=\"http:\/\/cvrcak-daruvar.com.hr\/?page_id=5620\" target=\"_blank\" rel=\"noreferrer noopener\" aria-label=\"Dje\u010dak i snjegovi\u0107 (opens in a new tab)\">Dje\u010dak i snjegovi\u0107<\/a><\/h2>\n\n\n\n<h2 class=\"wp-block-heading\"><a href=\"http:\/\/cvrcak-daruvar.com.hr\/?page_id=5614\" target=\"_blank\" rel=\"noreferrer noopener\" aria-label=\"Zvijezda (opens in a new tab)\">Zvijezda<\/a><\/h2>\n\n\n\n<h2 class=\"wp-block-heading\"><a href=\"http:\/\/cvrcak-daruvar.com.hr\/?page_id=5608\" target=\"_blank\" rel=\"noreferrer noopener\" aria-label=\"Susret s knji\u017eevnicom \u017deljkom Horvat Vukelja (opens in a new tab)\">Susret s knji\u017eevnicom \u017deljkom Horvat Vukelja<\/a><\/h2>\n\n\n\n<h2 class=\"wp-block-heading\"><strong><a href=\"http:\/\/cvrcak-daruvar.com.hr\/?page_id=5603\" target=\"_blank\" rel=\"noreferrer noopener\" aria-label=\"Moja mama (opens in a new tab)\">Moja mama<\/a><\/strong><\/h2>\n\n\n\n<h2 class=\"wp-block-heading\"><a href=\"http:\/\/cvrcak-daruvar.com.hr\/?page_id=5585\" target=\"_blank\" rel=\"noreferrer noopener\" aria-label=\"Zimska pri\u010da 2. a (opens in a new tab)\">Zimska pri\u010da 2. a<\/a><\/h2>\n\n\n\n<h2 class=\"wp-block-heading\"><a href=\"http:\/\/cvrcak-daruvar.com.hr\/?page_id=5552\" target=\"_blank\" rel=\"noreferrer noopener\" aria-label=\"Snjegovi\u0107 bez nosa (opens in a new tab)\">Snjegovi\u0107 bez nosa<\/a><\/h2>\n\n\n\n<h2 class=\"wp-block-heading\"><a href=\"http:\/\/cvrcak-daruvar.com.hr\/?page_id=5367\">Pri\u010da jesenskog \u0161e\u0161ira<\/a><\/h2>\n\n\n\n<h2 class=\"wp-block-heading\"><a href=\"http:\/\/cvrcak-daruvar.com.hr\/?page_id=5384\" target=\"_blank\" rel=\"noreferrer noopener\" aria-label=\"Basna (opens in a new tab)\">Basna<\/a><\/h2>\n\n\n\n<h2 class=\"wp-block-heading\"><a rel=\"noreferrer noopener\" aria-label=\"Park \u0161uma Jankovac (opens in a new tab)\" href=\"http:\/\/cvrcak-daruvar.com.hr\/?page_id=5392\" target=\"_blank\">Park \u0161uma Jankovac<\/a><\/h2>\n\n\n\n<h2 class=\"wp-block-heading\"><a href=\"http:\/\/cvrcak-daruvar.com.hr\/?page_id=5406\" target=\"_blank\" rel=\"noreferrer noopener\" aria-label=\"Sretni list (opens in a new tab)\">Sretni list<\/a><\/h2>\n\n\n\n<p><\/p>\n","protected":false},"excerpt":{"rendered":"<p>Strip \u0160uma Dan planeta Zemlje DIGITALNA \u0160KOLA \u0160to se u\u010di na predmetu Preobrazbe Lektira na daljinu, Gulliverova putovanja Pjesma Lopta Pjesma Zvijezda Lektira na daljinu LEKTIRA NA TV-u Natanova pjesma o planetu Zemlji Dan planeta Zemlje Neka do\u0111e Sunce Dan planeta Zemlje Razredni kraljevi\u0107 Napisati ma\u0161toviti sastavak&nbsp; prema izvu\u010denoj \u201enagradi\u201c&nbsp; tj. kartici; donijeti \u201edokaz s [&hellip;]<\/p>\n","protected":false},"author":2,"featured_media":0,"parent":0,"menu_order":0,"comment_status":"closed","ping_status":"closed","template":"","meta":[],"_links":{"self":[{"href":"http:\/\/cvrcak-daruvar.com.hr\/index.php?rest_route=\/wp\/v2\/pages\/5341"}],"collection":[{"href":"http:\/\/cvrcak-daruvar.com.hr\/index.php?rest_route=\/wp\/v2\/pages"}],"about":[{"href":"http:\/\/cvrcak-daruvar.com.hr\/index.php?rest_route=\/wp\/v2\/types\/page"}],"author":[{"embeddable":true,"href":"http:\/\/cvrcak-daruvar.com.hr\/index.php?rest_route=\/wp\/v2\/users\/2"}],"replies":[{"embeddable":true,"href":"http:\/\/cvrcak-daruvar.com.hr\/index.php?rest_route=%2Fwp%2Fv2%2Fcomments&post=5341"}],"version-history":[{"count":48,"href":"http:\/\/cvrcak-daruvar.com.hr\/index.php?rest_route=\/wp\/v2\/pages\/5341\/revisions"}],"predecessor-version":[{"id":5976,"href":"http:\/\/cvrcak-daruvar.com.hr\/index.php?rest_route=\/wp\/v2\/pages\/5341\/revisions\/5976"}],"wp:attachment":[{"href":"http:\/\/cvrcak-daruvar.com.hr\/index.php?rest_route=%2Fwp%2Fv2%2Fmedia&parent=5341"}],"curies":[{"name":"wp","href":"https:\/\/api.w.org\/{rel}","templated":true}]}}