{"id":5335,"date":"2019-12-09T18:35:54","date_gmt":"2019-12-09T17:35:54","guid":{"rendered":"http:\/\/cvrcak-daruvar.com.hr\/?page_id=5335"},"modified":"2020-11-29T16:26:09","modified_gmt":"2020-11-29T15:26:09","slug":"skolski-kutak-3","status":"publish","type":"page","link":"http:\/\/cvrcak-daruvar.com.hr\/?page_id=5335","title":{"rendered":"\u0160kolski kutak 2019.\/2020."},"content":{"rendered":"\n<p><\/p>\n\n\n<p><br>\n<br>\n<!--StartFragment--><\/p>\n\n\n<h2 class=\"wp-block-heading\"><em>Radovi 2.a u ONLINE nastavi.<\/em><\/h2>\n\n\n\n<h2 class=\"wp-block-heading\"> <a href=\"https:\/\/app.bookcreator.com\/library\/-M5XuZuBaHT5--bJtZHE\/-Oern1RVlONhIu7mj3mrZdNCAawM09a39YE2rxTU_bw\/cxu8q02RQi6-GwVHisRWQw\/Ci_3Eb2UQaiOi97e2zBrJQ\" target=\"_blank\" rel=\"noreferrer noopener\" aria-label=\"Putovanje jedne kapljice (opens in a new tab)\">Putovanje jedne kapljice<\/a> <\/h2>\n\n\n\n<h2 class=\"wp-block-heading\"><a href=\"https:\/\/app.bookcreator.com\/library\/-M5XuZuBaHT5--bJtZHE\/-Oern1RVlONhIu7mj3mrZdNCAawM09a39YE2rxTU_bw\/zymZnsSXRBCHClBsPE5Drg\/tPNnVfiMS3ioiL33CFWccQ\" target=\"_blank\" rel=\"noreferrer noopener\" aria-label=\" Ma\u0161ta mo\u017ee sva\u0161ta  (opens in a new tab)\"> Ma\u0161ta mo\u017ee sva\u0161ta <\/a><\/h2>\n\n\n\n<h2 class=\"wp-block-heading\"><a rel=\"noreferrer noopener\" aria-label=\" Prolje\u0107e - umne mape  (opens in a new tab)\" href=\"https:\/\/app.bookcreator.com\/library\/-M5XuZuBaHT5--bJtZHE\/-Oern1RVlONhIu7mj3mrZdNCAawM09a39YE2rxTU_bw\/G-pnYuqBTDaNUmvLrMA2Uw\/yCXxgL6bRYaRuXYbxDe3wg\" target=\"_blank\"> Prolje\u0107e &#8211; umne mape <\/a><\/h2>\n\n\n<p><!--EndFragment--><br>\n<br>\n<\/p>\n\n\n<h3 class=\"wp-block-heading\"><a href=\"http:\/\/os-vnazora-daruvar.skole.hr\/?news_hk=1&amp;news_id=5115&amp;mshow=3013#mod_news\">Knji\u017enica na daljinu<\/a><\/h3>\n\n\n\n<h3 class=\"wp-block-heading\"> <a rel=\"noreferrer noopener\" aria-label=\"Online izazov u No\u0107i knjige 2020.  (opens in a new tab)\" href=\"http:\/\/cvrcak-daruvar.com.hr\/?page_id=5708\" target=\"_blank\">Online izazov u No\u0107i knjige 2020. <\/a><\/h3>\n\n\n\n<h2 class=\"wp-block-heading\"><strong><a href=\"http:\/\/os-vnazora-daruvar.skole.hr\/?news_hk=1&amp;news_id=5048&amp;mshow=3013#mod_news\">Ginko<\/a><\/strong><\/h2>\n\n\n\n<h3 class=\"wp-block-heading\"><a rel=\"noreferrer noopener\" aria-label=\"Prolje\u0107e - nastava na daljinu u 2.a (opens in a new tab)\" href=\"https:\/\/www.powtoon.com\/c\/cfKsHVT4Cha\/2\/m\" target=\"_blank\">Prolje\u0107e &#8211; nastava na daljinu u 2.a<\/a><\/h3>\n\n\n\n<p><strong><a href=\"http:\/\/os-vnazora-daruvar.skole.hr\/?news_hk=1&amp;news_id=5026&amp;mshow=3013#mod_news\">U \u0161kolskoj knji\u017enici obilje\u017een Me\u0111unarodni dan darivanja knjiga (14. velja\u010de)<\/a><\/strong><\/p>\n\n\n\n<p><strong><a href=\"http:\/\/os-vnazora-daruvar.skole.hr\/?news_hk=1&amp;news_id=4993&amp;mshow=3013#mod_news\">Dani otvorenih vrata \u0160kolske knji\u017enice &#8211; 12. i 13. velja\u010de 2020.<\/a><\/strong><\/p>\n\n\n\n<p><strong><a href=\"http:\/\/os-vnazora-daruvar.skole.hr\/?news_hk=1&amp;news_id=4975&amp;mshow=3013#mod_news\">Gostovanje knji\u017eevnice \u017deljke Horvat-Vukelja u na\u0161oj \u0161koli<\/a><\/strong><\/p>\n\n\n\n<p><strong><a href=\"http:\/\/os-vnazora-daruvar.skole.hr\/?news_hk=1&amp;news_id=5070&amp;mshow=3011#mod_news\">Ugostili smo glavnog urednika Modre laste<\/a><\/strong><\/p>\n\n\n\n<p><strong><a href=\"http:\/\/os-vnazora-daruvar.skole.hr\/?news_hk=1&amp;news_id=4936&amp;mshow=3013#mod_news\">Novi naslovi u \u0161kolskoj knji\u017enici zahvaljuju\u0107i tvrtki Darkom d. o. o<\/a>.<\/strong><\/p>\n\n\n\n<p><a rel=\"noreferrer noopener\" aria-label=\"Plasti\u010dnim \u010depovima do skupih lijekova (opens in a new tab)\" href=\"http:\/\/cvrcak-daruvar.com.hr\/?page_id=5633\" target=\"_blank\"><strong>Plasti\u010dnim \u010depovima do skupih lijekova<\/strong><\/a><\/p>\n\n\n\n<p><strong><a href=\"http:\/\/cvrcak-daruvar.com.hr\/?page_id=5542\" target=\"_blank\" rel=\"noreferrer noopener\" aria-label=\"Mjesec hrvatske knjige 2019. u \u0160kolskoj knji\u017enici (opens in a new tab)\">Mjesec hrvatske knjige 2019. u \u0160kolskoj knji\u017enici<\/a><\/strong><\/p>\n\n\n\n<p><a href=\"http:\/\/cvrcak-daruvar.com.hr\/?page_id=5466\"><strong>Doga\u0111aji u Doljanima<\/strong><\/a><\/p>\n\n\n\n<p><strong><a href=\"http:\/\/os-vnazora-daruvar.skole.hr\/?news_hk=1&amp;news_id=4915&amp;mshow=3013#mod_news\">Bo\u017ei\u0107ni program<\/a><\/strong><\/p>\n\n\n\n<p><strong><a href=\"http:\/\/os-vnazora-daruvar.skole.hr\/?news_hk=1&amp;news_id=4905&amp;mshow=3013#mod_news\">Dobrotvorna akcija<\/a><\/strong><\/p>\n\n\n\n<p><strong><a href=\"http:\/\/os-vnazora-daruvar.skole.hr\/?news_hk=1&amp;news_id=4901&amp;mshow=3013#mod_news\">Sveti Nikola u Gornjem Daruvaru<\/a><\/strong><\/p>\n\n\n\n<p><strong><a href=\"http:\/\/os-vnazora-daruvar.skole.hr\/?news_hk=1&amp;news_id=4875&amp;mshow=3013#mod_news\">Pokazna vje\u017eba<\/a><\/strong><\/p>\n\n\n\n<p><a href=\"http:\/\/cvrcak-daruvar.com.hr\/?page_id=5484\" target=\"_blank\" rel=\"noreferrer noopener\" aria-label=\"\u201cOD ZLATA JABUKA\u201d (opens in a new tab)\">\u201cOD ZLATA JABUKA\u201d<\/a><\/p>\n\n\n\n<p><strong><a href=\"http:\/\/os-vnazora-daruvar.skole.hr\/?news_hk=1&amp;news_id=4874&amp;mshow=3013#mod_news\">TJEDAN TEHNI\u010cKE KULTURE 2019.  <\/a><\/strong><\/p>\n\n\n\n<p><strong><a href=\"http:\/\/os-vnazora-daruvar.skole.hr\/?news_hk=1&amp;news_id=4853&amp;mshow=3013#mod_news\">Dan kruha P\u0160 Doljani i sa\u0111enje drve\u0107a<\/a><\/strong><\/p>\n\n\n\n<p><strong><a href=\"http:\/\/os-vnazora-daruvar.skole.hr\/?news_hk=1&amp;news_id=4829&amp;mshow=3013#mod_news\">Europski dan jezika<\/a><\/strong><\/p>\n\n\n\n<p><strong><a href=\"http:\/\/os-vnazora-daruvar.skole.hr\/?news_hk=1&amp;news_id=4820&amp;mshow=3013#mod_news\">\u201eVidi i klikni HAK\u201c<\/a><\/strong><\/p>\n\n\n\n<p><strong><a href=\"http:\/\/os-vnazora-daruvar.skole.hr\/?news_hk=1&amp;news_id=4808&amp;mshow=3013#mod_news\">Gosti u prvim razredima<\/a><\/strong><\/p>\n\n\n\n<p><a href=\"http:\/\/os-vnazora-daruvar.skole.hr\/?news_hk=1&amp;news_id=4803&amp;mshow=3011#mod_news\"><strong>Maska 2019<\/strong><\/a><\/p>\n","protected":false},"excerpt":{"rendered":"<p>Radovi 2.a u ONLINE nastavi. Putovanje jedne kapljice Ma\u0161ta mo\u017ee sva\u0161ta Prolje\u0107e &#8211; umne mape Knji\u017enica na daljinu Online izazov u No\u0107i knjige 2020. Ginko Prolje\u0107e &#8211; nastava na daljinu u 2.a U \u0161kolskoj knji\u017enici obilje\u017een Me\u0111unarodni dan darivanja knjiga (14. velja\u010de) Dani otvorenih vrata \u0160kolske knji\u017enice &#8211; 12. i 13. velja\u010de 2020. Gostovanje knji\u017eevnice [&hellip;]<\/p>\n","protected":false},"author":2,"featured_media":0,"parent":0,"menu_order":0,"comment_status":"closed","ping_status":"closed","template":"","meta":[],"_links":{"self":[{"href":"http:\/\/cvrcak-daruvar.com.hr\/index.php?rest_route=\/wp\/v2\/pages\/5335"}],"collection":[{"href":"http:\/\/cvrcak-daruvar.com.hr\/index.php?rest_route=\/wp\/v2\/pages"}],"about":[{"href":"http:\/\/cvrcak-daruvar.com.hr\/index.php?rest_route=\/wp\/v2\/types\/page"}],"author":[{"embeddable":true,"href":"http:\/\/cvrcak-daruvar.com.hr\/index.php?rest_route=\/wp\/v2\/users\/2"}],"replies":[{"embeddable":true,"href":"http:\/\/cvrcak-daruvar.com.hr\/index.php?rest_route=%2Fwp%2Fv2%2Fcomments&post=5335"}],"version-history":[{"count":29,"href":"http:\/\/cvrcak-daruvar.com.hr\/index.php?rest_route=\/wp\/v2\/pages\/5335\/revisions"}],"predecessor-version":[{"id":5970,"href":"http:\/\/cvrcak-daruvar.com.hr\/index.php?rest_route=\/wp\/v2\/pages\/5335\/revisions\/5970"}],"wp:attachment":[{"href":"http:\/\/cvrcak-daruvar.com.hr\/index.php?rest_route=%2Fwp%2Fv2%2Fmedia&parent=5335"}],"curies":[{"name":"wp","href":"https:\/\/api.w.org\/{rel}","templated":true}]}}