{"id":533,"date":"2012-06-07T08:23:53","date_gmt":"2012-06-07T06:23:53","guid":{"rendered":"http:\/\/cvrcak-daruvar.com.hr\/?page_id=533"},"modified":"2012-06-07T08:51:15","modified_gmt":"2012-06-07T06:51:15","slug":"andeoske-zvjezdice","status":"publish","type":"page","link":"http:\/\/cvrcak-daruvar.com.hr\/?page_id=533","title":{"rendered":"An\u0111eoske zvjezdice"},"content":{"rendered":"<p>Vjeronau\u010dna skupina \u201cAn\u0111eoske zvijezde i zvjezdice\u201d<\/p>\n<p>&nbsp;<\/p>\n<p>Dani kruha u na\u0161oj \u0161koli uvijek se obilje\u017eavaju na vrlo lijep, pou\u010dan i zanimljiv na\u010din. Rado sudjelujemo u svim doga\u0111ajima, humanitarnoj akciji \u201eOd zlata jabuka\u201c i priredbi u kinu uz mnoge druge u\u010denike. Ove godine smo odigrali mali igrokaz o zrnu \u017eita. Pantomimom smo pratili \u201ePri\u010du o zrnu\u201c, od sijanja preko rasta i \u017eetve, do bra\u0161na i kruha.<\/p>\n<p>U bo\u017ei\u0107nom programu sudjelovali smo scenskim prikazom pri\u010de \u201eKako su vol i magarac dospjeli u \u0161talicu\u201c. U\u017eivjeli smo se u uloge oholih \u017eivotinja koje su se nametale i shvatili kako su vol i magarac u svojoj skromnosti bili najbli\u017ei novoro\u0111enom Isusu.<\/p>\n<p><a href=\"http:\/\/cvrcak-daruvar.com.hr\/wp-content\/uploads\/2012\/06\/DSC01377.jpg\" class=\"gallery_colorbox\"><img decoding=\"async\" loading=\"lazy\" class=\"alignleft size-medium wp-image-536\" title=\"DSC01377\" src=\"http:\/\/cvrcak-daruvar.com.hr\/wp-content\/uploads\/2012\/06\/DSC01377-300x224.jpg\"  alt=\"\" width=\"300\" height=\"224\" srcset=\"http:\/\/cvrcak-daruvar.com.hr\/wp-content\/uploads\/2012\/06\/DSC01377-300x224.jpg 300w, http:\/\/cvrcak-daruvar.com.hr\/wp-content\/uploads\/2012\/06\/DSC01377.jpg 448w\" sizes=\"(max-width: 300px) 100vw, 300px\" \/><\/a>Drugo polugodi\u0161te posvetili smo projektu za koji smo sami izabrali temu \u201eSportovi\u201c. Istra\u017eivali smo putem interneta, u knji\u017enici, knjigama i \u010dasopisima. Proveli smo anketu me\u0111u u\u010denicima i napravili nekoliko intervjua s nastavnicima tjelesnog i trenerima. Bili smo na treningu karatea, posjetili smo folklor (i to je ozbiljna tjelesna aktivnost), a oku\u0161ali smo se i u kuglanju u kuglani. Uspjeli smo odgovoriti na sva pitanja koja smo si postavili: najpopularniji sportovi u svijetu i Hrvatskoj; manje poznate zanimljivosti i tajne sporta; djeca, stari, invalidi u sportu; kako sport poma\u017ee zdravlju; sport i vjera; sport i igra. Shvatili smo da postoji mno\u0161tvo aktivnosti koje tek trebamo otkriti. Sve \u0161to smo istra\u017eili prikazali smo plakatima i na programu odr\u017eanom 9. svibnja u \u0161kolskoj sportskoj dvorani u Frankopanskoj. Bilo je vrlo \u017eivo i veselo, upravo onako kako smo \u017eeljeli. Dru\u017eili smo se, igrali, zabavljali \u0161to je koristilo tjelesnom i du\u0161evnom zdravlju svih sudionika.<\/p>\n<p>&nbsp;<\/p>\n<p><a href=\"http:\/\/cvrcak-daruvar.com.hr\/wp-content\/uploads\/2012\/06\/DSC01480.jpg\" class=\"gallery_colorbox\"><img decoding=\"async\" loading=\"lazy\" class=\"alignright size-medium wp-image-537\" title=\"DSC01480\" src=\"http:\/\/cvrcak-daruvar.com.hr\/wp-content\/uploads\/2012\/06\/DSC01480-300x224.jpg\"  alt=\"\" width=\"300\" height=\"224\" srcset=\"http:\/\/cvrcak-daruvar.com.hr\/wp-content\/uploads\/2012\/06\/DSC01480-300x224.jpg 300w, http:\/\/cvrcak-daruvar.com.hr\/wp-content\/uploads\/2012\/06\/DSC01480.jpg 448w\" sizes=\"(max-width: 300px) 100vw, 300px\" \/><\/a>Kroz aktivnost i zabavu smo otkrili kako u\u010denje mo\u017ee biti zanimljivo i uop\u0107e ne mora biti naporno. U \u017eelji da ostvarimo jo\u0161 puno takvih projekata pozdravljaju vas u\u010denici: David, Nikolina, Matej,\u00a0 Mihael, Leon, Gabriela, Gabrijela, Iva, Ina, Marin, Roman, Kristian, Nicol i \u00a0Martin, u\u010denici od 1. do 5. r. u Frankopanskoj i vjerou\u010diteljica Suzana Lipovac.<\/p>\n<p>&nbsp;<\/p>\n<p align=\"right\">lektorirala: L. B.<\/p>\n","protected":false},"excerpt":{"rendered":"<p>Vjeronau\u010dna skupina \u201cAn\u0111eoske zvijezde i zvjezdice\u201d &nbsp; Dani kruha u na\u0161oj \u0161koli uvijek se obilje\u017eavaju na vrlo lijep, pou\u010dan i zanimljiv na\u010din. Rado sudjelujemo u svim doga\u0111ajima, humanitarnoj akciji \u201eOd zlata jabuka\u201c i priredbi u kinu uz mnoge druge u\u010denike. Ove godine smo odigrali mali igrokaz o zrnu \u017eita. Pantomimom smo pratili \u201ePri\u010du o zrnu\u201c, [&hellip;]<\/p>\n","protected":false},"author":1,"featured_media":0,"parent":519,"menu_order":0,"comment_status":"closed","ping_status":"closed","template":"","meta":[],"_links":{"self":[{"href":"http:\/\/cvrcak-daruvar.com.hr\/index.php?rest_route=\/wp\/v2\/pages\/533"}],"collection":[{"href":"http:\/\/cvrcak-daruvar.com.hr\/index.php?rest_route=\/wp\/v2\/pages"}],"about":[{"href":"http:\/\/cvrcak-daruvar.com.hr\/index.php?rest_route=\/wp\/v2\/types\/page"}],"author":[{"embeddable":true,"href":"http:\/\/cvrcak-daruvar.com.hr\/index.php?rest_route=\/wp\/v2\/users\/1"}],"replies":[{"embeddable":true,"href":"http:\/\/cvrcak-daruvar.com.hr\/index.php?rest_route=%2Fwp%2Fv2%2Fcomments&post=533"}],"version-history":[{"count":2,"href":"http:\/\/cvrcak-daruvar.com.hr\/index.php?rest_route=\/wp\/v2\/pages\/533\/revisions"}],"predecessor-version":[{"id":538,"href":"http:\/\/cvrcak-daruvar.com.hr\/index.php?rest_route=\/wp\/v2\/pages\/533\/revisions\/538"}],"up":[{"embeddable":true,"href":"http:\/\/cvrcak-daruvar.com.hr\/index.php?rest_route=\/wp\/v2\/pages\/519"}],"wp:attachment":[{"href":"http:\/\/cvrcak-daruvar.com.hr\/index.php?rest_route=%2Fwp%2Fv2%2Fmedia&parent=533"}],"curies":[{"name":"wp","href":"https:\/\/api.w.org\/{rel}","templated":true}]}}