{"id":5308,"date":"2019-12-09T17:57:14","date_gmt":"2019-12-09T16:57:14","guid":{"rendered":"http:\/\/cvrcak-daruvar.com.hr\/?page_id=5308"},"modified":"2019-12-09T18:21:52","modified_gmt":"2019-12-09T17:21:52","slug":"arhiva-2018-2019","status":"publish","type":"page","link":"http:\/\/cvrcak-daruvar.com.hr\/?page_id=5308","title":{"rendered":"Arhiva 2018.\/2019."},"content":{"rendered":"\n<p><a href=\"http:\/\/cvrcak-daruvar.com.hr\/?page_id=4684\">Impresum<\/a><\/p>\n\n\n\n<p><a href=\"http:\/\/cvrcak-daruvar.com.hr\/?page_id=4686\">\u0160kolski kutak<\/a><\/p>\n\n\n\n<p><a href=\"http:\/\/cvrcak-daruvar.com.hr\/?page_id=4826\">Produ\u017eeni boravak<\/a><\/p>\n\n\n\n<p><a href=\"http:\/\/cvrcak-daruvar.com.hr\/?page_id=4714\">U\u010denici preporu\u010duju u\u010denicima<\/a><\/p>\n\n\n\n<p><a href=\"http:\/\/cvrcak-daruvar.com.hr\/?page_id=4688\">Novinari<\/a><\/p>\n\n\n\n<p><a href=\"http:\/\/cvrcak-daruvar.com.hr\/?page_id=4690\">Literarni kutak<\/a><\/p>\n\n\n\n<p><a href=\"http:\/\/cvrcak-daruvar.com.hr\/?page_id=4692\">Likovni kutak<\/a><\/p>\n\n\n\n<p><a href=\"http:\/\/cvrcak-daruvar.com.hr\/?page_id=4694\">Projekti<\/a><\/p>\n\n\n\n<p><a href=\"http:\/\/cvrcak-daruvar.com.hr\/?page_id=4696\">Natjecanja<\/a><\/p>\n\n\n\n<p><a href=\"http:\/\/cvrcak-daruvar.com.hr\/?page_id=4698\">Fotografije<\/a><\/p>\n\n\n\n<p><\/p>\n","protected":false},"excerpt":{"rendered":"<p>Impresum \u0160kolski kutak Produ\u017eeni boravak U\u010denici preporu\u010duju u\u010denicima Novinari Literarni kutak Likovni kutak Projekti Natjecanja Fotografije<\/p>\n","protected":false},"author":2,"featured_media":0,"parent":0,"menu_order":0,"comment_status":"closed","ping_status":"closed","template":"","meta":[],"_links":{"self":[{"href":"http:\/\/cvrcak-daruvar.com.hr\/index.php?rest_route=\/wp\/v2\/pages\/5308"}],"collection":[{"href":"http:\/\/cvrcak-daruvar.com.hr\/index.php?rest_route=\/wp\/v2\/pages"}],"about":[{"href":"http:\/\/cvrcak-daruvar.com.hr\/index.php?rest_route=\/wp\/v2\/types\/page"}],"author":[{"embeddable":true,"href":"http:\/\/cvrcak-daruvar.com.hr\/index.php?rest_route=\/wp\/v2\/users\/2"}],"replies":[{"embeddable":true,"href":"http:\/\/cvrcak-daruvar.com.hr\/index.php?rest_route=%2Fwp%2Fv2%2Fcomments&post=5308"}],"version-history":[{"count":5,"href":"http:\/\/cvrcak-daruvar.com.hr\/index.php?rest_route=\/wp\/v2\/pages\/5308\/revisions"}],"predecessor-version":[{"id":5328,"href":"http:\/\/cvrcak-daruvar.com.hr\/index.php?rest_route=\/wp\/v2\/pages\/5308\/revisions\/5328"}],"wp:attachment":[{"href":"http:\/\/cvrcak-daruvar.com.hr\/index.php?rest_route=%2Fwp%2Fv2%2Fmedia&parent=5308"}],"curies":[{"name":"wp","href":"https:\/\/api.w.org\/{rel}","templated":true}]}}