{"id":527,"date":"2012-06-07T08:22:19","date_gmt":"2012-06-07T06:22:19","guid":{"rendered":"http:\/\/cvrcak-daruvar.com.hr\/?page_id=527"},"modified":"2012-06-12T14:30:55","modified_gmt":"2012-06-12T12:30:55","slug":"jutro-uskrsnuca","status":"publish","type":"page","link":"http:\/\/cvrcak-daruvar.com.hr\/?page_id=527","title":{"rendered":"Jutro uskrsnu\u0107a"},"content":{"rendered":"<div id=\"attachment_528\" style=\"width: 510px\" class=\"wp-caption aligncenter\"><a href=\"http:\/\/cvrcak-daruvar.com.hr\/wp-content\/uploads\/2012\/06\/V1.jpg\" class=\"gallery_colorbox\"><img aria-describedby=\"caption-attachment-528\" decoding=\"async\" loading=\"lazy\" class=\"size-large wp-image-528\" title=\"V1\" src=\"http:\/\/cvrcak-daruvar.com.hr\/wp-content\/uploads\/2012\/06\/V1-1024x744.jpg\"  alt=\"\" width=\"500\" height=\"363\" srcset=\"http:\/\/cvrcak-daruvar.com.hr\/wp-content\/uploads\/2012\/06\/V1-1024x744.jpg 1024w, http:\/\/cvrcak-daruvar.com.hr\/wp-content\/uploads\/2012\/06\/V1-300x218.jpg 300w, http:\/\/cvrcak-daruvar.com.hr\/wp-content\/uploads\/2012\/06\/V1.jpg 1166w\" sizes=\"(max-width: 500px) 100vw, 500px\" \/><\/a><p id=\"caption-attachment-528\" class=\"wp-caption-text\">Valentina \u0160ula i Ema Ra\u0161i\u0107, 2.c<\/p><\/div>\n<p>&nbsp;<\/p>\n<div id=\"attachment_529\" style=\"width: 510px\" class=\"wp-caption aligncenter\"><a href=\"http:\/\/cvrcak-daruvar.com.hr\/wp-content\/uploads\/2012\/06\/V2.jpg\" class=\"gallery_colorbox\"><img aria-describedby=\"caption-attachment-529\" decoding=\"async\" loading=\"lazy\" class=\"size-large wp-image-529\" title=\"V2\" src=\"http:\/\/cvrcak-daruvar.com.hr\/wp-content\/uploads\/2012\/06\/V2-1024x744.jpg\"  alt=\"\" width=\"500\" height=\"363\" srcset=\"http:\/\/cvrcak-daruvar.com.hr\/wp-content\/uploads\/2012\/06\/V2-1024x744.jpg 1024w, http:\/\/cvrcak-daruvar.com.hr\/wp-content\/uploads\/2012\/06\/V2-300x218.jpg 300w, http:\/\/cvrcak-daruvar.com.hr\/wp-content\/uploads\/2012\/06\/V2.jpg 1166w\" sizes=\"(max-width: 500px) 100vw, 500px\" \/><\/a><p id=\"caption-attachment-529\" class=\"wp-caption-text\">Ivona Kolar i Marko \u0160ali\u0107, 2.c<\/p><\/div>\n<p>&nbsp;<\/p>\n<p>&nbsp;<\/p>\n<div id=\"attachment_530\" style=\"width: 510px\" class=\"wp-caption aligncenter\"><a href=\"http:\/\/cvrcak-daruvar.com.hr\/wp-content\/uploads\/2012\/06\/V3.jpg\" class=\"gallery_colorbox\"><img aria-describedby=\"caption-attachment-530\" decoding=\"async\" loading=\"lazy\" class=\"size-large wp-image-530\" title=\"V3\" src=\"http:\/\/cvrcak-daruvar.com.hr\/wp-content\/uploads\/2012\/06\/V3-1024x744.jpg\"  alt=\"\" width=\"500\" height=\"363\" srcset=\"http:\/\/cvrcak-daruvar.com.hr\/wp-content\/uploads\/2012\/06\/V3-1024x744.jpg 1024w, http:\/\/cvrcak-daruvar.com.hr\/wp-content\/uploads\/2012\/06\/V3-300x218.jpg 300w, http:\/\/cvrcak-daruvar.com.hr\/wp-content\/uploads\/2012\/06\/V3.jpg 1166w\" sizes=\"(max-width: 500px) 100vw, 500px\" \/><\/a><p id=\"caption-attachment-530\" class=\"wp-caption-text\">Laura Abdi\u0107 i Ena Jantolek, 2.d<\/p><\/div>\n<p>&nbsp;<\/p>\n<p>&nbsp;<\/p>\n<div id=\"attachment_531\" style=\"width: 510px\" class=\"wp-caption aligncenter\"><a href=\"http:\/\/cvrcak-daruvar.com.hr\/wp-content\/uploads\/2012\/06\/V4.jpg\" class=\"gallery_colorbox\"><img aria-describedby=\"caption-attachment-531\" decoding=\"async\" loading=\"lazy\" class=\"size-large wp-image-531\" title=\"V4\" src=\"http:\/\/cvrcak-daruvar.com.hr\/wp-content\/uploads\/2012\/06\/V4-1024x744.jpg\"  alt=\"\" width=\"500\" height=\"363\" srcset=\"http:\/\/cvrcak-daruvar.com.hr\/wp-content\/uploads\/2012\/06\/V4-1024x744.jpg 1024w, http:\/\/cvrcak-daruvar.com.hr\/wp-content\/uploads\/2012\/06\/V4-300x218.jpg 300w, http:\/\/cvrcak-daruvar.com.hr\/wp-content\/uploads\/2012\/06\/V4.jpg 1166w\" sizes=\"(max-width: 500px) 100vw, 500px\" \/><\/a><p id=\"caption-attachment-531\" class=\"wp-caption-text\">Lara \u0160eba i Marko \u0160epl, 2.d<\/p><\/div>\n<p>&nbsp;<\/p>\n<p>&nbsp;<\/p>\n<p>&nbsp;<\/p>\n","protected":false},"excerpt":{"rendered":"<p>&nbsp; &nbsp; &nbsp; &nbsp; &nbsp; &nbsp; &nbsp; &nbsp;<\/p>\n","protected":false},"author":1,"featured_media":0,"parent":519,"menu_order":0,"comment_status":"closed","ping_status":"closed","template":"","meta":[],"_links":{"self":[{"href":"http:\/\/cvrcak-daruvar.com.hr\/index.php?rest_route=\/wp\/v2\/pages\/527"}],"collection":[{"href":"http:\/\/cvrcak-daruvar.com.hr\/index.php?rest_route=\/wp\/v2\/pages"}],"about":[{"href":"http:\/\/cvrcak-daruvar.com.hr\/index.php?rest_route=\/wp\/v2\/types\/page"}],"author":[{"embeddable":true,"href":"http:\/\/cvrcak-daruvar.com.hr\/index.php?rest_route=\/wp\/v2\/users\/1"}],"replies":[{"embeddable":true,"href":"http:\/\/cvrcak-daruvar.com.hr\/index.php?rest_route=%2Fwp%2Fv2%2Fcomments&post=527"}],"version-history":[{"count":2,"href":"http:\/\/cvrcak-daruvar.com.hr\/index.php?rest_route=\/wp\/v2\/pages\/527\/revisions"}],"predecessor-version":[{"id":708,"href":"http:\/\/cvrcak-daruvar.com.hr\/index.php?rest_route=\/wp\/v2\/pages\/527\/revisions\/708"}],"up":[{"embeddable":true,"href":"http:\/\/cvrcak-daruvar.com.hr\/index.php?rest_route=\/wp\/v2\/pages\/519"}],"wp:attachment":[{"href":"http:\/\/cvrcak-daruvar.com.hr\/index.php?rest_route=%2Fwp%2Fv2%2Fmedia&parent=527"}],"curies":[{"name":"wp","href":"https:\/\/api.w.org\/{rel}","templated":true}]}}