{"id":5242,"date":"2019-06-11T13:53:37","date_gmt":"2019-06-11T11:53:37","guid":{"rendered":"http:\/\/cvrcak-daruvar.com.hr\/?page_id=5242"},"modified":"2019-06-11T13:57:45","modified_gmt":"2019-06-11T11:57:45","slug":"skola-u-prirodi","status":"publish","type":"page","link":"http:\/\/cvrcak-daruvar.com.hr\/?page_id=5242","title":{"rendered":"\u0160kola u prirodi"},"content":{"rendered":"\n<p>&nbsp;&nbsp;&nbsp;&nbsp;&nbsp;&nbsp; \u010cetvrti razredi O\u0160 Vladimira Nazora i\n\u010ce\u0161ke osnovne \u0161kole od 20.5. do 24.5.2019. bili su u \u0161koli u prirodi. <\/p>\n\n\n\n<p>\u00a0\u00a0\u00a0\u00a0\u00a0\u00a0\u00a0\u00a0 Smje\u0161teni smo u hotelu Adria u Biogradu na Moru.<\/p>\n\n\n\n<figure class=\"wp-block-image\"><img decoding=\"async\" loading=\"lazy\" width=\"500\" height=\"375\" src=\"http:\/\/cvrcak-daruvar.com.hr\/wp-content\/uploads\/2019\/06\/20190521_113054.jpg\" alt=\"\" class=\"wp-image-5244\" srcset=\"http:\/\/cvrcak-daruvar.com.hr\/wp-content\/uploads\/2019\/06\/20190521_113054.jpg 500w, http:\/\/cvrcak-daruvar.com.hr\/wp-content\/uploads\/2019\/06\/20190521_113054-300x225.jpg 300w\" sizes=\"(max-width: 500px) 100vw, 500px\" \/><\/figure>\n\n\n\n<p>\u00a0\u00a0\u00a0\u00a0\u00a0\u00a0\u00a0\u00a0 Prvi dan obi\u0161li smo Zadar, vidjeli Crkvu sv. Donata, Pozdrav Suncu i poslu\u0161ali morske orgulje. U Ninu smo posjetili Crkvu sv. Kri\u017ea, najmanju katedralu na svijetu i vidjeli solanu. \u00a0\u00a0\u00a0\u00a0\u00a0\u00a0\u00a0\u00a0\u00a0<\/p>\n\n\n\n<ul class=\"wp-block-gallery columns-1 is-cropped wp-block-gallery-1 is-layout-flex\"><li class=\"blocks-gallery-item\"><figure><img decoding=\"async\" loading=\"lazy\" width=\"500\" height=\"375\" src=\"http:\/\/cvrcak-daruvar.com.hr\/wp-content\/uploads\/2019\/06\/20190520_155024.jpg\" alt=\"\" data-id=\"5245\" data-link=\"http:\/\/cvrcak-daruvar.com.hr\/?attachment_id=5245\" class=\"wp-image-5245\" srcset=\"http:\/\/cvrcak-daruvar.com.hr\/wp-content\/uploads\/2019\/06\/20190520_155024.jpg 500w, http:\/\/cvrcak-daruvar.com.hr\/wp-content\/uploads\/2019\/06\/20190520_155024-300x225.jpg 300w\" sizes=\"(max-width: 500px) 100vw, 500px\" \/><\/figure><\/li><li class=\"blocks-gallery-item\"><figure><img decoding=\"async\" loading=\"lazy\" width=\"500\" height=\"375\" src=\"http:\/\/cvrcak-daruvar.com.hr\/wp-content\/uploads\/2019\/06\/20190523_091431.jpg\" alt=\"\" data-id=\"5246\" data-link=\"http:\/\/cvrcak-daruvar.com.hr\/?attachment_id=5246\" class=\"wp-image-5246\" srcset=\"http:\/\/cvrcak-daruvar.com.hr\/wp-content\/uploads\/2019\/06\/20190523_091431.jpg 500w, http:\/\/cvrcak-daruvar.com.hr\/wp-content\/uploads\/2019\/06\/20190523_091431-300x225.jpg 300w\" sizes=\"(max-width: 500px) 100vw, 500px\" \/><\/figure><\/li><\/ul>\n\n\n\n<p>\u00a0\u00a0\u00a0\u00a0\u00a0\u00a0\u00a0\u00a0 Sljede\u0107i dan i\u0161li smo na otok Krapanj, \u00a0gdje smo u Muzeju spu\u017evarstva nau\u010dili kako se vade spu\u017eve. U staroj uljari vidjeli smo \u00a0sprave za pre\u0161anje ulja i upoznali na\u010din dobivanja maslinovog ulja. <\/p>\n\n\n\n<ul class=\"wp-block-gallery columns-1 is-cropped wp-block-gallery-3 is-layout-flex\"><li class=\"blocks-gallery-item\"><figure><img decoding=\"async\" loading=\"lazy\" width=\"500\" height=\"375\" src=\"http:\/\/cvrcak-daruvar.com.hr\/wp-content\/uploads\/2019\/06\/20190521_160902.jpg\" alt=\"\" data-id=\"5253\" data-link=\"http:\/\/cvrcak-daruvar.com.hr\/?attachment_id=5253\" class=\"wp-image-5253\" srcset=\"http:\/\/cvrcak-daruvar.com.hr\/wp-content\/uploads\/2019\/06\/20190521_160902.jpg 500w, http:\/\/cvrcak-daruvar.com.hr\/wp-content\/uploads\/2019\/06\/20190521_160902-300x225.jpg 300w\" sizes=\"(max-width: 500px) 100vw, 500px\" \/><\/figure><\/li><li class=\"blocks-gallery-item\"><figure><img decoding=\"async\" loading=\"lazy\" width=\"500\" height=\"375\" src=\"http:\/\/cvrcak-daruvar.com.hr\/wp-content\/uploads\/2019\/06\/20190522_095512.jpg\" alt=\"\" data-id=\"5254\" data-link=\"http:\/\/cvrcak-daruvar.com.hr\/?attachment_id=5254\" class=\"wp-image-5254\" srcset=\"http:\/\/cvrcak-daruvar.com.hr\/wp-content\/uploads\/2019\/06\/20190522_095512.jpg 500w, http:\/\/cvrcak-daruvar.com.hr\/wp-content\/uploads\/2019\/06\/20190522_095512-300x225.jpg 300w\" sizes=\"(max-width: 500px) 100vw, 500px\" \/><\/figure><\/li><\/ul>\n\n\n\n<p>\u00a0\u00a0\u00a0\u00a0\u00a0\u00a0\u00a0\u00a0 Tre\u0107i dan, srijeda, bio je rezerviran za posjet NP Krka. Vidjeli smo najljep\u0161i slap &#8211; Skradinski buk i drugu hidroelektranu na svijetu (prva je bila na Nijagari). <\/p>\n\n\n\n<figure class=\"wp-block-image\"><img decoding=\"async\" loading=\"lazy\" width=\"500\" height=\"375\" src=\"http:\/\/cvrcak-daruvar.com.hr\/wp-content\/uploads\/2019\/06\/20190522_152413.jpg\" alt=\"\" class=\"wp-image-5247\" srcset=\"http:\/\/cvrcak-daruvar.com.hr\/wp-content\/uploads\/2019\/06\/20190522_152413.jpg 500w, http:\/\/cvrcak-daruvar.com.hr\/wp-content\/uploads\/2019\/06\/20190522_152413-300x225.jpg 300w\" sizes=\"(max-width: 500px) 100vw, 500px\" \/><\/figure>\n\n\n\n<p>\u00a0\u00a0\u00a0\u00a0\u00a0\u00a0\u00a0\u00a0 \u010cetvrti dan posjetili smo Sokolarski centar, gdje smo nau\u010dili puno o sovama i sokolima,\u00a0 i grad \u0160ibenik. Razgledali\u00a0 smo prelijepu Katedralu sv. Jakova koja je izgra\u0111ena samo od kamena. <\/p>\n\n\n\n<ul class=\"wp-block-gallery columns-1 is-cropped wp-block-gallery-5 is-layout-flex\"><li class=\"blocks-gallery-item\"><figure><img decoding=\"async\" loading=\"lazy\" width=\"375\" height=\"500\" src=\"http:\/\/cvrcak-daruvar.com.hr\/wp-content\/uploads\/2019\/06\/20190523_144435.jpg\" alt=\"\" data-id=\"5251\" data-link=\"http:\/\/cvrcak-daruvar.com.hr\/?attachment_id=5251\" class=\"wp-image-5251\" srcset=\"http:\/\/cvrcak-daruvar.com.hr\/wp-content\/uploads\/2019\/06\/20190523_144435.jpg 375w, http:\/\/cvrcak-daruvar.com.hr\/wp-content\/uploads\/2019\/06\/20190523_144435-225x300.jpg 225w\" sizes=\"(max-width: 375px) 100vw, 375px\" \/><\/figure><\/li><li class=\"blocks-gallery-item\"><figure><img decoding=\"async\" loading=\"lazy\" width=\"375\" height=\"500\" src=\"http:\/\/cvrcak-daruvar.com.hr\/wp-content\/uploads\/2019\/06\/20190523_163626.jpg\" alt=\"\" data-id=\"5252\" data-link=\"http:\/\/cvrcak-daruvar.com.hr\/?attachment_id=5252\" class=\"wp-image-5252\" srcset=\"http:\/\/cvrcak-daruvar.com.hr\/wp-content\/uploads\/2019\/06\/20190523_163626.jpg 375w, http:\/\/cvrcak-daruvar.com.hr\/wp-content\/uploads\/2019\/06\/20190523_163626-225x300.jpg 225w\" sizes=\"(max-width: 375px) 100vw, 375px\" \/><\/figure><\/li><\/ul>\n\n\n\n<p>\u00a0\u00a0\u00a0\u00a0\u00a0\u00a0\u00a0\u00a0\u00a0 U petak smo se pripremali za put i imali sportske igre. Na putu smo stali u Memorijalnom centru Nikole Tesle u njegovom rodnom selu, Smiljanu.<\/p>\n\n\n\n<ul class=\"wp-block-gallery columns-1 is-cropped wp-block-gallery-7 is-layout-flex\"><li class=\"blocks-gallery-item\"><figure><img decoding=\"async\" loading=\"lazy\" width=\"375\" height=\"500\" src=\"http:\/\/cvrcak-daruvar.com.hr\/wp-content\/uploads\/2019\/06\/20190524_113025.jpg\" alt=\"\" data-id=\"5249\" data-link=\"http:\/\/cvrcak-daruvar.com.hr\/?attachment_id=5249\" class=\"wp-image-5249\" srcset=\"http:\/\/cvrcak-daruvar.com.hr\/wp-content\/uploads\/2019\/06\/20190524_113025.jpg 375w, http:\/\/cvrcak-daruvar.com.hr\/wp-content\/uploads\/2019\/06\/20190524_113025-225x300.jpg 225w\" sizes=\"(max-width: 375px) 100vw, 375px\" \/><\/figure><\/li><li class=\"blocks-gallery-item\"><figure><img decoding=\"async\" loading=\"lazy\" width=\"500\" height=\"375\" src=\"http:\/\/cvrcak-daruvar.com.hr\/wp-content\/uploads\/2019\/06\/20190524_162338.jpg\" alt=\"\" data-id=\"5250\" data-link=\"http:\/\/cvrcak-daruvar.com.hr\/?attachment_id=5250\" class=\"wp-image-5250\" srcset=\"http:\/\/cvrcak-daruvar.com.hr\/wp-content\/uploads\/2019\/06\/20190524_162338.jpg 500w, http:\/\/cvrcak-daruvar.com.hr\/wp-content\/uploads\/2019\/06\/20190524_162338-300x225.jpg 300w\" sizes=\"(max-width: 500px) 100vw, 500px\" \/><\/figure><\/li><\/ul>\n\n\n\n<p>&nbsp;&nbsp;&nbsp;&nbsp;&nbsp;&nbsp;&nbsp;&nbsp;&nbsp; Svaki dan smo imali plivanje, \u0161etali do\ncentra Biograda ili pla\u017eom u blizini hotela. Nave\u010der smo imali zabavne ve\u010deri:\npid\u017eama party, lude frizure, karaoke i talent show. <\/p>\n\n\n\n<p>&nbsp;&nbsp;&nbsp;&nbsp;&nbsp;&nbsp;&nbsp;&nbsp;&nbsp; \u0160kola u prirodi nam se jako svidjela,\nsve je bilo zanimljivo &#8211; dru\u017eenje s prijateljima, izleti.<\/p>\n\n\n\n<p>Svi smo jako\nzadovoljni!<\/p>\n\n\n\n<p>&nbsp;&nbsp;&nbsp;&nbsp;&nbsp;&nbsp;&nbsp;&nbsp;&nbsp;&nbsp;&nbsp;&nbsp;&nbsp;&nbsp;&nbsp;&nbsp;&nbsp;&nbsp;&nbsp;&nbsp;&nbsp;&nbsp;&nbsp;&nbsp;&nbsp;&nbsp;&nbsp;&nbsp;&nbsp;&nbsp;&nbsp;&nbsp;&nbsp;&nbsp;&nbsp;&nbsp;&nbsp;&nbsp;&nbsp;&nbsp;&nbsp;&nbsp;&nbsp;&nbsp;&nbsp;&nbsp;&nbsp;&nbsp;&nbsp;&nbsp;&nbsp;&nbsp;&nbsp;&nbsp;&nbsp;&nbsp;&nbsp;&nbsp;&nbsp;&nbsp;&nbsp;&nbsp;&nbsp;\n&nbsp;&nbsp;&nbsp;&nbsp;&nbsp;&nbsp;&nbsp;&nbsp;&nbsp;&nbsp;Jerko Njegovac i Lara\n\u010carapovi\u0107, 4.c<\/p>\n\n\n\n<p>DOJMOVI\nU\u010cENIKA:<\/p>\n\n\n\n<p>\u201eJako sam\nzadovoljan \u0161kolom u prirodi.\u201c&nbsp; Jerko\nNjegovac<\/p>\n\n\n\n<p>\u201eMislim da\nje \u0161kola u prirodi super.\u201c&nbsp; Lara\n\u010carapovi\u0107<\/p>\n\n\n\n<p>\u201eNajvi\u0161e mi\nse svidio NP Krka.\u201c&nbsp;&nbsp; Elena Golem<\/p>\n\n\n\n<p>\u201eBilo mi je\njako zanimljivo s prijateljima.\u201c&nbsp;&nbsp; Josip\nMarinovi\u0107<\/p>\n\n\n\n<p>\u201eJako mi je\nbilo lijepo.\u201c&nbsp;&nbsp;&nbsp;&nbsp; Fiona Kne\u017eevi\u0107<\/p>\n\n\n\n<p>\u201eVoljela bih\nda mogu opet i\u0107i.\u201c&nbsp;&nbsp; Nevia Hrabri\u0107<\/p>\n\n\n\n<p>\u201eNajljep\u0161i\nmi je bio Muzej spu\u017evarstva. Jedino \u0161to su mi nedostajali roditelji.\u201c&nbsp;&nbsp;&nbsp; Sven Veltruski<\/p>\n\n\n\n<p>\u201eBilo mi je\nodli\u010dno!\u201c&nbsp;&nbsp;&nbsp; Dragan Momi\u0107<\/p>\n\n\n\n<p>\u201eMnogo toga\nsam nau\u010dila i sve bi to ponovila.\u201c&nbsp;&nbsp;&nbsp;\nAntonela Pustahija<\/p>\n","protected":false},"excerpt":{"rendered":"<p>&nbsp;&nbsp;&nbsp;&nbsp;&nbsp;&nbsp; \u010cetvrti razredi O\u0160 Vladimira Nazora i \u010ce\u0161ke osnovne \u0161kole od 20.5. do 24.5.2019. bili su u \u0161koli u prirodi. \u00a0\u00a0\u00a0\u00a0\u00a0\u00a0\u00a0\u00a0 Smje\u0161teni smo u hotelu Adria u Biogradu na Moru. \u00a0\u00a0\u00a0\u00a0\u00a0\u00a0\u00a0\u00a0 Prvi dan obi\u0161li smo Zadar, vidjeli Crkvu sv. Donata, Pozdrav Suncu i poslu\u0161ali morske orgulje. U Ninu smo posjetili Crkvu sv. Kri\u017ea, najmanju katedralu [&hellip;]<\/p>\n","protected":false},"author":2,"featured_media":0,"parent":0,"menu_order":0,"comment_status":"closed","ping_status":"closed","template":"","meta":[],"_links":{"self":[{"href":"http:\/\/cvrcak-daruvar.com.hr\/index.php?rest_route=\/wp\/v2\/pages\/5242"}],"collection":[{"href":"http:\/\/cvrcak-daruvar.com.hr\/index.php?rest_route=\/wp\/v2\/pages"}],"about":[{"href":"http:\/\/cvrcak-daruvar.com.hr\/index.php?rest_route=\/wp\/v2\/types\/page"}],"author":[{"embeddable":true,"href":"http:\/\/cvrcak-daruvar.com.hr\/index.php?rest_route=\/wp\/v2\/users\/2"}],"replies":[{"embeddable":true,"href":"http:\/\/cvrcak-daruvar.com.hr\/index.php?rest_route=%2Fwp%2Fv2%2Fcomments&post=5242"}],"version-history":[{"count":3,"href":"http:\/\/cvrcak-daruvar.com.hr\/index.php?rest_route=\/wp\/v2\/pages\/5242\/revisions"}],"predecessor-version":[{"id":5255,"href":"http:\/\/cvrcak-daruvar.com.hr\/index.php?rest_route=\/wp\/v2\/pages\/5242\/revisions\/5255"}],"wp:attachment":[{"href":"http:\/\/cvrcak-daruvar.com.hr\/index.php?rest_route=%2Fwp%2Fv2%2Fmedia&parent=5242"}],"curies":[{"name":"wp","href":"https:\/\/api.w.org\/{rel}","templated":true}]}}