{"id":5215,"date":"2019-06-11T13:43:27","date_gmt":"2019-06-11T11:43:27","guid":{"rendered":"http:\/\/cvrcak-daruvar.com.hr\/?page_id=5215"},"modified":"2019-06-11T13:43:27","modified_gmt":"2019-06-11T11:43:27","slug":"terenska-nastava-2-r-posjet-opg-sirane-jares-u-donjim-sredanima","status":"publish","type":"page","link":"http:\/\/cvrcak-daruvar.com.hr\/?page_id=5215","title":{"rendered":"Terenska nastava 2.r &#8211; posjet Opg Sirane Jare\u0161 u Donjim Sre\u0111anima"},"content":{"rendered":"\n<p>U\u010denici 2.a,b,c,d i P\u0160 Gornji Sre\u0111ani bili su u ponedjeljak 27.5.(2.a,c) i 28.5.(2.b,d i P\u0160 Gornji Sre\u0111ani) bili su na terenskoj nastavi. Posjetili su Opg Siranu Jare\u0161 u Donjim Sre\u0111anima gdje su u\u010denici upoznati s tehnologijom &#8220;Od polja do stol&#8221; &#8211; proizvodnja hrane za krave, uzgoj krava, mu\u017enja mlijeka te proizvodnja razli\u010ditih vrsta sireva: svje\u017ei, kuhani, dimljeni, skuta, koprivko.<\/p>\n\n\n\n<ul class=\"wp-block-gallery columns-1 is-cropped wp-block-gallery-1 is-layout-flex\"><li class=\"blocks-gallery-item\"><figure><img decoding=\"async\" loading=\"lazy\" width=\"1024\" height=\"576\" src=\"http:\/\/cvrcak-daruvar.com.hr\/wp-content\/uploads\/2019\/06\/s1-1024x576.jpg\" alt=\"\" data-id=\"5216\" data-link=\"http:\/\/cvrcak-daruvar.com.hr\/?attachment_id=5216\" class=\"wp-image-5216\" srcset=\"http:\/\/cvrcak-daruvar.com.hr\/wp-content\/uploads\/2019\/06\/s1-1024x576.jpg 1024w, http:\/\/cvrcak-daruvar.com.hr\/wp-content\/uploads\/2019\/06\/s1-300x169.jpg 300w, http:\/\/cvrcak-daruvar.com.hr\/wp-content\/uploads\/2019\/06\/s1-768x432.jpg 768w, http:\/\/cvrcak-daruvar.com.hr\/wp-content\/uploads\/2019\/06\/s1.jpg 1280w\" sizes=\"(max-width: 1024px) 100vw, 1024px\" \/><\/figure><\/li><li class=\"blocks-gallery-item\"><figure><img decoding=\"async\" loading=\"lazy\" width=\"1024\" height=\"576\" src=\"http:\/\/cvrcak-daruvar.com.hr\/wp-content\/uploads\/2019\/06\/s2-1024x576.jpg\" alt=\"\" data-id=\"5217\" data-link=\"http:\/\/cvrcak-daruvar.com.hr\/?attachment_id=5217\" class=\"wp-image-5217\" srcset=\"http:\/\/cvrcak-daruvar.com.hr\/wp-content\/uploads\/2019\/06\/s2-1024x576.jpg 1024w, http:\/\/cvrcak-daruvar.com.hr\/wp-content\/uploads\/2019\/06\/s2-300x169.jpg 300w, http:\/\/cvrcak-daruvar.com.hr\/wp-content\/uploads\/2019\/06\/s2-768x432.jpg 768w, http:\/\/cvrcak-daruvar.com.hr\/wp-content\/uploads\/2019\/06\/s2.jpg 1280w\" sizes=\"(max-width: 1024px) 100vw, 1024px\" \/><\/figure><\/li><li class=\"blocks-gallery-item\"><figure><img decoding=\"async\" loading=\"lazy\" width=\"1024\" height=\"576\" src=\"http:\/\/cvrcak-daruvar.com.hr\/wp-content\/uploads\/2019\/06\/s3-1024x576.jpg\" alt=\"\" data-id=\"5218\" data-link=\"http:\/\/cvrcak-daruvar.com.hr\/?attachment_id=5218\" class=\"wp-image-5218\" srcset=\"http:\/\/cvrcak-daruvar.com.hr\/wp-content\/uploads\/2019\/06\/s3-1024x576.jpg 1024w, http:\/\/cvrcak-daruvar.com.hr\/wp-content\/uploads\/2019\/06\/s3-300x169.jpg 300w, http:\/\/cvrcak-daruvar.com.hr\/wp-content\/uploads\/2019\/06\/s3-768x432.jpg 768w, http:\/\/cvrcak-daruvar.com.hr\/wp-content\/uploads\/2019\/06\/s3.jpg 1280w\" sizes=\"(max-width: 1024px) 100vw, 1024px\" \/><\/figure><\/li><li class=\"blocks-gallery-item\"><figure><img decoding=\"async\" loading=\"lazy\" width=\"1024\" height=\"576\" src=\"http:\/\/cvrcak-daruvar.com.hr\/wp-content\/uploads\/2019\/06\/s4-1024x576.jpg\" alt=\"\" data-id=\"5219\" data-link=\"http:\/\/cvrcak-daruvar.com.hr\/?attachment_id=5219\" class=\"wp-image-5219\" srcset=\"http:\/\/cvrcak-daruvar.com.hr\/wp-content\/uploads\/2019\/06\/s4-1024x576.jpg 1024w, http:\/\/cvrcak-daruvar.com.hr\/wp-content\/uploads\/2019\/06\/s4-300x169.jpg 300w, http:\/\/cvrcak-daruvar.com.hr\/wp-content\/uploads\/2019\/06\/s4-768x432.jpg 768w, http:\/\/cvrcak-daruvar.com.hr\/wp-content\/uploads\/2019\/06\/s4.jpg 1280w\" sizes=\"(max-width: 1024px) 100vw, 1024px\" \/><\/figure><\/li><li class=\"blocks-gallery-item\"><figure><img decoding=\"async\" loading=\"lazy\" width=\"1024\" height=\"576\" src=\"http:\/\/cvrcak-daruvar.com.hr\/wp-content\/uploads\/2019\/06\/s5-1024x576.jpg\" alt=\"\" data-id=\"5220\" data-link=\"http:\/\/cvrcak-daruvar.com.hr\/?attachment_id=5220\" class=\"wp-image-5220\" srcset=\"http:\/\/cvrcak-daruvar.com.hr\/wp-content\/uploads\/2019\/06\/s5-1024x576.jpg 1024w, http:\/\/cvrcak-daruvar.com.hr\/wp-content\/uploads\/2019\/06\/s5-300x169.jpg 300w, http:\/\/cvrcak-daruvar.com.hr\/wp-content\/uploads\/2019\/06\/s5-768x432.jpg 768w, http:\/\/cvrcak-daruvar.com.hr\/wp-content\/uploads\/2019\/06\/s5.jpg 1280w\" sizes=\"(max-width: 1024px) 100vw, 1024px\" \/><\/figure><\/li><li class=\"blocks-gallery-item\"><figure><img decoding=\"async\" loading=\"lazy\" width=\"1024\" height=\"576\" src=\"http:\/\/cvrcak-daruvar.com.hr\/wp-content\/uploads\/2019\/06\/s6-1024x576.jpg\" alt=\"\" data-id=\"5221\" data-link=\"http:\/\/cvrcak-daruvar.com.hr\/?attachment_id=5221\" class=\"wp-image-5221\" srcset=\"http:\/\/cvrcak-daruvar.com.hr\/wp-content\/uploads\/2019\/06\/s6-1024x576.jpg 1024w, http:\/\/cvrcak-daruvar.com.hr\/wp-content\/uploads\/2019\/06\/s6-300x169.jpg 300w, http:\/\/cvrcak-daruvar.com.hr\/wp-content\/uploads\/2019\/06\/s6-768x432.jpg 768w, http:\/\/cvrcak-daruvar.com.hr\/wp-content\/uploads\/2019\/06\/s6.jpg 1280w\" sizes=\"(max-width: 1024px) 100vw, 1024px\" \/><\/figure><\/li><li class=\"blocks-gallery-item\"><figure><img decoding=\"async\" loading=\"lazy\" width=\"1024\" height=\"576\" src=\"http:\/\/cvrcak-daruvar.com.hr\/wp-content\/uploads\/2019\/06\/s7-1024x576.jpg\" alt=\"\" data-id=\"5222\" data-link=\"http:\/\/cvrcak-daruvar.com.hr\/?attachment_id=5222\" class=\"wp-image-5222\" srcset=\"http:\/\/cvrcak-daruvar.com.hr\/wp-content\/uploads\/2019\/06\/s7-1024x576.jpg 1024w, http:\/\/cvrcak-daruvar.com.hr\/wp-content\/uploads\/2019\/06\/s7-300x169.jpg 300w, http:\/\/cvrcak-daruvar.com.hr\/wp-content\/uploads\/2019\/06\/s7-768x432.jpg 768w, http:\/\/cvrcak-daruvar.com.hr\/wp-content\/uploads\/2019\/06\/s7.jpg 1280w\" sizes=\"(max-width: 1024px) 100vw, 1024px\" \/><\/figure><\/li><li class=\"blocks-gallery-item\"><figure><img decoding=\"async\" loading=\"lazy\" width=\"1024\" height=\"576\" src=\"http:\/\/cvrcak-daruvar.com.hr\/wp-content\/uploads\/2019\/06\/s8-1024x576.jpg\" alt=\"\" data-id=\"5223\" data-link=\"http:\/\/cvrcak-daruvar.com.hr\/?attachment_id=5223\" class=\"wp-image-5223\" srcset=\"http:\/\/cvrcak-daruvar.com.hr\/wp-content\/uploads\/2019\/06\/s8-1024x576.jpg 1024w, http:\/\/cvrcak-daruvar.com.hr\/wp-content\/uploads\/2019\/06\/s8-300x169.jpg 300w, http:\/\/cvrcak-daruvar.com.hr\/wp-content\/uploads\/2019\/06\/s8-768x432.jpg 768w, http:\/\/cvrcak-daruvar.com.hr\/wp-content\/uploads\/2019\/06\/s8.jpg 1280w\" sizes=\"(max-width: 1024px) 100vw, 1024px\" \/><\/figure><\/li><li class=\"blocks-gallery-item\"><figure><img decoding=\"async\" loading=\"lazy\" width=\"1024\" height=\"576\" src=\"http:\/\/cvrcak-daruvar.com.hr\/wp-content\/uploads\/2019\/06\/s9-1024x576.jpg\" alt=\"\" data-id=\"5224\" data-link=\"http:\/\/cvrcak-daruvar.com.hr\/?attachment_id=5224\" class=\"wp-image-5224\" srcset=\"http:\/\/cvrcak-daruvar.com.hr\/wp-content\/uploads\/2019\/06\/s9-1024x576.jpg 1024w, http:\/\/cvrcak-daruvar.com.hr\/wp-content\/uploads\/2019\/06\/s9-300x169.jpg 300w, http:\/\/cvrcak-daruvar.com.hr\/wp-content\/uploads\/2019\/06\/s9-768x432.jpg 768w, http:\/\/cvrcak-daruvar.com.hr\/wp-content\/uploads\/2019\/06\/s9.jpg 1280w\" sizes=\"(max-width: 1024px) 100vw, 1024px\" \/><\/figure><\/li><li class=\"blocks-gallery-item\"><figure><img decoding=\"async\" loading=\"lazy\" width=\"1024\" height=\"576\" src=\"http:\/\/cvrcak-daruvar.com.hr\/wp-content\/uploads\/2019\/06\/t1-1024x576.jpg\" alt=\"\" data-id=\"5225\" data-link=\"http:\/\/cvrcak-daruvar.com.hr\/?attachment_id=5225\" class=\"wp-image-5225\" srcset=\"http:\/\/cvrcak-daruvar.com.hr\/wp-content\/uploads\/2019\/06\/t1-1024x576.jpg 1024w, http:\/\/cvrcak-daruvar.com.hr\/wp-content\/uploads\/2019\/06\/t1-300x169.jpg 300w, http:\/\/cvrcak-daruvar.com.hr\/wp-content\/uploads\/2019\/06\/t1-768x432.jpg 768w, http:\/\/cvrcak-daruvar.com.hr\/wp-content\/uploads\/2019\/06\/t1.jpg 1280w\" sizes=\"(max-width: 1024px) 100vw, 1024px\" \/><\/figure><\/li><li class=\"blocks-gallery-item\"><figure><img decoding=\"async\" loading=\"lazy\" width=\"1024\" height=\"576\" src=\"http:\/\/cvrcak-daruvar.com.hr\/wp-content\/uploads\/2019\/06\/t2-1024x576.jpg\" alt=\"\" data-id=\"5226\" data-link=\"http:\/\/cvrcak-daruvar.com.hr\/?attachment_id=5226\" class=\"wp-image-5226\" srcset=\"http:\/\/cvrcak-daruvar.com.hr\/wp-content\/uploads\/2019\/06\/t2-1024x576.jpg 1024w, http:\/\/cvrcak-daruvar.com.hr\/wp-content\/uploads\/2019\/06\/t2-300x169.jpg 300w, http:\/\/cvrcak-daruvar.com.hr\/wp-content\/uploads\/2019\/06\/t2-768x432.jpg 768w, http:\/\/cvrcak-daruvar.com.hr\/wp-content\/uploads\/2019\/06\/t2.jpg 1280w\" sizes=\"(max-width: 1024px) 100vw, 1024px\" \/><\/figure><\/li><li class=\"blocks-gallery-item\"><figure><img decoding=\"async\" loading=\"lazy\" width=\"1024\" height=\"576\" src=\"http:\/\/cvrcak-daruvar.com.hr\/wp-content\/uploads\/2019\/06\/t3-1024x576.jpg\" alt=\"\" data-id=\"5227\" data-link=\"http:\/\/cvrcak-daruvar.com.hr\/?attachment_id=5227\" class=\"wp-image-5227\" srcset=\"http:\/\/cvrcak-daruvar.com.hr\/wp-content\/uploads\/2019\/06\/t3-1024x576.jpg 1024w, http:\/\/cvrcak-daruvar.com.hr\/wp-content\/uploads\/2019\/06\/t3-300x169.jpg 300w, http:\/\/cvrcak-daruvar.com.hr\/wp-content\/uploads\/2019\/06\/t3-768x432.jpg 768w, http:\/\/cvrcak-daruvar.com.hr\/wp-content\/uploads\/2019\/06\/t3.jpg 1280w\" sizes=\"(max-width: 1024px) 100vw, 1024px\" \/><\/figure><\/li><li class=\"blocks-gallery-item\"><figure><img decoding=\"async\" loading=\"lazy\" width=\"1024\" height=\"576\" src=\"http:\/\/cvrcak-daruvar.com.hr\/wp-content\/uploads\/2019\/06\/t4-1024x576.jpg\" alt=\"\" data-id=\"5228\" data-link=\"http:\/\/cvrcak-daruvar.com.hr\/?attachment_id=5228\" class=\"wp-image-5228\" srcset=\"http:\/\/cvrcak-daruvar.com.hr\/wp-content\/uploads\/2019\/06\/t4-1024x576.jpg 1024w, http:\/\/cvrcak-daruvar.com.hr\/wp-content\/uploads\/2019\/06\/t4-300x169.jpg 300w, http:\/\/cvrcak-daruvar.com.hr\/wp-content\/uploads\/2019\/06\/t4-768x432.jpg 768w, http:\/\/cvrcak-daruvar.com.hr\/wp-content\/uploads\/2019\/06\/t4.jpg 1280w\" sizes=\"(max-width: 1024px) 100vw, 1024px\" \/><\/figure><\/li><li class=\"blocks-gallery-item\"><figure><img decoding=\"async\" loading=\"lazy\" width=\"1024\" height=\"576\" src=\"http:\/\/cvrcak-daruvar.com.hr\/wp-content\/uploads\/2019\/06\/t5-1024x576.jpg\" alt=\"\" data-id=\"5229\" data-link=\"http:\/\/cvrcak-daruvar.com.hr\/?attachment_id=5229\" class=\"wp-image-5229\" srcset=\"http:\/\/cvrcak-daruvar.com.hr\/wp-content\/uploads\/2019\/06\/t5-1024x576.jpg 1024w, http:\/\/cvrcak-daruvar.com.hr\/wp-content\/uploads\/2019\/06\/t5-300x169.jpg 300w, http:\/\/cvrcak-daruvar.com.hr\/wp-content\/uploads\/2019\/06\/t5-768x432.jpg 768w, http:\/\/cvrcak-daruvar.com.hr\/wp-content\/uploads\/2019\/06\/t5.jpg 1280w\" sizes=\"(max-width: 1024px) 100vw, 1024px\" \/><\/figure><\/li><li class=\"blocks-gallery-item\"><figure><img decoding=\"async\" loading=\"lazy\" width=\"1024\" height=\"576\" src=\"http:\/\/cvrcak-daruvar.com.hr\/wp-content\/uploads\/2019\/06\/t6-1024x576.jpg\" alt=\"\" data-id=\"5230\" data-link=\"http:\/\/cvrcak-daruvar.com.hr\/?attachment_id=5230\" class=\"wp-image-5230\" srcset=\"http:\/\/cvrcak-daruvar.com.hr\/wp-content\/uploads\/2019\/06\/t6-1024x576.jpg 1024w, http:\/\/cvrcak-daruvar.com.hr\/wp-content\/uploads\/2019\/06\/t6-300x169.jpg 300w, http:\/\/cvrcak-daruvar.com.hr\/wp-content\/uploads\/2019\/06\/t6-768x432.jpg 768w, http:\/\/cvrcak-daruvar.com.hr\/wp-content\/uploads\/2019\/06\/t6.jpg 1280w\" sizes=\"(max-width: 1024px) 100vw, 1024px\" \/><\/figure><\/li><li class=\"blocks-gallery-item\"><figure><img decoding=\"async\" loading=\"lazy\" width=\"1024\" height=\"576\" src=\"http:\/\/cvrcak-daruvar.com.hr\/wp-content\/uploads\/2019\/06\/t7-1024x576.jpg\" alt=\"\" data-id=\"5231\" data-link=\"http:\/\/cvrcak-daruvar.com.hr\/?attachment_id=5231\" class=\"wp-image-5231\" srcset=\"http:\/\/cvrcak-daruvar.com.hr\/wp-content\/uploads\/2019\/06\/t7-1024x576.jpg 1024w, http:\/\/cvrcak-daruvar.com.hr\/wp-content\/uploads\/2019\/06\/t7-300x169.jpg 300w, http:\/\/cvrcak-daruvar.com.hr\/wp-content\/uploads\/2019\/06\/t7-768x432.jpg 768w, http:\/\/cvrcak-daruvar.com.hr\/wp-content\/uploads\/2019\/06\/t7.jpg 1280w\" sizes=\"(max-width: 1024px) 100vw, 1024px\" \/><\/figure><\/li><li class=\"blocks-gallery-item\"><figure><img decoding=\"async\" loading=\"lazy\" width=\"1024\" height=\"576\" src=\"http:\/\/cvrcak-daruvar.com.hr\/wp-content\/uploads\/2019\/06\/t8-1024x576.jpg\" alt=\"\" data-id=\"5232\" data-link=\"http:\/\/cvrcak-daruvar.com.hr\/?attachment_id=5232\" class=\"wp-image-5232\" srcset=\"http:\/\/cvrcak-daruvar.com.hr\/wp-content\/uploads\/2019\/06\/t8-1024x576.jpg 1024w, http:\/\/cvrcak-daruvar.com.hr\/wp-content\/uploads\/2019\/06\/t8-300x169.jpg 300w, http:\/\/cvrcak-daruvar.com.hr\/wp-content\/uploads\/2019\/06\/t8-768x432.jpg 768w, http:\/\/cvrcak-daruvar.com.hr\/wp-content\/uploads\/2019\/06\/t8.jpg 1280w\" sizes=\"(max-width: 1024px) 100vw, 1024px\" \/><\/figure><\/li><li class=\"blocks-gallery-item\"><figure><img decoding=\"async\" loading=\"lazy\" width=\"1024\" height=\"576\" src=\"http:\/\/cvrcak-daruvar.com.hr\/wp-content\/uploads\/2019\/06\/t9-1024x576.jpg\" alt=\"\" data-id=\"5233\" data-link=\"http:\/\/cvrcak-daruvar.com.hr\/?attachment_id=5233\" class=\"wp-image-5233\" srcset=\"http:\/\/cvrcak-daruvar.com.hr\/wp-content\/uploads\/2019\/06\/t9-1024x576.jpg 1024w, http:\/\/cvrcak-daruvar.com.hr\/wp-content\/uploads\/2019\/06\/t9-300x169.jpg 300w, http:\/\/cvrcak-daruvar.com.hr\/wp-content\/uploads\/2019\/06\/t9-768x432.jpg 768w, http:\/\/cvrcak-daruvar.com.hr\/wp-content\/uploads\/2019\/06\/t9.jpg 1280w\" sizes=\"(max-width: 1024px) 100vw, 1024px\" \/><\/figure><\/li><li class=\"blocks-gallery-item\"><figure><img decoding=\"async\" loading=\"lazy\" width=\"576\" height=\"1024\" src=\"http:\/\/cvrcak-daruvar.com.hr\/wp-content\/uploads\/2019\/06\/u1-576x1024.jpg\" alt=\"\" data-id=\"5234\" data-link=\"http:\/\/cvrcak-daruvar.com.hr\/?attachment_id=5234\" class=\"wp-image-5234\" srcset=\"http:\/\/cvrcak-daruvar.com.hr\/wp-content\/uploads\/2019\/06\/u1-576x1024.jpg 576w, http:\/\/cvrcak-daruvar.com.hr\/wp-content\/uploads\/2019\/06\/u1-169x300.jpg 169w, http:\/\/cvrcak-daruvar.com.hr\/wp-content\/uploads\/2019\/06\/u1.jpg 720w\" sizes=\"(max-width: 576px) 100vw, 576px\" \/><\/figure><\/li><li class=\"blocks-gallery-item\"><figure><img decoding=\"async\" loading=\"lazy\" width=\"1024\" height=\"576\" src=\"http:\/\/cvrcak-daruvar.com.hr\/wp-content\/uploads\/2019\/06\/u2-1024x576.jpg\" alt=\"\" data-id=\"5235\" data-link=\"http:\/\/cvrcak-daruvar.com.hr\/?attachment_id=5235\" class=\"wp-image-5235\" srcset=\"http:\/\/cvrcak-daruvar.com.hr\/wp-content\/uploads\/2019\/06\/u2-1024x576.jpg 1024w, http:\/\/cvrcak-daruvar.com.hr\/wp-content\/uploads\/2019\/06\/u2-300x169.jpg 300w, http:\/\/cvrcak-daruvar.com.hr\/wp-content\/uploads\/2019\/06\/u2-768x432.jpg 768w, http:\/\/cvrcak-daruvar.com.hr\/wp-content\/uploads\/2019\/06\/u2.jpg 1280w\" sizes=\"(max-width: 1024px) 100vw, 1024px\" \/><\/figure><\/li><li class=\"blocks-gallery-item\"><figure><img decoding=\"async\" loading=\"lazy\" width=\"576\" height=\"1024\" src=\"http:\/\/cvrcak-daruvar.com.hr\/wp-content\/uploads\/2019\/06\/u3-576x1024.jpg\" alt=\"\" data-id=\"5236\" data-link=\"http:\/\/cvrcak-daruvar.com.hr\/?attachment_id=5236\" class=\"wp-image-5236\" srcset=\"http:\/\/cvrcak-daruvar.com.hr\/wp-content\/uploads\/2019\/06\/u3-576x1024.jpg 576w, http:\/\/cvrcak-daruvar.com.hr\/wp-content\/uploads\/2019\/06\/u3-169x300.jpg 169w, http:\/\/cvrcak-daruvar.com.hr\/wp-content\/uploads\/2019\/06\/u3.jpg 720w\" sizes=\"(max-width: 576px) 100vw, 576px\" \/><\/figure><\/li><li class=\"blocks-gallery-item\"><figure><img decoding=\"async\" loading=\"lazy\" width=\"576\" height=\"1024\" src=\"http:\/\/cvrcak-daruvar.com.hr\/wp-content\/uploads\/2019\/06\/u4-576x1024.jpg\" alt=\"\" data-id=\"5237\" data-link=\"http:\/\/cvrcak-daruvar.com.hr\/?attachment_id=5237\" class=\"wp-image-5237\" srcset=\"http:\/\/cvrcak-daruvar.com.hr\/wp-content\/uploads\/2019\/06\/u4-576x1024.jpg 576w, http:\/\/cvrcak-daruvar.com.hr\/wp-content\/uploads\/2019\/06\/u4-169x300.jpg 169w, http:\/\/cvrcak-daruvar.com.hr\/wp-content\/uploads\/2019\/06\/u4.jpg 720w\" sizes=\"(max-width: 576px) 100vw, 576px\" \/><\/figure><\/li><\/ul>\n","protected":false},"excerpt":{"rendered":"<p>U\u010denici 2.a,b,c,d i P\u0160 Gornji Sre\u0111ani bili su u ponedjeljak 27.5.(2.a,c) i 28.5.(2.b,d i P\u0160 Gornji Sre\u0111ani) bili su na terenskoj nastavi. Posjetili su Opg Siranu Jare\u0161 u Donjim Sre\u0111anima gdje su u\u010denici upoznati s tehnologijom &#8220;Od polja do stol&#8221; &#8211; proizvodnja hrane za krave, uzgoj krava, mu\u017enja mlijeka te proizvodnja razli\u010ditih vrsta sireva: svje\u017ei, [&hellip;]<\/p>\n","protected":false},"author":2,"featured_media":0,"parent":0,"menu_order":0,"comment_status":"closed","ping_status":"closed","template":"","meta":[],"_links":{"self":[{"href":"http:\/\/cvrcak-daruvar.com.hr\/index.php?rest_route=\/wp\/v2\/pages\/5215"}],"collection":[{"href":"http:\/\/cvrcak-daruvar.com.hr\/index.php?rest_route=\/wp\/v2\/pages"}],"about":[{"href":"http:\/\/cvrcak-daruvar.com.hr\/index.php?rest_route=\/wp\/v2\/types\/page"}],"author":[{"embeddable":true,"href":"http:\/\/cvrcak-daruvar.com.hr\/index.php?rest_route=\/wp\/v2\/users\/2"}],"replies":[{"embeddable":true,"href":"http:\/\/cvrcak-daruvar.com.hr\/index.php?rest_route=%2Fwp%2Fv2%2Fcomments&post=5215"}],"version-history":[{"count":1,"href":"http:\/\/cvrcak-daruvar.com.hr\/index.php?rest_route=\/wp\/v2\/pages\/5215\/revisions"}],"predecessor-version":[{"id":5238,"href":"http:\/\/cvrcak-daruvar.com.hr\/index.php?rest_route=\/wp\/v2\/pages\/5215\/revisions\/5238"}],"wp:attachment":[{"href":"http:\/\/cvrcak-daruvar.com.hr\/index.php?rest_route=%2Fwp%2Fv2%2Fmedia&parent=5215"}],"curies":[{"name":"wp","href":"https:\/\/api.w.org\/{rel}","templated":true}]}}