{"id":5184,"date":"2019-06-02T09:07:35","date_gmt":"2019-06-02T07:07:35","guid":{"rendered":"http:\/\/cvrcak-daruvar.com.hr\/?page_id=5184"},"modified":"2019-06-09T20:01:34","modified_gmt":"2019-06-09T18:01:34","slug":"opomena","status":"publish","type":"page","link":"http:\/\/cvrcak-daruvar.com.hr\/?page_id=5184","title":{"rendered":"OPOMENA"},"content":{"rendered":"\n<h3 class=\"wp-block-heading\">Refleksije na pjesmu A. B. \u0160imi\u0107a<\/h3>\n\n\n\n<p>            Ova pjesma je vrlo dirljiva, inspirirala me, potakla na razmi\u0161ljanje. U \u017eivotu vrednujem duhovne vrijednosti, zdravlje sebe i ostalih vi\u0161e od materijalnih vrijednosti. U \u017eivotu riskiram, ako ne uspijem barem \u0107u imati dobru pri\u010du za ispri\u010dati. Ne biti malen za mene zna\u010di ostaviti utjecaj, trag, u\u010diniti ne\u0161to \u0161to nitko nije spreman u\u010diniti, ne\u0161to po \u010demu \u0107e me svi pamtiti; biti druga\u010diji.<\/p>\n\n\n\n<p style=\"text-align:right\">Liam Devald, 8.c<\/p>\n\n\n\n<p><\/p>\n\n\n\n<p><\/p>\n\n\n\n<p>          Pjesma Opomena na mene djeluje motiviraju\u0107e. Te\u017eim vi\u0161e duhovnom, ali mi je i materijalno va\u017eno. Razumijem vrlo jasno razliku izme\u0111u materijalnog i duhovnog. Poku\u0161avam \u017eivjeti najbolje \u0161to mogu, trudim se, no vjerujem da \u0107u kasnije \u017ealiti za ne\u010dim jer mislim da nije mogu\u0107e dobiti i ostvariti sve \u0161to smo ikada \u017eeljeli u \u017eivotu. Ne biti malen zna\u010di da se ne osje\u0107amo manje vrijednima i da se ne stavljamo na \u201eni\u017ee\u201c mjesto od onih za koje mislimo da su bolji od nas.<\/p>\n\n\n\n<p style=\"text-align:right\">Paola Jambrovi\u0107, 8.c<\/p>\n\n\n\n<p><\/p>\n","protected":false},"excerpt":{"rendered":"<p>Refleksije na pjesmu A. B. \u0160imi\u0107a Ova pjesma je vrlo dirljiva, inspirirala me, potakla na razmi\u0161ljanje. U \u017eivotu vrednujem duhovne vrijednosti, zdravlje sebe i ostalih vi\u0161e od materijalnih vrijednosti. U \u017eivotu riskiram, ako ne uspijem barem \u0107u imati dobru pri\u010du za ispri\u010dati. Ne biti malen za mene zna\u010di ostaviti utjecaj, trag, u\u010diniti ne\u0161to \u0161to nitko [&hellip;]<\/p>\n","protected":false},"author":2,"featured_media":0,"parent":0,"menu_order":0,"comment_status":"closed","ping_status":"closed","template":"","meta":[],"_links":{"self":[{"href":"http:\/\/cvrcak-daruvar.com.hr\/index.php?rest_route=\/wp\/v2\/pages\/5184"}],"collection":[{"href":"http:\/\/cvrcak-daruvar.com.hr\/index.php?rest_route=\/wp\/v2\/pages"}],"about":[{"href":"http:\/\/cvrcak-daruvar.com.hr\/index.php?rest_route=\/wp\/v2\/types\/page"}],"author":[{"embeddable":true,"href":"http:\/\/cvrcak-daruvar.com.hr\/index.php?rest_route=\/wp\/v2\/users\/2"}],"replies":[{"embeddable":true,"href":"http:\/\/cvrcak-daruvar.com.hr\/index.php?rest_route=%2Fwp%2Fv2%2Fcomments&post=5184"}],"version-history":[{"count":3,"href":"http:\/\/cvrcak-daruvar.com.hr\/index.php?rest_route=\/wp\/v2\/pages\/5184\/revisions"}],"predecessor-version":[{"id":5213,"href":"http:\/\/cvrcak-daruvar.com.hr\/index.php?rest_route=\/wp\/v2\/pages\/5184\/revisions\/5213"}],"wp:attachment":[{"href":"http:\/\/cvrcak-daruvar.com.hr\/index.php?rest_route=%2Fwp%2Fv2%2Fmedia&parent=5184"}],"curies":[{"name":"wp","href":"https:\/\/api.w.org\/{rel}","templated":true}]}}