{"id":5173,"date":"2019-06-02T09:01:09","date_gmt":"2019-06-02T07:01:09","guid":{"rendered":"http:\/\/cvrcak-daruvar.com.hr\/?page_id=5173"},"modified":"2019-06-02T09:01:09","modified_gmt":"2019-06-02T07:01:09","slug":"projekt-disney","status":"publish","type":"page","link":"http:\/\/cvrcak-daruvar.com.hr\/?page_id=5173","title":{"rendered":"PROJEKT DISNEY"},"content":{"rendered":"\n<p>Povodom devedesetog ro\u0111endana najpoznatijeg mi\u0161a na svijetu, Mickeyja Mousea, pokrenuli smo projekt Disney. Kroz nekoliko aktivnosti obuhvatili smo puno toga vezanog uz Walta Disneyja i njegov rad.<\/p>\n\n\n\n<figure class=\"wp-block-image\"><img decoding=\"async\" loading=\"lazy\" width=\"640\" height=\"480\" src=\"http:\/\/cvrcak-daruvar.com.hr\/wp-content\/uploads\/2019\/06\/Kamo-nas-je-sve-poveo-Disney-1.jpg\" alt=\"\" class=\"wp-image-5179\" srcset=\"http:\/\/cvrcak-daruvar.com.hr\/wp-content\/uploads\/2019\/06\/Kamo-nas-je-sve-poveo-Disney-1.jpg 640w, http:\/\/cvrcak-daruvar.com.hr\/wp-content\/uploads\/2019\/06\/Kamo-nas-je-sve-poveo-Disney-1-300x225.jpg 300w\" sizes=\"(max-width: 640px) 100vw, 640px\" \/><\/figure>\n\n\n\n<p>\u00a0\u00a0\u00a0\u00a0\u00a0\u00a0\u00a0\u00a0\u00a0\u00a0\u00a0 Svake godine, ve\u0107 tradicionalno 28.10. na Svjetski dan animiranog filma objavljujemo rezultate istra\u017eivanja o najuspje\u0161nijim animiranim filmovima protekle godine i najave animiranih filmova za sljede\u0107u godinu. Kako nas to jako veseli, odlu\u010dili smo ove godine malo pro\u0161iriti tu zanimaciju za animiranim filmom.\u00a0\u00a0\u00a0\u00a0\u00a0\u00a0\u00a0\u00a0\u00a0 <\/p>\n\n\n\n<figure class=\"wp-block-image\"><img decoding=\"async\" loading=\"lazy\" width=\"1024\" height=\"768\" src=\"http:\/\/cvrcak-daruvar.com.hr\/wp-content\/uploads\/2019\/06\/Mickey-Mouse-1024x768.jpg\" alt=\"\" class=\"wp-image-5174\" srcset=\"http:\/\/cvrcak-daruvar.com.hr\/wp-content\/uploads\/2019\/06\/Mickey-Mouse-1024x768.jpg 1024w, http:\/\/cvrcak-daruvar.com.hr\/wp-content\/uploads\/2019\/06\/Mickey-Mouse-300x225.jpg 300w, http:\/\/cvrcak-daruvar.com.hr\/wp-content\/uploads\/2019\/06\/Mickey-Mouse-768x576.jpg 768w, http:\/\/cvrcak-daruvar.com.hr\/wp-content\/uploads\/2019\/06\/Mickey-Mouse.jpg 1280w\" sizes=\"(max-width: 1024px) 100vw, 1024px\" \/><\/figure>\n\n\n\n<p>Istra\u017eili smo o Waltu Disneyju, pripremili pano posve\u0107en njegovom \u017eivotu i radu, \u010dime smo obilje\u017eili i njegov ro\u0111endan 5.12. Otkrili smo razne zanimljivosti o njemu. Najimpresivniji je bio duga\u010dak popis svih dosada\u0161njih uradaka Disneyjevog studija kao i popis svih njegovih nagra\u0111enih animiranih filmova. Neizostavan Mickey Mouse, simbol Disneyja, ove je godine proslavio punih devet desetlje\u0107a koliko ve\u0107 uveseljava male i velike diljem svijeta. Pano smo ukrasili i crte\u017eima u\u010denika, zaljubljenika u Disney svijet. U\u010denici iz produ\u017eenog boravka su nam se pridru\u017eili i pomogli nam u tome. <\/p>\n\n\n\n<figure class=\"wp-block-image\"><img decoding=\"async\" loading=\"lazy\" width=\"1024\" height=\"768\" src=\"http:\/\/cvrcak-daruvar.com.hr\/wp-content\/uploads\/2019\/06\/Walt-Disney-1024x768.jpg\" alt=\"\" class=\"wp-image-5175\" srcset=\"http:\/\/cvrcak-daruvar.com.hr\/wp-content\/uploads\/2019\/06\/Walt-Disney-1024x768.jpg 1024w, http:\/\/cvrcak-daruvar.com.hr\/wp-content\/uploads\/2019\/06\/Walt-Disney-300x225.jpg 300w, http:\/\/cvrcak-daruvar.com.hr\/wp-content\/uploads\/2019\/06\/Walt-Disney-768x576.jpg 768w, http:\/\/cvrcak-daruvar.com.hr\/wp-content\/uploads\/2019\/06\/Walt-Disney.jpg 1280w\" sizes=\"(max-width: 1024px) 100vw, 1024px\" \/><\/figure>\n\n\n\n<p>I Valentinovo je pro\u0161lo u znaku Walta\nDisneyja. Ukrasili smo pano slikama ljubavnih parova iz Disneyjevih filmova i\npodsjetili da je ljubav prisutna posvuda. <\/p>\n\n\n\n<p>Odr\u017eali smo i kviz u razredu: testirali smo svoje poznavanje Disneyjevog repertoara tako \u0161to smo slu\u0161ali pjesme iz animiranih filmova i poku\u0161avali pogoditi o kojem je filmu rije\u010d. <\/p>\n\n\n\n<figure class=\"wp-block-image\"><img decoding=\"async\" loading=\"lazy\" width=\"768\" height=\"1024\" src=\"http:\/\/cvrcak-daruvar.com.hr\/wp-content\/uploads\/2019\/06\/Fotografija2280-768x1024.jpg\" alt=\"\" class=\"wp-image-5176\" srcset=\"http:\/\/cvrcak-daruvar.com.hr\/wp-content\/uploads\/2019\/06\/Fotografija2280-768x1024.jpg 768w, http:\/\/cvrcak-daruvar.com.hr\/wp-content\/uploads\/2019\/06\/Fotografija2280-225x300.jpg 225w, http:\/\/cvrcak-daruvar.com.hr\/wp-content\/uploads\/2019\/06\/Fotografija2280.jpg 960w\" sizes=\"(max-width: 768px) 100vw, 768px\" \/><\/figure>\n\n\n\n<p>Za kraj na\u0161eg projekta ostavili smo kartografski prikaz svih mjesta na koja nas je Disney poveo kroz svoje filmove \u2013 to je doslovce put oko svijeta pun pustolovina i predivnih \u017eivotnih pouka. <\/p>\n\n\n\n<figure class=\"wp-block-image\"><img decoding=\"async\" loading=\"lazy\" width=\"768\" height=\"1024\" src=\"http:\/\/cvrcak-daruvar.com.hr\/wp-content\/uploads\/2019\/06\/Disney-pano-768x1024.jpg\" alt=\"\" class=\"wp-image-5177\" srcset=\"http:\/\/cvrcak-daruvar.com.hr\/wp-content\/uploads\/2019\/06\/Disney-pano-768x1024.jpg 768w, http:\/\/cvrcak-daruvar.com.hr\/wp-content\/uploads\/2019\/06\/Disney-pano-225x300.jpg 225w, http:\/\/cvrcak-daruvar.com.hr\/wp-content\/uploads\/2019\/06\/Disney-pano.jpg 960w\" sizes=\"(max-width: 768px) 100vw, 768px\" \/><\/figure>\n\n\n\n<p>Istra\u017eivanjem o Disneyju nau\u010dili smo\npuno o povijesti animiranih filmova i shvatili da je svijet animiranoga filma\npuno vi\u0161e od pukog gledanja filma. Jedva \u010dekamo nove uratke Disney studija.<\/p>\n\n\n\n<p style=\"text-align:right\">Novinarska skupina i nastavnica Marina Singer<\/p>\n\n\n\n<p><\/p>\n","protected":false},"excerpt":{"rendered":"<p>Povodom devedesetog ro\u0111endana najpoznatijeg mi\u0161a na svijetu, Mickeyja Mousea, pokrenuli smo projekt Disney. Kroz nekoliko aktivnosti obuhvatili smo puno toga vezanog uz Walta Disneyja i njegov rad. \u00a0\u00a0\u00a0\u00a0\u00a0\u00a0\u00a0\u00a0\u00a0\u00a0\u00a0 Svake godine, ve\u0107 tradicionalno 28.10. na Svjetski dan animiranog filma objavljujemo rezultate istra\u017eivanja o najuspje\u0161nijim animiranim filmovima protekle godine i najave animiranih filmova za sljede\u0107u godinu. Kako [&hellip;]<\/p>\n","protected":false},"author":2,"featured_media":0,"parent":0,"menu_order":0,"comment_status":"closed","ping_status":"closed","template":"","meta":[],"_links":{"self":[{"href":"http:\/\/cvrcak-daruvar.com.hr\/index.php?rest_route=\/wp\/v2\/pages\/5173"}],"collection":[{"href":"http:\/\/cvrcak-daruvar.com.hr\/index.php?rest_route=\/wp\/v2\/pages"}],"about":[{"href":"http:\/\/cvrcak-daruvar.com.hr\/index.php?rest_route=\/wp\/v2\/types\/page"}],"author":[{"embeddable":true,"href":"http:\/\/cvrcak-daruvar.com.hr\/index.php?rest_route=\/wp\/v2\/users\/2"}],"replies":[{"embeddable":true,"href":"http:\/\/cvrcak-daruvar.com.hr\/index.php?rest_route=%2Fwp%2Fv2%2Fcomments&post=5173"}],"version-history":[{"count":1,"href":"http:\/\/cvrcak-daruvar.com.hr\/index.php?rest_route=\/wp\/v2\/pages\/5173\/revisions"}],"predecessor-version":[{"id":5180,"href":"http:\/\/cvrcak-daruvar.com.hr\/index.php?rest_route=\/wp\/v2\/pages\/5173\/revisions\/5180"}],"wp:attachment":[{"href":"http:\/\/cvrcak-daruvar.com.hr\/index.php?rest_route=%2Fwp%2Fv2%2Fmedia&parent=5173"}],"curies":[{"name":"wp","href":"https:\/\/api.w.org\/{rel}","templated":true}]}}